{"id":509,"date":"2023-05-18T00:16:38","date_gmt":"2023-05-18T00:16:38","guid":{"rendered":"https:\/\/elrincondefehmi.com\/es\/?post_type=product&#038;p=509"},"modified":"2025-07-02T18:35:13","modified_gmt":"2025-07-02T18:35:13","slug":"jewelry","status":"publish","type":"product","link":"https:\/\/elrincondefehmi.com\/es\/tienda\/jewelry\/jewelry\/","title":{"rendered":"Joyeria ["},"content":{"rendered":"<p>[:es]El Rinc\u00f3n de Fehmi, ofrece a sus clientes una amplia gama de joyer\u00eda artesanal. Para m\u00e1s informaci\u00f3n sobre el cat\u00e1logo de productos <a href=\"mailto:fehmi@elrincondefehmi.com\">fehmi@elrincondefehmi.com<\/a>,<\/p>\n<p>Atenci\u00f3n al cliente: +90 532 4549998, +90 212 5141864[:en]El Rincon de Fehmi, offers its customers a wide range of handmade jewelry. For more information on the catalogue of products <a href=\"mailto:fehmi@elrincondefehmi.com\">fehmi@elrincondefehmi.com<\/a>,<\/p>\n<p>Customer care: + 90 532 4549998, + 90 212 5141864[:]<\/p>\n","protected":false},"excerpt":{"rendered":"<p>[:es]El Rinc\u00f3n de Fehmi, ofrece a sus clientes una amplia gama de joyer\u00eda artesanal. Para m\u00e1s informaci\u00f3n sobre el cat\u00e1logo de productos fehmi@elrincondefehmi.com, Atenci\u00f3n al cliente: +90 532 4549998, +90 212 5141864[:en]El Rincon de Fehmi,Read More<\/p>\n","protected":false},"featured_media":529,"comment_status":"open","ping_status":"closed","template":"","meta":[],"product_cat":[17],"product_tag":[],"yoast_head":"<!-- This site is optimized with the Yoast SEO plugin v21.5 - https:\/\/yoast.com\/wordpress\/plugins\/seo\/ -->\n<title>Alfombras y Kilims en Madrid | El Rinc\u00f3n de Fehmi Madrid<\/title>\n<meta name=\"robots\" content=\"index, follow, max-snippet:-1, max-image-preview:large, max-video-preview:-1\" \/>\n<link rel=\"canonical\" href=\"https:\/\/elrincondefehmi.com\/es\/tienda\/jewelry\/jewelry\/\" \/>\n<meta property=\"og:locale\" content=\"es_ES\" \/>\n<meta property=\"og:type\" content=\"article\" \/>\n<meta property=\"og:title\" content=\"Alfombras y Kilims en Madrid | El Rinc\u00f3n de Fehmi Madrid\" \/>\n<meta property=\"og:description\" content=\"[:es]El Rinc\u00f3n de Fehmi, ofrece a sus clientes una amplia gama de joyer\u00eda artesanal. Para m\u00e1s informaci\u00f3n sobre el cat\u00e1logo de productos fehmi@elrincondefehmi.com, Atenci\u00f3n al cliente: +90 532 4549998, +90 212 5141864[:en]El Rincon de Fehmi,Read More\" \/>\n<meta property=\"og:url\" content=\"https:\/\/elrincondefehmi.com\/es\/tienda\/jewelry\/jewelry\/\" \/>\n<meta property=\"og:site_name\" content=\"El Rinc\u00f3n de Fehmi Madrid\" \/>\n<meta property=\"article:modified_time\" content=\"2025-07-02T18:35:13+00:00\" \/>\n<meta property=\"og:image\" content=\"https:\/\/elrincondefehmi.com\/es\/wp-content\/uploads\/2023\/05\/KP00234.gif\" \/>\n\t<meta property=\"og:image:width\" content=\"1024\" \/>\n\t<meta property=\"og:image:height\" content=\"768\" \/>\n\t<meta property=\"og:image:type\" content=\"image\/gif\" \/>\n<meta name=\"twitter:card\" content=\"summary_large_image\" \/>\n<script type=\"application\/ld+json\" class=\"yoast-schema-graph\">{\"@context\":\"https:\/\/schema.org\",\"@graph\":[{\"@type\":\"WebPage\",\"@id\":\"https:\/\/elrincondefehmi.com\/es\/tienda\/jewelry\/jewelry\/\",\"url\":\"https:\/\/elrincondefehmi.com\/es\/tienda\/jewelry\/jewelry\/\",\"name\":\"Alfombras y Kilims en Madrid | El Rinc\u00f3n de Fehmi Madrid\",\"isPartOf\":{\"@id\":\"https:\/\/elrincondefehmi.com\/es\/#website\"},\"datePublished\":\"2023-05-18T00:16:38+00:00\",\"dateModified\":\"2025-07-02T18:35:13+00:00\",\"breadcrumb\":{\"@id\":\"https:\/\/elrincondefehmi.com\/es\/tienda\/jewelry\/jewelry\/#breadcrumb\"},\"inLanguage\":\"es\",\"potentialAction\":[{\"@type\":\"ReadAction\",\"target\":[\"https:\/\/elrincondefehmi.com\/es\/tienda\/jewelry\/jewelry\/\"]}]},{\"@type\":\"BreadcrumbList\",\"@id\":\"https:\/\/elrincondefehmi.com\/es\/tienda\/jewelry\/jewelry\/#breadcrumb\",\"itemListElement\":[{\"@type\":\"ListItem\",\"position\":1,\"name\":\"PRODUCTOS\",\"item\":\"https:\/\/elrincondefehmi.com\/es\/all-product\/\"},{\"@type\":\"ListItem\",\"position\":2,\"name\":\"Joyeria [\"}]},{\"@type\":\"WebSite\",\"@id\":\"https:\/\/elrincondefehmi.com\/es\/#website\",\"url\":\"https:\/\/elrincondefehmi.com\/es\/\",\"name\":\"El Rinc\u00f3n de Fehmi Madrid\",\"description\":\"Tienda de alfombras en Madrid.  En El Rinc\u00f3n de Fehmi somos especialistas en alfombras artesanales, alfombras modernas contempor\u00e1neas kilims de Turqu\u00eda\",\"potentialAction\":[{\"@type\":\"SearchAction\",\"target\":{\"@type\":\"EntryPoint\",\"urlTemplate\":\"https:\/\/elrincondefehmi.com\/es\/?s={search_term_string}\"},\"query-input\":\"required name=search_term_string\"}],\"inLanguage\":\"es\"}]}<\/script>\n<!-- \/ Yoast SEO plugin. -->","yoast_head_json":{"title":"Alfombras y Kilims en Madrid | El Rinc\u00f3n de Fehmi Madrid","robots":{"index":"index","follow":"follow","max-snippet":"max-snippet:-1","max-image-preview":"max-image-preview:large","max-video-preview":"max-video-preview:-1"},"canonical":"https:\/\/elrincondefehmi.com\/es\/tienda\/jewelry\/jewelry\/","og_locale":"es_ES","og_type":"article","og_title":"Alfombras y Kilims en Madrid | El Rinc\u00f3n de Fehmi Madrid","og_description":"[:es]El Rinc\u00f3n de Fehmi, ofrece a sus clientes una amplia gama de joyer\u00eda artesanal. Para m\u00e1s informaci\u00f3n sobre el cat\u00e1logo de productos fehmi@elrincondefehmi.com, Atenci\u00f3n al cliente: +90 532 4549998, +90 212 5141864[:en]El Rincon de Fehmi,Read More","og_url":"https:\/\/elrincondefehmi.com\/es\/tienda\/jewelry\/jewelry\/","og_site_name":"El Rinc\u00f3n de Fehmi Madrid","article_modified_time":"2025-07-02T18:35:13+00:00","og_image":[{"width":1024,"height":768,"url":"https:\/\/elrincondefehmi.com\/es\/wp-content\/uploads\/2023\/05\/KP00234.gif","type":"image\/gif"}],"twitter_card":"summary_large_image","schema":{"@context":"https:\/\/schema.org","@graph":[{"@type":"WebPage","@id":"https:\/\/elrincondefehmi.com\/es\/tienda\/jewelry\/jewelry\/","url":"https:\/\/elrincondefehmi.com\/es\/tienda\/jewelry\/jewelry\/","name":"Alfombras y Kilims en Madrid | El Rinc\u00f3n de Fehmi Madrid","isPartOf":{"@id":"https:\/\/elrincondefehmi.com\/es\/#website"},"datePublished":"2023-05-18T00:16:38+00:00","dateModified":"2025-07-02T18:35:13+00:00","breadcrumb":{"@id":"https:\/\/elrincondefehmi.com\/es\/tienda\/jewelry\/jewelry\/#breadcrumb"},"inLanguage":"es","potentialAction":[{"@type":"ReadAction","target":["https:\/\/elrincondefehmi.com\/es\/tienda\/jewelry\/jewelry\/"]}]},{"@type":"BreadcrumbList","@id":"https:\/\/elrincondefehmi.com\/es\/tienda\/jewelry\/jewelry\/#breadcrumb","itemListElement":[{"@type":"ListItem","position":1,"name":"PRODUCTOS","item":"https:\/\/elrincondefehmi.com\/es\/all-product\/"},{"@type":"ListItem","position":2,"name":"Joyeria ["}]},{"@type":"WebSite","@id":"https:\/\/elrincondefehmi.com\/es\/#website","url":"https:\/\/elrincondefehmi.com\/es\/","name":"El Rinc\u00f3n de Fehmi Madrid","description":"Tienda de alfombras en Madrid.  En El Rinc\u00f3n de Fehmi somos especialistas en alfombras artesanales, alfombras modernas contempor\u00e1neas kilims de Turqu\u00eda","potentialAction":[{"@type":"SearchAction","target":{"@type":"EntryPoint","urlTemplate":"https:\/\/elrincondefehmi.com\/es\/?s={search_term_string}"},"query-input":"required name=search_term_string"}],"inLanguage":"es"}]}},"_links":{"self":[{"href":"https:\/\/elrincondefehmi.com\/es\/wp-json\/wp\/v2\/product\/509"}],"collection":[{"href":"https:\/\/elrincondefehmi.com\/es\/wp-json\/wp\/v2\/product"}],"about":[{"href":"https:\/\/elrincondefehmi.com\/es\/wp-json\/wp\/v2\/types\/product"}],"replies":[{"embeddable":true,"href":"https:\/\/elrincondefehmi.com\/es\/wp-json\/wp\/v2\/comments?post=509"}],"wp:featuredmedia":[{"embeddable":true,"href":"https:\/\/elrincondefehmi.com\/es\/wp-json\/wp\/v2\/media\/529"}],"wp:attachment":[{"href":"https:\/\/elrincondefehmi.com\/es\/wp-json\/wp\/v2\/media?parent=509"}],"wp:term":[{"taxonomy":"product_cat","embeddable":true,"href":"https:\/\/elrincondefehmi.com\/es\/wp-json\/wp\/v2\/product_cat?post=509"},{"taxonomy":"product_tag","embeddable":true,"href":"https:\/\/elrincondefehmi.com\/es\/wp-json\/wp\/v2\/product_tag?post=509"}],"curies":[{"name":"wp","href":"https:\/\/api.w.org\/{rel}","templated":true}]}}