{"id":4871,"date":"2023-05-18T02:07:08","date_gmt":"2023-05-18T02:07:08","guid":{"rendered":"https:\/\/elrincondefehmi.com\/es\/?post_type=product&#038;p=4871"},"modified":"2025-07-01T11:30:38","modified_gmt":"2025-07-01T11:30:38","slug":"anatolian-kilim-250-x-150-cm","status":"publish","type":"product","link":"https:\/\/elrincondefehmi.com\/es\/tienda\/kilim\/kilim-turco\/anatolian-kilim-250-x-150-cm\/","title":{"rendered":"Denizli kilim turco 150&#215;250 cm"},"content":{"rendered":"<p>Este hermoso kilim semi antiguo mide 150&#215;250 cm y es una obra maestra de arte textil. Su dise\u00f1o vibrante y colorido presenta una serie de diamantes entrelazados en tonos de p\u00farpura, naranja, azul y blanco, creando un patr\u00f3n visualmente impactante y armonioso. Los colores utilizados en este kilim son todos naturales, derivados de tintes vegetales que han resistido el paso del tiempo, manteniendo su intensidad y belleza. Los tonos p\u00farpura simbolizan la nobleza y el lujo, mientras que los naranjas y azules aportan un equilibrio entre la energ\u00eda y la calma. Cada uno de los motivos geom\u00e9tricos en el kilim tiene un significado profundo. Los diamantes, o (eli belinde), son s\u00edmbolos tradicionales que representan la protecci\u00f3n y la buena suerte. Este tipo de motivo es com\u00fan en los kilims anatolios y refleja la rica herencia cultural de la regi\u00f3n. Los kilims semi antiguos, como este, son especialmente valiosos no solo por su belleza y calidad, sino tambi\u00e9n por su historia y autenticidad. A diferencia de los kilims de nueva generaci\u00f3n, estos tejidos han sido realizados a mano por artesanos experimentados, utilizando t\u00e9cnicas tradicionales que han sido transmitidas de generaci\u00f3n en generaci\u00f3n. La elaboraci\u00f3n de kilims de grandes tama\u00f1os es especialmente desafiante debido a la complejidad del tejido y la cantidad de material requerido, lo que hace que cada pieza sea \u00fanica y dif\u00edcil de replicar. Invertir en un kilim semi antiguo no solo a\u00f1ade un toque de elegancia y cultura a cualquier espacio, sino que tambi\u00e9n es una forma de preservar una rica tradici\u00f3n artesanal que est\u00e1 desapareciendo r\u00e1pidamente en el mundo moderno.\u00a0\u00a0<\/p>\n","protected":false},"excerpt":{"rendered":"<p>Kilim Anatolio Material: Lana Medidas: 150&#215;250 cm Origen: Turqu\u00eda, regi\u00f3n de Egeo Denizli Hecho a mano Semi antiguo kilim 25-30 a\u00f1os Estado: Nuevo<\/p>\n","protected":false},"featured_media":5112,"comment_status":"open","ping_status":"closed","template":"","meta":[],"product_cat":[434,16],"product_tag":[391,355,353,352],"yoast_head":"<!-- This site is optimized with the Yoast SEO plugin v21.5 - https:\/\/yoast.com\/wordpress\/plugins\/seo\/ -->\n<title>Kilim Semi Antiguo turco | El Rinc\u00f3n de Fehmi Madrid | Tienda de Alfombras en Madrid<\/title>\n<meta name=\"description\" content=\"Kilim Semi Antiguo turco. Este kilim semi antiguo turco mide 150x250 cm y presenta vibrantes colores p\u00farpura, naranja y azul.\" \/>\n<meta name=\"robots\" content=\"index, follow, max-snippet:-1, max-image-preview:large, max-video-preview:-1\" \/>\n<link rel=\"canonical\" href=\"https:\/\/elrincondefehmi.com\/es\/tienda\/kilim\/kilim-turco\/anatolian-kilim-250-x-150-cm\/\" \/>\n<meta property=\"og:locale\" content=\"es_ES\" \/>\n<meta property=\"og:type\" content=\"article\" \/>\n<meta property=\"og:title\" content=\"Kilim Semi Antiguo turco | El Rinc\u00f3n de Fehmi Madrid | Tienda de Alfombras en Madrid\" \/>\n<meta property=\"og:description\" content=\"Kilim Semi Antiguo turco. Este kilim semi antiguo turco mide 150x250 cm y presenta vibrantes colores p\u00farpura, naranja y azul.\" \/>\n<meta property=\"og:url\" content=\"https:\/\/elrincondefehmi.com\/es\/tienda\/kilim\/kilim-turco\/anatolian-kilim-250-x-150-cm\/\" \/>\n<meta property=\"og:site_name\" content=\"El Rinc\u00f3n de Fehmi Madrid\" \/>\n<meta property=\"article:modified_time\" content=\"2025-07-01T11:30:38+00:00\" \/>\n<meta property=\"og:image\" content=\"https:\/\/elrincondefehmi.com\/es\/wp-content\/uploads\/2023\/05\/IMG_1725-web-erm-m-1601-250x150-1-e1717359404403.jpg\" \/>\n\t<meta property=\"og:image:width\" content=\"700\" \/>\n\t<meta property=\"og:image:height\" content=\"1001\" \/>\n\t<meta property=\"og:image:type\" content=\"image\/jpeg\" \/>\n<meta name=\"twitter:card\" content=\"summary_large_image\" \/>\n<script type=\"application\/ld+json\" class=\"yoast-schema-graph\">{\"@context\":\"https:\/\/schema.org\",\"@graph\":[{\"@type\":\"WebPage\",\"@id\":\"https:\/\/elrincondefehmi.com\/es\/tienda\/kilim\/kilim-turco\/anatolian-kilim-250-x-150-cm\/\",\"url\":\"https:\/\/elrincondefehmi.com\/es\/tienda\/kilim\/kilim-turco\/anatolian-kilim-250-x-150-cm\/\",\"name\":\"Kilim Semi Antiguo turco | El Rinc\u00f3n de Fehmi Madrid | Tienda de Alfombras en Madrid\",\"isPartOf\":{\"@id\":\"https:\/\/elrincondefehmi.com\/es\/#website\"},\"datePublished\":\"2023-05-18T02:07:08+00:00\",\"dateModified\":\"2025-07-01T11:30:38+00:00\",\"description\":\"Kilim Semi Antiguo turco. Este kilim semi antiguo turco mide 150x250 cm y presenta vibrantes colores p\u00farpura, naranja y azul.\",\"breadcrumb\":{\"@id\":\"https:\/\/elrincondefehmi.com\/es\/tienda\/kilim\/kilim-turco\/anatolian-kilim-250-x-150-cm\/#breadcrumb\"},\"inLanguage\":\"es\",\"potentialAction\":[{\"@type\":\"ReadAction\",\"target\":[\"https:\/\/elrincondefehmi.com\/es\/tienda\/kilim\/kilim-turco\/anatolian-kilim-250-x-150-cm\/\"]}]},{\"@type\":\"BreadcrumbList\",\"@id\":\"https:\/\/elrincondefehmi.com\/es\/tienda\/kilim\/kilim-turco\/anatolian-kilim-250-x-150-cm\/#breadcrumb\",\"itemListElement\":[{\"@type\":\"ListItem\",\"position\":1,\"name\":\"PRODUCTOS\",\"item\":\"https:\/\/elrincondefehmi.com\/es\/all-product\/\"},{\"@type\":\"ListItem\",\"position\":2,\"name\":\"Denizli kilim turco 150&#215;250 cm\"}]},{\"@type\":\"WebSite\",\"@id\":\"https:\/\/elrincondefehmi.com\/es\/#website\",\"url\":\"https:\/\/elrincondefehmi.com\/es\/\",\"name\":\"El Rinc\u00f3n de Fehmi Madrid\",\"description\":\"Tienda de alfombras en Madrid.  En El Rinc\u00f3n de Fehmi somos especialistas en alfombras artesanales, alfombras modernas contempor\u00e1neas kilims de Turqu\u00eda\",\"potentialAction\":[{\"@type\":\"SearchAction\",\"target\":{\"@type\":\"EntryPoint\",\"urlTemplate\":\"https:\/\/elrincondefehmi.com\/es\/?s={search_term_string}\"},\"query-input\":\"required name=search_term_string\"}],\"inLanguage\":\"es\"}]}<\/script>\n<!-- \/ Yoast SEO plugin. -->","yoast_head_json":{"title":"Kilim Semi Antiguo turco | El Rinc\u00f3n de Fehmi Madrid | Tienda de Alfombras en Madrid","description":"Kilim Semi Antiguo turco. Este kilim semi antiguo turco mide 150x250 cm y presenta vibrantes colores p\u00farpura, naranja y azul.","robots":{"index":"index","follow":"follow","max-snippet":"max-snippet:-1","max-image-preview":"max-image-preview:large","max-video-preview":"max-video-preview:-1"},"canonical":"https:\/\/elrincondefehmi.com\/es\/tienda\/kilim\/kilim-turco\/anatolian-kilim-250-x-150-cm\/","og_locale":"es_ES","og_type":"article","og_title":"Kilim Semi Antiguo turco | El Rinc\u00f3n de Fehmi Madrid | Tienda de Alfombras en Madrid","og_description":"Kilim Semi Antiguo turco. Este kilim semi antiguo turco mide 150x250 cm y presenta vibrantes colores p\u00farpura, naranja y azul.","og_url":"https:\/\/elrincondefehmi.com\/es\/tienda\/kilim\/kilim-turco\/anatolian-kilim-250-x-150-cm\/","og_site_name":"El Rinc\u00f3n de Fehmi Madrid","article_modified_time":"2025-07-01T11:30:38+00:00","og_image":[{"width":700,"height":1001,"url":"https:\/\/elrincondefehmi.com\/es\/wp-content\/uploads\/2023\/05\/IMG_1725-web-erm-m-1601-250x150-1-e1717359404403.jpg","type":"image\/jpeg"}],"twitter_card":"summary_large_image","schema":{"@context":"https:\/\/schema.org","@graph":[{"@type":"WebPage","@id":"https:\/\/elrincondefehmi.com\/es\/tienda\/kilim\/kilim-turco\/anatolian-kilim-250-x-150-cm\/","url":"https:\/\/elrincondefehmi.com\/es\/tienda\/kilim\/kilim-turco\/anatolian-kilim-250-x-150-cm\/","name":"Kilim Semi Antiguo turco | El Rinc\u00f3n de Fehmi Madrid | Tienda de Alfombras en Madrid","isPartOf":{"@id":"https:\/\/elrincondefehmi.com\/es\/#website"},"datePublished":"2023-05-18T02:07:08+00:00","dateModified":"2025-07-01T11:30:38+00:00","description":"Kilim Semi Antiguo turco. Este kilim semi antiguo turco mide 150x250 cm y presenta vibrantes colores p\u00farpura, naranja y azul.","breadcrumb":{"@id":"https:\/\/elrincondefehmi.com\/es\/tienda\/kilim\/kilim-turco\/anatolian-kilim-250-x-150-cm\/#breadcrumb"},"inLanguage":"es","potentialAction":[{"@type":"ReadAction","target":["https:\/\/elrincondefehmi.com\/es\/tienda\/kilim\/kilim-turco\/anatolian-kilim-250-x-150-cm\/"]}]},{"@type":"BreadcrumbList","@id":"https:\/\/elrincondefehmi.com\/es\/tienda\/kilim\/kilim-turco\/anatolian-kilim-250-x-150-cm\/#breadcrumb","itemListElement":[{"@type":"ListItem","position":1,"name":"PRODUCTOS","item":"https:\/\/elrincondefehmi.com\/es\/all-product\/"},{"@type":"ListItem","position":2,"name":"Denizli kilim turco 150&#215;250 cm"}]},{"@type":"WebSite","@id":"https:\/\/elrincondefehmi.com\/es\/#website","url":"https:\/\/elrincondefehmi.com\/es\/","name":"El Rinc\u00f3n de Fehmi Madrid","description":"Tienda de alfombras en Madrid.  En El Rinc\u00f3n de Fehmi somos especialistas en alfombras artesanales, alfombras modernas contempor\u00e1neas kilims de Turqu\u00eda","potentialAction":[{"@type":"SearchAction","target":{"@type":"EntryPoint","urlTemplate":"https:\/\/elrincondefehmi.com\/es\/?s={search_term_string}"},"query-input":"required name=search_term_string"}],"inLanguage":"es"}]}},"_links":{"self":[{"href":"https:\/\/elrincondefehmi.com\/es\/wp-json\/wp\/v2\/product\/4871"}],"collection":[{"href":"https:\/\/elrincondefehmi.com\/es\/wp-json\/wp\/v2\/product"}],"about":[{"href":"https:\/\/elrincondefehmi.com\/es\/wp-json\/wp\/v2\/types\/product"}],"replies":[{"embeddable":true,"href":"https:\/\/elrincondefehmi.com\/es\/wp-json\/wp\/v2\/comments?post=4871"}],"wp:featuredmedia":[{"embeddable":true,"href":"https:\/\/elrincondefehmi.com\/es\/wp-json\/wp\/v2\/media\/5112"}],"wp:attachment":[{"href":"https:\/\/elrincondefehmi.com\/es\/wp-json\/wp\/v2\/media?parent=4871"}],"wp:term":[{"taxonomy":"product_cat","embeddable":true,"href":"https:\/\/elrincondefehmi.com\/es\/wp-json\/wp\/v2\/product_cat?post=4871"},{"taxonomy":"product_tag","embeddable":true,"href":"https:\/\/elrincondefehmi.com\/es\/wp-json\/wp\/v2\/product_tag?post=4871"}],"curies":[{"name":"wp","href":"https:\/\/api.w.org\/{rel}","templated":true}]}}