{"id":4801,"date":"2023-05-18T02:04:35","date_gmt":"2023-05-18T02:04:35","guid":{"rendered":"https:\/\/elrincondefehmi.com\/es\/?post_type=product&#038;p=4801"},"modified":"2025-07-01T11:34:11","modified_gmt":"2025-07-01T11:34:11","slug":"anatolian-kilim-bordado-210-x-60-cm","status":"publish","type":"product","link":"https:\/\/elrincondefehmi.com\/es\/tienda\/alfombras-turcas\/alfombras-pasilleras-kilim\/anatolian-kilim-bordado-210-x-60-cm\/","title":{"rendered":"Kilim de pasillo 60&#215;210 cm"},"content":{"rendered":"<p>Este kilim de pasillo, con medidas de 60&#215;210 cm, es una pieza semi antigua que destaca por su singularidad y t\u00e9cnica de tejido mixta. Proveniente de la regi\u00f3n de Anatolia, Turqu\u00eda, este kilim combina tanto la t\u00e9cnica tradicional del kilim como la t\u00e9cnica de la alfombra, lo que le confiere un aspecto y textura \u00fanicos. El kilim presenta una rica paleta de colores tierra, con predominio de tonos marrones, ocres y negros, intercalados con detalles en rojo y azul. Estos colores naturales no solo embellecen el kilim sino que tambi\u00e9n son el resultado de tintes vegetales tradicionales, asegurando una durabilidad y belleza que perdura en el tiempo. Los motivos geom\u00e9tricos que adornan el kilim tienen profundos significados culturales. Los patrones de l\u00edneas y formas angulares simbolizan la protecci\u00f3n y la uni\u00f3n familiar, mientras que los dise\u00f1os m\u00e1s intrincados pueden representar la fertilidad y la naturaleza. Estos s\u00edmbolos no solo embellecen el kilim sino que tambi\u00e9n narran historias y tradiciones pasadas de generaci\u00f3n en generaci\u00f3n. La combinaci\u00f3n de t\u00e9cnicas de tejido hace que este kilim sea especialmente valioso y \u00fanico. La parte tejida con la t\u00e9cnica del kilim es m\u00e1s ligera y delgada, ideal para \u00e1reas de paso, mientras que las secciones anudadas con la t\u00e9cnica de la alfombra aportan mayor densidad y resistencia, adecuadas para zonas de mayor tr\u00e1nsito. En resumen, este kilim de pasillo no solo es una obra de arte funcional sino tambi\u00e9n una pieza de patrimonio cultural, ideal para quienes aprecian la autenticidad y el valor hist\u00f3rico en la decoraci\u00f3n de sus hogares.\u00a0\u00a0<\/p>\n","protected":false},"excerpt":{"rendered":"<p>Anatolian Kilim. Material: Lana Urdimbre: Lana Medidas: 60&#215;210 cm Origen: Turqu\u00eda, regi\u00f3n de Anatolia Semi antigua kilim 25-30 a\u00f1os, estado nuevo Hecho a mano<\/p>\n","protected":false},"featured_media":5026,"comment_status":"open","ping_status":"closed","template":"","meta":[],"product_cat":[19,335,434,308,312,16],"product_tag":[391,355,353,352],"yoast_head":"<!-- This site is optimized with the Yoast SEO plugin v21.5 - https:\/\/yoast.com\/wordpress\/plugins\/seo\/ -->\n<title>Alfombras y Kilims en Madrid | El Rinc\u00f3n de Fehmi Madrid<\/title>\n<meta name=\"robots\" content=\"index, follow, max-snippet:-1, max-image-preview:large, max-video-preview:-1\" \/>\n<link rel=\"canonical\" href=\"https:\/\/elrincondefehmi.com\/es\/tienda\/alfombras-turcas\/alfombras-pasilleras-kilim\/anatolian-kilim-bordado-210-x-60-cm\/\" \/>\n<meta property=\"og:locale\" content=\"es_ES\" \/>\n<meta property=\"og:type\" content=\"article\" \/>\n<meta property=\"og:title\" content=\"Alfombras y Kilims en Madrid | El Rinc\u00f3n de Fehmi Madrid\" \/>\n<meta property=\"og:description\" content=\"Anatolian Kilim. Material: Lana Urdimbre: Lana Medidas: 60x210 cm Origen: Turqu\u00eda, regi\u00f3n de Anatolia Semi antigua kilim 25-30 a\u00f1os, estado nuevo Hecho a mano\" \/>\n<meta property=\"og:url\" content=\"https:\/\/elrincondefehmi.com\/es\/tienda\/alfombras-turcas\/alfombras-pasilleras-kilim\/anatolian-kilim-bordado-210-x-60-cm\/\" \/>\n<meta property=\"og:site_name\" content=\"El Rinc\u00f3n de Fehmi Madrid\" \/>\n<meta property=\"article:modified_time\" content=\"2025-07-01T11:34:11+00:00\" \/>\n<meta property=\"og:image\" content=\"https:\/\/elrincondefehmi.com\/es\/wp-content\/uploads\/2023\/05\/WEB-ERM-138-210X160-e1717410570267.jpg\" \/>\n\t<meta property=\"og:image:width\" content=\"750\" \/>\n\t<meta property=\"og:image:height\" content=\"1051\" \/>\n\t<meta property=\"og:image:type\" content=\"image\/jpeg\" \/>\n<meta name=\"twitter:card\" content=\"summary_large_image\" \/>\n<script type=\"application\/ld+json\" class=\"yoast-schema-graph\">{\"@context\":\"https:\/\/schema.org\",\"@graph\":[{\"@type\":\"WebPage\",\"@id\":\"https:\/\/elrincondefehmi.com\/es\/tienda\/alfombras-turcas\/alfombras-pasilleras-kilim\/anatolian-kilim-bordado-210-x-60-cm\/\",\"url\":\"https:\/\/elrincondefehmi.com\/es\/tienda\/alfombras-turcas\/alfombras-pasilleras-kilim\/anatolian-kilim-bordado-210-x-60-cm\/\",\"name\":\"Alfombras y Kilims en Madrid | El Rinc\u00f3n de Fehmi Madrid\",\"isPartOf\":{\"@id\":\"https:\/\/elrincondefehmi.com\/es\/#website\"},\"datePublished\":\"2023-05-18T02:04:35+00:00\",\"dateModified\":\"2025-07-01T11:34:11+00:00\",\"breadcrumb\":{\"@id\":\"https:\/\/elrincondefehmi.com\/es\/tienda\/alfombras-turcas\/alfombras-pasilleras-kilim\/anatolian-kilim-bordado-210-x-60-cm\/#breadcrumb\"},\"inLanguage\":\"es\",\"potentialAction\":[{\"@type\":\"ReadAction\",\"target\":[\"https:\/\/elrincondefehmi.com\/es\/tienda\/alfombras-turcas\/alfombras-pasilleras-kilim\/anatolian-kilim-bordado-210-x-60-cm\/\"]}]},{\"@type\":\"BreadcrumbList\",\"@id\":\"https:\/\/elrincondefehmi.com\/es\/tienda\/alfombras-turcas\/alfombras-pasilleras-kilim\/anatolian-kilim-bordado-210-x-60-cm\/#breadcrumb\",\"itemListElement\":[{\"@type\":\"ListItem\",\"position\":1,\"name\":\"PRODUCTOS\",\"item\":\"https:\/\/elrincondefehmi.com\/es\/all-product\/\"},{\"@type\":\"ListItem\",\"position\":2,\"name\":\"Kilim de pasillo 60&#215;210 cm\"}]},{\"@type\":\"WebSite\",\"@id\":\"https:\/\/elrincondefehmi.com\/es\/#website\",\"url\":\"https:\/\/elrincondefehmi.com\/es\/\",\"name\":\"El Rinc\u00f3n de Fehmi Madrid\",\"description\":\"Tienda de alfombras en Madrid.  En El Rinc\u00f3n de Fehmi somos especialistas en alfombras artesanales, alfombras modernas contempor\u00e1neas kilims de Turqu\u00eda\",\"potentialAction\":[{\"@type\":\"SearchAction\",\"target\":{\"@type\":\"EntryPoint\",\"urlTemplate\":\"https:\/\/elrincondefehmi.com\/es\/?s={search_term_string}\"},\"query-input\":\"required name=search_term_string\"}],\"inLanguage\":\"es\"}]}<\/script>\n<!-- \/ Yoast SEO plugin. -->","yoast_head_json":{"title":"Alfombras y Kilims en Madrid | El Rinc\u00f3n de Fehmi Madrid","robots":{"index":"index","follow":"follow","max-snippet":"max-snippet:-1","max-image-preview":"max-image-preview:large","max-video-preview":"max-video-preview:-1"},"canonical":"https:\/\/elrincondefehmi.com\/es\/tienda\/alfombras-turcas\/alfombras-pasilleras-kilim\/anatolian-kilim-bordado-210-x-60-cm\/","og_locale":"es_ES","og_type":"article","og_title":"Alfombras y Kilims en Madrid | El Rinc\u00f3n de Fehmi Madrid","og_description":"Anatolian Kilim. Material: Lana Urdimbre: Lana Medidas: 60x210 cm Origen: Turqu\u00eda, regi\u00f3n de Anatolia Semi antigua kilim 25-30 a\u00f1os, estado nuevo Hecho a mano","og_url":"https:\/\/elrincondefehmi.com\/es\/tienda\/alfombras-turcas\/alfombras-pasilleras-kilim\/anatolian-kilim-bordado-210-x-60-cm\/","og_site_name":"El Rinc\u00f3n de Fehmi Madrid","article_modified_time":"2025-07-01T11:34:11+00:00","og_image":[{"width":750,"height":1051,"url":"https:\/\/elrincondefehmi.com\/es\/wp-content\/uploads\/2023\/05\/WEB-ERM-138-210X160-e1717410570267.jpg","type":"image\/jpeg"}],"twitter_card":"summary_large_image","schema":{"@context":"https:\/\/schema.org","@graph":[{"@type":"WebPage","@id":"https:\/\/elrincondefehmi.com\/es\/tienda\/alfombras-turcas\/alfombras-pasilleras-kilim\/anatolian-kilim-bordado-210-x-60-cm\/","url":"https:\/\/elrincondefehmi.com\/es\/tienda\/alfombras-turcas\/alfombras-pasilleras-kilim\/anatolian-kilim-bordado-210-x-60-cm\/","name":"Alfombras y Kilims en Madrid | El Rinc\u00f3n de Fehmi Madrid","isPartOf":{"@id":"https:\/\/elrincondefehmi.com\/es\/#website"},"datePublished":"2023-05-18T02:04:35+00:00","dateModified":"2025-07-01T11:34:11+00:00","breadcrumb":{"@id":"https:\/\/elrincondefehmi.com\/es\/tienda\/alfombras-turcas\/alfombras-pasilleras-kilim\/anatolian-kilim-bordado-210-x-60-cm\/#breadcrumb"},"inLanguage":"es","potentialAction":[{"@type":"ReadAction","target":["https:\/\/elrincondefehmi.com\/es\/tienda\/alfombras-turcas\/alfombras-pasilleras-kilim\/anatolian-kilim-bordado-210-x-60-cm\/"]}]},{"@type":"BreadcrumbList","@id":"https:\/\/elrincondefehmi.com\/es\/tienda\/alfombras-turcas\/alfombras-pasilleras-kilim\/anatolian-kilim-bordado-210-x-60-cm\/#breadcrumb","itemListElement":[{"@type":"ListItem","position":1,"name":"PRODUCTOS","item":"https:\/\/elrincondefehmi.com\/es\/all-product\/"},{"@type":"ListItem","position":2,"name":"Kilim de pasillo 60&#215;210 cm"}]},{"@type":"WebSite","@id":"https:\/\/elrincondefehmi.com\/es\/#website","url":"https:\/\/elrincondefehmi.com\/es\/","name":"El Rinc\u00f3n de Fehmi Madrid","description":"Tienda de alfombras en Madrid.  En El Rinc\u00f3n de Fehmi somos especialistas en alfombras artesanales, alfombras modernas contempor\u00e1neas kilims de Turqu\u00eda","potentialAction":[{"@type":"SearchAction","target":{"@type":"EntryPoint","urlTemplate":"https:\/\/elrincondefehmi.com\/es\/?s={search_term_string}"},"query-input":"required name=search_term_string"}],"inLanguage":"es"}]}},"_links":{"self":[{"href":"https:\/\/elrincondefehmi.com\/es\/wp-json\/wp\/v2\/product\/4801"}],"collection":[{"href":"https:\/\/elrincondefehmi.com\/es\/wp-json\/wp\/v2\/product"}],"about":[{"href":"https:\/\/elrincondefehmi.com\/es\/wp-json\/wp\/v2\/types\/product"}],"replies":[{"embeddable":true,"href":"https:\/\/elrincondefehmi.com\/es\/wp-json\/wp\/v2\/comments?post=4801"}],"wp:featuredmedia":[{"embeddable":true,"href":"https:\/\/elrincondefehmi.com\/es\/wp-json\/wp\/v2\/media\/5026"}],"wp:attachment":[{"href":"https:\/\/elrincondefehmi.com\/es\/wp-json\/wp\/v2\/media?parent=4801"}],"wp:term":[{"taxonomy":"product_cat","embeddable":true,"href":"https:\/\/elrincondefehmi.com\/es\/wp-json\/wp\/v2\/product_cat?post=4801"},{"taxonomy":"product_tag","embeddable":true,"href":"https:\/\/elrincondefehmi.com\/es\/wp-json\/wp\/v2\/product_tag?post=4801"}],"curies":[{"name":"wp","href":"https:\/\/api.w.org\/{rel}","templated":true}]}}