{"id":4750,"date":"2023-05-18T02:02:28","date_gmt":"2023-05-18T02:02:28","guid":{"rendered":"https:\/\/elrincondefehmi.com\/es\/?post_type=product&#038;p=4750"},"modified":"2025-06-28T11:41:04","modified_gmt":"2025-06-28T11:41:04","slug":"alfombra-pasillera-clasica-303-x-75-cm","status":"publish","type":"product","link":"https:\/\/elrincondefehmi.com\/es\/tienda\/alfombras-turcas\/alfombras-pasilleras-kilim\/alfombra-pasillera-clasica-303-x-75-cm\/","title":{"rendered":"Zigler alfombra de pasillo 75 x 303 cm"},"content":{"rendered":"<h1 data-start=\"141\" data-end=\"608\"><span style=\"font-size: 25px\">Zigler Alfombra de pasillo<\/span><\/h1>\n<p data-start=\"141\" data-end=\"608\"><span class=\"_fadeIn_m1hgl_8\">Este <\/span><span class=\"_fadeIn_m1hgl_8\">elegante <\/span><strong data-start=\"155\" data-end=\"186\"><span class=\"_fadeIn_m1hgl_8\">pasillo <\/span><span class=\"_fadeIn_m1hgl_8\">de <\/span><span class=\"_fadeIn_m1hgl_8\">alfombra <\/span><span class=\"_fadeIn_m1hgl_8\">Ziegler<\/span><\/strong> <span class=\"_fadeIn_m1hgl_8\">en <\/span><span class=\"_fadeIn_m1hgl_8\">formato <\/span><span class=\"_fadeIn_m1hgl_8\">75&#215;303 <\/span><span class=\"_fadeIn_m1hgl_8\">cm <\/span><span class=\"_fadeIn_m1hgl_8\">est\u00e1 <\/span><span class=\"_fadeIn_m1hgl_8\">tejido <\/span><span class=\"_fadeIn_m1hgl_8\">a <\/span><span class=\"_fadeIn_m1hgl_8\">mano <\/span><span class=\"_fadeIn_m1hgl_8\">con <\/span><span class=\"_fadeIn_m1hgl_8\">una <\/span><span class=\"_fadeIn_m1hgl_8\">cuidada <\/span><span class=\"_fadeIn_m1hgl_8\">selecci\u00f3n <\/span><span class=\"_fadeIn_m1hgl_8\">de <\/span><span class=\"_fadeIn_m1hgl_8\">tonos <\/span><span class=\"_fadeIn_m1hgl_8\">verdes <\/span><span class=\"_fadeIn_m1hgl_8\">suaves <\/span><span class=\"_fadeIn_m1hgl_8\">y <\/span><span class=\"_fadeIn_m1hgl_8\">marfil. <\/span><span class=\"_fadeIn_m1hgl_8\">Su <\/span><span class=\"_fadeIn_m1hgl_8\">dise\u00f1o <\/span><span class=\"_fadeIn_m1hgl_8\">floral <\/span><span class=\"_fadeIn_m1hgl_8\">sim\u00e9trico <\/span><span class=\"_fadeIn_m1hgl_8\">inspirado <\/span><span class=\"_fadeIn_m1hgl_8\">en <\/span><span class=\"_fadeIn_m1hgl_8\">los <\/span><span class=\"_fadeIn_m1hgl_8\">antiguos <\/span><span class=\"_fadeIn_m1hgl_8\">patrones <\/span><span class=\"_fadeIn_m1hgl_8\">Ziegler <\/span><span class=\"_fadeIn_m1hgl_8\">aporta <\/span><span class=\"_fadeIn_m1hgl_8\">armon\u00eda, <\/span><span class=\"_fadeIn_m1hgl_8\">serenidad <\/span><span class=\"_fadeIn_m1hgl_8\">y <\/span><span class=\"_fadeIn_m1hgl_8\">un <\/span><span class=\"_fadeIn_m1hgl_8\">aire <\/span><span class=\"_fadeIn_m1hgl_8\">cl\u00e1sico <\/span><span class=\"_fadeIn_m1hgl_8\">atemporal. <\/span><span class=\"_fadeIn_m1hgl_8\">Perfecta <\/span><span class=\"_fadeIn_m1hgl_8\">para <\/span><span class=\"_fadeIn_m1hgl_8\">pasillos <\/span><span class=\"_fadeIn_m1hgl_8\">largos <\/span><span class=\"_fadeIn_m1hgl_8\">o <\/span><span class=\"_fadeIn_m1hgl_8\">entradas, <\/span><span class=\"_fadeIn_m1hgl_8\">esta <\/span><span class=\"_fadeIn_m1hgl_8\">alfombra <\/span><span class=\"_fadeIn_m1hgl_8\">combina <\/span><span class=\"_fadeIn_m1hgl_8\">tradici\u00f3n <\/span><span class=\"_fadeIn_m1hgl_8\">y <\/span><span class=\"_fadeIn_m1hgl_8\">sofisticaci\u00f3n, <\/span><span class=\"_fadeIn_m1hgl_8\">convirti\u00e9ndose <\/span><span class=\"_fadeIn_m1hgl_8\">en <\/span><span class=\"_fadeIn_m1hgl_8\">una <\/span><span class=\"_fadeIn_m1hgl_8\">pieza <\/span><span class=\"_fadeIn_m1hgl_8\">decorativa <\/span><span class=\"_fadeIn_m1hgl_8\">funcional <\/span><span class=\"_fadeIn_m1hgl_8\">que <\/span><span class=\"_fadeIn_m1hgl_8\">realza <\/span><span class=\"_fadeIn_m1hgl_8\">cualquier <\/span><span class=\"_fadeIn_m1hgl_8\">ambiente <\/span><span class=\"_fadeIn_m1hgl_8\">con <\/span><span class=\"_fadeIn_m1hgl_8\">calidez <\/span><span class=\"_fadeIn_m1hgl_8\">y <\/span><span class=\"_fadeIn_m1hgl_8\">personalidad.<\/span><\/p>\n<h3 data-start=\"615\" data-end=\"645\"><span class=\"_fadeIn_m1hgl_8\">Caracter\u00edsticas <\/span><span class=\"_fadeIn_m1hgl_8\">destacadas<\/span><\/h3>\n<ul data-start=\"647\" data-end=\"867\">\n<li data-start=\"647\" data-end=\"681\">\n<p data-start=\"649\" data-end=\"681\"><span class=\"_fadeIn_m1hgl_8\">Alfombra <\/span><span class=\"_fadeIn_m1hgl_8\">Ziegler <\/span><span class=\"_fadeIn_m1hgl_8\">tejida <\/span><span class=\"_fadeIn_m1hgl_8\">a <\/span><span class=\"_fadeIn_m1hgl_8\">mano<\/span><\/p>\n<\/li>\n<li data-start=\"682\" data-end=\"726\">\n<p data-start=\"684\" data-end=\"726\"><span class=\"_fadeIn_m1hgl_8\">Estilo <\/span><span class=\"_fadeIn_m1hgl_8\">cl\u00e1sico <\/span><span class=\"_fadeIn_m1hgl_8\">con <\/span><span class=\"_fadeIn_m1hgl_8\">dise\u00f1o <\/span><span class=\"_fadeIn_m1hgl_8\">floral <\/span><span class=\"_fadeIn_m1hgl_8\">central<\/span><\/p>\n<\/li>\n<li data-start=\"727\" data-end=\"777\">\n<p data-start=\"729\" data-end=\"777\"><span class=\"_fadeIn_m1hgl_8\">Formato <\/span><span class=\"_fadeIn_m1hgl_8\">pasillo, <\/span><span class=\"_fadeIn_m1hgl_8\">ideal <\/span><span class=\"_fadeIn_m1hgl_8\">para <\/span><span class=\"_fadeIn_m1hgl_8\">espacios <\/span><span class=\"_fadeIn_m1hgl_8\">alargados<\/span><\/p>\n<\/li>\n<li data-start=\"778\" data-end=\"829\">\n<p data-start=\"780\" data-end=\"829\"><span class=\"_fadeIn_m1hgl_8\">Tonos: <\/span><span class=\"_fadeIn_m1hgl_8\">verde <\/span><span class=\"_fadeIn_m1hgl_8\">oliva, <\/span><span class=\"_fadeIn_m1hgl_8\">beige <\/span><span class=\"_fadeIn_m1hgl_8\">y <\/span><span class=\"_fadeIn_m1hgl_8\">detalles <\/span><span class=\"_fadeIn_m1hgl_8\">en <\/span><span class=\"_fadeIn_m1hgl_8\">burdeos<\/span><\/p>\n<\/li>\n<li data-start=\"830\" data-end=\"867\">\n<p data-start=\"832\" data-end=\"867\"><span class=\"_fadeIn_m1hgl_8\">Acabado <\/span><span class=\"_fadeIn_m1hgl_8\">artesanal <\/span><span class=\"_fadeIn_m1hgl_8\">de <\/span><span class=\"_fadeIn_m1hgl_8\">alta <\/span><span class=\"_fadeIn_m1hgl_8\">calidad<\/span><\/p>\n<\/li>\n<\/ul>\n<h4 style=\"text-align: justify\"><strong>Alfombra cl\u00e1sica<\/strong><\/h4>\n<p style=\"text-align: justify\">La alfombra es el producto representativo del arte milenario de anudar la lana, la seda y, posteriormente, el algod\u00f3n. Este arte se inici\u00f3 por los n\u00f3madas del medio oeste, principalmente en la regi\u00f3n del C\u00e1ucaso, Turqu\u00eda e Ir\u00e1n. Estos utilizaban las alfombras como cama port\u00e1til o como manta para resguardarse del fr\u00edo y del desierto. La alfombra cl\u00e1sica es aquella que cumple los patrones originarios de este arte. Se consideran alfombras \u00fanicas ya que est\u00e1n tejidas a mano. Suelen tener motivos tribales, geom\u00e9tricos e hist\u00f3ricos. Su lana esta te\u00f1ida con colores naturales conseguidos a partir de minerales. Son alfombras de muy buena calidad y resistencia.<\/p>\n<p style=\"text-align: justify\">En el <a href=\"https:\/\/elrincondefehmi.k8s.optimizaclick.com\/es\/\">Rinc\u00f3n de Fehmi<\/a> nos dedicamos espec\u00edficamente a las alfombras turcas. Seleccionamos las piezas m\u00e1s originales y representativas de este pa\u00eds y su milenaria cultura. En particular, las alfombras cl\u00e1sicas turcas son consideradas verdaderas joyas de arte. Est\u00e1n recargadas de motivos tribales y tienen colores muy vivos. Son alfombras llenas de historia que han ido transmitiendo la cultura turca de generaci\u00f3n en generaci\u00f3n. Tienen muy buena calidad y son muy resistentes por sus materiales naturales. Adem\u00e1s suelen tener el pelo corto y r\u00edgido, esto ofrece unas mejores condiciones de mantenimiento.<\/p>\n<p style=\"text-align: justify\">Una alfombra cl\u00e1sica ofrece en un hogar una pieza exclusiva y \u00fanica, cargada de historia y exotismo. Se adapta a cualquier tipo de ambiente y estilo decorativo, adem\u00e1s de ofrecer una calidad excepcional. Da uniformidad y un toque especial y lleno de personalidad a los espacios. Nosotros, como expertos, son las piezas que con m\u00e1s cari\u00f1o y orgullo solemos recomendar, dentro de nuestras largas colecciones de alfombras.<\/p>\n<p>\u00a0<\/p>\n","protected":false},"excerpt":{"rendered":"<p>Alfombra cl\u00e1sica Zigler Material: Lana y algod\u00f3n Medidas: 75 x 303 cm Hecho a mano 360,000 nudos\/m\u00b2<\/p>\n","protected":false},"featured_media":4971,"comment_status":"open","ping_status":"closed","template":"","meta":[],"product_cat":[19,308,316,312],"product_tag":[355,353,352,354],"yoast_head":"<!-- This site is optimized with the Yoast SEO plugin v21.5 - https:\/\/yoast.com\/wordpress\/plugins\/seo\/ -->\n<title>Pasillo alfombra Ziegler | El Rinc\u00f3n de Fehmi Madrid<\/title>\n<meta name=\"description\" content=\"Pasillo alfombra Ziegler tejida a mano en tonos verdes y beige, ideal para entradas elegantes. Dise\u00f1o cl\u00e1sico y calidad artesanal.\" \/>\n<meta name=\"robots\" content=\"index, follow, max-snippet:-1, max-image-preview:large, max-video-preview:-1\" \/>\n<link rel=\"canonical\" href=\"https:\/\/elrincondefehmi.com\/es\/tienda\/alfombras-turcas\/alfombras-pasilleras-kilim\/alfombra-pasillera-clasica-303-x-75-cm\/\" \/>\n<meta property=\"og:locale\" content=\"es_ES\" \/>\n<meta property=\"og:type\" content=\"article\" \/>\n<meta property=\"og:title\" content=\"Pasillo alfombra Ziegler | El Rinc\u00f3n de Fehmi Madrid\" \/>\n<meta property=\"og:description\" content=\"Pasillo alfombra Ziegler tejida a mano en tonos verdes y beige, ideal para entradas elegantes. Dise\u00f1o cl\u00e1sico y calidad artesanal.\" \/>\n<meta property=\"og:url\" content=\"https:\/\/elrincondefehmi.com\/es\/tienda\/alfombras-turcas\/alfombras-pasilleras-kilim\/alfombra-pasillera-clasica-303-x-75-cm\/\" \/>\n<meta property=\"og:site_name\" content=\"El Rinc\u00f3n de Fehmi Madrid\" \/>\n<meta property=\"article:modified_time\" content=\"2025-06-28T11:41:04+00:00\" \/>\n<meta property=\"og:image\" content=\"https:\/\/elrincondefehmi.com\/es\/wp-content\/uploads\/2023\/05\/IMG_1455-web-ERM-M-X-303X75-e1747504581491.jpg\" \/>\n\t<meta property=\"og:image:width\" content=\"750\" \/>\n\t<meta property=\"og:image:height\" content=\"1051\" \/>\n\t<meta property=\"og:image:type\" content=\"image\/jpeg\" \/>\n<meta name=\"twitter:card\" content=\"summary_large_image\" \/>\n<script type=\"application\/ld+json\" class=\"yoast-schema-graph\">{\"@context\":\"https:\/\/schema.org\",\"@graph\":[{\"@type\":\"WebPage\",\"@id\":\"https:\/\/elrincondefehmi.com\/es\/tienda\/alfombras-turcas\/alfombras-pasilleras-kilim\/alfombra-pasillera-clasica-303-x-75-cm\/\",\"url\":\"https:\/\/elrincondefehmi.com\/es\/tienda\/alfombras-turcas\/alfombras-pasilleras-kilim\/alfombra-pasillera-clasica-303-x-75-cm\/\",\"name\":\"Pasillo alfombra Ziegler | El Rinc\u00f3n de Fehmi Madrid\",\"isPartOf\":{\"@id\":\"https:\/\/elrincondefehmi.com\/es\/#website\"},\"datePublished\":\"2023-05-18T02:02:28+00:00\",\"dateModified\":\"2025-06-28T11:41:04+00:00\",\"description\":\"Pasillo alfombra Ziegler tejida a mano en tonos verdes y beige, ideal para entradas elegantes. Dise\u00f1o cl\u00e1sico y calidad artesanal.\",\"breadcrumb\":{\"@id\":\"https:\/\/elrincondefehmi.com\/es\/tienda\/alfombras-turcas\/alfombras-pasilleras-kilim\/alfombra-pasillera-clasica-303-x-75-cm\/#breadcrumb\"},\"inLanguage\":\"es\",\"potentialAction\":[{\"@type\":\"ReadAction\",\"target\":[\"https:\/\/elrincondefehmi.com\/es\/tienda\/alfombras-turcas\/alfombras-pasilleras-kilim\/alfombra-pasillera-clasica-303-x-75-cm\/\"]}]},{\"@type\":\"BreadcrumbList\",\"@id\":\"https:\/\/elrincondefehmi.com\/es\/tienda\/alfombras-turcas\/alfombras-pasilleras-kilim\/alfombra-pasillera-clasica-303-x-75-cm\/#breadcrumb\",\"itemListElement\":[{\"@type\":\"ListItem\",\"position\":1,\"name\":\"PRODUCTOS\",\"item\":\"https:\/\/elrincondefehmi.com\/es\/all-product\/\"},{\"@type\":\"ListItem\",\"position\":2,\"name\":\"Zigler alfombra de pasillo 75 x 303 cm\"}]},{\"@type\":\"WebSite\",\"@id\":\"https:\/\/elrincondefehmi.com\/es\/#website\",\"url\":\"https:\/\/elrincondefehmi.com\/es\/\",\"name\":\"El Rinc\u00f3n de Fehmi Madrid\",\"description\":\"Tienda de alfombras en Madrid.  En El Rinc\u00f3n de Fehmi somos especialistas en alfombras artesanales, alfombras modernas contempor\u00e1neas kilims de Turqu\u00eda\",\"potentialAction\":[{\"@type\":\"SearchAction\",\"target\":{\"@type\":\"EntryPoint\",\"urlTemplate\":\"https:\/\/elrincondefehmi.com\/es\/?s={search_term_string}\"},\"query-input\":\"required name=search_term_string\"}],\"inLanguage\":\"es\"}]}<\/script>\n<!-- \/ Yoast SEO plugin. -->","yoast_head_json":{"title":"Pasillo alfombra Ziegler | El Rinc\u00f3n de Fehmi Madrid","description":"Pasillo alfombra Ziegler tejida a mano en tonos verdes y beige, ideal para entradas elegantes. Dise\u00f1o cl\u00e1sico y calidad artesanal.","robots":{"index":"index","follow":"follow","max-snippet":"max-snippet:-1","max-image-preview":"max-image-preview:large","max-video-preview":"max-video-preview:-1"},"canonical":"https:\/\/elrincondefehmi.com\/es\/tienda\/alfombras-turcas\/alfombras-pasilleras-kilim\/alfombra-pasillera-clasica-303-x-75-cm\/","og_locale":"es_ES","og_type":"article","og_title":"Pasillo alfombra Ziegler | El Rinc\u00f3n de Fehmi Madrid","og_description":"Pasillo alfombra Ziegler tejida a mano en tonos verdes y beige, ideal para entradas elegantes. Dise\u00f1o cl\u00e1sico y calidad artesanal.","og_url":"https:\/\/elrincondefehmi.com\/es\/tienda\/alfombras-turcas\/alfombras-pasilleras-kilim\/alfombra-pasillera-clasica-303-x-75-cm\/","og_site_name":"El Rinc\u00f3n de Fehmi Madrid","article_modified_time":"2025-06-28T11:41:04+00:00","og_image":[{"width":750,"height":1051,"url":"https:\/\/elrincondefehmi.com\/es\/wp-content\/uploads\/2023\/05\/IMG_1455-web-ERM-M-X-303X75-e1747504581491.jpg","type":"image\/jpeg"}],"twitter_card":"summary_large_image","schema":{"@context":"https:\/\/schema.org","@graph":[{"@type":"WebPage","@id":"https:\/\/elrincondefehmi.com\/es\/tienda\/alfombras-turcas\/alfombras-pasilleras-kilim\/alfombra-pasillera-clasica-303-x-75-cm\/","url":"https:\/\/elrincondefehmi.com\/es\/tienda\/alfombras-turcas\/alfombras-pasilleras-kilim\/alfombra-pasillera-clasica-303-x-75-cm\/","name":"Pasillo alfombra Ziegler | El Rinc\u00f3n de Fehmi Madrid","isPartOf":{"@id":"https:\/\/elrincondefehmi.com\/es\/#website"},"datePublished":"2023-05-18T02:02:28+00:00","dateModified":"2025-06-28T11:41:04+00:00","description":"Pasillo alfombra Ziegler tejida a mano en tonos verdes y beige, ideal para entradas elegantes. Dise\u00f1o cl\u00e1sico y calidad artesanal.","breadcrumb":{"@id":"https:\/\/elrincondefehmi.com\/es\/tienda\/alfombras-turcas\/alfombras-pasilleras-kilim\/alfombra-pasillera-clasica-303-x-75-cm\/#breadcrumb"},"inLanguage":"es","potentialAction":[{"@type":"ReadAction","target":["https:\/\/elrincondefehmi.com\/es\/tienda\/alfombras-turcas\/alfombras-pasilleras-kilim\/alfombra-pasillera-clasica-303-x-75-cm\/"]}]},{"@type":"BreadcrumbList","@id":"https:\/\/elrincondefehmi.com\/es\/tienda\/alfombras-turcas\/alfombras-pasilleras-kilim\/alfombra-pasillera-clasica-303-x-75-cm\/#breadcrumb","itemListElement":[{"@type":"ListItem","position":1,"name":"PRODUCTOS","item":"https:\/\/elrincondefehmi.com\/es\/all-product\/"},{"@type":"ListItem","position":2,"name":"Zigler alfombra de pasillo 75 x 303 cm"}]},{"@type":"WebSite","@id":"https:\/\/elrincondefehmi.com\/es\/#website","url":"https:\/\/elrincondefehmi.com\/es\/","name":"El Rinc\u00f3n de Fehmi Madrid","description":"Tienda de alfombras en Madrid.  En El Rinc\u00f3n de Fehmi somos especialistas en alfombras artesanales, alfombras modernas contempor\u00e1neas kilims de Turqu\u00eda","potentialAction":[{"@type":"SearchAction","target":{"@type":"EntryPoint","urlTemplate":"https:\/\/elrincondefehmi.com\/es\/?s={search_term_string}"},"query-input":"required name=search_term_string"}],"inLanguage":"es"}]}},"_links":{"self":[{"href":"https:\/\/elrincondefehmi.com\/es\/wp-json\/wp\/v2\/product\/4750"}],"collection":[{"href":"https:\/\/elrincondefehmi.com\/es\/wp-json\/wp\/v2\/product"}],"about":[{"href":"https:\/\/elrincondefehmi.com\/es\/wp-json\/wp\/v2\/types\/product"}],"replies":[{"embeddable":true,"href":"https:\/\/elrincondefehmi.com\/es\/wp-json\/wp\/v2\/comments?post=4750"}],"wp:featuredmedia":[{"embeddable":true,"href":"https:\/\/elrincondefehmi.com\/es\/wp-json\/wp\/v2\/media\/4971"}],"wp:attachment":[{"href":"https:\/\/elrincondefehmi.com\/es\/wp-json\/wp\/v2\/media?parent=4750"}],"wp:term":[{"taxonomy":"product_cat","embeddable":true,"href":"https:\/\/elrincondefehmi.com\/es\/wp-json\/wp\/v2\/product_cat?post=4750"},{"taxonomy":"product_tag","embeddable":true,"href":"https:\/\/elrincondefehmi.com\/es\/wp-json\/wp\/v2\/product_tag?post=4750"}],"curies":[{"name":"wp","href":"https:\/\/api.w.org\/{rel}","templated":true}]}}