{"id":4714,"date":"2023-05-18T02:01:10","date_gmt":"2023-05-18T02:01:10","guid":{"rendered":"https:\/\/elrincondefehmi.com\/es\/?post_type=product&#038;p=4714"},"modified":"2025-07-01T11:42:25","modified_gmt":"2025-07-01T11:42:25","slug":"kilim-seda-211-x-76-cm","status":"publish","type":"product","link":"https:\/\/elrincondefehmi.com\/es\/tienda\/kilim\/pasilleros\/kilim-seda-211-x-76-cm\/","title":{"rendered":"Kilim de pasillo 76&#215;211 cm"},"content":{"rendered":"<p>Este kilim especial de seda, con unas medidas de 76&#215;211 cm, es una aut\u00e9ntica obra de arte procedente de Turqu\u00eda. Este kilim presenta un dise\u00f1o intrincado y colores vibrantes que destacan gracias a la calidad de la seda utilizada en su confecci\u00f3n.<\/p>\n<h3>Descripci\u00f3n del Kilim<\/h3>\n<p>El kilim est\u00e1 dominado por un patr\u00f3n central en tonos rojos, rodeado por motivos geom\u00e9tricos y florales en colores beige, azul y crema. Estos colores no solo aportan una est\u00e9tica impresionante, sino que tambi\u00e9n tienen un significado simb\u00f3lico en la cultura turca. El rojo representa la energ\u00eda y la pasi\u00f3n, el azul simboliza la protecci\u00f3n y el beige la neutralidad y la paz.<\/p>\n<h3>Motivos y Significado<\/h3>\n<p>Los motivos geom\u00e9tricos en este kilim representan la uni\u00f3n y la armon\u00eda, mientras que los dise\u00f1os florales son s\u00edmbolos de crecimiento y fertilidad. El uso de patrones repetitivos y sim\u00e9tricos es caracter\u00edstico de los kilims turcos, y se cree que estos dise\u00f1os tienen propiedades protectoras y de buena suerte.<\/p>\n<h3>T\u00e9cnica de Tejido<\/h3>\n<p>Este kilim de seda se distingue por su t\u00e9cnica de tejido fina y detallada, lo que lo diferencia de los kilims comunes de lana. Tejer seda requiere una habilidad excepcional debido a la delicadeza del material y la precisi\u00f3n necesaria para crear los patrones intrincados. La seda tambi\u00e9n permite una mayor definici\u00f3n en los dise\u00f1os y un brillo natural que resalta los colores.<\/p>\n<h3>Valor y Calidad<\/h3>\n<p>Los kilims de seda como este son altamente valorados por su calidad superior y durabilidad. La seda hilada a mano utilizada en este kilim asegura una textura suave y un acabado lujoso. Adem\u00e1s, los colores naturales empleados garantizan que el kilim mantendr\u00e1 su belleza y vivacidad a lo largo del tiempo.<\/p>\n","protected":false},"excerpt":{"rendered":"<p>Kilim de seda Material: Seda Medidas: 76&#215;211 cm Origen: Turqu\u00eda Hecho a mano<\/p>\n","protected":false},"featured_media":4945,"comment_status":"open","ping_status":"closed","template":"","meta":[],"product_cat":[335,434,16],"product_tag":[391,355,353,352],"yoast_head":"<!-- This site is optimized with the Yoast SEO plugin v21.5 - https:\/\/yoast.com\/wordpress\/plugins\/seo\/ -->\n<title>Kilim de Seda turco | El Rinc\u00f3n de Fehmi Madrid | Tienda de Alfombras y Kilims<\/title>\n<meta name=\"description\" content=\"Kilim de Seda turco. Este kilim especial de seda, con unas medidas de 76x211 cm, es una aut\u00e9ntica obra de arte procedente de Turqu\u00eda.\" \/>\n<meta name=\"robots\" content=\"index, follow, max-snippet:-1, max-image-preview:large, max-video-preview:-1\" \/>\n<link rel=\"canonical\" href=\"https:\/\/elrincondefehmi.com\/es\/tienda\/kilim\/pasilleros\/kilim-seda-211-x-76-cm\/\" \/>\n<meta property=\"og:locale\" content=\"es_ES\" \/>\n<meta property=\"og:type\" content=\"article\" \/>\n<meta property=\"og:title\" content=\"Kilim de Seda turco | El Rinc\u00f3n de Fehmi Madrid | Tienda de Alfombras y Kilims\" \/>\n<meta property=\"og:description\" content=\"Kilim de Seda turco. Este kilim especial de seda, con unas medidas de 76x211 cm, es una aut\u00e9ntica obra de arte procedente de Turqu\u00eda.\" \/>\n<meta property=\"og:url\" content=\"https:\/\/elrincondefehmi.com\/es\/tienda\/kilim\/pasilleros\/kilim-seda-211-x-76-cm\/\" \/>\n<meta property=\"og:site_name\" content=\"El Rinc\u00f3n de Fehmi Madrid\" \/>\n<meta property=\"article:modified_time\" content=\"2025-07-01T11:42:25+00:00\" \/>\n<meta property=\"og:image\" content=\"https:\/\/elrincondefehmi.com\/es\/wp-content\/uploads\/2023\/05\/IMG_1393-web-erm-m-365-211x76-1-e1717412215875.jpg\" \/>\n\t<meta property=\"og:image:width\" content=\"749\" \/>\n\t<meta property=\"og:image:height\" content=\"1050\" \/>\n\t<meta property=\"og:image:type\" content=\"image\/jpeg\" \/>\n<meta name=\"twitter:card\" content=\"summary_large_image\" \/>\n<script type=\"application\/ld+json\" class=\"yoast-schema-graph\">{\"@context\":\"https:\/\/schema.org\",\"@graph\":[{\"@type\":\"WebPage\",\"@id\":\"https:\/\/elrincondefehmi.com\/es\/tienda\/kilim\/pasilleros\/kilim-seda-211-x-76-cm\/\",\"url\":\"https:\/\/elrincondefehmi.com\/es\/tienda\/kilim\/pasilleros\/kilim-seda-211-x-76-cm\/\",\"name\":\"Kilim de Seda turco | El Rinc\u00f3n de Fehmi Madrid | Tienda de Alfombras y Kilims\",\"isPartOf\":{\"@id\":\"https:\/\/elrincondefehmi.com\/es\/#website\"},\"datePublished\":\"2023-05-18T02:01:10+00:00\",\"dateModified\":\"2025-07-01T11:42:25+00:00\",\"description\":\"Kilim de Seda turco. Este kilim especial de seda, con unas medidas de 76x211 cm, es una aut\u00e9ntica obra de arte procedente de Turqu\u00eda.\",\"breadcrumb\":{\"@id\":\"https:\/\/elrincondefehmi.com\/es\/tienda\/kilim\/pasilleros\/kilim-seda-211-x-76-cm\/#breadcrumb\"},\"inLanguage\":\"es\",\"potentialAction\":[{\"@type\":\"ReadAction\",\"target\":[\"https:\/\/elrincondefehmi.com\/es\/tienda\/kilim\/pasilleros\/kilim-seda-211-x-76-cm\/\"]}]},{\"@type\":\"BreadcrumbList\",\"@id\":\"https:\/\/elrincondefehmi.com\/es\/tienda\/kilim\/pasilleros\/kilim-seda-211-x-76-cm\/#breadcrumb\",\"itemListElement\":[{\"@type\":\"ListItem\",\"position\":1,\"name\":\"PRODUCTOS\",\"item\":\"https:\/\/elrincondefehmi.com\/es\/all-product\/\"},{\"@type\":\"ListItem\",\"position\":2,\"name\":\"Kilim de pasillo 76&#215;211 cm\"}]},{\"@type\":\"WebSite\",\"@id\":\"https:\/\/elrincondefehmi.com\/es\/#website\",\"url\":\"https:\/\/elrincondefehmi.com\/es\/\",\"name\":\"El Rinc\u00f3n de Fehmi Madrid\",\"description\":\"Tienda de alfombras en Madrid.  En El Rinc\u00f3n de Fehmi somos especialistas en alfombras artesanales, alfombras modernas contempor\u00e1neas kilims de Turqu\u00eda\",\"potentialAction\":[{\"@type\":\"SearchAction\",\"target\":{\"@type\":\"EntryPoint\",\"urlTemplate\":\"https:\/\/elrincondefehmi.com\/es\/?s={search_term_string}\"},\"query-input\":\"required name=search_term_string\"}],\"inLanguage\":\"es\"}]}<\/script>\n<!-- \/ Yoast SEO plugin. -->","yoast_head_json":{"title":"Kilim de Seda turco | El Rinc\u00f3n de Fehmi Madrid | Tienda de Alfombras y Kilims","description":"Kilim de Seda turco. Este kilim especial de seda, con unas medidas de 76x211 cm, es una aut\u00e9ntica obra de arte procedente de Turqu\u00eda.","robots":{"index":"index","follow":"follow","max-snippet":"max-snippet:-1","max-image-preview":"max-image-preview:large","max-video-preview":"max-video-preview:-1"},"canonical":"https:\/\/elrincondefehmi.com\/es\/tienda\/kilim\/pasilleros\/kilim-seda-211-x-76-cm\/","og_locale":"es_ES","og_type":"article","og_title":"Kilim de Seda turco | El Rinc\u00f3n de Fehmi Madrid | Tienda de Alfombras y Kilims","og_description":"Kilim de Seda turco. Este kilim especial de seda, con unas medidas de 76x211 cm, es una aut\u00e9ntica obra de arte procedente de Turqu\u00eda.","og_url":"https:\/\/elrincondefehmi.com\/es\/tienda\/kilim\/pasilleros\/kilim-seda-211-x-76-cm\/","og_site_name":"El Rinc\u00f3n de Fehmi Madrid","article_modified_time":"2025-07-01T11:42:25+00:00","og_image":[{"width":749,"height":1050,"url":"https:\/\/elrincondefehmi.com\/es\/wp-content\/uploads\/2023\/05\/IMG_1393-web-erm-m-365-211x76-1-e1717412215875.jpg","type":"image\/jpeg"}],"twitter_card":"summary_large_image","schema":{"@context":"https:\/\/schema.org","@graph":[{"@type":"WebPage","@id":"https:\/\/elrincondefehmi.com\/es\/tienda\/kilim\/pasilleros\/kilim-seda-211-x-76-cm\/","url":"https:\/\/elrincondefehmi.com\/es\/tienda\/kilim\/pasilleros\/kilim-seda-211-x-76-cm\/","name":"Kilim de Seda turco | El Rinc\u00f3n de Fehmi Madrid | Tienda de Alfombras y Kilims","isPartOf":{"@id":"https:\/\/elrincondefehmi.com\/es\/#website"},"datePublished":"2023-05-18T02:01:10+00:00","dateModified":"2025-07-01T11:42:25+00:00","description":"Kilim de Seda turco. Este kilim especial de seda, con unas medidas de 76x211 cm, es una aut\u00e9ntica obra de arte procedente de Turqu\u00eda.","breadcrumb":{"@id":"https:\/\/elrincondefehmi.com\/es\/tienda\/kilim\/pasilleros\/kilim-seda-211-x-76-cm\/#breadcrumb"},"inLanguage":"es","potentialAction":[{"@type":"ReadAction","target":["https:\/\/elrincondefehmi.com\/es\/tienda\/kilim\/pasilleros\/kilim-seda-211-x-76-cm\/"]}]},{"@type":"BreadcrumbList","@id":"https:\/\/elrincondefehmi.com\/es\/tienda\/kilim\/pasilleros\/kilim-seda-211-x-76-cm\/#breadcrumb","itemListElement":[{"@type":"ListItem","position":1,"name":"PRODUCTOS","item":"https:\/\/elrincondefehmi.com\/es\/all-product\/"},{"@type":"ListItem","position":2,"name":"Kilim de pasillo 76&#215;211 cm"}]},{"@type":"WebSite","@id":"https:\/\/elrincondefehmi.com\/es\/#website","url":"https:\/\/elrincondefehmi.com\/es\/","name":"El Rinc\u00f3n de Fehmi Madrid","description":"Tienda de alfombras en Madrid.  En El Rinc\u00f3n de Fehmi somos especialistas en alfombras artesanales, alfombras modernas contempor\u00e1neas kilims de Turqu\u00eda","potentialAction":[{"@type":"SearchAction","target":{"@type":"EntryPoint","urlTemplate":"https:\/\/elrincondefehmi.com\/es\/?s={search_term_string}"},"query-input":"required name=search_term_string"}],"inLanguage":"es"}]}},"_links":{"self":[{"href":"https:\/\/elrincondefehmi.com\/es\/wp-json\/wp\/v2\/product\/4714"}],"collection":[{"href":"https:\/\/elrincondefehmi.com\/es\/wp-json\/wp\/v2\/product"}],"about":[{"href":"https:\/\/elrincondefehmi.com\/es\/wp-json\/wp\/v2\/types\/product"}],"replies":[{"embeddable":true,"href":"https:\/\/elrincondefehmi.com\/es\/wp-json\/wp\/v2\/comments?post=4714"}],"wp:featuredmedia":[{"embeddable":true,"href":"https:\/\/elrincondefehmi.com\/es\/wp-json\/wp\/v2\/media\/4945"}],"wp:attachment":[{"href":"https:\/\/elrincondefehmi.com\/es\/wp-json\/wp\/v2\/media?parent=4714"}],"wp:term":[{"taxonomy":"product_cat","embeddable":true,"href":"https:\/\/elrincondefehmi.com\/es\/wp-json\/wp\/v2\/product_cat?post=4714"},{"taxonomy":"product_tag","embeddable":true,"href":"https:\/\/elrincondefehmi.com\/es\/wp-json\/wp\/v2\/product_tag?post=4714"}],"curies":[{"name":"wp","href":"https:\/\/api.w.org\/{rel}","templated":true}]}}