{"id":4540,"date":"2023-05-18T01:55:20","date_gmt":"2023-05-18T01:55:20","guid":{"rendered":"https:\/\/elrincondefehmi.com\/es\/?post_type=product&#038;p=4540"},"modified":"2025-07-02T09:37:20","modified_gmt":"2025-07-02T09:37:20","slug":"alfombra-patchwork-200-x-80-cm-3","status":"publish","type":"product","link":"https:\/\/elrincondefehmi.com\/es\/tienda\/alfombras-turcas\/alfombras-pasilleras-kilim\/alfombra-patchwork-200-x-80-cm-3\/","title":{"rendered":"ALFOMBRA PATCHWORK 200 X 80 cm"},"content":{"rendered":"<h3><strong>ALFOMBRAS PATCHWORK<\/strong><\/h3>\n<p>Las <a href=\"https:\/\/elrincondefehmi.k8s.optimizaclick.com\/es\/categoria-producto\/alfombras\/alfombras-patchwork\/\">alfombras Patchwork<\/a> est\u00e1n elaboradas a partir de bordar y anexar parches de restos de otras alfombras, ya sean cl\u00e1sicas o vintage. Est\u00e1n bordadas a mano y se componen de colores vegetales naturales y materiales naturales como la lana, el algod\u00f3n y la seda.\u00a0<span style=\"font-size: 14.4px\">Todas las etapas de elaboraci\u00f3n del patchwork est\u00e1n hechas a mano con hilos de alta calidad.\u00a0<\/span><span style=\"font-size: 14.4px\">Estas alfombras se caracterizan por poder dise\u00f1arse totalmente a medida. Podemos elegir los tonos de los colores, el decapado, el n\u00famero y la forma de los parches que la componen. A diferencia de otro tipo de alfombras, podemos conseguir las medidas exactas deseadas.\u00a0<\/span>La ventaja de las alfombras patchwork es que en su fabricaci\u00f3n se evita el desperdicio de valiosas alfombras de diversas \u00e9pocas. Es una manera de recuperar y dar una segunda vida a las alfombras m\u00e1s antiguas. Por todo ello, se consideran alfombras \u00fanicas y llenas de personalidad. Si te gusta este novedoso estilo de alfombras, en El Rinc\u00f3n de Fehmi disponemos de una gran colecci\u00f3n. Est\u00e1n dise\u00f1adas por nuestros expertos de alfombras y tendencias de Estambul. Por otro lado, tenemos los recursos suficientes para poder dise\u00f1ar a medida tu propia alfombra. Te ayudamos y aconsejamos a seleccionar la alfombra que m\u00e1s se adapte a tus espacios y tu estilo.[:en] The patcwork rugs are made by recycling hanmade vintage rugs. Then, they are dyed with monochromatic vegetal dyes to have a range of brillant tones and natural shades. The patchwork method allows rugs to be produced in the desired dimensions and helps to obtain the desired visual effect. All stages of patchworknare manually performed with valuable threads. The patchwork technique avoids waste of precious vintage rug. [:]<\/p>\n","protected":false},"excerpt":{"rendered":"<p>Alfombra Patchwork. Material: Lana y algod\u00f3n. Origen: Turqu\u00eda. Tama\u00f1o: 200 X 80 cm. Hecho a mano.<\/p>\n","protected":false},"featured_media":4761,"comment_status":"open","ping_status":"closed","template":"","meta":[],"product_cat":[19,308,313,312],"product_tag":[90],"yoast_head":"<!-- This site is optimized with the Yoast SEO plugin v21.5 - https:\/\/yoast.com\/wordpress\/plugins\/seo\/ -->\n<title>Alfombras y Kilims en Madrid | El Rinc\u00f3n de Fehmi Madrid<\/title>\n<meta name=\"robots\" content=\"index, follow, max-snippet:-1, max-image-preview:large, max-video-preview:-1\" \/>\n<link rel=\"canonical\" href=\"https:\/\/elrincondefehmi.com\/es\/tienda\/alfombras-turcas\/alfombras-pasilleras-kilim\/alfombra-patchwork-200-x-80-cm-3\/\" \/>\n<meta property=\"og:locale\" content=\"es_ES\" \/>\n<meta property=\"og:type\" content=\"article\" \/>\n<meta property=\"og:title\" content=\"Alfombras y Kilims en Madrid | El Rinc\u00f3n de Fehmi Madrid\" \/>\n<meta property=\"og:description\" content=\"Alfombra Patchwork. Material: Lana y algod\u00f3n. Origen: Turqu\u00eda. Tama\u00f1o: 200 X 80 cm. Hecho a mano.\" \/>\n<meta property=\"og:url\" content=\"https:\/\/elrincondefehmi.com\/es\/tienda\/alfombras-turcas\/alfombras-pasilleras-kilim\/alfombra-patchwork-200-x-80-cm-3\/\" \/>\n<meta property=\"og:site_name\" content=\"El Rinc\u00f3n de Fehmi Madrid\" \/>\n<meta property=\"article:modified_time\" content=\"2025-07-02T09:37:20+00:00\" \/>\n<meta property=\"og:image\" content=\"https:\/\/elrincondefehmi.com\/es\/wp-content\/uploads\/2023\/05\/IMG_1140-web-erm-m-991-200x80-1.jpg\" \/>\n\t<meta property=\"og:image:width\" content=\"1100\" \/>\n\t<meta property=\"og:image:height\" content=\"1400\" \/>\n\t<meta property=\"og:image:type\" content=\"image\/jpeg\" \/>\n<meta name=\"twitter:card\" content=\"summary_large_image\" \/>\n<script type=\"application\/ld+json\" class=\"yoast-schema-graph\">{\"@context\":\"https:\/\/schema.org\",\"@graph\":[{\"@type\":\"WebPage\",\"@id\":\"https:\/\/elrincondefehmi.com\/es\/tienda\/alfombras-turcas\/alfombras-pasilleras-kilim\/alfombra-patchwork-200-x-80-cm-3\/\",\"url\":\"https:\/\/elrincondefehmi.com\/es\/tienda\/alfombras-turcas\/alfombras-pasilleras-kilim\/alfombra-patchwork-200-x-80-cm-3\/\",\"name\":\"Alfombras y Kilims en Madrid | El Rinc\u00f3n de Fehmi Madrid\",\"isPartOf\":{\"@id\":\"https:\/\/elrincondefehmi.com\/es\/#website\"},\"datePublished\":\"2023-05-18T01:55:20+00:00\",\"dateModified\":\"2025-07-02T09:37:20+00:00\",\"breadcrumb\":{\"@id\":\"https:\/\/elrincondefehmi.com\/es\/tienda\/alfombras-turcas\/alfombras-pasilleras-kilim\/alfombra-patchwork-200-x-80-cm-3\/#breadcrumb\"},\"inLanguage\":\"es\",\"potentialAction\":[{\"@type\":\"ReadAction\",\"target\":[\"https:\/\/elrincondefehmi.com\/es\/tienda\/alfombras-turcas\/alfombras-pasilleras-kilim\/alfombra-patchwork-200-x-80-cm-3\/\"]}]},{\"@type\":\"BreadcrumbList\",\"@id\":\"https:\/\/elrincondefehmi.com\/es\/tienda\/alfombras-turcas\/alfombras-pasilleras-kilim\/alfombra-patchwork-200-x-80-cm-3\/#breadcrumb\",\"itemListElement\":[{\"@type\":\"ListItem\",\"position\":1,\"name\":\"PRODUCTOS\",\"item\":\"https:\/\/elrincondefehmi.com\/es\/all-product\/\"},{\"@type\":\"ListItem\",\"position\":2,\"name\":\"ALFOMBRA PATCHWORK 200 X 80 cm\"}]},{\"@type\":\"WebSite\",\"@id\":\"https:\/\/elrincondefehmi.com\/es\/#website\",\"url\":\"https:\/\/elrincondefehmi.com\/es\/\",\"name\":\"El Rinc\u00f3n de Fehmi Madrid\",\"description\":\"Tienda de alfombras en Madrid.  En El Rinc\u00f3n de Fehmi somos especialistas en alfombras artesanales, alfombras modernas contempor\u00e1neas kilims de Turqu\u00eda\",\"potentialAction\":[{\"@type\":\"SearchAction\",\"target\":{\"@type\":\"EntryPoint\",\"urlTemplate\":\"https:\/\/elrincondefehmi.com\/es\/?s={search_term_string}\"},\"query-input\":\"required name=search_term_string\"}],\"inLanguage\":\"es\"}]}<\/script>\n<!-- \/ Yoast SEO plugin. -->","yoast_head_json":{"title":"Alfombras y Kilims en Madrid | El Rinc\u00f3n de Fehmi Madrid","robots":{"index":"index","follow":"follow","max-snippet":"max-snippet:-1","max-image-preview":"max-image-preview:large","max-video-preview":"max-video-preview:-1"},"canonical":"https:\/\/elrincondefehmi.com\/es\/tienda\/alfombras-turcas\/alfombras-pasilleras-kilim\/alfombra-patchwork-200-x-80-cm-3\/","og_locale":"es_ES","og_type":"article","og_title":"Alfombras y Kilims en Madrid | El Rinc\u00f3n de Fehmi Madrid","og_description":"Alfombra Patchwork. Material: Lana y algod\u00f3n. Origen: Turqu\u00eda. Tama\u00f1o: 200 X 80 cm. Hecho a mano.","og_url":"https:\/\/elrincondefehmi.com\/es\/tienda\/alfombras-turcas\/alfombras-pasilleras-kilim\/alfombra-patchwork-200-x-80-cm-3\/","og_site_name":"El Rinc\u00f3n de Fehmi Madrid","article_modified_time":"2025-07-02T09:37:20+00:00","og_image":[{"width":1100,"height":1400,"url":"https:\/\/elrincondefehmi.com\/es\/wp-content\/uploads\/2023\/05\/IMG_1140-web-erm-m-991-200x80-1.jpg","type":"image\/jpeg"}],"twitter_card":"summary_large_image","schema":{"@context":"https:\/\/schema.org","@graph":[{"@type":"WebPage","@id":"https:\/\/elrincondefehmi.com\/es\/tienda\/alfombras-turcas\/alfombras-pasilleras-kilim\/alfombra-patchwork-200-x-80-cm-3\/","url":"https:\/\/elrincondefehmi.com\/es\/tienda\/alfombras-turcas\/alfombras-pasilleras-kilim\/alfombra-patchwork-200-x-80-cm-3\/","name":"Alfombras y Kilims en Madrid | El Rinc\u00f3n de Fehmi Madrid","isPartOf":{"@id":"https:\/\/elrincondefehmi.com\/es\/#website"},"datePublished":"2023-05-18T01:55:20+00:00","dateModified":"2025-07-02T09:37:20+00:00","breadcrumb":{"@id":"https:\/\/elrincondefehmi.com\/es\/tienda\/alfombras-turcas\/alfombras-pasilleras-kilim\/alfombra-patchwork-200-x-80-cm-3\/#breadcrumb"},"inLanguage":"es","potentialAction":[{"@type":"ReadAction","target":["https:\/\/elrincondefehmi.com\/es\/tienda\/alfombras-turcas\/alfombras-pasilleras-kilim\/alfombra-patchwork-200-x-80-cm-3\/"]}]},{"@type":"BreadcrumbList","@id":"https:\/\/elrincondefehmi.com\/es\/tienda\/alfombras-turcas\/alfombras-pasilleras-kilim\/alfombra-patchwork-200-x-80-cm-3\/#breadcrumb","itemListElement":[{"@type":"ListItem","position":1,"name":"PRODUCTOS","item":"https:\/\/elrincondefehmi.com\/es\/all-product\/"},{"@type":"ListItem","position":2,"name":"ALFOMBRA PATCHWORK 200 X 80 cm"}]},{"@type":"WebSite","@id":"https:\/\/elrincondefehmi.com\/es\/#website","url":"https:\/\/elrincondefehmi.com\/es\/","name":"El Rinc\u00f3n de Fehmi Madrid","description":"Tienda de alfombras en Madrid.  En El Rinc\u00f3n de Fehmi somos especialistas en alfombras artesanales, alfombras modernas contempor\u00e1neas kilims de Turqu\u00eda","potentialAction":[{"@type":"SearchAction","target":{"@type":"EntryPoint","urlTemplate":"https:\/\/elrincondefehmi.com\/es\/?s={search_term_string}"},"query-input":"required name=search_term_string"}],"inLanguage":"es"}]}},"_links":{"self":[{"href":"https:\/\/elrincondefehmi.com\/es\/wp-json\/wp\/v2\/product\/4540"}],"collection":[{"href":"https:\/\/elrincondefehmi.com\/es\/wp-json\/wp\/v2\/product"}],"about":[{"href":"https:\/\/elrincondefehmi.com\/es\/wp-json\/wp\/v2\/types\/product"}],"replies":[{"embeddable":true,"href":"https:\/\/elrincondefehmi.com\/es\/wp-json\/wp\/v2\/comments?post=4540"}],"wp:featuredmedia":[{"embeddable":true,"href":"https:\/\/elrincondefehmi.com\/es\/wp-json\/wp\/v2\/media\/4761"}],"wp:attachment":[{"href":"https:\/\/elrincondefehmi.com\/es\/wp-json\/wp\/v2\/media?parent=4540"}],"wp:term":[{"taxonomy":"product_cat","embeddable":true,"href":"https:\/\/elrincondefehmi.com\/es\/wp-json\/wp\/v2\/product_cat?post=4540"},{"taxonomy":"product_tag","embeddable":true,"href":"https:\/\/elrincondefehmi.com\/es\/wp-json\/wp\/v2\/product_tag?post=4540"}],"curies":[{"name":"wp","href":"https:\/\/api.w.org\/{rel}","templated":true}]}}