{"id":4134,"date":"2023-05-18T01:41:45","date_gmt":"2023-05-18T01:41:45","guid":{"rendered":"https:\/\/elrincondefehmi.com\/es\/?post_type=product&#038;p=4134"},"modified":"2025-07-01T11:55:58","modified_gmt":"2025-07-01T11:55:58","slug":"anatolian-kilim-140-x-100-cm","status":"publish","type":"product","link":"https:\/\/elrincondefehmi.com\/es\/tienda\/kilim\/kilim-turco\/anatolian-kilim-140-x-100-cm\/","title":{"rendered":"Mut kilim turco 92&#215;148 cm"},"content":{"rendered":"<h3>Kilim Turco de la Regi\u00f3n del Mediterr\u00e1neo<\/h3>\n<p>Este kilim turco es originario de la regi\u00f3n del Mediterr\u00e1neo turco y ha sido elaborado por los pueblos n\u00f3madas de las monta\u00f1as de Toros. Con unas medidas de 92&#215;148 cm, este kilim presenta un dise\u00f1o especial y significativo. Los motivos que se encuentran en las dos partes extremas del kilim representan la belleza, mientras que los motivos interiores y laterales simbolizan la llegada de la primavera. El kilim est\u00e1 hecho con lana de alta calidad, hilada a mano, lo que garantiza su durabilidad y suavidad. Adem\u00e1s, los colores vibrantes y naturales de este kilim provienen de tintes vegetales, lo que a\u00f1ade un valor ecol\u00f3gico y tradicional a la pieza. Esta obra artesanal no solo destaca por su est\u00e9tica \u00fanica, sino tambi\u00e9n por la calidad superior de sus materiales, haciendo de este kilim una opci\u00f3n ideal para a\u00f1adir un toque aut\u00e9ntico y cultural a cualquier espacio.<\/p>\n","protected":false},"excerpt":{"rendered":"<p>Material: Lana Medidas: 92&#215;148 cm Origen: Sur de Turqu\u00eda Hecho a mano<\/p>\n","protected":false},"featured_media":24332,"comment_status":"open","ping_status":"closed","template":"","meta":[],"product_cat":[434,16],"product_tag":[391,355,353,352],"yoast_head":"<!-- This site is optimized with the Yoast SEO plugin v21.5 - https:\/\/yoast.com\/wordpress\/plugins\/seo\/ -->\n<title>Alfombras y Kilims en Madrid | El Rinc\u00f3n de Fehmi Madrid<\/title>\n<meta name=\"description\" content=\"Kilim turco de 92x148 cm, hecho con lana hilada a mano y colores vegetales. Motivos que simbolizan la belleza y la llegada de la primavera. Alta calidad.\" \/>\n<meta name=\"robots\" content=\"index, follow, max-snippet:-1, max-image-preview:large, max-video-preview:-1\" \/>\n<link rel=\"canonical\" href=\"https:\/\/elrincondefehmi.com\/es\/tienda\/kilim\/kilim-turco\/anatolian-kilim-140-x-100-cm\/\" \/>\n<meta property=\"og:locale\" content=\"es_ES\" \/>\n<meta property=\"og:type\" content=\"article\" \/>\n<meta property=\"og:title\" content=\"Alfombras y Kilims en Madrid | El Rinc\u00f3n de Fehmi Madrid\" \/>\n<meta property=\"og:description\" content=\"Kilim turco de 92x148 cm, hecho con lana hilada a mano y colores vegetales. Motivos que simbolizan la belleza y la llegada de la primavera. Alta calidad.\" \/>\n<meta property=\"og:url\" content=\"https:\/\/elrincondefehmi.com\/es\/tienda\/kilim\/kilim-turco\/anatolian-kilim-140-x-100-cm\/\" \/>\n<meta property=\"og:site_name\" content=\"El Rinc\u00f3n de Fehmi Madrid\" \/>\n<meta property=\"article:modified_time\" content=\"2025-07-01T11:55:58+00:00\" \/>\n<meta property=\"og:image\" content=\"https:\/\/elrincondefehmi.com\/es\/wp-content\/uploads\/2023\/05\/IMG_3447.jpg\" \/>\n\t<meta property=\"og:image:width\" content=\"750\" \/>\n\t<meta property=\"og:image:height\" content=\"1050\" \/>\n\t<meta property=\"og:image:type\" content=\"image\/jpeg\" \/>\n<meta name=\"twitter:card\" content=\"summary_large_image\" \/>\n<script type=\"application\/ld+json\" class=\"yoast-schema-graph\">{\"@context\":\"https:\/\/schema.org\",\"@graph\":[{\"@type\":\"WebPage\",\"@id\":\"https:\/\/elrincondefehmi.com\/es\/tienda\/kilim\/kilim-turco\/anatolian-kilim-140-x-100-cm\/\",\"url\":\"https:\/\/elrincondefehmi.com\/es\/tienda\/kilim\/kilim-turco\/anatolian-kilim-140-x-100-cm\/\",\"name\":\"Alfombras y Kilims en Madrid | El Rinc\u00f3n de Fehmi Madrid\",\"isPartOf\":{\"@id\":\"https:\/\/elrincondefehmi.com\/es\/#website\"},\"datePublished\":\"2023-05-18T01:41:45+00:00\",\"dateModified\":\"2025-07-01T11:55:58+00:00\",\"description\":\"Kilim turco de 92x148 cm, hecho con lana hilada a mano y colores vegetales. Motivos que simbolizan la belleza y la llegada de la primavera. Alta calidad.\",\"breadcrumb\":{\"@id\":\"https:\/\/elrincondefehmi.com\/es\/tienda\/kilim\/kilim-turco\/anatolian-kilim-140-x-100-cm\/#breadcrumb\"},\"inLanguage\":\"es\",\"potentialAction\":[{\"@type\":\"ReadAction\",\"target\":[\"https:\/\/elrincondefehmi.com\/es\/tienda\/kilim\/kilim-turco\/anatolian-kilim-140-x-100-cm\/\"]}]},{\"@type\":\"BreadcrumbList\",\"@id\":\"https:\/\/elrincondefehmi.com\/es\/tienda\/kilim\/kilim-turco\/anatolian-kilim-140-x-100-cm\/#breadcrumb\",\"itemListElement\":[{\"@type\":\"ListItem\",\"position\":1,\"name\":\"PRODUCTOS\",\"item\":\"https:\/\/elrincondefehmi.com\/es\/all-product\/\"},{\"@type\":\"ListItem\",\"position\":2,\"name\":\"Mut kilim turco 92&#215;148 cm\"}]},{\"@type\":\"WebSite\",\"@id\":\"https:\/\/elrincondefehmi.com\/es\/#website\",\"url\":\"https:\/\/elrincondefehmi.com\/es\/\",\"name\":\"El Rinc\u00f3n de Fehmi Madrid\",\"description\":\"Tienda de alfombras en Madrid.  En El Rinc\u00f3n de Fehmi somos especialistas en alfombras artesanales, alfombras modernas contempor\u00e1neas kilims de Turqu\u00eda\",\"potentialAction\":[{\"@type\":\"SearchAction\",\"target\":{\"@type\":\"EntryPoint\",\"urlTemplate\":\"https:\/\/elrincondefehmi.com\/es\/?s={search_term_string}\"},\"query-input\":\"required name=search_term_string\"}],\"inLanguage\":\"es\"}]}<\/script>\n<!-- \/ Yoast SEO plugin. -->","yoast_head_json":{"title":"Alfombras y Kilims en Madrid | El Rinc\u00f3n de Fehmi Madrid","description":"Kilim turco de 92x148 cm, hecho con lana hilada a mano y colores vegetales. Motivos que simbolizan la belleza y la llegada de la primavera. Alta calidad.","robots":{"index":"index","follow":"follow","max-snippet":"max-snippet:-1","max-image-preview":"max-image-preview:large","max-video-preview":"max-video-preview:-1"},"canonical":"https:\/\/elrincondefehmi.com\/es\/tienda\/kilim\/kilim-turco\/anatolian-kilim-140-x-100-cm\/","og_locale":"es_ES","og_type":"article","og_title":"Alfombras y Kilims en Madrid | El Rinc\u00f3n de Fehmi Madrid","og_description":"Kilim turco de 92x148 cm, hecho con lana hilada a mano y colores vegetales. Motivos que simbolizan la belleza y la llegada de la primavera. Alta calidad.","og_url":"https:\/\/elrincondefehmi.com\/es\/tienda\/kilim\/kilim-turco\/anatolian-kilim-140-x-100-cm\/","og_site_name":"El Rinc\u00f3n de Fehmi Madrid","article_modified_time":"2025-07-01T11:55:58+00:00","og_image":[{"width":750,"height":1050,"url":"https:\/\/elrincondefehmi.com\/es\/wp-content\/uploads\/2023\/05\/IMG_3447.jpg","type":"image\/jpeg"}],"twitter_card":"summary_large_image","schema":{"@context":"https:\/\/schema.org","@graph":[{"@type":"WebPage","@id":"https:\/\/elrincondefehmi.com\/es\/tienda\/kilim\/kilim-turco\/anatolian-kilim-140-x-100-cm\/","url":"https:\/\/elrincondefehmi.com\/es\/tienda\/kilim\/kilim-turco\/anatolian-kilim-140-x-100-cm\/","name":"Alfombras y Kilims en Madrid | El Rinc\u00f3n de Fehmi Madrid","isPartOf":{"@id":"https:\/\/elrincondefehmi.com\/es\/#website"},"datePublished":"2023-05-18T01:41:45+00:00","dateModified":"2025-07-01T11:55:58+00:00","description":"Kilim turco de 92x148 cm, hecho con lana hilada a mano y colores vegetales. Motivos que simbolizan la belleza y la llegada de la primavera. Alta calidad.","breadcrumb":{"@id":"https:\/\/elrincondefehmi.com\/es\/tienda\/kilim\/kilim-turco\/anatolian-kilim-140-x-100-cm\/#breadcrumb"},"inLanguage":"es","potentialAction":[{"@type":"ReadAction","target":["https:\/\/elrincondefehmi.com\/es\/tienda\/kilim\/kilim-turco\/anatolian-kilim-140-x-100-cm\/"]}]},{"@type":"BreadcrumbList","@id":"https:\/\/elrincondefehmi.com\/es\/tienda\/kilim\/kilim-turco\/anatolian-kilim-140-x-100-cm\/#breadcrumb","itemListElement":[{"@type":"ListItem","position":1,"name":"PRODUCTOS","item":"https:\/\/elrincondefehmi.com\/es\/all-product\/"},{"@type":"ListItem","position":2,"name":"Mut kilim turco 92&#215;148 cm"}]},{"@type":"WebSite","@id":"https:\/\/elrincondefehmi.com\/es\/#website","url":"https:\/\/elrincondefehmi.com\/es\/","name":"El Rinc\u00f3n de Fehmi Madrid","description":"Tienda de alfombras en Madrid.  En El Rinc\u00f3n de Fehmi somos especialistas en alfombras artesanales, alfombras modernas contempor\u00e1neas kilims de Turqu\u00eda","potentialAction":[{"@type":"SearchAction","target":{"@type":"EntryPoint","urlTemplate":"https:\/\/elrincondefehmi.com\/es\/?s={search_term_string}"},"query-input":"required name=search_term_string"}],"inLanguage":"es"}]}},"_links":{"self":[{"href":"https:\/\/elrincondefehmi.com\/es\/wp-json\/wp\/v2\/product\/4134"}],"collection":[{"href":"https:\/\/elrincondefehmi.com\/es\/wp-json\/wp\/v2\/product"}],"about":[{"href":"https:\/\/elrincondefehmi.com\/es\/wp-json\/wp\/v2\/types\/product"}],"replies":[{"embeddable":true,"href":"https:\/\/elrincondefehmi.com\/es\/wp-json\/wp\/v2\/comments?post=4134"}],"wp:featuredmedia":[{"embeddable":true,"href":"https:\/\/elrincondefehmi.com\/es\/wp-json\/wp\/v2\/media\/24332"}],"wp:attachment":[{"href":"https:\/\/elrincondefehmi.com\/es\/wp-json\/wp\/v2\/media?parent=4134"}],"wp:term":[{"taxonomy":"product_cat","embeddable":true,"href":"https:\/\/elrincondefehmi.com\/es\/wp-json\/wp\/v2\/product_cat?post=4134"},{"taxonomy":"product_tag","embeddable":true,"href":"https:\/\/elrincondefehmi.com\/es\/wp-json\/wp\/v2\/product_tag?post=4134"}],"curies":[{"name":"wp","href":"https:\/\/api.w.org\/{rel}","templated":true}]}}