{"id":4118,"date":"2023-05-18T01:41:13","date_gmt":"2023-05-18T01:41:13","guid":{"rendered":"https:\/\/elrincondefehmi.com\/es\/?post_type=product&#038;p=4118"},"modified":"2025-06-28T11:44:05","modified_gmt":"2025-06-28T11:44:05","slug":"alfombra-clasica-285-x-189-cm","status":"publish","type":"product","link":"https:\/\/elrincondefehmi.com\/es\/tienda\/alfombras-turcas\/alfombras-clasicas\/alfombra-clasica-285-x-189-cm\/","title":{"rendered":"Alfombra n\u00f3mada 189&#215;285 cm"},"content":{"rendered":"<p data-start=\"234\" data-end=\"648\"><span class=\"_fadeIn_m1hgl_8\">Esta <\/span><span class=\"_fadeIn_m1hgl_8\">alfombra <\/span><span class=\"_fadeIn_m1hgl_8\">persa <\/span><span class=\"_fadeIn_m1hgl_8\">artesanal <\/span><span class=\"_fadeIn_m1hgl_8\">de <\/span><span class=\"_fadeIn_m1hgl_8\">grandes <\/span><span class=\"_fadeIn_m1hgl_8\">dimensiones (<\/span><span class=\"_fadeIn_m1hgl_8\">189&#215;285 <\/span><span class=\"_fadeIn_m1hgl_8\">cm) <\/span><span class=\"_fadeIn_m1hgl_8\">destaca <\/span><span class=\"_fadeIn_m1hgl_8\">por <\/span><span class=\"_fadeIn_m1hgl_8\">su <\/span><span class=\"_fadeIn_m1hgl_8\">patr\u00f3n <\/span><span class=\"_fadeIn_m1hgl_8\">geom\u00e9trico <\/span><span class=\"_fadeIn_m1hgl_8\">repetido <\/span><span class=\"_fadeIn_m1hgl_8\">en <\/span><span class=\"_fadeIn_m1hgl_8\">forma <\/span><span class=\"_fadeIn_m1hgl_8\">de <\/span><span class=\"_fadeIn_m1hgl_8\">rombos <\/span><span class=\"_fadeIn_m1hgl_8\">entrelazados, <\/span><span class=\"_fadeIn_m1hgl_8\">t\u00edpicos <\/span><span class=\"_fadeIn_m1hgl_8\">del <\/span><span class=\"_fadeIn_m1hgl_8\">estilo <\/span><span class=\"_fadeIn_m1hgl_8\">tribal. <\/span><span class=\"_fadeIn_m1hgl_8\">Los <\/span><span class=\"_fadeIn_m1hgl_8\">colores <\/span><span class=\"_fadeIn_m1hgl_8\">predominantes <\/span><span class=\"_fadeIn_m1hgl_8\">son <\/span><span class=\"_fadeIn_m1hgl_8\">el <\/span><span class=\"_fadeIn_m1hgl_8\">rojo <\/span><span class=\"_fadeIn_m1hgl_8\">oscuro, <\/span><span class=\"_fadeIn_m1hgl_8\">burdeos, <\/span><span class=\"_fadeIn_m1hgl_8\">azul <\/span><span class=\"_fadeIn_m1hgl_8\">marino <\/span><span class=\"_fadeIn_m1hgl_8\">y <\/span><span class=\"_fadeIn_m1hgl_8\">negro, <\/span><span class=\"_fadeIn_m1hgl_8\">con <\/span><span class=\"_fadeIn_m1hgl_8\">peque\u00f1os <\/span><span class=\"_fadeIn_m1hgl_8\">detalles <\/span><span class=\"_fadeIn_m1hgl_8\">en <\/span><span class=\"_fadeIn_m1hgl_8\">blanco <\/span><span class=\"_fadeIn_m1hgl_8\">y <\/span><span class=\"_fadeIn_m1hgl_8\">beige <\/span><span class=\"_fadeIn_m1hgl_8\">que <\/span><span class=\"_fadeIn_m1hgl_8\">aportan <\/span><span class=\"_fadeIn_m1hgl_8\">profundidad <\/span><span class=\"_fadeIn_m1hgl_8\">visual. <\/span><span class=\"_fadeIn_m1hgl_8\">Sus <\/span><span class=\"_fadeIn_m1hgl_8\">m\u00faltiples <\/span><span class=\"_fadeIn_m1hgl_8\">franjas <\/span><span class=\"_fadeIn_m1hgl_8\">decorativas <\/span><span class=\"_fadeIn_m1hgl_8\">enmarcan <\/span><span class=\"_fadeIn_m1hgl_8\">el <\/span><span class=\"_fadeIn_m1hgl_8\">dise\u00f1o <\/span><span class=\"_fadeIn_m1hgl_8\">central, <\/span><span class=\"_fadeIn_m1hgl_8\">otorgando <\/span><span class=\"_fadeIn_m1hgl_8\">un <\/span><span class=\"_fadeIn_m1hgl_8\">aire <\/span><span class=\"_fadeIn_m1hgl_8\">cl\u00e1sico <\/span><span class=\"_fadeIn_m1hgl_8\">y <\/span><span class=\"_fadeIn_m1hgl_8\">robusto.<\/span><\/p>\n<p data-start=\"650\" data-end=\"794\"><span class=\"_fadeIn_m1hgl_8\">Hecha <\/span><span class=\"_fadeIn_m1hgl_8\">a <\/span><span class=\"_fadeIn_m1hgl_8\">mano <\/span><span class=\"_fadeIn_m1hgl_8\">con <\/span><span class=\"_fadeIn_m1hgl_8\">t\u00e9cnicas <\/span><span class=\"_fadeIn_m1hgl_8\">tradicionales, <\/span><span class=\"_fadeIn_m1hgl_8\">esta <\/span><span class=\"_fadeIn_m1hgl_8\">pieza <\/span><span class=\"_fadeIn_m1hgl_8\">es <\/span><span class=\"_fadeIn_m1hgl_8\">perfecta <\/span><span class=\"_fadeIn_m1hgl_8\">para <\/span><span class=\"_fadeIn_m1hgl_8\">salones <\/span><span class=\"_fadeIn_m1hgl_8\">amplios, <\/span><span class=\"_fadeIn_m1hgl_8\">bibliotecas <\/span><span class=\"_fadeIn_m1hgl_8\">o <\/span><span class=\"_fadeIn_m1hgl_8\">estancias <\/span><span class=\"_fadeIn_m1hgl_8\">con <\/span><span class=\"_fadeIn_m1hgl_8\">decoraci\u00f3n <\/span><span class=\"_fadeIn_m1hgl_8\">c\u00e1lida <\/span><span class=\"_fadeIn_m1hgl_8\">y <\/span><span class=\"_fadeIn_m1hgl_8\">atemporal.<\/span><\/p>\n<h3 data-start=\"801\" data-end=\"837\"><strong data-start=\"807\" data-end=\"837\"><span class=\"_fadeIn_m1hgl_8\">Caracter\u00edsticas <\/span><span class=\"_fadeIn_m1hgl_8\">destacadas<\/span><\/strong><\/h3>\n<ul data-start=\"839\" data-end=\"1068\">\n<li data-start=\"839\" data-end=\"869\">\n<p data-start=\"841\" data-end=\"869\"><span class=\"_fadeIn_m1hgl_8\">Alfombra <\/span><span class=\"_fadeIn_m1hgl_8\">persa <\/span><span class=\"_fadeIn_m1hgl_8\">tejida <\/span><span class=\"_fadeIn_m1hgl_8\">a <\/span><span class=\"_fadeIn_m1hgl_8\">mano<\/span><\/p>\n<\/li>\n<li data-start=\"870\" data-end=\"917\">\n<p data-start=\"872\" data-end=\"917\"><span class=\"_fadeIn_m1hgl_8\">Estilo <\/span><span class=\"_fadeIn_m1hgl_8\">tribal <\/span><span class=\"_fadeIn_m1hgl_8\">con <\/span><span class=\"_fadeIn_m1hgl_8\">dise\u00f1o <\/span><span class=\"_fadeIn_m1hgl_8\">geom\u00e9trico <\/span><span class=\"_fadeIn_m1hgl_8\">de <\/span><span class=\"_fadeIn_m1hgl_8\">rombos<\/span><\/p>\n<\/li>\n<li data-start=\"918\" data-end=\"975\">\n<p data-start=\"920\" data-end=\"975\"><span class=\"_fadeIn_m1hgl_8\">Tonos: <\/span><span class=\"_fadeIn_m1hgl_8\">rojo <\/span><span class=\"_fadeIn_m1hgl_8\">burdeos, <\/span><span class=\"_fadeIn_m1hgl_8\">azul <\/span><span class=\"_fadeIn_m1hgl_8\">marino, <\/span><span class=\"_fadeIn_m1hgl_8\">negro, <\/span><span class=\"_fadeIn_m1hgl_8\">blanco <\/span><span class=\"_fadeIn_m1hgl_8\">y <\/span><span class=\"_fadeIn_m1hgl_8\">beige<\/span><\/p>\n<\/li>\n<li data-start=\"976\" data-end=\"1028\">\n<p data-start=\"978\" data-end=\"1028\"><span class=\"_fadeIn_m1hgl_8\">Ideal <\/span><span class=\"_fadeIn_m1hgl_8\">para <\/span><span class=\"_fadeIn_m1hgl_8\">grandes <\/span><span class=\"_fadeIn_m1hgl_8\">espacios <\/span><span class=\"_fadeIn_m1hgl_8\">y <\/span><span class=\"_fadeIn_m1hgl_8\">ambientes <\/span><span class=\"_fadeIn_m1hgl_8\">acogedores<\/span><\/p>\n<\/li>\n<li data-start=\"1029\" data-end=\"1068\">\n<p data-start=\"1031\" data-end=\"1068\"><span class=\"_fadeIn_m1hgl_8\">Pieza <\/span><span class=\"_fadeIn_m1hgl_8\">\u00fanica <\/span><span class=\"_fadeIn_m1hgl_8\">de <\/span><span class=\"_fadeIn_m1hgl_8\">gran <\/span><span class=\"_fadeIn_m1hgl_8\">calidad <\/span><span class=\"_fadeIn_m1hgl_8\">artesanal<\/span><\/p>\n<\/li>\n<\/ul>\n<p>\u00a0<\/p>\n","protected":false},"excerpt":{"rendered":"<p>Alfombra n\u00f3mada Material: Lana y algod\u00f3n Medidas: 285X189 cm Hecho a mano 160,000 nudos\/m\u00b2<\/p>\n","protected":false},"featured_media":4341,"comment_status":"open","ping_status":"closed","template":"","meta":[],"product_cat":[19,308,316],"product_tag":[355,353,352,354],"yoast_head":"<!-- This site is optimized with the Yoast SEO plugin v21.5 - https:\/\/yoast.com\/wordpress\/plugins\/seo\/ -->\n<title>Alfombras y Kilims en Madrid | El Rinc\u00f3n de Fehmi Madrid alfombra persa artesanal<\/title>\n<meta name=\"description\" content=\"Alfombra persa artesanal en tonos burdeos y azul marino con dise\u00f1o geom\u00e9trico de rombos. Ideal para dar elegancia y tradici\u00f3n a espacios amplios.\" \/>\n<meta name=\"robots\" content=\"index, follow, max-snippet:-1, max-image-preview:large, max-video-preview:-1\" \/>\n<link rel=\"canonical\" href=\"https:\/\/elrincondefehmi.com\/es\/tienda\/alfombras-turcas\/alfombras-clasicas\/alfombra-clasica-285-x-189-cm\/\" \/>\n<meta property=\"og:locale\" content=\"es_ES\" \/>\n<meta property=\"og:type\" content=\"article\" \/>\n<meta property=\"og:title\" content=\"Alfombras y Kilims en Madrid | El Rinc\u00f3n de Fehmi Madrid alfombra persa artesanal\" \/>\n<meta property=\"og:description\" content=\"Alfombra persa artesanal en tonos burdeos y azul marino con dise\u00f1o geom\u00e9trico de rombos. Ideal para dar elegancia y tradici\u00f3n a espacios amplios.\" \/>\n<meta property=\"og:url\" content=\"https:\/\/elrincondefehmi.com\/es\/tienda\/alfombras-turcas\/alfombras-clasicas\/alfombra-clasica-285-x-189-cm\/\" \/>\n<meta property=\"og:site_name\" content=\"El Rinc\u00f3n de Fehmi Madrid\" \/>\n<meta property=\"article:modified_time\" content=\"2025-06-28T11:44:05+00:00\" \/>\n<meta property=\"og:image\" content=\"https:\/\/elrincondefehmi.com\/es\/wp-content\/uploads\/2023\/05\/IMG_0549-web-erm-m-558-285x189-1-e1747650692171.jpg\" \/>\n\t<meta property=\"og:image:width\" content=\"749\" \/>\n\t<meta property=\"og:image:height\" content=\"1049\" \/>\n\t<meta property=\"og:image:type\" content=\"image\/jpeg\" \/>\n<meta name=\"twitter:card\" content=\"summary_large_image\" \/>\n<script type=\"application\/ld+json\" class=\"yoast-schema-graph\">{\"@context\":\"https:\/\/schema.org\",\"@graph\":[{\"@type\":\"WebPage\",\"@id\":\"https:\/\/elrincondefehmi.com\/es\/tienda\/alfombras-turcas\/alfombras-clasicas\/alfombra-clasica-285-x-189-cm\/\",\"url\":\"https:\/\/elrincondefehmi.com\/es\/tienda\/alfombras-turcas\/alfombras-clasicas\/alfombra-clasica-285-x-189-cm\/\",\"name\":\"Alfombras y Kilims en Madrid | El Rinc\u00f3n de Fehmi Madrid alfombra persa artesanal\",\"isPartOf\":{\"@id\":\"https:\/\/elrincondefehmi.com\/es\/#website\"},\"datePublished\":\"2023-05-18T01:41:13+00:00\",\"dateModified\":\"2025-06-28T11:44:05+00:00\",\"description\":\"Alfombra persa artesanal en tonos burdeos y azul marino con dise\u00f1o geom\u00e9trico de rombos. Ideal para dar elegancia y tradici\u00f3n a espacios amplios.\",\"breadcrumb\":{\"@id\":\"https:\/\/elrincondefehmi.com\/es\/tienda\/alfombras-turcas\/alfombras-clasicas\/alfombra-clasica-285-x-189-cm\/#breadcrumb\"},\"inLanguage\":\"es\",\"potentialAction\":[{\"@type\":\"ReadAction\",\"target\":[\"https:\/\/elrincondefehmi.com\/es\/tienda\/alfombras-turcas\/alfombras-clasicas\/alfombra-clasica-285-x-189-cm\/\"]}]},{\"@type\":\"BreadcrumbList\",\"@id\":\"https:\/\/elrincondefehmi.com\/es\/tienda\/alfombras-turcas\/alfombras-clasicas\/alfombra-clasica-285-x-189-cm\/#breadcrumb\",\"itemListElement\":[{\"@type\":\"ListItem\",\"position\":1,\"name\":\"PRODUCTOS\",\"item\":\"https:\/\/elrincondefehmi.com\/es\/all-product\/\"},{\"@type\":\"ListItem\",\"position\":2,\"name\":\"Alfombra n\u00f3mada 189&#215;285 cm\"}]},{\"@type\":\"WebSite\",\"@id\":\"https:\/\/elrincondefehmi.com\/es\/#website\",\"url\":\"https:\/\/elrincondefehmi.com\/es\/\",\"name\":\"El Rinc\u00f3n de Fehmi Madrid\",\"description\":\"Tienda de alfombras en Madrid.  En El Rinc\u00f3n de Fehmi somos especialistas en alfombras artesanales, alfombras modernas contempor\u00e1neas kilims de Turqu\u00eda\",\"potentialAction\":[{\"@type\":\"SearchAction\",\"target\":{\"@type\":\"EntryPoint\",\"urlTemplate\":\"https:\/\/elrincondefehmi.com\/es\/?s={search_term_string}\"},\"query-input\":\"required name=search_term_string\"}],\"inLanguage\":\"es\"}]}<\/script>\n<!-- \/ Yoast SEO plugin. -->","yoast_head_json":{"title":"Alfombras y Kilims en Madrid | El Rinc\u00f3n de Fehmi Madrid alfombra persa artesanal","description":"Alfombra persa artesanal en tonos burdeos y azul marino con dise\u00f1o geom\u00e9trico de rombos. Ideal para dar elegancia y tradici\u00f3n a espacios amplios.","robots":{"index":"index","follow":"follow","max-snippet":"max-snippet:-1","max-image-preview":"max-image-preview:large","max-video-preview":"max-video-preview:-1"},"canonical":"https:\/\/elrincondefehmi.com\/es\/tienda\/alfombras-turcas\/alfombras-clasicas\/alfombra-clasica-285-x-189-cm\/","og_locale":"es_ES","og_type":"article","og_title":"Alfombras y Kilims en Madrid | El Rinc\u00f3n de Fehmi Madrid alfombra persa artesanal","og_description":"Alfombra persa artesanal en tonos burdeos y azul marino con dise\u00f1o geom\u00e9trico de rombos. Ideal para dar elegancia y tradici\u00f3n a espacios amplios.","og_url":"https:\/\/elrincondefehmi.com\/es\/tienda\/alfombras-turcas\/alfombras-clasicas\/alfombra-clasica-285-x-189-cm\/","og_site_name":"El Rinc\u00f3n de Fehmi Madrid","article_modified_time":"2025-06-28T11:44:05+00:00","og_image":[{"width":749,"height":1049,"url":"https:\/\/elrincondefehmi.com\/es\/wp-content\/uploads\/2023\/05\/IMG_0549-web-erm-m-558-285x189-1-e1747650692171.jpg","type":"image\/jpeg"}],"twitter_card":"summary_large_image","schema":{"@context":"https:\/\/schema.org","@graph":[{"@type":"WebPage","@id":"https:\/\/elrincondefehmi.com\/es\/tienda\/alfombras-turcas\/alfombras-clasicas\/alfombra-clasica-285-x-189-cm\/","url":"https:\/\/elrincondefehmi.com\/es\/tienda\/alfombras-turcas\/alfombras-clasicas\/alfombra-clasica-285-x-189-cm\/","name":"Alfombras y Kilims en Madrid | El Rinc\u00f3n de Fehmi Madrid alfombra persa artesanal","isPartOf":{"@id":"https:\/\/elrincondefehmi.com\/es\/#website"},"datePublished":"2023-05-18T01:41:13+00:00","dateModified":"2025-06-28T11:44:05+00:00","description":"Alfombra persa artesanal en tonos burdeos y azul marino con dise\u00f1o geom\u00e9trico de rombos. Ideal para dar elegancia y tradici\u00f3n a espacios amplios.","breadcrumb":{"@id":"https:\/\/elrincondefehmi.com\/es\/tienda\/alfombras-turcas\/alfombras-clasicas\/alfombra-clasica-285-x-189-cm\/#breadcrumb"},"inLanguage":"es","potentialAction":[{"@type":"ReadAction","target":["https:\/\/elrincondefehmi.com\/es\/tienda\/alfombras-turcas\/alfombras-clasicas\/alfombra-clasica-285-x-189-cm\/"]}]},{"@type":"BreadcrumbList","@id":"https:\/\/elrincondefehmi.com\/es\/tienda\/alfombras-turcas\/alfombras-clasicas\/alfombra-clasica-285-x-189-cm\/#breadcrumb","itemListElement":[{"@type":"ListItem","position":1,"name":"PRODUCTOS","item":"https:\/\/elrincondefehmi.com\/es\/all-product\/"},{"@type":"ListItem","position":2,"name":"Alfombra n\u00f3mada 189&#215;285 cm"}]},{"@type":"WebSite","@id":"https:\/\/elrincondefehmi.com\/es\/#website","url":"https:\/\/elrincondefehmi.com\/es\/","name":"El Rinc\u00f3n de Fehmi Madrid","description":"Tienda de alfombras en Madrid.  En El Rinc\u00f3n de Fehmi somos especialistas en alfombras artesanales, alfombras modernas contempor\u00e1neas kilims de Turqu\u00eda","potentialAction":[{"@type":"SearchAction","target":{"@type":"EntryPoint","urlTemplate":"https:\/\/elrincondefehmi.com\/es\/?s={search_term_string}"},"query-input":"required name=search_term_string"}],"inLanguage":"es"}]}},"_links":{"self":[{"href":"https:\/\/elrincondefehmi.com\/es\/wp-json\/wp\/v2\/product\/4118"}],"collection":[{"href":"https:\/\/elrincondefehmi.com\/es\/wp-json\/wp\/v2\/product"}],"about":[{"href":"https:\/\/elrincondefehmi.com\/es\/wp-json\/wp\/v2\/types\/product"}],"replies":[{"embeddable":true,"href":"https:\/\/elrincondefehmi.com\/es\/wp-json\/wp\/v2\/comments?post=4118"}],"wp:featuredmedia":[{"embeddable":true,"href":"https:\/\/elrincondefehmi.com\/es\/wp-json\/wp\/v2\/media\/4341"}],"wp:attachment":[{"href":"https:\/\/elrincondefehmi.com\/es\/wp-json\/wp\/v2\/media?parent=4118"}],"wp:term":[{"taxonomy":"product_cat","embeddable":true,"href":"https:\/\/elrincondefehmi.com\/es\/wp-json\/wp\/v2\/product_cat?post=4118"},{"taxonomy":"product_tag","embeddable":true,"href":"https:\/\/elrincondefehmi.com\/es\/wp-json\/wp\/v2\/product_tag?post=4118"}],"curies":[{"name":"wp","href":"https:\/\/api.w.org\/{rel}","templated":true}]}}