{"id":3754,"date":"2023-05-18T01:28:18","date_gmt":"2023-05-18T01:28:18","guid":{"rendered":"https:\/\/elrincondefehmi.com\/es\/?post_type=product&#038;p=3754"},"modified":"2025-06-28T12:10:13","modified_gmt":"2025-06-28T12:10:13","slug":"alfombra-clasica-148-x-116-cm","status":"publish","type":"product","link":"https:\/\/elrincondefehmi.com\/es\/tienda\/alfombras-turcas\/alfombras-clasicas\/alfombra-clasica-148-x-116-cm\/","title":{"rendered":"Alfombra turca Kazak n\u00f3mada 116&#215;148 cm"},"content":{"rendered":"<p data-start=\"135\" data-end=\"619\"><span class=\"_fadeIn_m1hgl_8\">Esta <\/span><strong data-start=\"140\" data-end=\"165\"><span class=\"_fadeIn_m1hgl_8\">alfombra <\/span><span class=\"_fadeIn_m1hgl_8\">Kazak <\/span><span class=\"_fadeIn_m1hgl_8\">n\u00f3mada<\/span><\/strong> <span class=\"_fadeIn_m1hgl_8\">de <\/span><span class=\"_fadeIn_m1hgl_8\">116&#215;148 <\/span><span class=\"_fadeIn_m1hgl_8\">cm <\/span><span class=\"_fadeIn_m1hgl_8\">es <\/span><span class=\"_fadeIn_m1hgl_8\">una <\/span><span class=\"_fadeIn_m1hgl_8\">pieza <\/span><span class=\"_fadeIn_m1hgl_8\">artesanal <\/span><span class=\"_fadeIn_m1hgl_8\">tejida <\/span><span class=\"_fadeIn_m1hgl_8\">a <\/span><span class=\"_fadeIn_m1hgl_8\">mano <\/span><span class=\"_fadeIn_m1hgl_8\">que <\/span><span class=\"_fadeIn_m1hgl_8\">destaca <\/span><span class=\"_fadeIn_m1hgl_8\">por <\/span><span class=\"_fadeIn_m1hgl_8\">su <\/span><span class=\"_fadeIn_m1hgl_8\">fuerte <\/span><span class=\"_fadeIn_m1hgl_8\">car\u00e1cter <\/span><span class=\"_fadeIn_m1hgl_8\">geom\u00e9trico <\/span><span class=\"_fadeIn_m1hgl_8\">y <\/span><span class=\"_fadeIn_m1hgl_8\">sus <\/span><span class=\"_fadeIn_m1hgl_8\">colores <\/span><span class=\"_fadeIn_m1hgl_8\">intensos. <\/span><span class=\"_fadeIn_m1hgl_8\">El <\/span><span class=\"_fadeIn_m1hgl_8\">dise\u00f1o <\/span><span class=\"_fadeIn_m1hgl_8\">tradicional <\/span><span class=\"_fadeIn_m1hgl_8\">incluye <\/span><span class=\"_fadeIn_m1hgl_8\">tres <\/span><span class=\"_fadeIn_m1hgl_8\">medallones <\/span><span class=\"_fadeIn_m1hgl_8\">centrales <\/span><span class=\"_fadeIn_m1hgl_8\">rodeados <\/span><span class=\"_fadeIn_m1hgl_8\">por <\/span><span class=\"_fadeIn_m1hgl_8\">un <\/span><span class=\"_fadeIn_m1hgl_8\">patr\u00f3n <\/span><span class=\"_fadeIn_m1hgl_8\">de <\/span><span class=\"_fadeIn_m1hgl_8\">estrellas <\/span><span class=\"_fadeIn_m1hgl_8\">y <\/span><span class=\"_fadeIn_m1hgl_8\">s\u00edmbolos <\/span><span class=\"_fadeIn_m1hgl_8\">tribales, <\/span><span class=\"_fadeIn_m1hgl_8\">lo <\/span><span class=\"_fadeIn_m1hgl_8\">que <\/span><span class=\"_fadeIn_m1hgl_8\">le <\/span><span class=\"_fadeIn_m1hgl_8\">confiere <\/span><span class=\"_fadeIn_m1hgl_8\">una <\/span><span class=\"_fadeIn_m1hgl_8\">est\u00e9tica <\/span><span class=\"_fadeIn_m1hgl_8\">poderosa <\/span><span class=\"_fadeIn_m1hgl_8\">y <\/span><span class=\"_fadeIn_m1hgl_8\">aut\u00e9ntica. <\/span><span class=\"_fadeIn_m1hgl_8\">Los <\/span><span class=\"_fadeIn_m1hgl_8\">colores <\/span><span class=\"_fadeIn_m1hgl_8\">predominantes <\/span><span class=\"_fadeIn_m1hgl_8\">son <\/span><span class=\"_fadeIn_m1hgl_8\">el <\/span><span class=\"_fadeIn_m1hgl_8\">rojo <\/span><span class=\"_fadeIn_m1hgl_8\">profundo, <\/span><span class=\"_fadeIn_m1hgl_8\">azul <\/span><span class=\"_fadeIn_m1hgl_8\">marino, <\/span><span class=\"_fadeIn_m1hgl_8\">marfil, <\/span><span class=\"_fadeIn_m1hgl_8\">verde <\/span><span class=\"_fadeIn_m1hgl_8\">y <\/span><span class=\"_fadeIn_m1hgl_8\">detalles <\/span><span class=\"_fadeIn_m1hgl_8\">en <\/span><span class=\"_fadeIn_m1hgl_8\">mostaza <\/span><span class=\"_fadeIn_m1hgl_8\">y <\/span><span class=\"_fadeIn_m1hgl_8\">negro, <\/span><span class=\"_fadeIn_m1hgl_8\">creando <\/span><span class=\"_fadeIn_m1hgl_8\">un <\/span><span class=\"_fadeIn_m1hgl_8\">contraste <\/span><span class=\"_fadeIn_m1hgl_8\">vibrante <\/span><span class=\"_fadeIn_m1hgl_8\">que <\/span><span class=\"_fadeIn_m1hgl_8\">realza <\/span><span class=\"_fadeIn_m1hgl_8\">cualquier <\/span><span class=\"_fadeIn_m1hgl_8\">espacio.<\/span><\/p>\n<p data-start=\"621\" data-end=\"748\"><span class=\"_fadeIn_m1hgl_8\">Esta <\/span><span class=\"_fadeIn_m1hgl_8\">alfombra <\/span><span class=\"_fadeIn_m1hgl_8\">es <\/span><span class=\"_fadeIn_m1hgl_8\">ideal <\/span><span class=\"_fadeIn_m1hgl_8\">para <\/span><span class=\"_fadeIn_m1hgl_8\">quienes <\/span><span class=\"_fadeIn_m1hgl_8\">buscan <\/span><span class=\"_fadeIn_m1hgl_8\">una <\/span><span class=\"_fadeIn_m1hgl_8\">pieza <\/span><span class=\"_fadeIn_m1hgl_8\">\u00fanica <\/span><span class=\"_fadeIn_m1hgl_8\">con <\/span><span class=\"_fadeIn_m1hgl_8\">alma <\/span><span class=\"_fadeIn_m1hgl_8\">n\u00f3mada, <\/span><span class=\"_fadeIn_m1hgl_8\">perfecta <\/span><span class=\"_fadeIn_m1hgl_8\">tanto <\/span><span class=\"_fadeIn_m1hgl_8\">en <\/span><span class=\"_fadeIn_m1hgl_8\">ambientes <\/span><span class=\"_fadeIn_m1hgl_8\">modernos <\/span><span class=\"_fadeIn_m1hgl_8\">como <\/span><span class=\"_fadeIn_m1hgl_8\">r\u00fasticos.<\/span><\/p>\n<h3 data-start=\"801\" data-end=\"838\"><strong data-start=\"807\" data-end=\"838\"><span class=\"_fadeIn_m1hgl_8\">Caracter\u00edsticas <\/span><span class=\"_fadeIn_m1hgl_8\">destacadas:<\/span><\/strong><\/h3>\n<ul data-start=\"840\" data-end=\"1128\">\n<li data-start=\"840\" data-end=\"890\">\n<p data-start=\"842\" data-end=\"890\"><span class=\"_fadeIn_m1hgl_8\">Hecha <\/span><span class=\"_fadeIn_m1hgl_8\">a <\/span><span class=\"_fadeIn_m1hgl_8\">mano <\/span><span class=\"_fadeIn_m1hgl_8\">con <\/span><span class=\"_fadeIn_m1hgl_8\">t\u00e9cnicas <\/span><span class=\"_fadeIn_m1hgl_8\">tradicionales <\/span><span class=\"_fadeIn_m1hgl_8\">turcas<\/span><\/p>\n<\/li>\n<li data-start=\"891\" data-end=\"959\">\n<p data-start=\"893\" data-end=\"959\"><span class=\"_fadeIn_m1hgl_8\">Dise\u00f1o <\/span><span class=\"_fadeIn_m1hgl_8\">geom\u00e9trico <\/span><span class=\"_fadeIn_m1hgl_8\">y <\/span><span class=\"_fadeIn_m1hgl_8\">tribal <\/span><span class=\"_fadeIn_m1hgl_8\">caracter\u00edstico <\/span><span class=\"_fadeIn_m1hgl_8\">de <\/span><span class=\"_fadeIn_m1hgl_8\">las <\/span><span class=\"_fadeIn_m1hgl_8\">alfombras <\/span><span class=\"_fadeIn_m1hgl_8\">Kazak<\/span><\/p>\n<\/li>\n<li data-start=\"960\" data-end=\"1028\">\n<p data-start=\"962\" data-end=\"1028\"><span class=\"_fadeIn_m1hgl_8\">Tonos <\/span><span class=\"_fadeIn_m1hgl_8\">c\u00e1lidos: <\/span><span class=\"_fadeIn_m1hgl_8\">rojo, <\/span><span class=\"_fadeIn_m1hgl_8\">azul <\/span><span class=\"_fadeIn_m1hgl_8\">marino, <\/span><span class=\"_fadeIn_m1hgl_8\">marfil, <\/span><span class=\"_fadeIn_m1hgl_8\">mostaza, <\/span><span class=\"_fadeIn_m1hgl_8\">verde <\/span><span class=\"_fadeIn_m1hgl_8\">y <\/span><span class=\"_fadeIn_m1hgl_8\">negro<\/span><\/p>\n<\/li>\n<li data-start=\"1029\" data-end=\"1051\">\n<p data-start=\"1031\" data-end=\"1051\"><span class=\"_fadeIn_m1hgl_8\">Tama\u00f1o: <\/span><span class=\"_fadeIn_m1hgl_8\">116&#215;148 <\/span><span class=\"_fadeIn_m1hgl_8\">cm<\/span><\/p>\n<\/li>\n<li data-start=\"1052\" data-end=\"1128\">\n<p data-start=\"1054\" data-end=\"1128\"><span class=\"_fadeIn_m1hgl_8\">Ideal <\/span><span class=\"_fadeIn_m1hgl_8\">para <\/span><span class=\"_fadeIn_m1hgl_8\">entradas, <\/span><span class=\"_fadeIn_m1hgl_8\">estudios <\/span><span class=\"_fadeIn_m1hgl_8\">o <\/span><span class=\"_fadeIn_m1hgl_8\">espacios <\/span><span class=\"_fadeIn_m1hgl_8\">con <\/span><span class=\"_fadeIn_m1hgl_8\">decoraci\u00f3n <\/span><span class=\"_fadeIn_m1hgl_8\">\u00e9tnica <\/span><span class=\"_fadeIn_m1hgl_8\">o <\/span><span class=\"_fadeIn_m1hgl_8\">vintage<\/span><\/p>\n<\/li>\n<\/ul>\n<p style=\"text-align: justify\"><span style=\"font-size: 16px\">En el <\/span><a style=\"font-size: 16px\" href=\"https:\/\/elrincondefehmi.k8s.optimizaclick.com\/es\/\">Rinc\u00f3n de Fehmi<\/a><span style=\"font-size: 16px\"> nos dedicamos espec\u00edficamente a las alfombras turcas. Seleccionamos las piezas m\u00e1s originales y representativas de este pa\u00eds y su milenaria cultura. En particular, las alfombras cl\u00e1sicas turcas son consideradas verdaderas joyas de arte. Est\u00e1n recargadas de motivos tribales y tienen colores muy vivos. Son alfombras llenas de historia que han ido transmitiendo la cultura turca de generaci\u00f3n en generaci\u00f3n. Tienen muy buena calidad y son muy resistentes por sus materiales naturales. Adem\u00e1s, suelen tener el pelo corto y r\u00edgido, esto ofrece unas mejores condiciones de mantenimiento.<\/span><\/p>\n<p style=\"text-align: justify\">Una alfombra cl\u00e1sica ofrece en un hogar una pieza exclusiva y \u00fanica, cargada de historia y exotismo. Se adapta a cualquier tipo de ambiente y estilo decorativo, adem\u00e1s de ofrecer una calidad excepcional. Da uniformidad y un toque especial y lleno de personalidad a los espacios. Nosotros, como expertos, son las piezas que con m\u00e1s cari\u00f1o y orgullo solemos recomendar, dentro de nuestras largas colecciones de alfombras.<\/p>\n<p>\u00a0<\/p>\n","protected":false},"excerpt":{"rendered":"<p>Alfombra cl\u00e1sica estilo n\u00f3mada Material: Lana y algod\u00f3n Medidas: 116&#215;148 cm Hecho a mano 360,000 nudos\/m\u00b2<\/p>\n","protected":false},"featured_media":3989,"comment_status":"open","ping_status":"closed","template":"","meta":[],"product_cat":[19,308,316],"product_tag":[355,353,352,354],"yoast_head":"<!-- This site is optimized with the Yoast SEO plugin v21.5 - https:\/\/yoast.com\/wordpress\/plugins\/seo\/ -->\n<title>Alfombras y Kilims en Madrid | El Rinc\u00f3n de Fehmi Madrid<\/title>\n<meta name=\"description\" content=\"Alfombra Kazak n\u00f3mada de 116x148 cm hecha a mano. Dise\u00f1o tribal en rojo, azul, marfil y verde. Estilo tradicional con fuerte car\u00e1cter decorativo.\" \/>\n<meta name=\"robots\" content=\"index, follow, max-snippet:-1, max-image-preview:large, max-video-preview:-1\" \/>\n<link rel=\"canonical\" href=\"https:\/\/elrincondefehmi.com\/es\/tienda\/alfombras-turcas\/alfombras-clasicas\/alfombra-clasica-148-x-116-cm\/\" \/>\n<meta property=\"og:locale\" content=\"es_ES\" \/>\n<meta property=\"og:type\" content=\"article\" \/>\n<meta property=\"og:title\" content=\"Alfombras y Kilims en Madrid | El Rinc\u00f3n de Fehmi Madrid\" \/>\n<meta property=\"og:description\" content=\"Alfombra Kazak n\u00f3mada de 116x148 cm hecha a mano. Dise\u00f1o tribal en rojo, azul, marfil y verde. Estilo tradicional con fuerte car\u00e1cter decorativo.\" \/>\n<meta property=\"og:url\" content=\"https:\/\/elrincondefehmi.com\/es\/tienda\/alfombras-turcas\/alfombras-clasicas\/alfombra-clasica-148-x-116-cm\/\" \/>\n<meta property=\"og:site_name\" content=\"El Rinc\u00f3n de Fehmi Madrid\" \/>\n<meta property=\"article:modified_time\" content=\"2025-06-28T12:10:13+00:00\" \/>\n<meta property=\"og:image\" content=\"https:\/\/elrincondefehmi.com\/es\/wp-content\/uploads\/2023\/05\/WEB-ER_85251-e1747765185549.jpg\" \/>\n\t<meta property=\"og:image:width\" content=\"850\" \/>\n\t<meta property=\"og:image:height\" content=\"1050\" \/>\n\t<meta property=\"og:image:type\" content=\"image\/jpeg\" \/>\n<meta name=\"twitter:card\" content=\"summary_large_image\" \/>\n<script type=\"application\/ld+json\" class=\"yoast-schema-graph\">{\"@context\":\"https:\/\/schema.org\",\"@graph\":[{\"@type\":\"WebPage\",\"@id\":\"https:\/\/elrincondefehmi.com\/es\/tienda\/alfombras-turcas\/alfombras-clasicas\/alfombra-clasica-148-x-116-cm\/\",\"url\":\"https:\/\/elrincondefehmi.com\/es\/tienda\/alfombras-turcas\/alfombras-clasicas\/alfombra-clasica-148-x-116-cm\/\",\"name\":\"Alfombras y Kilims en Madrid | El Rinc\u00f3n de Fehmi Madrid\",\"isPartOf\":{\"@id\":\"https:\/\/elrincondefehmi.com\/es\/#website\"},\"datePublished\":\"2023-05-18T01:28:18+00:00\",\"dateModified\":\"2025-06-28T12:10:13+00:00\",\"description\":\"Alfombra Kazak n\u00f3mada de 116x148 cm hecha a mano. Dise\u00f1o tribal en rojo, azul, marfil y verde. Estilo tradicional con fuerte car\u00e1cter decorativo.\",\"breadcrumb\":{\"@id\":\"https:\/\/elrincondefehmi.com\/es\/tienda\/alfombras-turcas\/alfombras-clasicas\/alfombra-clasica-148-x-116-cm\/#breadcrumb\"},\"inLanguage\":\"es\",\"potentialAction\":[{\"@type\":\"ReadAction\",\"target\":[\"https:\/\/elrincondefehmi.com\/es\/tienda\/alfombras-turcas\/alfombras-clasicas\/alfombra-clasica-148-x-116-cm\/\"]}]},{\"@type\":\"BreadcrumbList\",\"@id\":\"https:\/\/elrincondefehmi.com\/es\/tienda\/alfombras-turcas\/alfombras-clasicas\/alfombra-clasica-148-x-116-cm\/#breadcrumb\",\"itemListElement\":[{\"@type\":\"ListItem\",\"position\":1,\"name\":\"PRODUCTOS\",\"item\":\"https:\/\/elrincondefehmi.com\/es\/all-product\/\"},{\"@type\":\"ListItem\",\"position\":2,\"name\":\"Alfombra turca Kazak n\u00f3mada 116&#215;148 cm\"}]},{\"@type\":\"WebSite\",\"@id\":\"https:\/\/elrincondefehmi.com\/es\/#website\",\"url\":\"https:\/\/elrincondefehmi.com\/es\/\",\"name\":\"El Rinc\u00f3n de Fehmi Madrid\",\"description\":\"Tienda de alfombras en Madrid.  En El Rinc\u00f3n de Fehmi somos especialistas en alfombras artesanales, alfombras modernas contempor\u00e1neas kilims de Turqu\u00eda\",\"potentialAction\":[{\"@type\":\"SearchAction\",\"target\":{\"@type\":\"EntryPoint\",\"urlTemplate\":\"https:\/\/elrincondefehmi.com\/es\/?s={search_term_string}\"},\"query-input\":\"required name=search_term_string\"}],\"inLanguage\":\"es\"}]}<\/script>\n<!-- \/ Yoast SEO plugin. -->","yoast_head_json":{"title":"Alfombras y Kilims en Madrid | El Rinc\u00f3n de Fehmi Madrid","description":"Alfombra Kazak n\u00f3mada de 116x148 cm hecha a mano. Dise\u00f1o tribal en rojo, azul, marfil y verde. Estilo tradicional con fuerte car\u00e1cter decorativo.","robots":{"index":"index","follow":"follow","max-snippet":"max-snippet:-1","max-image-preview":"max-image-preview:large","max-video-preview":"max-video-preview:-1"},"canonical":"https:\/\/elrincondefehmi.com\/es\/tienda\/alfombras-turcas\/alfombras-clasicas\/alfombra-clasica-148-x-116-cm\/","og_locale":"es_ES","og_type":"article","og_title":"Alfombras y Kilims en Madrid | El Rinc\u00f3n de Fehmi Madrid","og_description":"Alfombra Kazak n\u00f3mada de 116x148 cm hecha a mano. Dise\u00f1o tribal en rojo, azul, marfil y verde. Estilo tradicional con fuerte car\u00e1cter decorativo.","og_url":"https:\/\/elrincondefehmi.com\/es\/tienda\/alfombras-turcas\/alfombras-clasicas\/alfombra-clasica-148-x-116-cm\/","og_site_name":"El Rinc\u00f3n de Fehmi Madrid","article_modified_time":"2025-06-28T12:10:13+00:00","og_image":[{"width":850,"height":1050,"url":"https:\/\/elrincondefehmi.com\/es\/wp-content\/uploads\/2023\/05\/WEB-ER_85251-e1747765185549.jpg","type":"image\/jpeg"}],"twitter_card":"summary_large_image","schema":{"@context":"https:\/\/schema.org","@graph":[{"@type":"WebPage","@id":"https:\/\/elrincondefehmi.com\/es\/tienda\/alfombras-turcas\/alfombras-clasicas\/alfombra-clasica-148-x-116-cm\/","url":"https:\/\/elrincondefehmi.com\/es\/tienda\/alfombras-turcas\/alfombras-clasicas\/alfombra-clasica-148-x-116-cm\/","name":"Alfombras y Kilims en Madrid | El Rinc\u00f3n de Fehmi Madrid","isPartOf":{"@id":"https:\/\/elrincondefehmi.com\/es\/#website"},"datePublished":"2023-05-18T01:28:18+00:00","dateModified":"2025-06-28T12:10:13+00:00","description":"Alfombra Kazak n\u00f3mada de 116x148 cm hecha a mano. Dise\u00f1o tribal en rojo, azul, marfil y verde. Estilo tradicional con fuerte car\u00e1cter decorativo.","breadcrumb":{"@id":"https:\/\/elrincondefehmi.com\/es\/tienda\/alfombras-turcas\/alfombras-clasicas\/alfombra-clasica-148-x-116-cm\/#breadcrumb"},"inLanguage":"es","potentialAction":[{"@type":"ReadAction","target":["https:\/\/elrincondefehmi.com\/es\/tienda\/alfombras-turcas\/alfombras-clasicas\/alfombra-clasica-148-x-116-cm\/"]}]},{"@type":"BreadcrumbList","@id":"https:\/\/elrincondefehmi.com\/es\/tienda\/alfombras-turcas\/alfombras-clasicas\/alfombra-clasica-148-x-116-cm\/#breadcrumb","itemListElement":[{"@type":"ListItem","position":1,"name":"PRODUCTOS","item":"https:\/\/elrincondefehmi.com\/es\/all-product\/"},{"@type":"ListItem","position":2,"name":"Alfombra turca Kazak n\u00f3mada 116&#215;148 cm"}]},{"@type":"WebSite","@id":"https:\/\/elrincondefehmi.com\/es\/#website","url":"https:\/\/elrincondefehmi.com\/es\/","name":"El Rinc\u00f3n de Fehmi Madrid","description":"Tienda de alfombras en Madrid.  En El Rinc\u00f3n de Fehmi somos especialistas en alfombras artesanales, alfombras modernas contempor\u00e1neas kilims de Turqu\u00eda","potentialAction":[{"@type":"SearchAction","target":{"@type":"EntryPoint","urlTemplate":"https:\/\/elrincondefehmi.com\/es\/?s={search_term_string}"},"query-input":"required name=search_term_string"}],"inLanguage":"es"}]}},"_links":{"self":[{"href":"https:\/\/elrincondefehmi.com\/es\/wp-json\/wp\/v2\/product\/3754"}],"collection":[{"href":"https:\/\/elrincondefehmi.com\/es\/wp-json\/wp\/v2\/product"}],"about":[{"href":"https:\/\/elrincondefehmi.com\/es\/wp-json\/wp\/v2\/types\/product"}],"replies":[{"embeddable":true,"href":"https:\/\/elrincondefehmi.com\/es\/wp-json\/wp\/v2\/comments?post=3754"}],"wp:featuredmedia":[{"embeddable":true,"href":"https:\/\/elrincondefehmi.com\/es\/wp-json\/wp\/v2\/media\/3989"}],"wp:attachment":[{"href":"https:\/\/elrincondefehmi.com\/es\/wp-json\/wp\/v2\/media?parent=3754"}],"wp:term":[{"taxonomy":"product_cat","embeddable":true,"href":"https:\/\/elrincondefehmi.com\/es\/wp-json\/wp\/v2\/product_cat?post=3754"},{"taxonomy":"product_tag","embeddable":true,"href":"https:\/\/elrincondefehmi.com\/es\/wp-json\/wp\/v2\/product_tag?post=3754"}],"curies":[{"name":"wp","href":"https:\/\/api.w.org\/{rel}","templated":true}]}}