{"id":3069,"date":"2023-05-18T01:10:37","date_gmt":"2023-05-18T01:10:37","guid":{"rendered":"https:\/\/elrincondefehmi.com\/es\/?post_type=product&#038;p=3069"},"modified":"2025-07-02T16:42:53","modified_gmt":"2025-07-02T16:42:53","slug":"lampara-mosaico-de-mesa-fm-22-6","status":"publish","type":"product","link":"https:\/\/elrincondefehmi.com\/es\/tienda\/lamparas\/lampara-mosaico-de-mesa-fm-22-6\/","title":{"rendered":"L\u00e1mpara mosaico para techo"},"content":{"rendered":"<p data-start=\"88\" data-end=\"136\"><strong data-start=\"88\" data-end=\"136\">L\u00e1mpara turca de mosaico rojo \u2013 Hecha a mano<\/strong><\/p>\n<p data-start=\"138\" data-end=\"419\">Ilumina tu espacio con el encanto ex\u00f3tico de esta <strong data-start=\"188\" data-end=\"215\">l\u00e1mpara turca artesanal<\/strong> de mosaico rojo. Su <strong data-start=\"236\" data-end=\"281\">pantalla de cristal, de 22 cm de di\u00e1metro<\/strong>, est\u00e1 elaborada a mano con peque\u00f1as piezas de vidrio dispuestas en un dise\u00f1o geom\u00e9trico tradicional que recuerda al arte otomano y \u00e1rabe.<\/p>\n<p data-start=\"421\" data-end=\"637\">El colgante tiene una <strong data-start=\"443\" data-end=\"491\">altura total de 90 cm incluyendo las cadenas<\/strong>, que est\u00e1n compuestas por eslabones met\u00e1licos desmontables, lo que permite <strong data-start=\"567\" data-end=\"588\">ajustar la altura<\/strong> de la l\u00e1mpara seg\u00fan tus necesidades decorativas.<\/p>\n<p data-start=\"639\" data-end=\"796\">Perfecta para aportar un toque c\u00e1lido, colorido y original a cualquier estancia: salones, entradas, rincones de lectura o espacios de estilo boho o oriental.<\/p>\n<p data-start=\"798\" data-end=\"925\">\u2705 Hecha a mano<br data-start=\"812\" data-end=\"815\" \/>\u2705 Cristal artesanal de alta calidad<br data-start=\"850\" data-end=\"853\" \/>\u2705 Altura ajustable<br data-start=\"871\" data-end=\"874\" \/>\u2705 Ideal para interiores con estilo \u00e9tnico o vintage<\/p>\n<p>\u00a0<\/p>\n","protected":false},"excerpt":{"rendered":"<p>Globo: 22 cm Material: Cristal artesanal Estructura: Lat\u00f3n Altura: 90 cm Anchura: 22 cm Bombilla: Led E 27<\/p>\n","protected":false},"featured_media":25773,"comment_status":"open","ping_status":"closed","template":"","meta":[],"product_cat":[18],"product_tag":[63],"yoast_head":"<!-- This site is optimized with the Yoast SEO plugin v21.5 - https:\/\/yoast.com\/wordpress\/plugins\/seo\/ -->\n<title>Alfombras y Kilims en Madrid | El Rinc\u00f3n de Fehmi Madrid<\/title>\n<meta name=\"robots\" content=\"index, follow, max-snippet:-1, max-image-preview:large, max-video-preview:-1\" \/>\n<link rel=\"canonical\" href=\"https:\/\/elrincondefehmi.com\/es\/tienda\/lamparas\/lampara-mosaico-de-mesa-fm-22-6\/\" \/>\n<meta property=\"og:locale\" content=\"es_ES\" \/>\n<meta property=\"og:type\" content=\"article\" \/>\n<meta property=\"og:title\" content=\"Alfombras y Kilims en Madrid | El Rinc\u00f3n de Fehmi Madrid\" \/>\n<meta property=\"og:description\" content=\"Globo: 22 cm Material: Cristal artesanal Estructura: Lat\u00f3n Altura: 90 cm Anchura: 22 cm Bombilla: Led E 27\" \/>\n<meta property=\"og:url\" content=\"https:\/\/elrincondefehmi.com\/es\/tienda\/lamparas\/lampara-mosaico-de-mesa-fm-22-6\/\" \/>\n<meta property=\"og:site_name\" content=\"El Rinc\u00f3n de Fehmi Madrid\" \/>\n<meta property=\"article:modified_time\" content=\"2025-07-02T16:42:53+00:00\" \/>\n<meta property=\"og:image\" content=\"https:\/\/elrincondefehmi.com\/es\/wp-content\/uploads\/2023\/05\/lampara-arabe-mosico.jpg\" \/>\n\t<meta property=\"og:image:width\" content=\"1000\" \/>\n\t<meta property=\"og:image:height\" content=\"1000\" \/>\n\t<meta property=\"og:image:type\" content=\"image\/jpeg\" \/>\n<meta name=\"twitter:card\" content=\"summary_large_image\" \/>\n<script type=\"application\/ld+json\" class=\"yoast-schema-graph\">{\"@context\":\"https:\/\/schema.org\",\"@graph\":[{\"@type\":\"WebPage\",\"@id\":\"https:\/\/elrincondefehmi.com\/es\/tienda\/lamparas\/lampara-mosaico-de-mesa-fm-22-6\/\",\"url\":\"https:\/\/elrincondefehmi.com\/es\/tienda\/lamparas\/lampara-mosaico-de-mesa-fm-22-6\/\",\"name\":\"Alfombras y Kilims en Madrid | El Rinc\u00f3n de Fehmi Madrid\",\"isPartOf\":{\"@id\":\"https:\/\/elrincondefehmi.com\/es\/#website\"},\"datePublished\":\"2023-05-18T01:10:37+00:00\",\"dateModified\":\"2025-07-02T16:42:53+00:00\",\"breadcrumb\":{\"@id\":\"https:\/\/elrincondefehmi.com\/es\/tienda\/lamparas\/lampara-mosaico-de-mesa-fm-22-6\/#breadcrumb\"},\"inLanguage\":\"es\",\"potentialAction\":[{\"@type\":\"ReadAction\",\"target\":[\"https:\/\/elrincondefehmi.com\/es\/tienda\/lamparas\/lampara-mosaico-de-mesa-fm-22-6\/\"]}]},{\"@type\":\"BreadcrumbList\",\"@id\":\"https:\/\/elrincondefehmi.com\/es\/tienda\/lamparas\/lampara-mosaico-de-mesa-fm-22-6\/#breadcrumb\",\"itemListElement\":[{\"@type\":\"ListItem\",\"position\":1,\"name\":\"PRODUCTOS\",\"item\":\"https:\/\/elrincondefehmi.com\/es\/all-product\/\"},{\"@type\":\"ListItem\",\"position\":2,\"name\":\"L\u00e1mpara mosaico para techo\"}]},{\"@type\":\"WebSite\",\"@id\":\"https:\/\/elrincondefehmi.com\/es\/#website\",\"url\":\"https:\/\/elrincondefehmi.com\/es\/\",\"name\":\"El Rinc\u00f3n de Fehmi Madrid\",\"description\":\"Tienda de alfombras en Madrid.  En El Rinc\u00f3n de Fehmi somos especialistas en alfombras artesanales, alfombras modernas contempor\u00e1neas kilims de Turqu\u00eda\",\"potentialAction\":[{\"@type\":\"SearchAction\",\"target\":{\"@type\":\"EntryPoint\",\"urlTemplate\":\"https:\/\/elrincondefehmi.com\/es\/?s={search_term_string}\"},\"query-input\":\"required name=search_term_string\"}],\"inLanguage\":\"es\"}]}<\/script>\n<!-- \/ Yoast SEO plugin. -->","yoast_head_json":{"title":"Alfombras y Kilims en Madrid | El Rinc\u00f3n de Fehmi Madrid","robots":{"index":"index","follow":"follow","max-snippet":"max-snippet:-1","max-image-preview":"max-image-preview:large","max-video-preview":"max-video-preview:-1"},"canonical":"https:\/\/elrincondefehmi.com\/es\/tienda\/lamparas\/lampara-mosaico-de-mesa-fm-22-6\/","og_locale":"es_ES","og_type":"article","og_title":"Alfombras y Kilims en Madrid | El Rinc\u00f3n de Fehmi Madrid","og_description":"Globo: 22 cm Material: Cristal artesanal Estructura: Lat\u00f3n Altura: 90 cm Anchura: 22 cm Bombilla: Led E 27","og_url":"https:\/\/elrincondefehmi.com\/es\/tienda\/lamparas\/lampara-mosaico-de-mesa-fm-22-6\/","og_site_name":"El Rinc\u00f3n de Fehmi Madrid","article_modified_time":"2025-07-02T16:42:53+00:00","og_image":[{"width":1000,"height":1000,"url":"https:\/\/elrincondefehmi.com\/es\/wp-content\/uploads\/2023\/05\/lampara-arabe-mosico.jpg","type":"image\/jpeg"}],"twitter_card":"summary_large_image","schema":{"@context":"https:\/\/schema.org","@graph":[{"@type":"WebPage","@id":"https:\/\/elrincondefehmi.com\/es\/tienda\/lamparas\/lampara-mosaico-de-mesa-fm-22-6\/","url":"https:\/\/elrincondefehmi.com\/es\/tienda\/lamparas\/lampara-mosaico-de-mesa-fm-22-6\/","name":"Alfombras y Kilims en Madrid | El Rinc\u00f3n de Fehmi Madrid","isPartOf":{"@id":"https:\/\/elrincondefehmi.com\/es\/#website"},"datePublished":"2023-05-18T01:10:37+00:00","dateModified":"2025-07-02T16:42:53+00:00","breadcrumb":{"@id":"https:\/\/elrincondefehmi.com\/es\/tienda\/lamparas\/lampara-mosaico-de-mesa-fm-22-6\/#breadcrumb"},"inLanguage":"es","potentialAction":[{"@type":"ReadAction","target":["https:\/\/elrincondefehmi.com\/es\/tienda\/lamparas\/lampara-mosaico-de-mesa-fm-22-6\/"]}]},{"@type":"BreadcrumbList","@id":"https:\/\/elrincondefehmi.com\/es\/tienda\/lamparas\/lampara-mosaico-de-mesa-fm-22-6\/#breadcrumb","itemListElement":[{"@type":"ListItem","position":1,"name":"PRODUCTOS","item":"https:\/\/elrincondefehmi.com\/es\/all-product\/"},{"@type":"ListItem","position":2,"name":"L\u00e1mpara mosaico para techo"}]},{"@type":"WebSite","@id":"https:\/\/elrincondefehmi.com\/es\/#website","url":"https:\/\/elrincondefehmi.com\/es\/","name":"El Rinc\u00f3n de Fehmi Madrid","description":"Tienda de alfombras en Madrid.  En El Rinc\u00f3n de Fehmi somos especialistas en alfombras artesanales, alfombras modernas contempor\u00e1neas kilims de Turqu\u00eda","potentialAction":[{"@type":"SearchAction","target":{"@type":"EntryPoint","urlTemplate":"https:\/\/elrincondefehmi.com\/es\/?s={search_term_string}"},"query-input":"required name=search_term_string"}],"inLanguage":"es"}]}},"_links":{"self":[{"href":"https:\/\/elrincondefehmi.com\/es\/wp-json\/wp\/v2\/product\/3069"}],"collection":[{"href":"https:\/\/elrincondefehmi.com\/es\/wp-json\/wp\/v2\/product"}],"about":[{"href":"https:\/\/elrincondefehmi.com\/es\/wp-json\/wp\/v2\/types\/product"}],"replies":[{"embeddable":true,"href":"https:\/\/elrincondefehmi.com\/es\/wp-json\/wp\/v2\/comments?post=3069"}],"wp:featuredmedia":[{"embeddable":true,"href":"https:\/\/elrincondefehmi.com\/es\/wp-json\/wp\/v2\/media\/25773"}],"wp:attachment":[{"href":"https:\/\/elrincondefehmi.com\/es\/wp-json\/wp\/v2\/media?parent=3069"}],"wp:term":[{"taxonomy":"product_cat","embeddable":true,"href":"https:\/\/elrincondefehmi.com\/es\/wp-json\/wp\/v2\/product_cat?post=3069"},{"taxonomy":"product_tag","embeddable":true,"href":"https:\/\/elrincondefehmi.com\/es\/wp-json\/wp\/v2\/product_tag?post=3069"}],"curies":[{"name":"wp","href":"https:\/\/api.w.org\/{rel}","templated":true}]}}