{"id":3043,"date":"2023-05-18T01:10:12","date_gmt":"2023-05-18T01:10:12","guid":{"rendered":"https:\/\/elrincondefehmi.com\/es\/?post_type=product&#038;p=3043"},"modified":"2025-07-02T16:47:35","modified_gmt":"2025-07-02T16:47:35","slug":"lampara-mosaico-de-techo-hm-32-t","status":"publish","type":"product","link":"https:\/\/elrincondefehmi.com\/es\/tienda\/lamparas\/lampara-mosaico-de-techo-hm-32-t\/","title":{"rendered":"L\u00e1mpara turca del techo"},"content":{"rendered":"<p data-start=\"288\" data-end=\"356\"><strong data-start=\"288\" data-end=\"356\">L\u00e1mpara de techo turca artesanal con mosaico multicolor \u2013 \u00d832 cm<\/strong><\/p>\n<p data-start=\"358\" data-end=\"573\">Haz de cualquier estancia un lugar \u00fanico con esta impresionante <strong data-start=\"422\" data-end=\"463\">l\u00e1mpara colgante turca de gran tama\u00f1o<\/strong>, elaborada completamente a mano con un mosaico de cristal multicolor que proyecta una luz c\u00e1lida y acogedora.<\/p>\n<p data-start=\"575\" data-end=\"768\">Con un dise\u00f1o elegante y envolvente, esta l\u00e1mpara es ideal como <strong data-start=\"639\" data-end=\"667\">pieza central decorativa<\/strong>, tanto en interiores dom\u00e9sticos como en espacios comerciales con estilo oriental, bohemio o vintage.<\/p>\n<ul data-start=\"770\" data-end=\"1051\">\n<li data-start=\"770\" data-end=\"805\">\n<p data-start=\"772\" data-end=\"805\"><strong data-start=\"772\" data-end=\"797\">Di\u00e1metro del cristal:<\/strong> 32 cm<\/p>\n<\/li>\n<li data-start=\"806\" data-end=\"834\">\n<p data-start=\"808\" data-end=\"834\"><strong data-start=\"808\" data-end=\"825\">Altura total:<\/strong> 145 cm<\/p>\n<\/li>\n<li data-start=\"835\" data-end=\"907\">\n<p data-start=\"837\" data-end=\"907\"><strong data-start=\"837\" data-end=\"852\">Materiales:<\/strong> Cristal de colores y estructura met\u00e1lica tradicional<\/p>\n<\/li>\n<li data-start=\"908\" data-end=\"946\">\n<p data-start=\"910\" data-end=\"946\"><strong data-start=\"910\" data-end=\"921\">Estilo:<\/strong> \u00c1rabe, otomano, \u00e9tnico<\/p>\n<\/li>\n<li data-start=\"947\" data-end=\"1051\">\n<p data-start=\"949\" data-end=\"1051\"><strong data-start=\"949\" data-end=\"979\">Aplicaciones recomendadas:<\/strong> Salones, recibidores, restaurantes, tiendas, estudios de yoga o lectura<\/p>\n<\/li>\n<\/ul>\n<p data-start=\"1053\" data-end=\"1182\">Cada unidad es \u00fanica, <strong data-start=\"1075\" data-end=\"1114\">hecha a mano por artesanos expertos<\/strong>, lo que la convierte en una pieza de colecci\u00f3n con car\u00e1cter y alma.<\/p>\n<p>\u00a0<\/p>\n","protected":false},"excerpt":{"rendered":"<p>L\u00e1mpara mosaico artesanal de Turqu\u00eda, ( Para colgar del techo ) Diametro : 32 cm Material del globo : Cristal Material del cuerpo: Lat\u00f3n Altura: 145 cm Bombilla: Led E27<\/p>\n<p>\u00a0<\/p>\n","protected":false},"featured_media":25811,"comment_status":"open","ping_status":"closed","template":"","meta":[],"product_cat":[18],"product_tag":[52],"yoast_head":"<!-- This site is optimized with the Yoast SEO plugin v21.5 - https:\/\/yoast.com\/wordpress\/plugins\/seo\/ -->\n<title>Alfombras y Kilims en Madrid | El Rinc\u00f3n de Fehmi Madrid<\/title>\n<meta name=\"robots\" content=\"index, follow, max-snippet:-1, max-image-preview:large, max-video-preview:-1\" \/>\n<link rel=\"canonical\" href=\"https:\/\/elrincondefehmi.com\/es\/tienda\/lamparas\/lampara-mosaico-de-techo-hm-32-t\/\" \/>\n<meta property=\"og:locale\" content=\"es_ES\" \/>\n<meta property=\"og:type\" content=\"article\" \/>\n<meta property=\"og:title\" content=\"Alfombras y Kilims en Madrid | El Rinc\u00f3n de Fehmi Madrid\" \/>\n<meta property=\"og:description\" content=\"L\u00e1mpara mosaico artesanal de Turqu\u00eda, ( Para colgar del techo ) Diametro : 32 cm Material del globo : Cristal Material del cuerpo: Lat\u00f3n Altura: 145 cm Bombilla: Led E27\u00a0\" \/>\n<meta property=\"og:url\" content=\"https:\/\/elrincondefehmi.com\/es\/tienda\/lamparas\/lampara-mosaico-de-techo-hm-32-t\/\" \/>\n<meta property=\"og:site_name\" content=\"El Rinc\u00f3n de Fehmi Madrid\" \/>\n<meta property=\"article:modified_time\" content=\"2025-07-02T16:47:35+00:00\" \/>\n<meta property=\"og:image\" content=\"https:\/\/elrincondefehmi.com\/es\/wp-content\/uploads\/2023\/05\/lampara-artesanal-arabe.jpg\" \/>\n\t<meta property=\"og:image:width\" content=\"1000\" \/>\n\t<meta property=\"og:image:height\" content=\"1000\" \/>\n\t<meta property=\"og:image:type\" content=\"image\/jpeg\" \/>\n<meta name=\"twitter:card\" content=\"summary_large_image\" \/>\n<script type=\"application\/ld+json\" class=\"yoast-schema-graph\">{\"@context\":\"https:\/\/schema.org\",\"@graph\":[{\"@type\":\"WebPage\",\"@id\":\"https:\/\/elrincondefehmi.com\/es\/tienda\/lamparas\/lampara-mosaico-de-techo-hm-32-t\/\",\"url\":\"https:\/\/elrincondefehmi.com\/es\/tienda\/lamparas\/lampara-mosaico-de-techo-hm-32-t\/\",\"name\":\"Alfombras y Kilims en Madrid | El Rinc\u00f3n de Fehmi Madrid\",\"isPartOf\":{\"@id\":\"https:\/\/elrincondefehmi.com\/es\/#website\"},\"datePublished\":\"2023-05-18T01:10:12+00:00\",\"dateModified\":\"2025-07-02T16:47:35+00:00\",\"breadcrumb\":{\"@id\":\"https:\/\/elrincondefehmi.com\/es\/tienda\/lamparas\/lampara-mosaico-de-techo-hm-32-t\/#breadcrumb\"},\"inLanguage\":\"es\",\"potentialAction\":[{\"@type\":\"ReadAction\",\"target\":[\"https:\/\/elrincondefehmi.com\/es\/tienda\/lamparas\/lampara-mosaico-de-techo-hm-32-t\/\"]}]},{\"@type\":\"BreadcrumbList\",\"@id\":\"https:\/\/elrincondefehmi.com\/es\/tienda\/lamparas\/lampara-mosaico-de-techo-hm-32-t\/#breadcrumb\",\"itemListElement\":[{\"@type\":\"ListItem\",\"position\":1,\"name\":\"PRODUCTOS\",\"item\":\"https:\/\/elrincondefehmi.com\/es\/all-product\/\"},{\"@type\":\"ListItem\",\"position\":2,\"name\":\"L\u00e1mpara turca del techo\"}]},{\"@type\":\"WebSite\",\"@id\":\"https:\/\/elrincondefehmi.com\/es\/#website\",\"url\":\"https:\/\/elrincondefehmi.com\/es\/\",\"name\":\"El Rinc\u00f3n de Fehmi Madrid\",\"description\":\"Tienda de alfombras en Madrid.  En El Rinc\u00f3n de Fehmi somos especialistas en alfombras artesanales, alfombras modernas contempor\u00e1neas kilims de Turqu\u00eda\",\"potentialAction\":[{\"@type\":\"SearchAction\",\"target\":{\"@type\":\"EntryPoint\",\"urlTemplate\":\"https:\/\/elrincondefehmi.com\/es\/?s={search_term_string}\"},\"query-input\":\"required name=search_term_string\"}],\"inLanguage\":\"es\"}]}<\/script>\n<!-- \/ Yoast SEO plugin. -->","yoast_head_json":{"title":"Alfombras y Kilims en Madrid | El Rinc\u00f3n de Fehmi Madrid","robots":{"index":"index","follow":"follow","max-snippet":"max-snippet:-1","max-image-preview":"max-image-preview:large","max-video-preview":"max-video-preview:-1"},"canonical":"https:\/\/elrincondefehmi.com\/es\/tienda\/lamparas\/lampara-mosaico-de-techo-hm-32-t\/","og_locale":"es_ES","og_type":"article","og_title":"Alfombras y Kilims en Madrid | El Rinc\u00f3n de Fehmi Madrid","og_description":"L\u00e1mpara mosaico artesanal de Turqu\u00eda, ( Para colgar del techo ) Diametro : 32 cm Material del globo : Cristal Material del cuerpo: Lat\u00f3n Altura: 145 cm Bombilla: Led E27\u00a0","og_url":"https:\/\/elrincondefehmi.com\/es\/tienda\/lamparas\/lampara-mosaico-de-techo-hm-32-t\/","og_site_name":"El Rinc\u00f3n de Fehmi Madrid","article_modified_time":"2025-07-02T16:47:35+00:00","og_image":[{"width":1000,"height":1000,"url":"https:\/\/elrincondefehmi.com\/es\/wp-content\/uploads\/2023\/05\/lampara-artesanal-arabe.jpg","type":"image\/jpeg"}],"twitter_card":"summary_large_image","schema":{"@context":"https:\/\/schema.org","@graph":[{"@type":"WebPage","@id":"https:\/\/elrincondefehmi.com\/es\/tienda\/lamparas\/lampara-mosaico-de-techo-hm-32-t\/","url":"https:\/\/elrincondefehmi.com\/es\/tienda\/lamparas\/lampara-mosaico-de-techo-hm-32-t\/","name":"Alfombras y Kilims en Madrid | El Rinc\u00f3n de Fehmi Madrid","isPartOf":{"@id":"https:\/\/elrincondefehmi.com\/es\/#website"},"datePublished":"2023-05-18T01:10:12+00:00","dateModified":"2025-07-02T16:47:35+00:00","breadcrumb":{"@id":"https:\/\/elrincondefehmi.com\/es\/tienda\/lamparas\/lampara-mosaico-de-techo-hm-32-t\/#breadcrumb"},"inLanguage":"es","potentialAction":[{"@type":"ReadAction","target":["https:\/\/elrincondefehmi.com\/es\/tienda\/lamparas\/lampara-mosaico-de-techo-hm-32-t\/"]}]},{"@type":"BreadcrumbList","@id":"https:\/\/elrincondefehmi.com\/es\/tienda\/lamparas\/lampara-mosaico-de-techo-hm-32-t\/#breadcrumb","itemListElement":[{"@type":"ListItem","position":1,"name":"PRODUCTOS","item":"https:\/\/elrincondefehmi.com\/es\/all-product\/"},{"@type":"ListItem","position":2,"name":"L\u00e1mpara turca del techo"}]},{"@type":"WebSite","@id":"https:\/\/elrincondefehmi.com\/es\/#website","url":"https:\/\/elrincondefehmi.com\/es\/","name":"El Rinc\u00f3n de Fehmi Madrid","description":"Tienda de alfombras en Madrid.  En El Rinc\u00f3n de Fehmi somos especialistas en alfombras artesanales, alfombras modernas contempor\u00e1neas kilims de Turqu\u00eda","potentialAction":[{"@type":"SearchAction","target":{"@type":"EntryPoint","urlTemplate":"https:\/\/elrincondefehmi.com\/es\/?s={search_term_string}"},"query-input":"required name=search_term_string"}],"inLanguage":"es"}]}},"_links":{"self":[{"href":"https:\/\/elrincondefehmi.com\/es\/wp-json\/wp\/v2\/product\/3043"}],"collection":[{"href":"https:\/\/elrincondefehmi.com\/es\/wp-json\/wp\/v2\/product"}],"about":[{"href":"https:\/\/elrincondefehmi.com\/es\/wp-json\/wp\/v2\/types\/product"}],"replies":[{"embeddable":true,"href":"https:\/\/elrincondefehmi.com\/es\/wp-json\/wp\/v2\/comments?post=3043"}],"wp:featuredmedia":[{"embeddable":true,"href":"https:\/\/elrincondefehmi.com\/es\/wp-json\/wp\/v2\/media\/25811"}],"wp:attachment":[{"href":"https:\/\/elrincondefehmi.com\/es\/wp-json\/wp\/v2\/media?parent=3043"}],"wp:term":[{"taxonomy":"product_cat","embeddable":true,"href":"https:\/\/elrincondefehmi.com\/es\/wp-json\/wp\/v2\/product_cat?post=3043"},{"taxonomy":"product_tag","embeddable":true,"href":"https:\/\/elrincondefehmi.com\/es\/wp-json\/wp\/v2\/product_tag?post=3043"}],"curies":[{"name":"wp","href":"https:\/\/api.w.org\/{rel}","templated":true}]}}