{"id":3042,"date":"2023-05-18T01:10:12","date_gmt":"2023-05-18T01:10:12","guid":{"rendered":"https:\/\/elrincondefehmi.com\/es\/?post_type=product&#038;p=3042"},"modified":"2025-07-02T16:48:06","modified_gmt":"2025-07-02T16:48:06","slug":"lampara-mosaico-de-techo-hm-20-2","status":"publish","type":"product","link":"https:\/\/elrincondefehmi.com\/es\/tienda\/lamparas\/lampara-mosaico-de-techo-hm-20-2\/","title":{"rendered":"L\u00e1mpara turca para techo"},"content":{"rendered":"<p data-start=\"314\" data-end=\"384\"><strong data-start=\"314\" data-end=\"384\">L\u00e1mpara colgante turca de cristal multicolor hecha a mano \u2013 \u00d822 cm<\/strong><\/p>\n<p data-start=\"386\" data-end=\"632\">A\u00f1ade color, cultura y calidez a tu hogar con esta <strong data-start=\"437\" data-end=\"474\">l\u00e1mpara artesanal de estilo turco<\/strong>. Elaborada completamente a mano, esta pieza presenta un dise\u00f1o vibrante en <strong data-start=\"550\" data-end=\"572\">mosaico multicolor<\/strong> que proyecta un juego de luces \u00fanico en cualquier ambiente.<\/p>\n<ul data-start=\"634\" data-end=\"976\">\n<li data-start=\"634\" data-end=\"669\">\n<p data-start=\"636\" data-end=\"669\"><strong data-start=\"636\" data-end=\"661\">Di\u00e1metro del cristal:<\/strong> 22 cm<\/p>\n<\/li>\n<li data-start=\"670\" data-end=\"708\">\n<p data-start=\"672\" data-end=\"708\"><strong data-start=\"672\" data-end=\"700\">Altura total con cadena:<\/strong> 90 cm<\/p>\n<\/li>\n<li data-start=\"709\" data-end=\"770\">\n<p data-start=\"711\" data-end=\"770\"><strong data-start=\"711\" data-end=\"731\">Altura ajustable<\/strong> gracias a sus eslabones desmontables<\/p>\n<\/li>\n<li data-start=\"771\" data-end=\"842\">\n<p data-start=\"773\" data-end=\"842\"><strong data-start=\"773\" data-end=\"788\">Materiales:<\/strong> Cristal de colores y estructura de metal envejecido<\/p>\n<\/li>\n<li data-start=\"843\" data-end=\"902\">\n<p data-start=\"845\" data-end=\"902\"><strong data-start=\"845\" data-end=\"867\">Estilo decorativo:<\/strong> Turco, oriental, \u00e9tnico, bohemio<\/p>\n<\/li>\n<li data-start=\"903\" data-end=\"976\">\n<p data-start=\"905\" data-end=\"976\"><strong data-start=\"905\" data-end=\"925\">Ubicaci\u00f3n ideal:<\/strong> Salones, entradas, comedores, rincones con encanto<\/p>\n<\/li>\n<\/ul>\n<p data-start=\"978\" data-end=\"1091\">Cada l\u00e1mpara es una <strong data-start=\"998\" data-end=\"1013\">pieza \u00fanica<\/strong>, creada artesanalmente por expertos vidrieros siguiendo la tradici\u00f3n otomana.<\/p>\n<p>\u00a0<\/p>\n","protected":false},"excerpt":{"rendered":"<p>Globo: 22 cm Material: Cristal artesanal Estructura: Lat\u00f3n Altura: 90 cm. Anchura: 22 cm Hecho en Turqu\u00eda Bombilla: Led E 27<\/p>\n","protected":false},"featured_media":25774,"comment_status":"open","ping_status":"closed","template":"","meta":[],"product_cat":[18],"product_tag":[52],"yoast_head":"<!-- This site is optimized with the Yoast SEO plugin v21.5 - https:\/\/yoast.com\/wordpress\/plugins\/seo\/ -->\n<title>Alfombras y Kilims en Madrid | El Rinc\u00f3n de Fehmi Madrid<\/title>\n<meta name=\"robots\" content=\"index, follow, max-snippet:-1, max-image-preview:large, max-video-preview:-1\" \/>\n<link rel=\"canonical\" href=\"https:\/\/elrincondefehmi.com\/es\/tienda\/lamparas\/lampara-mosaico-de-techo-hm-20-2\/\" \/>\n<meta property=\"og:locale\" content=\"es_ES\" \/>\n<meta property=\"og:type\" content=\"article\" \/>\n<meta property=\"og:title\" content=\"Alfombras y Kilims en Madrid | El Rinc\u00f3n de Fehmi Madrid\" \/>\n<meta property=\"og:description\" content=\"Globo: 22 cm Material: Cristal artesanal Estructura: Lat\u00f3n Altura: 90 cm. Anchura: 22 cm Hecho en Turqu\u00eda Bombilla: Led E 27\" \/>\n<meta property=\"og:url\" content=\"https:\/\/elrincondefehmi.com\/es\/tienda\/lamparas\/lampara-mosaico-de-techo-hm-20-2\/\" \/>\n<meta property=\"og:site_name\" content=\"El Rinc\u00f3n de Fehmi Madrid\" \/>\n<meta property=\"article:modified_time\" content=\"2025-07-02T16:48:06+00:00\" \/>\n<meta property=\"og:image\" content=\"https:\/\/elrincondefehmi.com\/es\/wp-content\/uploads\/2023\/05\/lampara-turca-mosaico.jpg\" \/>\n\t<meta property=\"og:image:width\" content=\"1000\" \/>\n\t<meta property=\"og:image:height\" content=\"1000\" \/>\n\t<meta property=\"og:image:type\" content=\"image\/jpeg\" \/>\n<meta name=\"twitter:card\" content=\"summary_large_image\" \/>\n<script type=\"application\/ld+json\" class=\"yoast-schema-graph\">{\"@context\":\"https:\/\/schema.org\",\"@graph\":[{\"@type\":\"WebPage\",\"@id\":\"https:\/\/elrincondefehmi.com\/es\/tienda\/lamparas\/lampara-mosaico-de-techo-hm-20-2\/\",\"url\":\"https:\/\/elrincondefehmi.com\/es\/tienda\/lamparas\/lampara-mosaico-de-techo-hm-20-2\/\",\"name\":\"Alfombras y Kilims en Madrid | El Rinc\u00f3n de Fehmi Madrid\",\"isPartOf\":{\"@id\":\"https:\/\/elrincondefehmi.com\/es\/#website\"},\"datePublished\":\"2023-05-18T01:10:12+00:00\",\"dateModified\":\"2025-07-02T16:48:06+00:00\",\"breadcrumb\":{\"@id\":\"https:\/\/elrincondefehmi.com\/es\/tienda\/lamparas\/lampara-mosaico-de-techo-hm-20-2\/#breadcrumb\"},\"inLanguage\":\"es\",\"potentialAction\":[{\"@type\":\"ReadAction\",\"target\":[\"https:\/\/elrincondefehmi.com\/es\/tienda\/lamparas\/lampara-mosaico-de-techo-hm-20-2\/\"]}]},{\"@type\":\"BreadcrumbList\",\"@id\":\"https:\/\/elrincondefehmi.com\/es\/tienda\/lamparas\/lampara-mosaico-de-techo-hm-20-2\/#breadcrumb\",\"itemListElement\":[{\"@type\":\"ListItem\",\"position\":1,\"name\":\"PRODUCTOS\",\"item\":\"https:\/\/elrincondefehmi.com\/es\/all-product\/\"},{\"@type\":\"ListItem\",\"position\":2,\"name\":\"L\u00e1mpara turca para techo\"}]},{\"@type\":\"WebSite\",\"@id\":\"https:\/\/elrincondefehmi.com\/es\/#website\",\"url\":\"https:\/\/elrincondefehmi.com\/es\/\",\"name\":\"El Rinc\u00f3n de Fehmi Madrid\",\"description\":\"Tienda de alfombras en Madrid.  En El Rinc\u00f3n de Fehmi somos especialistas en alfombras artesanales, alfombras modernas contempor\u00e1neas kilims de Turqu\u00eda\",\"potentialAction\":[{\"@type\":\"SearchAction\",\"target\":{\"@type\":\"EntryPoint\",\"urlTemplate\":\"https:\/\/elrincondefehmi.com\/es\/?s={search_term_string}\"},\"query-input\":\"required name=search_term_string\"}],\"inLanguage\":\"es\"}]}<\/script>\n<!-- \/ Yoast SEO plugin. -->","yoast_head_json":{"title":"Alfombras y Kilims en Madrid | El Rinc\u00f3n de Fehmi Madrid","robots":{"index":"index","follow":"follow","max-snippet":"max-snippet:-1","max-image-preview":"max-image-preview:large","max-video-preview":"max-video-preview:-1"},"canonical":"https:\/\/elrincondefehmi.com\/es\/tienda\/lamparas\/lampara-mosaico-de-techo-hm-20-2\/","og_locale":"es_ES","og_type":"article","og_title":"Alfombras y Kilims en Madrid | El Rinc\u00f3n de Fehmi Madrid","og_description":"Globo: 22 cm Material: Cristal artesanal Estructura: Lat\u00f3n Altura: 90 cm. Anchura: 22 cm Hecho en Turqu\u00eda Bombilla: Led E 27","og_url":"https:\/\/elrincondefehmi.com\/es\/tienda\/lamparas\/lampara-mosaico-de-techo-hm-20-2\/","og_site_name":"El Rinc\u00f3n de Fehmi Madrid","article_modified_time":"2025-07-02T16:48:06+00:00","og_image":[{"width":1000,"height":1000,"url":"https:\/\/elrincondefehmi.com\/es\/wp-content\/uploads\/2023\/05\/lampara-turca-mosaico.jpg","type":"image\/jpeg"}],"twitter_card":"summary_large_image","schema":{"@context":"https:\/\/schema.org","@graph":[{"@type":"WebPage","@id":"https:\/\/elrincondefehmi.com\/es\/tienda\/lamparas\/lampara-mosaico-de-techo-hm-20-2\/","url":"https:\/\/elrincondefehmi.com\/es\/tienda\/lamparas\/lampara-mosaico-de-techo-hm-20-2\/","name":"Alfombras y Kilims en Madrid | El Rinc\u00f3n de Fehmi Madrid","isPartOf":{"@id":"https:\/\/elrincondefehmi.com\/es\/#website"},"datePublished":"2023-05-18T01:10:12+00:00","dateModified":"2025-07-02T16:48:06+00:00","breadcrumb":{"@id":"https:\/\/elrincondefehmi.com\/es\/tienda\/lamparas\/lampara-mosaico-de-techo-hm-20-2\/#breadcrumb"},"inLanguage":"es","potentialAction":[{"@type":"ReadAction","target":["https:\/\/elrincondefehmi.com\/es\/tienda\/lamparas\/lampara-mosaico-de-techo-hm-20-2\/"]}]},{"@type":"BreadcrumbList","@id":"https:\/\/elrincondefehmi.com\/es\/tienda\/lamparas\/lampara-mosaico-de-techo-hm-20-2\/#breadcrumb","itemListElement":[{"@type":"ListItem","position":1,"name":"PRODUCTOS","item":"https:\/\/elrincondefehmi.com\/es\/all-product\/"},{"@type":"ListItem","position":2,"name":"L\u00e1mpara turca para techo"}]},{"@type":"WebSite","@id":"https:\/\/elrincondefehmi.com\/es\/#website","url":"https:\/\/elrincondefehmi.com\/es\/","name":"El Rinc\u00f3n de Fehmi Madrid","description":"Tienda de alfombras en Madrid.  En El Rinc\u00f3n de Fehmi somos especialistas en alfombras artesanales, alfombras modernas contempor\u00e1neas kilims de Turqu\u00eda","potentialAction":[{"@type":"SearchAction","target":{"@type":"EntryPoint","urlTemplate":"https:\/\/elrincondefehmi.com\/es\/?s={search_term_string}"},"query-input":"required name=search_term_string"}],"inLanguage":"es"}]}},"_links":{"self":[{"href":"https:\/\/elrincondefehmi.com\/es\/wp-json\/wp\/v2\/product\/3042"}],"collection":[{"href":"https:\/\/elrincondefehmi.com\/es\/wp-json\/wp\/v2\/product"}],"about":[{"href":"https:\/\/elrincondefehmi.com\/es\/wp-json\/wp\/v2\/types\/product"}],"replies":[{"embeddable":true,"href":"https:\/\/elrincondefehmi.com\/es\/wp-json\/wp\/v2\/comments?post=3042"}],"wp:featuredmedia":[{"embeddable":true,"href":"https:\/\/elrincondefehmi.com\/es\/wp-json\/wp\/v2\/media\/25774"}],"wp:attachment":[{"href":"https:\/\/elrincondefehmi.com\/es\/wp-json\/wp\/v2\/media?parent=3042"}],"wp:term":[{"taxonomy":"product_cat","embeddable":true,"href":"https:\/\/elrincondefehmi.com\/es\/wp-json\/wp\/v2\/product_cat?post=3042"},{"taxonomy":"product_tag","embeddable":true,"href":"https:\/\/elrincondefehmi.com\/es\/wp-json\/wp\/v2\/product_tag?post=3042"}],"curies":[{"name":"wp","href":"https:\/\/api.w.org\/{rel}","templated":true}]}}