{"id":3020,"date":"2023-05-18T01:09:45","date_gmt":"2023-05-18T01:09:45","guid":{"rendered":"https:\/\/elrincondefehmi.com\/es\/?post_type=product&#038;p=3020"},"modified":"2025-07-02T16:48:52","modified_gmt":"2025-07-02T16:48:52","slug":"lampara-mosaico-de-techo-hm-22-3","status":"publish","type":"product","link":"https:\/\/elrincondefehmi.com\/es\/tienda\/lamparas\/lampara-mosaico-de-techo-hm-22-3\/","title":{"rendered":"L\u00e1mpara turca del techo"},"content":{"rendered":"<p data-start=\"318\" data-end=\"383\"><strong data-start=\"318\" data-end=\"383\">L\u00e1mpara colgante turca en tonos rosados y multicolor \u2013 \u00d822 cm<\/strong><\/p>\n<p data-start=\"385\" data-end=\"652\">Decora tus espacios con la elegancia de esta <strong data-start=\"430\" data-end=\"457\">l\u00e1mpara turca artesanal<\/strong> hecha a mano con cristal en tonos rosados, naranjas, rojos y verdes. Su dise\u00f1o en mosaico con patr\u00f3n ondulado proyecta una luz suave y envolvente, ideal para crear ambientes acogedores y \u00fanicos.<\/p>\n<ul data-start=\"654\" data-end=\"1011\">\n<li data-start=\"654\" data-end=\"689\">\n<p data-start=\"656\" data-end=\"689\"><strong data-start=\"656\" data-end=\"681\">Di\u00e1metro del cristal:<\/strong> 22 cm<\/p>\n<\/li>\n<li data-start=\"690\" data-end=\"728\">\n<p data-start=\"692\" data-end=\"728\"><strong data-start=\"692\" data-end=\"720\">Altura total con cadena:<\/strong> 90 cm<\/p>\n<\/li>\n<li data-start=\"729\" data-end=\"780\">\n<p data-start=\"731\" data-end=\"780\"><strong data-start=\"731\" data-end=\"751\">Altura ajustable<\/strong> con eslabones desmontables<\/p>\n<\/li>\n<li data-start=\"781\" data-end=\"862\">\n<p data-start=\"783\" data-end=\"862\"><strong data-start=\"783\" data-end=\"798\">Materiales:<\/strong> Cristal artesanal multicolor + estructura met\u00e1lica decorativa<\/p>\n<\/li>\n<li data-start=\"863\" data-end=\"905\">\n<p data-start=\"865\" data-end=\"905\"><strong data-start=\"865\" data-end=\"876\">Estilo:<\/strong> \u00c1rabe, oriental, boho chic<\/p>\n<\/li>\n<li data-start=\"906\" data-end=\"1011\">\n<p data-start=\"908\" data-end=\"1011\"><strong data-start=\"908\" data-end=\"923\">Ideal para:<\/strong> Interiores como dormitorios, entradas, salones o espacios comerciales con estilo \u00e9tnico<\/p>\n<\/li>\n<\/ul>\n<p data-start=\"1013\" data-end=\"1132\">Cada pieza es \u00fanica, elaborada de forma <strong data-start=\"1053\" data-end=\"1071\">100% artesanal<\/strong>, lo que garantiza un producto aut\u00e9ntico y lleno de car\u00e1cter.<\/p>\n<p>\u00a0<\/p>\n","protected":false},"excerpt":{"rendered":"<p>Globo: 22 cm Material: Cristal artesanal Estructura: Lat\u00f3n Altura: 90 cm Anchura: 22 cm Hecho en Turqu\u00eda Bombilla: Led E 27<\/p>\n","protected":false},"featured_media":25776,"comment_status":"open","ping_status":"closed","template":"","meta":[],"product_cat":[18],"product_tag":[52],"yoast_head":"<!-- This site is optimized with the Yoast SEO plugin v21.5 - https:\/\/yoast.com\/wordpress\/plugins\/seo\/ -->\n<title>Alfombras y Kilims en Madrid | El Rinc\u00f3n de Fehmi Madrid<\/title>\n<meta name=\"robots\" content=\"index, follow, max-snippet:-1, max-image-preview:large, max-video-preview:-1\" \/>\n<link rel=\"canonical\" href=\"https:\/\/elrincondefehmi.com\/es\/tienda\/lamparas\/lampara-mosaico-de-techo-hm-22-3\/\" \/>\n<meta property=\"og:locale\" content=\"es_ES\" \/>\n<meta property=\"og:type\" content=\"article\" \/>\n<meta property=\"og:title\" content=\"Alfombras y Kilims en Madrid | El Rinc\u00f3n de Fehmi Madrid\" \/>\n<meta property=\"og:description\" content=\"Globo: 22 cm Material: Cristal artesanal Estructura: Lat\u00f3n Altura: 90 cm Anchura: 22 cm Hecho en Turqu\u00eda Bombilla: Led E 27\" \/>\n<meta property=\"og:url\" content=\"https:\/\/elrincondefehmi.com\/es\/tienda\/lamparas\/lampara-mosaico-de-techo-hm-22-3\/\" \/>\n<meta property=\"og:site_name\" content=\"El Rinc\u00f3n de Fehmi Madrid\" \/>\n<meta property=\"article:modified_time\" content=\"2025-07-02T16:48:52+00:00\" \/>\n<meta property=\"og:image\" content=\"https:\/\/elrincondefehmi.com\/es\/wp-content\/uploads\/2023\/05\/lampara-turca-arabe-rosa.jpg\" \/>\n\t<meta property=\"og:image:width\" content=\"1000\" \/>\n\t<meta property=\"og:image:height\" content=\"1000\" \/>\n\t<meta property=\"og:image:type\" content=\"image\/jpeg\" \/>\n<meta name=\"twitter:card\" content=\"summary_large_image\" \/>\n<script type=\"application\/ld+json\" class=\"yoast-schema-graph\">{\"@context\":\"https:\/\/schema.org\",\"@graph\":[{\"@type\":\"WebPage\",\"@id\":\"https:\/\/elrincondefehmi.com\/es\/tienda\/lamparas\/lampara-mosaico-de-techo-hm-22-3\/\",\"url\":\"https:\/\/elrincondefehmi.com\/es\/tienda\/lamparas\/lampara-mosaico-de-techo-hm-22-3\/\",\"name\":\"Alfombras y Kilims en Madrid | El Rinc\u00f3n de Fehmi Madrid\",\"isPartOf\":{\"@id\":\"https:\/\/elrincondefehmi.com\/es\/#website\"},\"datePublished\":\"2023-05-18T01:09:45+00:00\",\"dateModified\":\"2025-07-02T16:48:52+00:00\",\"breadcrumb\":{\"@id\":\"https:\/\/elrincondefehmi.com\/es\/tienda\/lamparas\/lampara-mosaico-de-techo-hm-22-3\/#breadcrumb\"},\"inLanguage\":\"es\",\"potentialAction\":[{\"@type\":\"ReadAction\",\"target\":[\"https:\/\/elrincondefehmi.com\/es\/tienda\/lamparas\/lampara-mosaico-de-techo-hm-22-3\/\"]}]},{\"@type\":\"BreadcrumbList\",\"@id\":\"https:\/\/elrincondefehmi.com\/es\/tienda\/lamparas\/lampara-mosaico-de-techo-hm-22-3\/#breadcrumb\",\"itemListElement\":[{\"@type\":\"ListItem\",\"position\":1,\"name\":\"PRODUCTOS\",\"item\":\"https:\/\/elrincondefehmi.com\/es\/all-product\/\"},{\"@type\":\"ListItem\",\"position\":2,\"name\":\"L\u00e1mpara turca del techo\"}]},{\"@type\":\"WebSite\",\"@id\":\"https:\/\/elrincondefehmi.com\/es\/#website\",\"url\":\"https:\/\/elrincondefehmi.com\/es\/\",\"name\":\"El Rinc\u00f3n de Fehmi Madrid\",\"description\":\"Tienda de alfombras en Madrid.  En El Rinc\u00f3n de Fehmi somos especialistas en alfombras artesanales, alfombras modernas contempor\u00e1neas kilims de Turqu\u00eda\",\"potentialAction\":[{\"@type\":\"SearchAction\",\"target\":{\"@type\":\"EntryPoint\",\"urlTemplate\":\"https:\/\/elrincondefehmi.com\/es\/?s={search_term_string}\"},\"query-input\":\"required name=search_term_string\"}],\"inLanguage\":\"es\"}]}<\/script>\n<!-- \/ Yoast SEO plugin. -->","yoast_head_json":{"title":"Alfombras y Kilims en Madrid | El Rinc\u00f3n de Fehmi Madrid","robots":{"index":"index","follow":"follow","max-snippet":"max-snippet:-1","max-image-preview":"max-image-preview:large","max-video-preview":"max-video-preview:-1"},"canonical":"https:\/\/elrincondefehmi.com\/es\/tienda\/lamparas\/lampara-mosaico-de-techo-hm-22-3\/","og_locale":"es_ES","og_type":"article","og_title":"Alfombras y Kilims en Madrid | El Rinc\u00f3n de Fehmi Madrid","og_description":"Globo: 22 cm Material: Cristal artesanal Estructura: Lat\u00f3n Altura: 90 cm Anchura: 22 cm Hecho en Turqu\u00eda Bombilla: Led E 27","og_url":"https:\/\/elrincondefehmi.com\/es\/tienda\/lamparas\/lampara-mosaico-de-techo-hm-22-3\/","og_site_name":"El Rinc\u00f3n de Fehmi Madrid","article_modified_time":"2025-07-02T16:48:52+00:00","og_image":[{"width":1000,"height":1000,"url":"https:\/\/elrincondefehmi.com\/es\/wp-content\/uploads\/2023\/05\/lampara-turca-arabe-rosa.jpg","type":"image\/jpeg"}],"twitter_card":"summary_large_image","schema":{"@context":"https:\/\/schema.org","@graph":[{"@type":"WebPage","@id":"https:\/\/elrincondefehmi.com\/es\/tienda\/lamparas\/lampara-mosaico-de-techo-hm-22-3\/","url":"https:\/\/elrincondefehmi.com\/es\/tienda\/lamparas\/lampara-mosaico-de-techo-hm-22-3\/","name":"Alfombras y Kilims en Madrid | El Rinc\u00f3n de Fehmi Madrid","isPartOf":{"@id":"https:\/\/elrincondefehmi.com\/es\/#website"},"datePublished":"2023-05-18T01:09:45+00:00","dateModified":"2025-07-02T16:48:52+00:00","breadcrumb":{"@id":"https:\/\/elrincondefehmi.com\/es\/tienda\/lamparas\/lampara-mosaico-de-techo-hm-22-3\/#breadcrumb"},"inLanguage":"es","potentialAction":[{"@type":"ReadAction","target":["https:\/\/elrincondefehmi.com\/es\/tienda\/lamparas\/lampara-mosaico-de-techo-hm-22-3\/"]}]},{"@type":"BreadcrumbList","@id":"https:\/\/elrincondefehmi.com\/es\/tienda\/lamparas\/lampara-mosaico-de-techo-hm-22-3\/#breadcrumb","itemListElement":[{"@type":"ListItem","position":1,"name":"PRODUCTOS","item":"https:\/\/elrincondefehmi.com\/es\/all-product\/"},{"@type":"ListItem","position":2,"name":"L\u00e1mpara turca del techo"}]},{"@type":"WebSite","@id":"https:\/\/elrincondefehmi.com\/es\/#website","url":"https:\/\/elrincondefehmi.com\/es\/","name":"El Rinc\u00f3n de Fehmi Madrid","description":"Tienda de alfombras en Madrid.  En El Rinc\u00f3n de Fehmi somos especialistas en alfombras artesanales, alfombras modernas contempor\u00e1neas kilims de Turqu\u00eda","potentialAction":[{"@type":"SearchAction","target":{"@type":"EntryPoint","urlTemplate":"https:\/\/elrincondefehmi.com\/es\/?s={search_term_string}"},"query-input":"required name=search_term_string"}],"inLanguage":"es"}]}},"_links":{"self":[{"href":"https:\/\/elrincondefehmi.com\/es\/wp-json\/wp\/v2\/product\/3020"}],"collection":[{"href":"https:\/\/elrincondefehmi.com\/es\/wp-json\/wp\/v2\/product"}],"about":[{"href":"https:\/\/elrincondefehmi.com\/es\/wp-json\/wp\/v2\/types\/product"}],"replies":[{"embeddable":true,"href":"https:\/\/elrincondefehmi.com\/es\/wp-json\/wp\/v2\/comments?post=3020"}],"wp:featuredmedia":[{"embeddable":true,"href":"https:\/\/elrincondefehmi.com\/es\/wp-json\/wp\/v2\/media\/25776"}],"wp:attachment":[{"href":"https:\/\/elrincondefehmi.com\/es\/wp-json\/wp\/v2\/media?parent=3020"}],"wp:term":[{"taxonomy":"product_cat","embeddable":true,"href":"https:\/\/elrincondefehmi.com\/es\/wp-json\/wp\/v2\/product_cat?post=3020"},{"taxonomy":"product_tag","embeddable":true,"href":"https:\/\/elrincondefehmi.com\/es\/wp-json\/wp\/v2\/product_tag?post=3020"}],"curies":[{"name":"wp","href":"https:\/\/api.w.org\/{rel}","templated":true}]}}