{"id":2996,"date":"2023-05-18T01:09:20","date_gmt":"2023-05-18T01:09:20","guid":{"rendered":"https:\/\/elrincondefehmi.com\/es\/?post_type=product&#038;p=2996"},"modified":"2025-07-02T16:53:26","modified_gmt":"2025-07-02T16:53:26","slug":"lampara-mosaico-de-techo","status":"publish","type":"product","link":"https:\/\/elrincondefehmi.com\/es\/tienda\/lamparas\/lampara-mosaico-de-techo\/","title":{"rendered":"L\u00e1mpara colgante artesanal de cristal rosa y rojo \u2013 \u00d817 cm"},"content":{"rendered":"<h1 data-start=\"369\" data-end=\"648\"><span style=\"font-size: 20px\">L\u00e1mpara colgante artesanal de cristal rosa y rojo \u2013 \u00d817 cm<\/span><\/h1>\n<p data-start=\"369\" data-end=\"648\">Llena de vida y calidez cualquier rinc\u00f3n con esta <strong data-start=\"419\" data-end=\"446\">l\u00e1mpara turca artesanal<\/strong> hecha a mano con mosaico de cristal en tonos rosados, rojos y blancos. Su dise\u00f1o en patr\u00f3n de rombos crea un efecto visual brillante y arm\u00f3nico al encenderse, ideal para ambientes \u00edntimos y acogedores.<\/p>\n<p data-start=\"686\" data-end=\"716\"><strong data-start=\"686\" data-end=\"708\">Altura sin cadena:<\/strong> 35 cm<\/p>\n<p data-start=\"686\" data-end=\"716\"><strong data-start=\"719\" data-end=\"739\">Altura ajustable<\/strong> mediante eslabones met\u00e1licos desmontables<\/p>\n<p data-start=\"786\" data-end=\"855\"><strong data-start=\"786\" data-end=\"801\">Materiales:<\/strong> Cristal de colores + estructura met\u00e1lica envejecida<\/p>\n<p data-start=\"858\" data-end=\"916\"><strong data-start=\"858\" data-end=\"880\">Estilo decorativo:<\/strong> Boho, oriental, \u00e9tnico, rom\u00e1ntico<\/p>\n<p data-start=\"919\" data-end=\"1015\"><strong data-start=\"919\" data-end=\"949\">Aplicaciones recomendadas:<\/strong> Dormitorios, entradas, estancias peque\u00f1as, decoraciones delicadas<\/p>\n<p data-start=\"1017\" data-end=\"1131\">Pieza \u00fanica y elaborada completamente <strong data-start=\"1055\" data-end=\"1065\">a mano<\/strong>, ideal para quienes buscan un toque c\u00e1lido, artesanal y original.<\/p>\n<p>Nuestras l\u00e1mparas de mosaico se fabrican de manera artesanal con estructura lat\u00f3n y teselas de cristal cortadas a mano.Disponibilidad de globos en otros colores.<\/p>\n","protected":false},"excerpt":{"rendered":"<p>Globo: 17 cm. Material: Cristal artesanal Estructura: Lat\u00f3n Altura: 70 cm Anchura: 17 cm. Hecho en Turqu\u00eda Bombilla: Led E 14<\/p>\n","protected":false},"featured_media":25841,"comment_status":"open","ping_status":"closed","template":"","meta":[],"product_cat":[18],"product_tag":[52],"yoast_head":"<!-- This site is optimized with the Yoast SEO plugin v21.5 - https:\/\/yoast.com\/wordpress\/plugins\/seo\/ -->\n<title>Alfombras y Kilims en Madrid | El Rinc\u00f3n de Fehmi Madrid<\/title>\n<meta name=\"robots\" content=\"index, follow, max-snippet:-1, max-image-preview:large, max-video-preview:-1\" \/>\n<link rel=\"canonical\" href=\"https:\/\/elrincondefehmi.com\/es\/tienda\/lamparas\/lampara-mosaico-de-techo\/\" \/>\n<meta property=\"og:locale\" content=\"es_ES\" \/>\n<meta property=\"og:type\" content=\"article\" \/>\n<meta property=\"og:title\" content=\"Alfombras y Kilims en Madrid | El Rinc\u00f3n de Fehmi Madrid\" \/>\n<meta property=\"og:description\" content=\"Globo: 17 cm. Material: Cristal artesanal Estructura: Lat\u00f3n Altura: 70 cm Anchura: 17 cm. Hecho en Turqu\u00eda Bombilla: Led E 14\" \/>\n<meta property=\"og:url\" content=\"https:\/\/elrincondefehmi.com\/es\/tienda\/lamparas\/lampara-mosaico-de-techo\/\" \/>\n<meta property=\"og:site_name\" content=\"El Rinc\u00f3n de Fehmi Madrid\" \/>\n<meta property=\"article:modified_time\" content=\"2025-07-02T16:53:26+00:00\" \/>\n<meta property=\"og:image\" content=\"https:\/\/elrincondefehmi.com\/es\/wp-content\/uploads\/2023\/05\/IMG_0256-1.jpg\" \/>\n\t<meta property=\"og:image:width\" content=\"1000\" \/>\n\t<meta property=\"og:image:height\" content=\"1000\" \/>\n\t<meta property=\"og:image:type\" content=\"image\/jpeg\" \/>\n<meta name=\"twitter:card\" content=\"summary_large_image\" \/>\n<script type=\"application\/ld+json\" class=\"yoast-schema-graph\">{\"@context\":\"https:\/\/schema.org\",\"@graph\":[{\"@type\":\"WebPage\",\"@id\":\"https:\/\/elrincondefehmi.com\/es\/tienda\/lamparas\/lampara-mosaico-de-techo\/\",\"url\":\"https:\/\/elrincondefehmi.com\/es\/tienda\/lamparas\/lampara-mosaico-de-techo\/\",\"name\":\"Alfombras y Kilims en Madrid | El Rinc\u00f3n de Fehmi Madrid\",\"isPartOf\":{\"@id\":\"https:\/\/elrincondefehmi.com\/es\/#website\"},\"datePublished\":\"2023-05-18T01:09:20+00:00\",\"dateModified\":\"2025-07-02T16:53:26+00:00\",\"breadcrumb\":{\"@id\":\"https:\/\/elrincondefehmi.com\/es\/tienda\/lamparas\/lampara-mosaico-de-techo\/#breadcrumb\"},\"inLanguage\":\"es\",\"potentialAction\":[{\"@type\":\"ReadAction\",\"target\":[\"https:\/\/elrincondefehmi.com\/es\/tienda\/lamparas\/lampara-mosaico-de-techo\/\"]}]},{\"@type\":\"BreadcrumbList\",\"@id\":\"https:\/\/elrincondefehmi.com\/es\/tienda\/lamparas\/lampara-mosaico-de-techo\/#breadcrumb\",\"itemListElement\":[{\"@type\":\"ListItem\",\"position\":1,\"name\":\"PRODUCTOS\",\"item\":\"https:\/\/elrincondefehmi.com\/es\/all-product\/\"},{\"@type\":\"ListItem\",\"position\":2,\"name\":\"L\u00e1mpara colgante artesanal de cristal rosa y rojo \u2013 \u00d817 cm\"}]},{\"@type\":\"WebSite\",\"@id\":\"https:\/\/elrincondefehmi.com\/es\/#website\",\"url\":\"https:\/\/elrincondefehmi.com\/es\/\",\"name\":\"El Rinc\u00f3n de Fehmi Madrid\",\"description\":\"Tienda de alfombras en Madrid.  En El Rinc\u00f3n de Fehmi somos especialistas en alfombras artesanales, alfombras modernas contempor\u00e1neas kilims de Turqu\u00eda\",\"potentialAction\":[{\"@type\":\"SearchAction\",\"target\":{\"@type\":\"EntryPoint\",\"urlTemplate\":\"https:\/\/elrincondefehmi.com\/es\/?s={search_term_string}\"},\"query-input\":\"required name=search_term_string\"}],\"inLanguage\":\"es\"}]}<\/script>\n<!-- \/ Yoast SEO plugin. -->","yoast_head_json":{"title":"Alfombras y Kilims en Madrid | El Rinc\u00f3n de Fehmi Madrid","robots":{"index":"index","follow":"follow","max-snippet":"max-snippet:-1","max-image-preview":"max-image-preview:large","max-video-preview":"max-video-preview:-1"},"canonical":"https:\/\/elrincondefehmi.com\/es\/tienda\/lamparas\/lampara-mosaico-de-techo\/","og_locale":"es_ES","og_type":"article","og_title":"Alfombras y Kilims en Madrid | El Rinc\u00f3n de Fehmi Madrid","og_description":"Globo: 17 cm. Material: Cristal artesanal Estructura: Lat\u00f3n Altura: 70 cm Anchura: 17 cm. Hecho en Turqu\u00eda Bombilla: Led E 14","og_url":"https:\/\/elrincondefehmi.com\/es\/tienda\/lamparas\/lampara-mosaico-de-techo\/","og_site_name":"El Rinc\u00f3n de Fehmi Madrid","article_modified_time":"2025-07-02T16:53:26+00:00","og_image":[{"width":1000,"height":1000,"url":"https:\/\/elrincondefehmi.com\/es\/wp-content\/uploads\/2023\/05\/IMG_0256-1.jpg","type":"image\/jpeg"}],"twitter_card":"summary_large_image","schema":{"@context":"https:\/\/schema.org","@graph":[{"@type":"WebPage","@id":"https:\/\/elrincondefehmi.com\/es\/tienda\/lamparas\/lampara-mosaico-de-techo\/","url":"https:\/\/elrincondefehmi.com\/es\/tienda\/lamparas\/lampara-mosaico-de-techo\/","name":"Alfombras y Kilims en Madrid | El Rinc\u00f3n de Fehmi Madrid","isPartOf":{"@id":"https:\/\/elrincondefehmi.com\/es\/#website"},"datePublished":"2023-05-18T01:09:20+00:00","dateModified":"2025-07-02T16:53:26+00:00","breadcrumb":{"@id":"https:\/\/elrincondefehmi.com\/es\/tienda\/lamparas\/lampara-mosaico-de-techo\/#breadcrumb"},"inLanguage":"es","potentialAction":[{"@type":"ReadAction","target":["https:\/\/elrincondefehmi.com\/es\/tienda\/lamparas\/lampara-mosaico-de-techo\/"]}]},{"@type":"BreadcrumbList","@id":"https:\/\/elrincondefehmi.com\/es\/tienda\/lamparas\/lampara-mosaico-de-techo\/#breadcrumb","itemListElement":[{"@type":"ListItem","position":1,"name":"PRODUCTOS","item":"https:\/\/elrincondefehmi.com\/es\/all-product\/"},{"@type":"ListItem","position":2,"name":"L\u00e1mpara colgante artesanal de cristal rosa y rojo \u2013 \u00d817 cm"}]},{"@type":"WebSite","@id":"https:\/\/elrincondefehmi.com\/es\/#website","url":"https:\/\/elrincondefehmi.com\/es\/","name":"El Rinc\u00f3n de Fehmi Madrid","description":"Tienda de alfombras en Madrid.  En El Rinc\u00f3n de Fehmi somos especialistas en alfombras artesanales, alfombras modernas contempor\u00e1neas kilims de Turqu\u00eda","potentialAction":[{"@type":"SearchAction","target":{"@type":"EntryPoint","urlTemplate":"https:\/\/elrincondefehmi.com\/es\/?s={search_term_string}"},"query-input":"required name=search_term_string"}],"inLanguage":"es"}]}},"_links":{"self":[{"href":"https:\/\/elrincondefehmi.com\/es\/wp-json\/wp\/v2\/product\/2996"}],"collection":[{"href":"https:\/\/elrincondefehmi.com\/es\/wp-json\/wp\/v2\/product"}],"about":[{"href":"https:\/\/elrincondefehmi.com\/es\/wp-json\/wp\/v2\/types\/product"}],"replies":[{"embeddable":true,"href":"https:\/\/elrincondefehmi.com\/es\/wp-json\/wp\/v2\/comments?post=2996"}],"wp:featuredmedia":[{"embeddable":true,"href":"https:\/\/elrincondefehmi.com\/es\/wp-json\/wp\/v2\/media\/25841"}],"wp:attachment":[{"href":"https:\/\/elrincondefehmi.com\/es\/wp-json\/wp\/v2\/media?parent=2996"}],"wp:term":[{"taxonomy":"product_cat","embeddable":true,"href":"https:\/\/elrincondefehmi.com\/es\/wp-json\/wp\/v2\/product_cat?post=2996"},{"taxonomy":"product_tag","embeddable":true,"href":"https:\/\/elrincondefehmi.com\/es\/wp-json\/wp\/v2\/product_tag?post=2996"}],"curies":[{"name":"wp","href":"https:\/\/api.w.org\/{rel}","templated":true}]}}