{"id":26459,"date":"2025-11-01T13:06:17","date_gmt":"2025-11-01T13:06:17","guid":{"rendered":"https:\/\/elrincondefehmi.com\/es\/?post_type=product&#038;p=26459"},"modified":"2025-11-01T13:14:49","modified_gmt":"2025-11-01T13:14:49","slug":"alfombra-yute-beige-natural","status":"publish","type":"product","link":"https:\/\/elrincondefehmi.com\/es\/tienda\/alfombras-turcas\/alfombras-modernas\/alfombra-yute-beige-natural\/","title":{"rendered":"Alfombra de yute beige 5700"},"content":{"rendered":"<h1 data-start=\"172\" data-end=\"558\"><span style=\"font-size: 20px;\">Alfombra Yute Beige<\/span><\/h1>\n<p data-start=\"172\" data-end=\"558\">Esta alfombra de yute beige est\u00e1 tejida a mano con hilo 100% natural, lo que le confiere un car\u00e1cter sostenible y aut\u00e9ntico. Su dise\u00f1o de textura uniforme y tono neutro la convierte en una opci\u00f3n vers\u00e1til, ideal para salones, dormitorios, pasillos y zonas de paso. Compatible con suelos radiantes y perfecta para estilos modernos, minimalistas o escandinavos. Aporta calidez, confort y aislamiento t\u00e9rmico a cualquier estancia.<\/p>\n","protected":false},"excerpt":{"rendered":"<div class=\"product-short-description\">\n<div class=\"elementor-element elementor-element-d43f665 mb-0 elementor-widget elementor-widget-porto_cp_excerpt\" data-id=\"d43f665\" data-element_type=\"widget\" data-widget_type=\"porto_cp_excerpt.default\">\n<div class=\"elementor-widget-container\">\n<div class=\"description woocommerce-product-details__short-description\">\n<ul data-start=\"811\" data-end=\"1093\">\n<li data-start=\"811\" data-end=\"845\">\n<p data-start=\"813\" data-end=\"845\"><strong data-start=\"813\" data-end=\"825\">Material<\/strong>: 100 % yute natural<\/p>\n<\/li>\n<li data-start=\"846\" data-end=\"890\">\n<p data-start=\"848\" data-end=\"890\"><strong data-start=\"848\" data-end=\"857\">Color<\/strong>: beige<\/p>\n<\/li>\n<li data-start=\"891\" data-end=\"946\">\n<p data-start=\"893\" data-end=\"946\"><strong data-start=\"893\" data-end=\"903\">Dise\u00f1o<\/strong>: patr\u00f3n de trenzas horizontales beige<\/p>\n<\/li>\n<li data-start=\"947\" data-end=\"997\">\n<p data-start=\"949\" data-end=\"997\"><strong data-start=\"949\" data-end=\"959\">Estilo<\/strong>: r\u00fastico, boho, natural o escandinavo<\/p>\n<\/li>\n<li data-start=\"998\" data-end=\"1026\">\n<p data-start=\"1000\" data-end=\"1026\"><strong data-start=\"1000\" data-end=\"1015\">Fabricaci\u00f3n<\/strong>: artesanal<\/p>\n<\/li>\n<li data-start=\"1027\" data-end=\"1093\">\n<p data-start=\"1029\" data-end=\"1093\"><strong data-start=\"1029\" data-end=\"1043\">Sostenible<\/strong>: biodegradable y respetuosa con el medio ambiente<\/p>\n<\/li>\n<\/ul>\n<\/div>\n<\/div>\n<\/div>\n<\/div>\n","protected":false},"featured_media":26463,"comment_status":"open","ping_status":"closed","template":"","meta":[],"product_cat":[19,435,308,315],"product_tag":[355,353,352,354],"yoast_head":"<!-- This site is optimized with the Yoast SEO plugin v21.5 - https:\/\/yoast.com\/wordpress\/plugins\/seo\/ -->\n<title>Alfombra Yute Beige Natural | El Rinc\u00f3n de Fehmi Madrid<\/title>\n<meta name=\"description\" content=\"Alfombra de yute beige natural, tejida a mano y perfecta para estilos modernos. Ideal para sal\u00f3n, dormitorio o recibidor. \u00a1Sostenible y en oferta en El Rinc\u00f3n de Fehmi!\" \/>\n<meta name=\"robots\" content=\"index, follow, max-snippet:-1, max-image-preview:large, max-video-preview:-1\" \/>\n<link rel=\"canonical\" href=\"https:\/\/elrincondefehmi.com\/es\/tienda\/alfombras-turcas\/alfombras-modernas\/alfombra-yute-beige-natural\/\" \/>\n<meta property=\"og:locale\" content=\"es_ES\" \/>\n<meta property=\"og:type\" content=\"article\" \/>\n<meta property=\"og:title\" content=\"Alfombra Yute Beige Natural | El Rinc\u00f3n de Fehmi Madrid\" \/>\n<meta property=\"og:description\" content=\"Alfombra de yute beige natural, tejida a mano y perfecta para estilos modernos. Ideal para sal\u00f3n, dormitorio o recibidor. \u00a1Sostenible y en oferta en El Rinc\u00f3n de Fehmi!\" \/>\n<meta property=\"og:url\" content=\"https:\/\/elrincondefehmi.com\/es\/tienda\/alfombras-turcas\/alfombras-modernas\/alfombra-yute-beige-natural\/\" \/>\n<meta property=\"og:site_name\" content=\"El Rinc\u00f3n de Fehmi Madrid\" \/>\n<meta property=\"article:modified_time\" content=\"2025-11-01T13:14:49+00:00\" \/>\n<meta property=\"og:image\" content=\"https:\/\/elrincondefehmi.com\/es\/wp-content\/uploads\/2025\/11\/GLB001_5700Beige_1.jpg\" \/>\n\t<meta property=\"og:image:width\" content=\"774\" \/>\n\t<meta property=\"og:image:height\" content=\"1050\" \/>\n\t<meta property=\"og:image:type\" content=\"image\/jpeg\" \/>\n<meta name=\"twitter:card\" content=\"summary_large_image\" \/>\n<script type=\"application\/ld+json\" class=\"yoast-schema-graph\">{\"@context\":\"https:\/\/schema.org\",\"@graph\":[{\"@type\":\"WebPage\",\"@id\":\"https:\/\/elrincondefehmi.com\/es\/tienda\/alfombras-turcas\/alfombras-modernas\/alfombra-yute-beige-natural\/\",\"url\":\"https:\/\/elrincondefehmi.com\/es\/tienda\/alfombras-turcas\/alfombras-modernas\/alfombra-yute-beige-natural\/\",\"name\":\"Alfombra Yute Beige Natural | El Rinc\u00f3n de Fehmi Madrid\",\"isPartOf\":{\"@id\":\"https:\/\/elrincondefehmi.com\/es\/#website\"},\"datePublished\":\"2025-11-01T13:06:17+00:00\",\"dateModified\":\"2025-11-01T13:14:49+00:00\",\"description\":\"Alfombra de yute beige natural, tejida a mano y perfecta para estilos modernos. Ideal para sal\u00f3n, dormitorio o recibidor. \u00a1Sostenible y en oferta en El Rinc\u00f3n de Fehmi!\",\"breadcrumb\":{\"@id\":\"https:\/\/elrincondefehmi.com\/es\/tienda\/alfombras-turcas\/alfombras-modernas\/alfombra-yute-beige-natural\/#breadcrumb\"},\"inLanguage\":\"es\",\"potentialAction\":[{\"@type\":\"ReadAction\",\"target\":[\"https:\/\/elrincondefehmi.com\/es\/tienda\/alfombras-turcas\/alfombras-modernas\/alfombra-yute-beige-natural\/\"]}]},{\"@type\":\"BreadcrumbList\",\"@id\":\"https:\/\/elrincondefehmi.com\/es\/tienda\/alfombras-turcas\/alfombras-modernas\/alfombra-yute-beige-natural\/#breadcrumb\",\"itemListElement\":[{\"@type\":\"ListItem\",\"position\":1,\"name\":\"PRODUCTOS\",\"item\":\"https:\/\/elrincondefehmi.com\/es\/all-product\/\"},{\"@type\":\"ListItem\",\"position\":2,\"name\":\"Alfombra de yute beige 5700\"}]},{\"@type\":\"WebSite\",\"@id\":\"https:\/\/elrincondefehmi.com\/es\/#website\",\"url\":\"https:\/\/elrincondefehmi.com\/es\/\",\"name\":\"El Rinc\u00f3n de Fehmi Madrid\",\"description\":\"Tienda de alfombras en Madrid.  En El Rinc\u00f3n de Fehmi somos especialistas en alfombras artesanales, alfombras modernas contempor\u00e1neas kilims de Turqu\u00eda\",\"potentialAction\":[{\"@type\":\"SearchAction\",\"target\":{\"@type\":\"EntryPoint\",\"urlTemplate\":\"https:\/\/elrincondefehmi.com\/es\/?s={search_term_string}\"},\"query-input\":\"required name=search_term_string\"}],\"inLanguage\":\"es\"}]}<\/script>\n<!-- \/ Yoast SEO plugin. -->","yoast_head_json":{"title":"Alfombra Yute Beige Natural | El Rinc\u00f3n de Fehmi Madrid","description":"Alfombra de yute beige natural, tejida a mano y perfecta para estilos modernos. Ideal para sal\u00f3n, dormitorio o recibidor. \u00a1Sostenible y en oferta en El Rinc\u00f3n de Fehmi!","robots":{"index":"index","follow":"follow","max-snippet":"max-snippet:-1","max-image-preview":"max-image-preview:large","max-video-preview":"max-video-preview:-1"},"canonical":"https:\/\/elrincondefehmi.com\/es\/tienda\/alfombras-turcas\/alfombras-modernas\/alfombra-yute-beige-natural\/","og_locale":"es_ES","og_type":"article","og_title":"Alfombra Yute Beige Natural | El Rinc\u00f3n de Fehmi Madrid","og_description":"Alfombra de yute beige natural, tejida a mano y perfecta para estilos modernos. Ideal para sal\u00f3n, dormitorio o recibidor. \u00a1Sostenible y en oferta en El Rinc\u00f3n de Fehmi!","og_url":"https:\/\/elrincondefehmi.com\/es\/tienda\/alfombras-turcas\/alfombras-modernas\/alfombra-yute-beige-natural\/","og_site_name":"El Rinc\u00f3n de Fehmi Madrid","article_modified_time":"2025-11-01T13:14:49+00:00","og_image":[{"width":774,"height":1050,"url":"https:\/\/elrincondefehmi.com\/es\/wp-content\/uploads\/2025\/11\/GLB001_5700Beige_1.jpg","type":"image\/jpeg"}],"twitter_card":"summary_large_image","schema":{"@context":"https:\/\/schema.org","@graph":[{"@type":"WebPage","@id":"https:\/\/elrincondefehmi.com\/es\/tienda\/alfombras-turcas\/alfombras-modernas\/alfombra-yute-beige-natural\/","url":"https:\/\/elrincondefehmi.com\/es\/tienda\/alfombras-turcas\/alfombras-modernas\/alfombra-yute-beige-natural\/","name":"Alfombra Yute Beige Natural | El Rinc\u00f3n de Fehmi Madrid","isPartOf":{"@id":"https:\/\/elrincondefehmi.com\/es\/#website"},"datePublished":"2025-11-01T13:06:17+00:00","dateModified":"2025-11-01T13:14:49+00:00","description":"Alfombra de yute beige natural, tejida a mano y perfecta para estilos modernos. Ideal para sal\u00f3n, dormitorio o recibidor. \u00a1Sostenible y en oferta en El Rinc\u00f3n de Fehmi!","breadcrumb":{"@id":"https:\/\/elrincondefehmi.com\/es\/tienda\/alfombras-turcas\/alfombras-modernas\/alfombra-yute-beige-natural\/#breadcrumb"},"inLanguage":"es","potentialAction":[{"@type":"ReadAction","target":["https:\/\/elrincondefehmi.com\/es\/tienda\/alfombras-turcas\/alfombras-modernas\/alfombra-yute-beige-natural\/"]}]},{"@type":"BreadcrumbList","@id":"https:\/\/elrincondefehmi.com\/es\/tienda\/alfombras-turcas\/alfombras-modernas\/alfombra-yute-beige-natural\/#breadcrumb","itemListElement":[{"@type":"ListItem","position":1,"name":"PRODUCTOS","item":"https:\/\/elrincondefehmi.com\/es\/all-product\/"},{"@type":"ListItem","position":2,"name":"Alfombra de yute beige 5700"}]},{"@type":"WebSite","@id":"https:\/\/elrincondefehmi.com\/es\/#website","url":"https:\/\/elrincondefehmi.com\/es\/","name":"El Rinc\u00f3n de Fehmi Madrid","description":"Tienda de alfombras en Madrid.  En El Rinc\u00f3n de Fehmi somos especialistas en alfombras artesanales, alfombras modernas contempor\u00e1neas kilims de Turqu\u00eda","potentialAction":[{"@type":"SearchAction","target":{"@type":"EntryPoint","urlTemplate":"https:\/\/elrincondefehmi.com\/es\/?s={search_term_string}"},"query-input":"required name=search_term_string"}],"inLanguage":"es"}]}},"_links":{"self":[{"href":"https:\/\/elrincondefehmi.com\/es\/wp-json\/wp\/v2\/product\/26459"}],"collection":[{"href":"https:\/\/elrincondefehmi.com\/es\/wp-json\/wp\/v2\/product"}],"about":[{"href":"https:\/\/elrincondefehmi.com\/es\/wp-json\/wp\/v2\/types\/product"}],"replies":[{"embeddable":true,"href":"https:\/\/elrincondefehmi.com\/es\/wp-json\/wp\/v2\/comments?post=26459"}],"wp:featuredmedia":[{"embeddable":true,"href":"https:\/\/elrincondefehmi.com\/es\/wp-json\/wp\/v2\/media\/26463"}],"wp:attachment":[{"href":"https:\/\/elrincondefehmi.com\/es\/wp-json\/wp\/v2\/media?parent=26459"}],"wp:term":[{"taxonomy":"product_cat","embeddable":true,"href":"https:\/\/elrincondefehmi.com\/es\/wp-json\/wp\/v2\/product_cat?post=26459"},{"taxonomy":"product_tag","embeddable":true,"href":"https:\/\/elrincondefehmi.com\/es\/wp-json\/wp\/v2\/product_tag?post=26459"}],"curies":[{"name":"wp","href":"https:\/\/api.w.org\/{rel}","templated":true}]}}