{"id":26452,"date":"2025-10-31T19:19:15","date_gmt":"2025-10-31T19:19:15","guid":{"rendered":"https:\/\/elrincondefehmi.com\/es\/?post_type=product&#038;p=26452"},"modified":"2025-10-31T19:27:57","modified_gmt":"2025-10-31T19:27:57","slug":"alfombra-yute-gris-natural","status":"publish","type":"product","link":"https:\/\/elrincondefehmi.com\/es\/tienda\/alfombras-turcas\/alfombras-modernas\/alfombra-yute-gris-natural\/","title":{"rendered":"Alfombra de yute gris natural 5760"},"content":{"rendered":"<h1 data-start=\"172\" data-end=\"558\"><span style=\"font-size: 20px;\">Alfombra Yute Gis Natural<\/span><\/h1>\n<p data-start=\"172\" data-end=\"558\">Descubre la elegancia natural de nuestra alfombra de yute en tonos gris oscuro. Hecha 100% con fibras de yute, esta pieza es ideal para quienes buscan una decoraci\u00f3n sostenible, funcional y con estilo. Su trenzado plano y dise\u00f1o sobrio aportan textura y calidez al ambiente, convirti\u00e9ndola en una opci\u00f3n perfecta para salones modernos, recibidores acogedores o dormitorios minimalistas.<\/p>\n<p data-start=\"560\" data-end=\"790\">Gracias a su base natural, esta alfombra es compatible con suelos radiantes y mejora el aislamiento t\u00e9rmico. Adem\u00e1s, su estilo vers\u00e1til se adapta tanto a espacios de inspiraci\u00f3n n\u00f3rdica como a interiores r\u00fasticos o contempor\u00e1neos.<\/p>\n<p data-start=\"792\" data-end=\"932\">Ideal para quienes apuestan por productos ecol\u00f3gicos y duraderos, esta alfombra de yute combina belleza artesanal con funcionalidad moderna.<\/p>\n","protected":false},"excerpt":{"rendered":"<div class=\"product-short-description\">\n<div class=\"elementor-element elementor-element-d43f665 mb-0 elementor-widget elementor-widget-porto_cp_excerpt\" data-id=\"d43f665\" data-element_type=\"widget\" data-widget_type=\"porto_cp_excerpt.default\">\n<div class=\"elementor-widget-container\">\n<div class=\"description woocommerce-product-details__short-description\">\n<ul data-start=\"811\" data-end=\"1093\">\n<li data-start=\"811\" data-end=\"845\">\n<p data-start=\"813\" data-end=\"845\"><strong data-start=\"813\" data-end=\"825\">Material<\/strong>: 100 % yute natural<\/p>\n<\/li>\n<li data-start=\"846\" data-end=\"890\">\n<p data-start=\"848\" data-end=\"890\"><strong data-start=\"848\" data-end=\"857\">Color<\/strong>: gris<\/p>\n<\/li>\n<li data-start=\"891\" data-end=\"946\">\n<p data-start=\"893\" data-end=\"946\"><strong data-start=\"893\" data-end=\"903\">Dise\u00f1o<\/strong>: patr\u00f3n de trenzas horizontales gris<\/p>\n<\/li>\n<li data-start=\"947\" data-end=\"997\">\n<p data-start=\"949\" data-end=\"997\"><strong data-start=\"949\" data-end=\"959\">Estilo<\/strong>: r\u00fastico, boho, natural o escandinavo<\/p>\n<\/li>\n<li data-start=\"998\" data-end=\"1026\">\n<p data-start=\"1000\" data-end=\"1026\"><strong data-start=\"1000\" data-end=\"1015\">Fabricaci\u00f3n<\/strong>: artesanal<\/p>\n<\/li>\n<li data-start=\"1027\" data-end=\"1093\">\n<p data-start=\"1029\" data-end=\"1093\"><strong data-start=\"1029\" data-end=\"1043\">Sostenible<\/strong>: biodegradable y respetuosa con el medio ambiente<\/p>\n<\/li>\n<\/ul>\n<\/div>\n<\/div>\n<\/div>\n<\/div>\n","protected":false},"featured_media":26451,"comment_status":"open","ping_status":"closed","template":"","meta":[],"product_cat":[19,435,308,315],"product_tag":[355,353,352,354],"yoast_head":"<!-- This site is optimized with the Yoast SEO plugin v21.5 - https:\/\/yoast.com\/wordpress\/plugins\/seo\/ -->\n<title>Alfombra Yute Gis Natural | El Rinc\u00f3n de Fehmi Madrid<\/title>\n<meta name=\"description\" content=\"Decora tu hogar con esta alfombra de yute gris 100% natural. Ideal para estilos modernos o n\u00f3rdicos. Apta para suelos radiantes. \u00a1Dise\u00f1o sostenible en oferta!\" \/>\n<meta name=\"robots\" content=\"index, follow, max-snippet:-1, max-image-preview:large, max-video-preview:-1\" \/>\n<link rel=\"canonical\" href=\"https:\/\/elrincondefehmi.com\/es\/tienda\/alfombras-turcas\/alfombras-modernas\/alfombra-yute-gris-natural\/\" \/>\n<meta property=\"og:locale\" content=\"es_ES\" \/>\n<meta property=\"og:type\" content=\"article\" \/>\n<meta property=\"og:title\" content=\"Alfombra Yute Gis Natural | El Rinc\u00f3n de Fehmi Madrid\" \/>\n<meta property=\"og:description\" content=\"Decora tu hogar con esta alfombra de yute gris 100% natural. Ideal para estilos modernos o n\u00f3rdicos. Apta para suelos radiantes. \u00a1Dise\u00f1o sostenible en oferta!\" \/>\n<meta property=\"og:url\" content=\"https:\/\/elrincondefehmi.com\/es\/tienda\/alfombras-turcas\/alfombras-modernas\/alfombra-yute-gris-natural\/\" \/>\n<meta property=\"og:site_name\" content=\"El Rinc\u00f3n de Fehmi Madrid\" \/>\n<meta property=\"article:modified_time\" content=\"2025-10-31T19:27:57+00:00\" \/>\n<meta property=\"og:image\" content=\"https:\/\/elrincondefehmi.com\/es\/wp-content\/uploads\/2025\/10\/DLC001_5760Feldgrau_1.jpg\" \/>\n\t<meta property=\"og:image:width\" content=\"750\" \/>\n\t<meta property=\"og:image:height\" content=\"1050\" \/>\n\t<meta property=\"og:image:type\" content=\"image\/jpeg\" \/>\n<meta name=\"twitter:card\" content=\"summary_large_image\" \/>\n<script type=\"application\/ld+json\" class=\"yoast-schema-graph\">{\"@context\":\"https:\/\/schema.org\",\"@graph\":[{\"@type\":\"WebPage\",\"@id\":\"https:\/\/elrincondefehmi.com\/es\/tienda\/alfombras-turcas\/alfombras-modernas\/alfombra-yute-gris-natural\/\",\"url\":\"https:\/\/elrincondefehmi.com\/es\/tienda\/alfombras-turcas\/alfombras-modernas\/alfombra-yute-gris-natural\/\",\"name\":\"Alfombra Yute Gis Natural | El Rinc\u00f3n de Fehmi Madrid\",\"isPartOf\":{\"@id\":\"https:\/\/elrincondefehmi.com\/es\/#website\"},\"datePublished\":\"2025-10-31T19:19:15+00:00\",\"dateModified\":\"2025-10-31T19:27:57+00:00\",\"description\":\"Decora tu hogar con esta alfombra de yute gris 100% natural. Ideal para estilos modernos o n\u00f3rdicos. Apta para suelos radiantes. \u00a1Dise\u00f1o sostenible en oferta!\",\"breadcrumb\":{\"@id\":\"https:\/\/elrincondefehmi.com\/es\/tienda\/alfombras-turcas\/alfombras-modernas\/alfombra-yute-gris-natural\/#breadcrumb\"},\"inLanguage\":\"es\",\"potentialAction\":[{\"@type\":\"ReadAction\",\"target\":[\"https:\/\/elrincondefehmi.com\/es\/tienda\/alfombras-turcas\/alfombras-modernas\/alfombra-yute-gris-natural\/\"]}]},{\"@type\":\"BreadcrumbList\",\"@id\":\"https:\/\/elrincondefehmi.com\/es\/tienda\/alfombras-turcas\/alfombras-modernas\/alfombra-yute-gris-natural\/#breadcrumb\",\"itemListElement\":[{\"@type\":\"ListItem\",\"position\":1,\"name\":\"PRODUCTOS\",\"item\":\"https:\/\/elrincondefehmi.com\/es\/all-product\/\"},{\"@type\":\"ListItem\",\"position\":2,\"name\":\"Alfombra de yute gris natural 5760\"}]},{\"@type\":\"WebSite\",\"@id\":\"https:\/\/elrincondefehmi.com\/es\/#website\",\"url\":\"https:\/\/elrincondefehmi.com\/es\/\",\"name\":\"El Rinc\u00f3n de Fehmi Madrid\",\"description\":\"Tienda de alfombras en Madrid.  En El Rinc\u00f3n de Fehmi somos especialistas en alfombras artesanales, alfombras modernas contempor\u00e1neas kilims de Turqu\u00eda\",\"potentialAction\":[{\"@type\":\"SearchAction\",\"target\":{\"@type\":\"EntryPoint\",\"urlTemplate\":\"https:\/\/elrincondefehmi.com\/es\/?s={search_term_string}\"},\"query-input\":\"required name=search_term_string\"}],\"inLanguage\":\"es\"}]}<\/script>\n<!-- \/ Yoast SEO plugin. -->","yoast_head_json":{"title":"Alfombra Yute Gis Natural | El Rinc\u00f3n de Fehmi Madrid","description":"Decora tu hogar con esta alfombra de yute gris 100% natural. Ideal para estilos modernos o n\u00f3rdicos. Apta para suelos radiantes. \u00a1Dise\u00f1o sostenible en oferta!","robots":{"index":"index","follow":"follow","max-snippet":"max-snippet:-1","max-image-preview":"max-image-preview:large","max-video-preview":"max-video-preview:-1"},"canonical":"https:\/\/elrincondefehmi.com\/es\/tienda\/alfombras-turcas\/alfombras-modernas\/alfombra-yute-gris-natural\/","og_locale":"es_ES","og_type":"article","og_title":"Alfombra Yute Gis Natural | El Rinc\u00f3n de Fehmi Madrid","og_description":"Decora tu hogar con esta alfombra de yute gris 100% natural. Ideal para estilos modernos o n\u00f3rdicos. Apta para suelos radiantes. \u00a1Dise\u00f1o sostenible en oferta!","og_url":"https:\/\/elrincondefehmi.com\/es\/tienda\/alfombras-turcas\/alfombras-modernas\/alfombra-yute-gris-natural\/","og_site_name":"El Rinc\u00f3n de Fehmi Madrid","article_modified_time":"2025-10-31T19:27:57+00:00","og_image":[{"width":750,"height":1050,"url":"https:\/\/elrincondefehmi.com\/es\/wp-content\/uploads\/2025\/10\/DLC001_5760Feldgrau_1.jpg","type":"image\/jpeg"}],"twitter_card":"summary_large_image","schema":{"@context":"https:\/\/schema.org","@graph":[{"@type":"WebPage","@id":"https:\/\/elrincondefehmi.com\/es\/tienda\/alfombras-turcas\/alfombras-modernas\/alfombra-yute-gris-natural\/","url":"https:\/\/elrincondefehmi.com\/es\/tienda\/alfombras-turcas\/alfombras-modernas\/alfombra-yute-gris-natural\/","name":"Alfombra Yute Gis Natural | El Rinc\u00f3n de Fehmi Madrid","isPartOf":{"@id":"https:\/\/elrincondefehmi.com\/es\/#website"},"datePublished":"2025-10-31T19:19:15+00:00","dateModified":"2025-10-31T19:27:57+00:00","description":"Decora tu hogar con esta alfombra de yute gris 100% natural. Ideal para estilos modernos o n\u00f3rdicos. Apta para suelos radiantes. \u00a1Dise\u00f1o sostenible en oferta!","breadcrumb":{"@id":"https:\/\/elrincondefehmi.com\/es\/tienda\/alfombras-turcas\/alfombras-modernas\/alfombra-yute-gris-natural\/#breadcrumb"},"inLanguage":"es","potentialAction":[{"@type":"ReadAction","target":["https:\/\/elrincondefehmi.com\/es\/tienda\/alfombras-turcas\/alfombras-modernas\/alfombra-yute-gris-natural\/"]}]},{"@type":"BreadcrumbList","@id":"https:\/\/elrincondefehmi.com\/es\/tienda\/alfombras-turcas\/alfombras-modernas\/alfombra-yute-gris-natural\/#breadcrumb","itemListElement":[{"@type":"ListItem","position":1,"name":"PRODUCTOS","item":"https:\/\/elrincondefehmi.com\/es\/all-product\/"},{"@type":"ListItem","position":2,"name":"Alfombra de yute gris natural 5760"}]},{"@type":"WebSite","@id":"https:\/\/elrincondefehmi.com\/es\/#website","url":"https:\/\/elrincondefehmi.com\/es\/","name":"El Rinc\u00f3n de Fehmi Madrid","description":"Tienda de alfombras en Madrid.  En El Rinc\u00f3n de Fehmi somos especialistas en alfombras artesanales, alfombras modernas contempor\u00e1neas kilims de Turqu\u00eda","potentialAction":[{"@type":"SearchAction","target":{"@type":"EntryPoint","urlTemplate":"https:\/\/elrincondefehmi.com\/es\/?s={search_term_string}"},"query-input":"required name=search_term_string"}],"inLanguage":"es"}]}},"_links":{"self":[{"href":"https:\/\/elrincondefehmi.com\/es\/wp-json\/wp\/v2\/product\/26452"}],"collection":[{"href":"https:\/\/elrincondefehmi.com\/es\/wp-json\/wp\/v2\/product"}],"about":[{"href":"https:\/\/elrincondefehmi.com\/es\/wp-json\/wp\/v2\/types\/product"}],"replies":[{"embeddable":true,"href":"https:\/\/elrincondefehmi.com\/es\/wp-json\/wp\/v2\/comments?post=26452"}],"wp:featuredmedia":[{"embeddable":true,"href":"https:\/\/elrincondefehmi.com\/es\/wp-json\/wp\/v2\/media\/26451"}],"wp:attachment":[{"href":"https:\/\/elrincondefehmi.com\/es\/wp-json\/wp\/v2\/media?parent=26452"}],"wp:term":[{"taxonomy":"product_cat","embeddable":true,"href":"https:\/\/elrincondefehmi.com\/es\/wp-json\/wp\/v2\/product_cat?post=26452"},{"taxonomy":"product_tag","embeddable":true,"href":"https:\/\/elrincondefehmi.com\/es\/wp-json\/wp\/v2\/product_tag?post=26452"}],"curies":[{"name":"wp","href":"https:\/\/api.w.org\/{rel}","templated":true}]}}