{"id":26394,"date":"2025-10-28T11:57:59","date_gmt":"2025-10-28T11:57:59","guid":{"rendered":"https:\/\/elrincondefehmi.com\/es\/?post_type=product&#038;p=26394"},"modified":"2025-10-28T12:53:35","modified_gmt":"2025-10-28T12:53:35","slug":"alfombra-turca","status":"publish","type":"product","link":"https:\/\/elrincondefehmi.com\/es\/tienda\/alfombras-turcas\/alfombras-clasicas\/alfombra-turca\/","title":{"rendered":"Alfombra Turca de Lana  153&#215;201 cm"},"content":{"rendered":"<h1 data-start=\"756\" data-end=\"1157\"><span style=\"font-size: 22px;\">Alfombra turca<\/span><\/h1>\n<p data-start=\"756\" data-end=\"1157\">Esta <strong data-start=\"761\" data-end=\"779\">alfombra turca<\/strong> destaca por su espectacular dise\u00f1o geom\u00e9trico central sobre un fondo rojo intenso que transmite calidez y car\u00e1cter. Fabricada de forma artesanal con fibras naturales, principalmente <strong data-start=\"962\" data-end=\"986\">lana de alta calidad<\/strong>, esta pieza combina tradici\u00f3n y estilo contempor\u00e1neo, siendo perfecta para salones, comedores o espacios amplios donde quieras dar protagonismo a la decoraci\u00f3n del suelo.<\/p>\n<p data-start=\"1159\" data-end=\"1471\">Los colores vivos y el equilibrio entre los tonos rojo, azul, mostaza y crema reflejan la riqueza cultural de las regiones turcas donde se elaboran estas alfombras. Cada detalle del dibujo est\u00e1 meticulosamente tejido a mano, asegurando una pieza duradera y \u00fanica que conservar\u00e1 su belleza con el paso del tiempo.<\/p>\n<p data-start=\"1473\" data-end=\"1764\">En <strong data-start=\"1476\" data-end=\"1498\">El Rinc\u00f3n de Fehmi<\/strong> seleccionamos cada alfombra personalmente para ofrecer a nuestros clientes productos con alma, historia y dise\u00f1o exclusivo. Esta alfombra turca mide aproximadamente 153 x201 cm\u00a0 y est\u00e1 disponible para env\u00edo inmediato desde nuestro almac\u00e9n.<\/p>\n<p data-start=\"1766\" data-end=\"2035\">Su dise\u00f1o vers\u00e1til permite integrarla en ambientes cl\u00e1sicos, bohemios o modernos. Ideal para aportar personalidad a cualquier rinc\u00f3n de tu hogar o como elemento central en estancias neutras. Adem\u00e1s, su tejido artesanal permite una limpieza sencilla y larga durabilidad.<\/p>\n<p data-start=\"2037\" data-end=\"2218\">No dejes pasar la oportunidad de incorporar una pieza de colecci\u00f3n a tu hogar. Visita tambi\u00e9n nuestras <a href=\"https:\/\/elrincondefehmi.com\/es\/categoria-producto\/alfombras-turcas\/alfombras-vintage\/\">alfombras vintag<\/a>e y <a href=\"https:\/\/elrincondefehmi.com\/es\/categoria-producto\/kilim\/\">kilims turcos<\/a> para descubrir m\u00e1s modelos \u00fanicos.<\/p>\n","protected":false},"excerpt":{"rendered":"<p>Alfombra cl\u00e1sica oriental turca<\/p>\n<p>Material: Lana y algod\u00f3n<\/p>\n<p>Medidas: 153 x 201 cm<\/p>\n<p>36 nudos por cm\u00b2 360,000 nudos por m\u00b2<\/p>\n<p>Hecho a mano<\/p>\n","protected":false},"featured_media":26395,"comment_status":"open","ping_status":"closed","template":"","meta":[],"product_cat":[19,308,316],"product_tag":[355,353,352,354],"yoast_head":"<!-- This site is optimized with the Yoast SEO plugin v21.5 - https:\/\/yoast.com\/wordpress\/plugins\/seo\/ -->\n<title>Alfombra tribal cauc\u00e1sica artesanal | El Rinc\u00f3n de Fehmi Madrid | Alfombras Econ\u00f3micas turcas<\/title>\n<meta name=\"description\" content=\"Descubre esta alfombra turca artesanal de lana roja con dise\u00f1o geom\u00e9trico. Elegancia y tradici\u00f3n para tu hogar. Disponible en El Rinc\u00f3n de Fehmi.\" \/>\n<meta name=\"robots\" content=\"index, follow, max-snippet:-1, max-image-preview:large, max-video-preview:-1\" \/>\n<link rel=\"canonical\" href=\"https:\/\/elrincondefehmi.com\/es\/tienda\/alfombras-turcas\/alfombras-clasicas\/alfombra-turca\/\" \/>\n<meta property=\"og:locale\" content=\"es_ES\" \/>\n<meta property=\"og:type\" content=\"article\" \/>\n<meta property=\"og:title\" content=\"Alfombra tribal cauc\u00e1sica artesanal | El Rinc\u00f3n de Fehmi Madrid | Alfombras Econ\u00f3micas turcas\" \/>\n<meta property=\"og:description\" content=\"Descubre esta alfombra turca artesanal de lana roja con dise\u00f1o geom\u00e9trico. Elegancia y tradici\u00f3n para tu hogar. Disponible en El Rinc\u00f3n de Fehmi.\" \/>\n<meta property=\"og:url\" content=\"https:\/\/elrincondefehmi.com\/es\/tienda\/alfombras-turcas\/alfombras-clasicas\/alfombra-turca\/\" \/>\n<meta property=\"og:site_name\" content=\"El Rinc\u00f3n de Fehmi Madrid\" \/>\n<meta property=\"article:modified_time\" content=\"2025-10-28T12:53:35+00:00\" \/>\n<meta property=\"og:image\" content=\"https:\/\/elrincondefehmi.com\/es\/wp-content\/uploads\/2025\/10\/IMG_9512.jpg\" \/>\n\t<meta property=\"og:image:width\" content=\"750\" \/>\n\t<meta property=\"og:image:height\" content=\"1050\" \/>\n\t<meta property=\"og:image:type\" content=\"image\/jpeg\" \/>\n<meta name=\"twitter:card\" content=\"summary_large_image\" \/>\n<script type=\"application\/ld+json\" class=\"yoast-schema-graph\">{\"@context\":\"https:\/\/schema.org\",\"@graph\":[{\"@type\":\"WebPage\",\"@id\":\"https:\/\/elrincondefehmi.com\/es\/tienda\/alfombras-turcas\/alfombras-clasicas\/alfombra-turca\/\",\"url\":\"https:\/\/elrincondefehmi.com\/es\/tienda\/alfombras-turcas\/alfombras-clasicas\/alfombra-turca\/\",\"name\":\"Alfombra tribal cauc\u00e1sica artesanal | El Rinc\u00f3n de Fehmi Madrid | Alfombras Econ\u00f3micas turcas\",\"isPartOf\":{\"@id\":\"https:\/\/elrincondefehmi.com\/es\/#website\"},\"datePublished\":\"2025-10-28T11:57:59+00:00\",\"dateModified\":\"2025-10-28T12:53:35+00:00\",\"description\":\"Descubre esta alfombra turca artesanal de lana roja con dise\u00f1o geom\u00e9trico. Elegancia y tradici\u00f3n para tu hogar. Disponible en El Rinc\u00f3n de Fehmi.\",\"breadcrumb\":{\"@id\":\"https:\/\/elrincondefehmi.com\/es\/tienda\/alfombras-turcas\/alfombras-clasicas\/alfombra-turca\/#breadcrumb\"},\"inLanguage\":\"es\",\"potentialAction\":[{\"@type\":\"ReadAction\",\"target\":[\"https:\/\/elrincondefehmi.com\/es\/tienda\/alfombras-turcas\/alfombras-clasicas\/alfombra-turca\/\"]}]},{\"@type\":\"BreadcrumbList\",\"@id\":\"https:\/\/elrincondefehmi.com\/es\/tienda\/alfombras-turcas\/alfombras-clasicas\/alfombra-turca\/#breadcrumb\",\"itemListElement\":[{\"@type\":\"ListItem\",\"position\":1,\"name\":\"PRODUCTOS\",\"item\":\"https:\/\/elrincondefehmi.com\/es\/all-product\/\"},{\"@type\":\"ListItem\",\"position\":2,\"name\":\"Alfombra Turca de Lana 153&#215;201 cm\"}]},{\"@type\":\"WebSite\",\"@id\":\"https:\/\/elrincondefehmi.com\/es\/#website\",\"url\":\"https:\/\/elrincondefehmi.com\/es\/\",\"name\":\"El Rinc\u00f3n de Fehmi Madrid\",\"description\":\"Tienda de alfombras en Madrid.  En El Rinc\u00f3n de Fehmi somos especialistas en alfombras artesanales, alfombras modernas contempor\u00e1neas kilims de Turqu\u00eda\",\"potentialAction\":[{\"@type\":\"SearchAction\",\"target\":{\"@type\":\"EntryPoint\",\"urlTemplate\":\"https:\/\/elrincondefehmi.com\/es\/?s={search_term_string}\"},\"query-input\":\"required name=search_term_string\"}],\"inLanguage\":\"es\"}]}<\/script>\n<!-- \/ Yoast SEO plugin. -->","yoast_head_json":{"title":"Alfombra tribal cauc\u00e1sica artesanal | El Rinc\u00f3n de Fehmi Madrid | Alfombras Econ\u00f3micas turcas","description":"Descubre esta alfombra turca artesanal de lana roja con dise\u00f1o geom\u00e9trico. Elegancia y tradici\u00f3n para tu hogar. Disponible en El Rinc\u00f3n de Fehmi.","robots":{"index":"index","follow":"follow","max-snippet":"max-snippet:-1","max-image-preview":"max-image-preview:large","max-video-preview":"max-video-preview:-1"},"canonical":"https:\/\/elrincondefehmi.com\/es\/tienda\/alfombras-turcas\/alfombras-clasicas\/alfombra-turca\/","og_locale":"es_ES","og_type":"article","og_title":"Alfombra tribal cauc\u00e1sica artesanal | El Rinc\u00f3n de Fehmi Madrid | Alfombras Econ\u00f3micas turcas","og_description":"Descubre esta alfombra turca artesanal de lana roja con dise\u00f1o geom\u00e9trico. Elegancia y tradici\u00f3n para tu hogar. Disponible en El Rinc\u00f3n de Fehmi.","og_url":"https:\/\/elrincondefehmi.com\/es\/tienda\/alfombras-turcas\/alfombras-clasicas\/alfombra-turca\/","og_site_name":"El Rinc\u00f3n de Fehmi Madrid","article_modified_time":"2025-10-28T12:53:35+00:00","og_image":[{"width":750,"height":1050,"url":"https:\/\/elrincondefehmi.com\/es\/wp-content\/uploads\/2025\/10\/IMG_9512.jpg","type":"image\/jpeg"}],"twitter_card":"summary_large_image","schema":{"@context":"https:\/\/schema.org","@graph":[{"@type":"WebPage","@id":"https:\/\/elrincondefehmi.com\/es\/tienda\/alfombras-turcas\/alfombras-clasicas\/alfombra-turca\/","url":"https:\/\/elrincondefehmi.com\/es\/tienda\/alfombras-turcas\/alfombras-clasicas\/alfombra-turca\/","name":"Alfombra tribal cauc\u00e1sica artesanal | El Rinc\u00f3n de Fehmi Madrid | Alfombras Econ\u00f3micas turcas","isPartOf":{"@id":"https:\/\/elrincondefehmi.com\/es\/#website"},"datePublished":"2025-10-28T11:57:59+00:00","dateModified":"2025-10-28T12:53:35+00:00","description":"Descubre esta alfombra turca artesanal de lana roja con dise\u00f1o geom\u00e9trico. Elegancia y tradici\u00f3n para tu hogar. Disponible en El Rinc\u00f3n de Fehmi.","breadcrumb":{"@id":"https:\/\/elrincondefehmi.com\/es\/tienda\/alfombras-turcas\/alfombras-clasicas\/alfombra-turca\/#breadcrumb"},"inLanguage":"es","potentialAction":[{"@type":"ReadAction","target":["https:\/\/elrincondefehmi.com\/es\/tienda\/alfombras-turcas\/alfombras-clasicas\/alfombra-turca\/"]}]},{"@type":"BreadcrumbList","@id":"https:\/\/elrincondefehmi.com\/es\/tienda\/alfombras-turcas\/alfombras-clasicas\/alfombra-turca\/#breadcrumb","itemListElement":[{"@type":"ListItem","position":1,"name":"PRODUCTOS","item":"https:\/\/elrincondefehmi.com\/es\/all-product\/"},{"@type":"ListItem","position":2,"name":"Alfombra Turca de Lana 153&#215;201 cm"}]},{"@type":"WebSite","@id":"https:\/\/elrincondefehmi.com\/es\/#website","url":"https:\/\/elrincondefehmi.com\/es\/","name":"El Rinc\u00f3n de Fehmi Madrid","description":"Tienda de alfombras en Madrid.  En El Rinc\u00f3n de Fehmi somos especialistas en alfombras artesanales, alfombras modernas contempor\u00e1neas kilims de Turqu\u00eda","potentialAction":[{"@type":"SearchAction","target":{"@type":"EntryPoint","urlTemplate":"https:\/\/elrincondefehmi.com\/es\/?s={search_term_string}"},"query-input":"required name=search_term_string"}],"inLanguage":"es"}]}},"_links":{"self":[{"href":"https:\/\/elrincondefehmi.com\/es\/wp-json\/wp\/v2\/product\/26394"}],"collection":[{"href":"https:\/\/elrincondefehmi.com\/es\/wp-json\/wp\/v2\/product"}],"about":[{"href":"https:\/\/elrincondefehmi.com\/es\/wp-json\/wp\/v2\/types\/product"}],"replies":[{"embeddable":true,"href":"https:\/\/elrincondefehmi.com\/es\/wp-json\/wp\/v2\/comments?post=26394"}],"wp:featuredmedia":[{"embeddable":true,"href":"https:\/\/elrincondefehmi.com\/es\/wp-json\/wp\/v2\/media\/26395"}],"wp:attachment":[{"href":"https:\/\/elrincondefehmi.com\/es\/wp-json\/wp\/v2\/media?parent=26394"}],"wp:term":[{"taxonomy":"product_cat","embeddable":true,"href":"https:\/\/elrincondefehmi.com\/es\/wp-json\/wp\/v2\/product_cat?post=26394"},{"taxonomy":"product_tag","embeddable":true,"href":"https:\/\/elrincondefehmi.com\/es\/wp-json\/wp\/v2\/product_tag?post=26394"}],"curies":[{"name":"wp","href":"https:\/\/api.w.org\/{rel}","templated":true}]}}