{"id":26371,"date":"2025-10-14T11:12:05","date_gmt":"2025-10-14T11:12:05","guid":{"rendered":"https:\/\/elrincondefehmi.com\/es\/?post_type=product&#038;p=26371"},"modified":"2025-10-14T12:14:27","modified_gmt":"2025-10-14T12:14:27","slug":"alfombra-turca-de-lana-de-capadocia","status":"publish","type":"product","link":"https:\/\/elrincondefehmi.com\/es\/tienda\/alfombras-turcas\/alfombras-clasicas\/alfombra-turca-de-lana-de-capadocia\/","title":{"rendered":"Alfombra turca 200&#215;300 cm"},"content":{"rendered":"<h1 data-start=\"697\" data-end=\"764\"><span style=\"font-size: 20px;\"><strong data-start=\"700\" data-end=\"764\">Alfombra turca artesanal de lana y algod\u00f3n 2&#215;3 m \u2013 Capadocia<\/strong><\/span><\/h1>\n<p data-start=\"766\" data-end=\"1078\">Esta <strong data-start=\"771\" data-end=\"802\">alfombra turca de Capadocia<\/strong> ha sido tejida a mano por maestros artesanos utilizando t\u00e9cnicas tradicionales transmitidas durante siglos. Elaborada con <strong data-start=\"925\" data-end=\"955\">lana sobre base de algod\u00f3n<\/strong>, combina materiales naturales de alta calidad con un dise\u00f1o cl\u00e1sico inspirado en los antiguos motivos otomanos y persas.<\/p>\n<p data-start=\"1080\" data-end=\"1281\">Su <strong data-start=\"1083\" data-end=\"1110\">patr\u00f3n floral sim\u00e9trico<\/strong> en tonos beige, marfil, burdeos y azul oscuro ofrece un estilo refinado y elegante, ideal para crear una atm\u00f3sfera c\u00e1lida y distinguida en cualquier estancia del hogar.<\/p>\n<p data-start=\"1283\" data-end=\"1578\">Con una antig\u00fcedad estimada de <strong data-start=\"1314\" data-end=\"1330\">30 a 40 a\u00f1os<\/strong>, esta alfombra se considera <strong data-start=\"1359\" data-end=\"1374\">semiantigua<\/strong>, pero <strong data-start=\"1381\" data-end=\"1404\">nunca ha sido usada<\/strong>, conservando la textura, brillo y firmeza del tejido original. Es una pieza que refleja el equilibrio perfecto entre la tradici\u00f3n artesanal y la durabilidad contempor\u00e1nea.<\/p>\n<h2 data-start=\"1580\" data-end=\"1617\"><span style=\"font-size: 20px;\"><strong data-start=\"1584\" data-end=\"1617\">Caracter\u00edsticas del producto:<\/strong><\/span><\/h2>\n<ul data-start=\"1618\" data-end=\"1891\">\n<li data-start=\"1618\" data-end=\"1652\">\n<p data-start=\"1620\" data-end=\"1652\"><strong data-start=\"1620\" data-end=\"1631\">Origen:<\/strong> Capadocia, Turqu\u00eda<\/p>\n<\/li>\n<li data-start=\"1653\" data-end=\"1703\">\n<p data-start=\"1655\" data-end=\"1703\"><strong data-start=\"1655\" data-end=\"1668\">Material:<\/strong> Lana natural con base de algod\u00f3n<\/p>\n<\/li>\n<li data-start=\"1704\" data-end=\"1732\">\n<p data-start=\"1706\" data-end=\"1732\"><strong data-start=\"1706\" data-end=\"1717\">Tama\u00f1o:<\/strong> 200 x 300 cm<\/p>\n<\/li>\n<li data-start=\"1733\" data-end=\"1786\">\n<p data-start=\"1735\" data-end=\"1786\"><strong data-start=\"1735\" data-end=\"1750\">Antig\u00fcedad:<\/strong> Semiantigua (30-40 a\u00f1os, sin uso)<\/p>\n<\/li>\n<li data-start=\"1787\" data-end=\"1833\">\n<p data-start=\"1789\" data-end=\"1833\"><strong data-start=\"1789\" data-end=\"1801\">T\u00e9cnica:<\/strong> Tejido artesanal hecho a mano<\/p>\n<\/li>\n<li data-start=\"1834\" data-end=\"1891\">\n<p data-start=\"1836\" data-end=\"1891\"><strong data-start=\"1836\" data-end=\"1847\">Dise\u00f1o:<\/strong> Motivos florales cl\u00e1sicos en tonos suaves<\/p>\n<\/li>\n<\/ul>\n<h3><span style=\"font-size: 20px;\"><strong data-start=\"1897\" data-end=\"1912\">Beneficios:<\/strong><\/span><\/h3>\n<ul data-start=\"1913\" data-end=\"2278\">\n<li data-start=\"1913\" data-end=\"1973\">\n<p data-start=\"1915\" data-end=\"1973\">Aporta <strong data-start=\"1922\" data-end=\"1949\">sofisticaci\u00f3n y calidez<\/strong> a cualquier ambiente.<\/p>\n<\/li>\n<li data-start=\"1974\" data-end=\"2049\">\n<p data-start=\"1976\" data-end=\"2049\">Fabricada con <strong data-start=\"1990\" data-end=\"2010\">fibras naturales<\/strong> que aseguran suavidad y resistencia.<\/p>\n<\/li>\n<li data-start=\"2050\" data-end=\"2118\">\n<p data-start=\"2052\" data-end=\"2118\"><strong data-start=\"2052\" data-end=\"2067\">Pieza \u00fanica<\/strong>, tejida artesanalmente en talleres de Capadocia.<\/p>\n<\/li>\n<li data-start=\"2119\" data-end=\"2190\">\n<p data-start=\"2121\" data-end=\"2190\">Combina perfectamente con estilos <strong data-start=\"2155\" data-end=\"2187\">cl\u00e1sicos, vintage o modernos<\/strong>.<\/p>\n<\/li>\n<li data-start=\"2191\" data-end=\"2278\">\n<p data-start=\"2193\" data-end=\"2278\">Su valor artesanal y antig\u00fcedad la convierten en una <strong data-start=\"2246\" data-end=\"2275\">obra decorativa exclusiva<\/strong>.<\/p>\n<\/li>\n<\/ul>\n<p data-start=\"2280\" data-end=\"2467\">Esta alfombra turca de lana no solo decora, sino que cuenta una historia. Su dise\u00f1o detallado y su tejido fino hacen de ella una pieza atemporal que eleva el encanto de cualquier hogar.<\/p>\n","protected":false},"excerpt":{"rendered":"<p>Alfombra cl\u00e1sica turca<br \/>\nMaterial: Lana y algod\u00f3n<br \/>\nMedidas: 200 x 300 cm<br \/>\n64 nudos por cm\u00b2 640,000 nudos por m\u00b2<br \/>\nHecho a mano<\/p>\n","protected":false},"featured_media":26372,"comment_status":"open","ping_status":"closed","template":"","meta":[],"product_cat":[19,308,316],"product_tag":[355,353,352,354],"yoast_head":"<!-- This site is optimized with the Yoast SEO plugin v21.5 - https:\/\/yoast.com\/wordpress\/plugins\/seo\/ -->\n<title>Alfombra turca de lana de Capadocia | El Rinc\u00f3n de Fehmi Madrid | Alfombras turcas econ\u00f3micas<\/title>\n<meta name=\"description\" content=\"Alfombra turca de lana de Capadocia tejida a mano. Dise\u00f1o cl\u00e1sico floral, lana y algod\u00f3n natural. Pieza semiantigua \u00fanica de 2x3 m.\" \/>\n<meta name=\"robots\" content=\"index, follow, max-snippet:-1, max-image-preview:large, max-video-preview:-1\" \/>\n<link rel=\"canonical\" href=\"https:\/\/elrincondefehmi.com\/es\/tienda\/alfombras-turcas\/alfombras-clasicas\/alfombra-turca-de-lana-de-capadocia\/\" \/>\n<meta property=\"og:locale\" content=\"es_ES\" \/>\n<meta property=\"og:type\" content=\"article\" \/>\n<meta property=\"og:title\" content=\"Alfombra turca de lana de Capadocia | El Rinc\u00f3n de Fehmi Madrid | Alfombras turcas econ\u00f3micas\" \/>\n<meta property=\"og:description\" content=\"Alfombra turca de lana de Capadocia tejida a mano. Dise\u00f1o cl\u00e1sico floral, lana y algod\u00f3n natural. Pieza semiantigua \u00fanica de 2x3 m.\" \/>\n<meta property=\"og:url\" content=\"https:\/\/elrincondefehmi.com\/es\/tienda\/alfombras-turcas\/alfombras-clasicas\/alfombra-turca-de-lana-de-capadocia\/\" \/>\n<meta property=\"og:site_name\" content=\"El Rinc\u00f3n de Fehmi Madrid\" \/>\n<meta property=\"article:modified_time\" content=\"2025-10-14T12:14:27+00:00\" \/>\n<meta property=\"og:image\" content=\"https:\/\/elrincondefehmi.com\/es\/wp-content\/uploads\/2025\/10\/IMG_9481.jpg\" \/>\n\t<meta property=\"og:image:width\" content=\"750\" \/>\n\t<meta property=\"og:image:height\" content=\"1050\" \/>\n\t<meta property=\"og:image:type\" content=\"image\/jpeg\" \/>\n<meta name=\"twitter:card\" content=\"summary_large_image\" \/>\n<script type=\"application\/ld+json\" class=\"yoast-schema-graph\">{\"@context\":\"https:\/\/schema.org\",\"@graph\":[{\"@type\":\"WebPage\",\"@id\":\"https:\/\/elrincondefehmi.com\/es\/tienda\/alfombras-turcas\/alfombras-clasicas\/alfombra-turca-de-lana-de-capadocia\/\",\"url\":\"https:\/\/elrincondefehmi.com\/es\/tienda\/alfombras-turcas\/alfombras-clasicas\/alfombra-turca-de-lana-de-capadocia\/\",\"name\":\"Alfombra turca de lana de Capadocia | El Rinc\u00f3n de Fehmi Madrid | Alfombras turcas econ\u00f3micas\",\"isPartOf\":{\"@id\":\"https:\/\/elrincondefehmi.com\/es\/#website\"},\"datePublished\":\"2025-10-14T11:12:05+00:00\",\"dateModified\":\"2025-10-14T12:14:27+00:00\",\"description\":\"Alfombra turca de lana de Capadocia tejida a mano. Dise\u00f1o cl\u00e1sico floral, lana y algod\u00f3n natural. Pieza semiantigua \u00fanica de 2x3 m.\",\"breadcrumb\":{\"@id\":\"https:\/\/elrincondefehmi.com\/es\/tienda\/alfombras-turcas\/alfombras-clasicas\/alfombra-turca-de-lana-de-capadocia\/#breadcrumb\"},\"inLanguage\":\"es\",\"potentialAction\":[{\"@type\":\"ReadAction\",\"target\":[\"https:\/\/elrincondefehmi.com\/es\/tienda\/alfombras-turcas\/alfombras-clasicas\/alfombra-turca-de-lana-de-capadocia\/\"]}]},{\"@type\":\"BreadcrumbList\",\"@id\":\"https:\/\/elrincondefehmi.com\/es\/tienda\/alfombras-turcas\/alfombras-clasicas\/alfombra-turca-de-lana-de-capadocia\/#breadcrumb\",\"itemListElement\":[{\"@type\":\"ListItem\",\"position\":1,\"name\":\"PRODUCTOS\",\"item\":\"https:\/\/elrincondefehmi.com\/es\/all-product\/\"},{\"@type\":\"ListItem\",\"position\":2,\"name\":\"Alfombra turca 200&#215;300 cm\"}]},{\"@type\":\"WebSite\",\"@id\":\"https:\/\/elrincondefehmi.com\/es\/#website\",\"url\":\"https:\/\/elrincondefehmi.com\/es\/\",\"name\":\"El Rinc\u00f3n de Fehmi Madrid\",\"description\":\"Tienda de alfombras en Madrid.  En El Rinc\u00f3n de Fehmi somos especialistas en alfombras artesanales, alfombras modernas contempor\u00e1neas kilims de Turqu\u00eda\",\"potentialAction\":[{\"@type\":\"SearchAction\",\"target\":{\"@type\":\"EntryPoint\",\"urlTemplate\":\"https:\/\/elrincondefehmi.com\/es\/?s={search_term_string}\"},\"query-input\":\"required name=search_term_string\"}],\"inLanguage\":\"es\"}]}<\/script>\n<!-- \/ Yoast SEO plugin. -->","yoast_head_json":{"title":"Alfombra turca de lana de Capadocia | El Rinc\u00f3n de Fehmi Madrid | Alfombras turcas econ\u00f3micas","description":"Alfombra turca de lana de Capadocia tejida a mano. Dise\u00f1o cl\u00e1sico floral, lana y algod\u00f3n natural. Pieza semiantigua \u00fanica de 2x3 m.","robots":{"index":"index","follow":"follow","max-snippet":"max-snippet:-1","max-image-preview":"max-image-preview:large","max-video-preview":"max-video-preview:-1"},"canonical":"https:\/\/elrincondefehmi.com\/es\/tienda\/alfombras-turcas\/alfombras-clasicas\/alfombra-turca-de-lana-de-capadocia\/","og_locale":"es_ES","og_type":"article","og_title":"Alfombra turca de lana de Capadocia | El Rinc\u00f3n de Fehmi Madrid | Alfombras turcas econ\u00f3micas","og_description":"Alfombra turca de lana de Capadocia tejida a mano. Dise\u00f1o cl\u00e1sico floral, lana y algod\u00f3n natural. Pieza semiantigua \u00fanica de 2x3 m.","og_url":"https:\/\/elrincondefehmi.com\/es\/tienda\/alfombras-turcas\/alfombras-clasicas\/alfombra-turca-de-lana-de-capadocia\/","og_site_name":"El Rinc\u00f3n de Fehmi Madrid","article_modified_time":"2025-10-14T12:14:27+00:00","og_image":[{"width":750,"height":1050,"url":"https:\/\/elrincondefehmi.com\/es\/wp-content\/uploads\/2025\/10\/IMG_9481.jpg","type":"image\/jpeg"}],"twitter_card":"summary_large_image","schema":{"@context":"https:\/\/schema.org","@graph":[{"@type":"WebPage","@id":"https:\/\/elrincondefehmi.com\/es\/tienda\/alfombras-turcas\/alfombras-clasicas\/alfombra-turca-de-lana-de-capadocia\/","url":"https:\/\/elrincondefehmi.com\/es\/tienda\/alfombras-turcas\/alfombras-clasicas\/alfombra-turca-de-lana-de-capadocia\/","name":"Alfombra turca de lana de Capadocia | El Rinc\u00f3n de Fehmi Madrid | Alfombras turcas econ\u00f3micas","isPartOf":{"@id":"https:\/\/elrincondefehmi.com\/es\/#website"},"datePublished":"2025-10-14T11:12:05+00:00","dateModified":"2025-10-14T12:14:27+00:00","description":"Alfombra turca de lana de Capadocia tejida a mano. Dise\u00f1o cl\u00e1sico floral, lana y algod\u00f3n natural. Pieza semiantigua \u00fanica de 2x3 m.","breadcrumb":{"@id":"https:\/\/elrincondefehmi.com\/es\/tienda\/alfombras-turcas\/alfombras-clasicas\/alfombra-turca-de-lana-de-capadocia\/#breadcrumb"},"inLanguage":"es","potentialAction":[{"@type":"ReadAction","target":["https:\/\/elrincondefehmi.com\/es\/tienda\/alfombras-turcas\/alfombras-clasicas\/alfombra-turca-de-lana-de-capadocia\/"]}]},{"@type":"BreadcrumbList","@id":"https:\/\/elrincondefehmi.com\/es\/tienda\/alfombras-turcas\/alfombras-clasicas\/alfombra-turca-de-lana-de-capadocia\/#breadcrumb","itemListElement":[{"@type":"ListItem","position":1,"name":"PRODUCTOS","item":"https:\/\/elrincondefehmi.com\/es\/all-product\/"},{"@type":"ListItem","position":2,"name":"Alfombra turca 200&#215;300 cm"}]},{"@type":"WebSite","@id":"https:\/\/elrincondefehmi.com\/es\/#website","url":"https:\/\/elrincondefehmi.com\/es\/","name":"El Rinc\u00f3n de Fehmi Madrid","description":"Tienda de alfombras en Madrid.  En El Rinc\u00f3n de Fehmi somos especialistas en alfombras artesanales, alfombras modernas contempor\u00e1neas kilims de Turqu\u00eda","potentialAction":[{"@type":"SearchAction","target":{"@type":"EntryPoint","urlTemplate":"https:\/\/elrincondefehmi.com\/es\/?s={search_term_string}"},"query-input":"required name=search_term_string"}],"inLanguage":"es"}]}},"_links":{"self":[{"href":"https:\/\/elrincondefehmi.com\/es\/wp-json\/wp\/v2\/product\/26371"}],"collection":[{"href":"https:\/\/elrincondefehmi.com\/es\/wp-json\/wp\/v2\/product"}],"about":[{"href":"https:\/\/elrincondefehmi.com\/es\/wp-json\/wp\/v2\/types\/product"}],"replies":[{"embeddable":true,"href":"https:\/\/elrincondefehmi.com\/es\/wp-json\/wp\/v2\/comments?post=26371"}],"wp:featuredmedia":[{"embeddable":true,"href":"https:\/\/elrincondefehmi.com\/es\/wp-json\/wp\/v2\/media\/26372"}],"wp:attachment":[{"href":"https:\/\/elrincondefehmi.com\/es\/wp-json\/wp\/v2\/media?parent=26371"}],"wp:term":[{"taxonomy":"product_cat","embeddable":true,"href":"https:\/\/elrincondefehmi.com\/es\/wp-json\/wp\/v2\/product_cat?post=26371"},{"taxonomy":"product_tag","embeddable":true,"href":"https:\/\/elrincondefehmi.com\/es\/wp-json\/wp\/v2\/product_tag?post=26371"}],"curies":[{"name":"wp","href":"https:\/\/api.w.org\/{rel}","templated":true}]}}