{"id":26369,"date":"2025-10-13T16:46:40","date_gmt":"2025-10-13T16:46:40","guid":{"rendered":"https:\/\/elrincondefehmi.com\/es\/?post_type=product&#038;p=26369"},"modified":"2025-10-14T11:59:43","modified_gmt":"2025-10-14T11:59:43","slug":"alfombra-turca-clasica-de-lana","status":"publish","type":"product","link":"https:\/\/elrincondefehmi.com\/es\/tienda\/alfombras-turcas\/alfombras-clasicas\/alfombra-turca-clasica-de-lana\/","title":{"rendered":"Alfombra turca 200&#215;250 cm"},"content":{"rendered":"<h1 data-start=\"659\" data-end=\"727\"><span style=\"font-size: 20px;\"><strong data-start=\"662\" data-end=\"727\">Alfombra turca cl\u00e1sica artesanal de lana y algod\u00f3n 200&#215;250 cm<\/strong><\/span><\/h1>\n<p data-start=\"729\" data-end=\"1004\">Esta alfombra turca cl\u00e1sica de lana ha sido tejida a mano por artesanos de Anatolia, siguiendo m\u00e9todos tradicionales transmitidos durante generaciones. Su dise\u00f1o atemporal, con tonos rojizos, dorados y toques azul verdoso, aporta elegancia y calidez a cualquier estancia del hogar.<\/p>\n<p data-start=\"1006\" data-end=\"1298\">Con unas medidas de <strong data-start=\"1026\" data-end=\"1040\">200&#215;250 cm<\/strong>, es ideal para salones, comedores o dormitorios amplios, creando un ambiente acogedor y sofisticado. Su estilo cl\u00e1sico combina motivos florales y geom\u00e9tricos, inspirados en los antiguos patrones otomanos, lo que la convierte en una pieza decorativa \u00fanica.<\/p>\n<h2 data-start=\"1300\" data-end=\"1337\"><span style=\"font-size: 20px;\"><strong data-start=\"1304\" data-end=\"1337\">Caracter\u00edsticas del producto:<\/strong><\/span><\/h2>\n<ul data-start=\"1338\" data-end=\"1623\">\n<li data-start=\"1338\" data-end=\"1380\">\n<p data-start=\"1340\" data-end=\"1380\"><strong data-start=\"1340\" data-end=\"1351\">Origen:<\/strong> Turqu\u00eda (tejido artesanal)<\/p>\n<\/li>\n<li data-start=\"1381\" data-end=\"1433\">\n<p data-start=\"1383\" data-end=\"1433\"><strong data-start=\"1383\" data-end=\"1396\">Material:<\/strong> Lana natural sobre base de algod\u00f3n<\/p>\n<\/li>\n<li data-start=\"1434\" data-end=\"1463\">\n<p data-start=\"1436\" data-end=\"1463\"><strong data-start=\"1436\" data-end=\"1448\">Medidas:<\/strong> 200 x 250 cm<\/p>\n<\/li>\n<li data-start=\"1464\" data-end=\"1537\">\n<p data-start=\"1466\" data-end=\"1537\"><strong data-start=\"1466\" data-end=\"1492\">Colores predominantes:<\/strong> Rojo terracota, dorado, azul y verde suave<\/p>\n<\/li>\n<li data-start=\"1538\" data-end=\"1584\">\n<p data-start=\"1540\" data-end=\"1584\"><strong data-start=\"1540\" data-end=\"1552\">T\u00e9cnica:<\/strong> Nudo tradicional hecho a mano<\/p>\n<\/li>\n<li data-start=\"1585\" data-end=\"1623\">\n<p data-start=\"1587\" data-end=\"1623\"><strong data-start=\"1587\" data-end=\"1598\">Estilo:<\/strong> Alfombra turca cl\u00e1sica<\/p>\n<\/li>\n<\/ul>\n<h3 data-start=\"1625\" data-end=\"1644\"><span style=\"font-size: 20px;\"><strong data-start=\"1629\" data-end=\"1644\">Beneficios:<\/strong><\/span><\/h3>\n<ul data-start=\"1645\" data-end=\"1962\">\n<li data-start=\"1645\" data-end=\"1693\">\n<p data-start=\"1647\" data-end=\"1693\">Aporta <strong data-start=\"1654\" data-end=\"1677\">calidez y elegancia<\/strong> a tu espacio.<\/p>\n<\/li>\n<li data-start=\"1694\" data-end=\"1784\">\n<p data-start=\"1696\" data-end=\"1784\">Fabricada con <strong data-start=\"1710\" data-end=\"1734\">materiales naturales<\/strong> que garantizan durabilidad y suavidad al tacto.<\/p>\n<\/li>\n<li data-start=\"1785\" data-end=\"1877\">\n<p data-start=\"1787\" data-end=\"1877\"><strong data-start=\"1787\" data-end=\"1819\">Dise\u00f1o exclusivo y atemporal<\/strong>, perfecto para combinar con muebles modernos o vintage.<\/p>\n<\/li>\n<li data-start=\"1878\" data-end=\"1962\">\n<p data-start=\"1880\" data-end=\"1962\">Cada pieza es <strong data-start=\"1894\" data-end=\"1903\">\u00fanica<\/strong>, reflejando la autenticidad del trabajo artesanal turco.<\/p>\n<\/li>\n<\/ul>\n<p data-start=\"1964\" data-end=\"2203\">Su textura suave y su calidad artesanal hacen de esta alfombra una inversi\u00f3n duradera en decoraci\u00f3n y confort. Ya sea para un hogar cl\u00e1sico o contempor\u00e1neo, esta alfombra turca de lana aportar\u00e1 una nota de distinci\u00f3n y armon\u00eda al ambiente.<\/p>\n","protected":false},"excerpt":{"rendered":"<p>Alfombra cl\u00e1sica turca<br \/>\nMaterial: Lana y algod\u00f3n<br \/>\nMedidas: 200 x 250 cm<br \/>\n64 nudos por cm\u00b2 640,000 nudos por m\u00b2<br \/>\nHecho a mano<\/p>\n","protected":false},"featured_media":26370,"comment_status":"open","ping_status":"closed","template":"","meta":[],"product_cat":[19,308,316],"product_tag":[355,353,352,354],"yoast_head":"<!-- This site is optimized with the Yoast SEO plugin v21.5 - https:\/\/yoast.com\/wordpress\/plugins\/seo\/ -->\n<title>Alfombra turca cl\u00e1sica de lana | El Rinc\u00f3n de Fehmi Madrid | Alfombras Econ\u00f3micas turcas<\/title>\n<meta name=\"description\" content=\"Descubre esta alfombra turca cl\u00e1sica de lana y algod\u00f3n, hecha a mano. Dise\u00f1o tradicional, tonos c\u00e1lidos y calidad artesanal de Anatolia.\" \/>\n<meta name=\"robots\" content=\"index, follow, max-snippet:-1, max-image-preview:large, max-video-preview:-1\" \/>\n<link rel=\"canonical\" href=\"https:\/\/elrincondefehmi.com\/es\/tienda\/alfombras-turcas\/alfombras-clasicas\/alfombra-turca-clasica-de-lana\/\" \/>\n<meta property=\"og:locale\" content=\"es_ES\" \/>\n<meta property=\"og:type\" content=\"article\" \/>\n<meta property=\"og:title\" content=\"Alfombra turca cl\u00e1sica de lana | El Rinc\u00f3n de Fehmi Madrid | Alfombras Econ\u00f3micas turcas\" \/>\n<meta property=\"og:description\" content=\"Descubre esta alfombra turca cl\u00e1sica de lana y algod\u00f3n, hecha a mano. Dise\u00f1o tradicional, tonos c\u00e1lidos y calidad artesanal de Anatolia.\" \/>\n<meta property=\"og:url\" content=\"https:\/\/elrincondefehmi.com\/es\/tienda\/alfombras-turcas\/alfombras-clasicas\/alfombra-turca-clasica-de-lana\/\" \/>\n<meta property=\"og:site_name\" content=\"El Rinc\u00f3n de Fehmi Madrid\" \/>\n<meta property=\"article:modified_time\" content=\"2025-10-14T11:59:43+00:00\" \/>\n<meta property=\"og:image\" content=\"https:\/\/elrincondefehmi.com\/es\/wp-content\/uploads\/2025\/10\/IMG_9468.jpg\" \/>\n\t<meta property=\"og:image:width\" content=\"850\" \/>\n\t<meta property=\"og:image:height\" content=\"1050\" \/>\n\t<meta property=\"og:image:type\" content=\"image\/jpeg\" \/>\n<meta name=\"twitter:card\" content=\"summary_large_image\" \/>\n<script type=\"application\/ld+json\" class=\"yoast-schema-graph\">{\"@context\":\"https:\/\/schema.org\",\"@graph\":[{\"@type\":\"WebPage\",\"@id\":\"https:\/\/elrincondefehmi.com\/es\/tienda\/alfombras-turcas\/alfombras-clasicas\/alfombra-turca-clasica-de-lana\/\",\"url\":\"https:\/\/elrincondefehmi.com\/es\/tienda\/alfombras-turcas\/alfombras-clasicas\/alfombra-turca-clasica-de-lana\/\",\"name\":\"Alfombra turca cl\u00e1sica de lana | El Rinc\u00f3n de Fehmi Madrid | Alfombras Econ\u00f3micas turcas\",\"isPartOf\":{\"@id\":\"https:\/\/elrincondefehmi.com\/es\/#website\"},\"datePublished\":\"2025-10-13T16:46:40+00:00\",\"dateModified\":\"2025-10-14T11:59:43+00:00\",\"description\":\"Descubre esta alfombra turca cl\u00e1sica de lana y algod\u00f3n, hecha a mano. Dise\u00f1o tradicional, tonos c\u00e1lidos y calidad artesanal de Anatolia.\",\"breadcrumb\":{\"@id\":\"https:\/\/elrincondefehmi.com\/es\/tienda\/alfombras-turcas\/alfombras-clasicas\/alfombra-turca-clasica-de-lana\/#breadcrumb\"},\"inLanguage\":\"es\",\"potentialAction\":[{\"@type\":\"ReadAction\",\"target\":[\"https:\/\/elrincondefehmi.com\/es\/tienda\/alfombras-turcas\/alfombras-clasicas\/alfombra-turca-clasica-de-lana\/\"]}]},{\"@type\":\"BreadcrumbList\",\"@id\":\"https:\/\/elrincondefehmi.com\/es\/tienda\/alfombras-turcas\/alfombras-clasicas\/alfombra-turca-clasica-de-lana\/#breadcrumb\",\"itemListElement\":[{\"@type\":\"ListItem\",\"position\":1,\"name\":\"PRODUCTOS\",\"item\":\"https:\/\/elrincondefehmi.com\/es\/all-product\/\"},{\"@type\":\"ListItem\",\"position\":2,\"name\":\"Alfombra turca 200&#215;250 cm\"}]},{\"@type\":\"WebSite\",\"@id\":\"https:\/\/elrincondefehmi.com\/es\/#website\",\"url\":\"https:\/\/elrincondefehmi.com\/es\/\",\"name\":\"El Rinc\u00f3n de Fehmi Madrid\",\"description\":\"Tienda de alfombras en Madrid.  En El Rinc\u00f3n de Fehmi somos especialistas en alfombras artesanales, alfombras modernas contempor\u00e1neas kilims de Turqu\u00eda\",\"potentialAction\":[{\"@type\":\"SearchAction\",\"target\":{\"@type\":\"EntryPoint\",\"urlTemplate\":\"https:\/\/elrincondefehmi.com\/es\/?s={search_term_string}\"},\"query-input\":\"required name=search_term_string\"}],\"inLanguage\":\"es\"}]}<\/script>\n<!-- \/ Yoast SEO plugin. -->","yoast_head_json":{"title":"Alfombra turca cl\u00e1sica de lana | El Rinc\u00f3n de Fehmi Madrid | Alfombras Econ\u00f3micas turcas","description":"Descubre esta alfombra turca cl\u00e1sica de lana y algod\u00f3n, hecha a mano. Dise\u00f1o tradicional, tonos c\u00e1lidos y calidad artesanal de Anatolia.","robots":{"index":"index","follow":"follow","max-snippet":"max-snippet:-1","max-image-preview":"max-image-preview:large","max-video-preview":"max-video-preview:-1"},"canonical":"https:\/\/elrincondefehmi.com\/es\/tienda\/alfombras-turcas\/alfombras-clasicas\/alfombra-turca-clasica-de-lana\/","og_locale":"es_ES","og_type":"article","og_title":"Alfombra turca cl\u00e1sica de lana | El Rinc\u00f3n de Fehmi Madrid | Alfombras Econ\u00f3micas turcas","og_description":"Descubre esta alfombra turca cl\u00e1sica de lana y algod\u00f3n, hecha a mano. Dise\u00f1o tradicional, tonos c\u00e1lidos y calidad artesanal de Anatolia.","og_url":"https:\/\/elrincondefehmi.com\/es\/tienda\/alfombras-turcas\/alfombras-clasicas\/alfombra-turca-clasica-de-lana\/","og_site_name":"El Rinc\u00f3n de Fehmi Madrid","article_modified_time":"2025-10-14T11:59:43+00:00","og_image":[{"width":850,"height":1050,"url":"https:\/\/elrincondefehmi.com\/es\/wp-content\/uploads\/2025\/10\/IMG_9468.jpg","type":"image\/jpeg"}],"twitter_card":"summary_large_image","schema":{"@context":"https:\/\/schema.org","@graph":[{"@type":"WebPage","@id":"https:\/\/elrincondefehmi.com\/es\/tienda\/alfombras-turcas\/alfombras-clasicas\/alfombra-turca-clasica-de-lana\/","url":"https:\/\/elrincondefehmi.com\/es\/tienda\/alfombras-turcas\/alfombras-clasicas\/alfombra-turca-clasica-de-lana\/","name":"Alfombra turca cl\u00e1sica de lana | El Rinc\u00f3n de Fehmi Madrid | Alfombras Econ\u00f3micas turcas","isPartOf":{"@id":"https:\/\/elrincondefehmi.com\/es\/#website"},"datePublished":"2025-10-13T16:46:40+00:00","dateModified":"2025-10-14T11:59:43+00:00","description":"Descubre esta alfombra turca cl\u00e1sica de lana y algod\u00f3n, hecha a mano. Dise\u00f1o tradicional, tonos c\u00e1lidos y calidad artesanal de Anatolia.","breadcrumb":{"@id":"https:\/\/elrincondefehmi.com\/es\/tienda\/alfombras-turcas\/alfombras-clasicas\/alfombra-turca-clasica-de-lana\/#breadcrumb"},"inLanguage":"es","potentialAction":[{"@type":"ReadAction","target":["https:\/\/elrincondefehmi.com\/es\/tienda\/alfombras-turcas\/alfombras-clasicas\/alfombra-turca-clasica-de-lana\/"]}]},{"@type":"BreadcrumbList","@id":"https:\/\/elrincondefehmi.com\/es\/tienda\/alfombras-turcas\/alfombras-clasicas\/alfombra-turca-clasica-de-lana\/#breadcrumb","itemListElement":[{"@type":"ListItem","position":1,"name":"PRODUCTOS","item":"https:\/\/elrincondefehmi.com\/es\/all-product\/"},{"@type":"ListItem","position":2,"name":"Alfombra turca 200&#215;250 cm"}]},{"@type":"WebSite","@id":"https:\/\/elrincondefehmi.com\/es\/#website","url":"https:\/\/elrincondefehmi.com\/es\/","name":"El Rinc\u00f3n de Fehmi Madrid","description":"Tienda de alfombras en Madrid.  En El Rinc\u00f3n de Fehmi somos especialistas en alfombras artesanales, alfombras modernas contempor\u00e1neas kilims de Turqu\u00eda","potentialAction":[{"@type":"SearchAction","target":{"@type":"EntryPoint","urlTemplate":"https:\/\/elrincondefehmi.com\/es\/?s={search_term_string}"},"query-input":"required name=search_term_string"}],"inLanguage":"es"}]}},"_links":{"self":[{"href":"https:\/\/elrincondefehmi.com\/es\/wp-json\/wp\/v2\/product\/26369"}],"collection":[{"href":"https:\/\/elrincondefehmi.com\/es\/wp-json\/wp\/v2\/product"}],"about":[{"href":"https:\/\/elrincondefehmi.com\/es\/wp-json\/wp\/v2\/types\/product"}],"replies":[{"embeddable":true,"href":"https:\/\/elrincondefehmi.com\/es\/wp-json\/wp\/v2\/comments?post=26369"}],"wp:featuredmedia":[{"embeddable":true,"href":"https:\/\/elrincondefehmi.com\/es\/wp-json\/wp\/v2\/media\/26370"}],"wp:attachment":[{"href":"https:\/\/elrincondefehmi.com\/es\/wp-json\/wp\/v2\/media?parent=26369"}],"wp:term":[{"taxonomy":"product_cat","embeddable":true,"href":"https:\/\/elrincondefehmi.com\/es\/wp-json\/wp\/v2\/product_cat?post=26369"},{"taxonomy":"product_tag","embeddable":true,"href":"https:\/\/elrincondefehmi.com\/es\/wp-json\/wp\/v2\/product_tag?post=26369"}],"curies":[{"name":"wp","href":"https:\/\/api.w.org\/{rel}","templated":true}]}}