{"id":26040,"date":"2025-06-13T15:54:38","date_gmt":"2025-06-13T15:54:38","guid":{"rendered":"https:\/\/elrincondefehmi.com\/es\/?post_type=product&#038;p=26040"},"modified":"2025-06-26T17:32:23","modified_gmt":"2025-06-26T17:32:23","slug":"kilims-turcos-de-colores-vivos","status":"publish","type":"product","link":"https:\/\/elrincondefehmi.com\/es\/tienda\/kilim\/kilim-turco\/kilims-turcos-de-colores-vivos\/","title":{"rendered":"Kilim turco Multicolor 204&#215;292 cm"},"content":{"rendered":"<h1><span style=\"font-size: 20px;\">Kilim Turco Multicolor Hecho a Mano \u2013 204&#215;292 cm<\/span><\/h1>\n<p data-start=\"456\" data-end=\"826\">Este <strong data-start=\"461\" data-end=\"501\">kilim turco multicolor de 204&#215;292 cm<\/strong> es una pieza artesanal \u00fanica que fusiona tradici\u00f3n y estilo contempor\u00e1neo. Tejido completamente a mano en telares tradicionales, este kilim presenta un espectacular juego de colores vivos como rojo, turquesa, amarillo, violeta, naranja y gris, sobre una base beige natural que realza cada detalle de los motivos geom\u00e9tricos.<\/p>\n<p data-start=\"828\" data-end=\"1196\">Su dise\u00f1o se basa en patrones tribales ancestrales, caracter\u00edsticos de la cultura n\u00f3mada de Anatolia. La t\u00e9cnica del tejido plano no solo lo hace m\u00e1s ligero que una alfombra tradicional, sino tambi\u00e9n reversible y f\u00e1cil de mantener. Esto lo convierte en una opci\u00f3n vers\u00e1til tanto para salones, dormitorios o incluso espacios comerciales con una decoraci\u00f3n con car\u00e1cter.<\/p>\n<p data-start=\"1198\" data-end=\"1229\"><strong data-start=\"1198\" data-end=\"1229\">Caracter\u00edsticas destacadas:<\/strong><\/p>\n<ul data-start=\"1230\" data-end=\"1523\">\n<li data-start=\"1230\" data-end=\"1279\">\n<p data-start=\"1232\" data-end=\"1279\">Material: 100% lana<\/p>\n<\/li>\n<li data-start=\"1280\" data-end=\"1327\">\n<p data-start=\"1282\" data-end=\"1327\">T\u00e9cnica: tejido plano (kilim), hecho a mano<\/p>\n<\/li>\n<li data-start=\"1328\" data-end=\"1347\">\n<p data-start=\"1330\" data-end=\"1347\">Origen: Turqu\u00eda<\/p>\n<\/li>\n<li data-start=\"1348\" data-end=\"1416\">\n<p data-start=\"1350\" data-end=\"1416\">Colores: rojo, turquesa, amarillo, violeta, beige, gris, naranja<\/p>\n<\/li>\n<li data-start=\"1417\" data-end=\"1469\">\n<p data-start=\"1419\" data-end=\"1469\">Estilo: \u00e9tnico, bohemio, r\u00fastico o contempor\u00e1neo<\/p>\n<\/li>\n<li data-start=\"1496\" data-end=\"1523\">\n<p data-start=\"1498\" data-end=\"1523\">Reversible y resistente<\/p>\n<\/li>\n<\/ul>\n<p data-start=\"1525\" data-end=\"1760\">Este kilim no solo es un elemento decorativo; es tambi\u00e9n una obra de arte textil que habla de identidad cultural, paciencia artesanal y belleza atemporal. Ideal para quienes buscan autenticidad y color sin renunciar a la funcionalidad.<\/p>\n<p data-start=\"1762\" data-end=\"1964\">Ya sea que lo uses como pieza central en un sal\u00f3n moderno o como acento decorativo en un dormitorio c\u00e1lido, este <strong data-start=\"1875\" data-end=\"1901\">kilim turco multicolor<\/strong> aportar\u00e1 personalidad y un toque vibrante a cualquier espacio.<\/p>\n<p>&nbsp;<\/p>\n","protected":false},"excerpt":{"rendered":"<p>Origen: Turqu\u00eda<br \/>\nMaterial: Lana.<br \/>\nMedidas: 204\u00d7292 cm<br \/>\nHecho a mano.<br \/>\nEstado: Nuevo<\/p>\n","protected":false},"featured_media":26041,"comment_status":"open","ping_status":"closed","template":"","meta":[],"product_cat":[434,16],"product_tag":[391,355,353,352],"yoast_head":"<!-- This site is optimized with the Yoast SEO plugin v21.5 - https:\/\/yoast.com\/wordpress\/plugins\/seo\/ -->\n<title>Kilims turcos de colores vivos | El Rinc\u00f3n de Fehmi Madrid | Comprar Kilim<\/title>\n<meta name=\"description\" content=\"Descubre este kilim turco multicolor tejido a mano con motivos geom\u00e9tricos tradicionales. Ideal para dar un toque \u00e9tnico, bohemio o r\u00fastico a tu hogar.\" \/>\n<meta name=\"robots\" content=\"index, follow, max-snippet:-1, max-image-preview:large, max-video-preview:-1\" \/>\n<link rel=\"canonical\" href=\"https:\/\/elrincondefehmi.com\/es\/tienda\/kilim\/kilim-turco\/kilims-turcos-de-colores-vivos\/\" \/>\n<meta property=\"og:locale\" content=\"es_ES\" \/>\n<meta property=\"og:type\" content=\"article\" \/>\n<meta property=\"og:title\" content=\"Kilims turcos de colores vivos | El Rinc\u00f3n de Fehmi Madrid | Comprar Kilim\" \/>\n<meta property=\"og:description\" content=\"Descubre este kilim turco multicolor tejido a mano con motivos geom\u00e9tricos tradicionales. Ideal para dar un toque \u00e9tnico, bohemio o r\u00fastico a tu hogar.\" \/>\n<meta property=\"og:url\" content=\"https:\/\/elrincondefehmi.com\/es\/tienda\/kilim\/kilim-turco\/kilims-turcos-de-colores-vivos\/\" \/>\n<meta property=\"og:site_name\" content=\"El Rinc\u00f3n de Fehmi Madrid\" \/>\n<meta property=\"article:modified_time\" content=\"2025-06-26T17:32:23+00:00\" \/>\n<meta property=\"og:image\" content=\"https:\/\/elrincondefehmi.com\/es\/wp-content\/uploads\/2025\/06\/kilim-grande.jpg\" \/>\n\t<meta property=\"og:image:width\" content=\"750\" \/>\n\t<meta property=\"og:image:height\" content=\"1050\" \/>\n\t<meta property=\"og:image:type\" content=\"image\/jpeg\" \/>\n<meta name=\"twitter:card\" content=\"summary_large_image\" \/>\n<script type=\"application\/ld+json\" class=\"yoast-schema-graph\">{\"@context\":\"https:\/\/schema.org\",\"@graph\":[{\"@type\":\"WebPage\",\"@id\":\"https:\/\/elrincondefehmi.com\/es\/tienda\/kilim\/kilim-turco\/kilims-turcos-de-colores-vivos\/\",\"url\":\"https:\/\/elrincondefehmi.com\/es\/tienda\/kilim\/kilim-turco\/kilims-turcos-de-colores-vivos\/\",\"name\":\"Kilims turcos de colores vivos | El Rinc\u00f3n de Fehmi Madrid | Comprar Kilim\",\"isPartOf\":{\"@id\":\"https:\/\/elrincondefehmi.com\/es\/#website\"},\"datePublished\":\"2025-06-13T15:54:38+00:00\",\"dateModified\":\"2025-06-26T17:32:23+00:00\",\"description\":\"Descubre este kilim turco multicolor tejido a mano con motivos geom\u00e9tricos tradicionales. Ideal para dar un toque \u00e9tnico, bohemio o r\u00fastico a tu hogar.\",\"breadcrumb\":{\"@id\":\"https:\/\/elrincondefehmi.com\/es\/tienda\/kilim\/kilim-turco\/kilims-turcos-de-colores-vivos\/#breadcrumb\"},\"inLanguage\":\"es\",\"potentialAction\":[{\"@type\":\"ReadAction\",\"target\":[\"https:\/\/elrincondefehmi.com\/es\/tienda\/kilim\/kilim-turco\/kilims-turcos-de-colores-vivos\/\"]}]},{\"@type\":\"BreadcrumbList\",\"@id\":\"https:\/\/elrincondefehmi.com\/es\/tienda\/kilim\/kilim-turco\/kilims-turcos-de-colores-vivos\/#breadcrumb\",\"itemListElement\":[{\"@type\":\"ListItem\",\"position\":1,\"name\":\"PRODUCTOS\",\"item\":\"https:\/\/elrincondefehmi.com\/es\/all-product\/\"},{\"@type\":\"ListItem\",\"position\":2,\"name\":\"Kilim turco Multicolor 204&#215;292 cm\"}]},{\"@type\":\"WebSite\",\"@id\":\"https:\/\/elrincondefehmi.com\/es\/#website\",\"url\":\"https:\/\/elrincondefehmi.com\/es\/\",\"name\":\"El Rinc\u00f3n de Fehmi Madrid\",\"description\":\"Tienda de alfombras en Madrid.  En El Rinc\u00f3n de Fehmi somos especialistas en alfombras artesanales, alfombras modernas contempor\u00e1neas kilims de Turqu\u00eda\",\"potentialAction\":[{\"@type\":\"SearchAction\",\"target\":{\"@type\":\"EntryPoint\",\"urlTemplate\":\"https:\/\/elrincondefehmi.com\/es\/?s={search_term_string}\"},\"query-input\":\"required name=search_term_string\"}],\"inLanguage\":\"es\"}]}<\/script>\n<!-- \/ Yoast SEO plugin. -->","yoast_head_json":{"title":"Kilims turcos de colores vivos | El Rinc\u00f3n de Fehmi Madrid | Comprar Kilim","description":"Descubre este kilim turco multicolor tejido a mano con motivos geom\u00e9tricos tradicionales. Ideal para dar un toque \u00e9tnico, bohemio o r\u00fastico a tu hogar.","robots":{"index":"index","follow":"follow","max-snippet":"max-snippet:-1","max-image-preview":"max-image-preview:large","max-video-preview":"max-video-preview:-1"},"canonical":"https:\/\/elrincondefehmi.com\/es\/tienda\/kilim\/kilim-turco\/kilims-turcos-de-colores-vivos\/","og_locale":"es_ES","og_type":"article","og_title":"Kilims turcos de colores vivos | El Rinc\u00f3n de Fehmi Madrid | Comprar Kilim","og_description":"Descubre este kilim turco multicolor tejido a mano con motivos geom\u00e9tricos tradicionales. Ideal para dar un toque \u00e9tnico, bohemio o r\u00fastico a tu hogar.","og_url":"https:\/\/elrincondefehmi.com\/es\/tienda\/kilim\/kilim-turco\/kilims-turcos-de-colores-vivos\/","og_site_name":"El Rinc\u00f3n de Fehmi Madrid","article_modified_time":"2025-06-26T17:32:23+00:00","og_image":[{"width":750,"height":1050,"url":"https:\/\/elrincondefehmi.com\/es\/wp-content\/uploads\/2025\/06\/kilim-grande.jpg","type":"image\/jpeg"}],"twitter_card":"summary_large_image","schema":{"@context":"https:\/\/schema.org","@graph":[{"@type":"WebPage","@id":"https:\/\/elrincondefehmi.com\/es\/tienda\/kilim\/kilim-turco\/kilims-turcos-de-colores-vivos\/","url":"https:\/\/elrincondefehmi.com\/es\/tienda\/kilim\/kilim-turco\/kilims-turcos-de-colores-vivos\/","name":"Kilims turcos de colores vivos | El Rinc\u00f3n de Fehmi Madrid | Comprar Kilim","isPartOf":{"@id":"https:\/\/elrincondefehmi.com\/es\/#website"},"datePublished":"2025-06-13T15:54:38+00:00","dateModified":"2025-06-26T17:32:23+00:00","description":"Descubre este kilim turco multicolor tejido a mano con motivos geom\u00e9tricos tradicionales. Ideal para dar un toque \u00e9tnico, bohemio o r\u00fastico a tu hogar.","breadcrumb":{"@id":"https:\/\/elrincondefehmi.com\/es\/tienda\/kilim\/kilim-turco\/kilims-turcos-de-colores-vivos\/#breadcrumb"},"inLanguage":"es","potentialAction":[{"@type":"ReadAction","target":["https:\/\/elrincondefehmi.com\/es\/tienda\/kilim\/kilim-turco\/kilims-turcos-de-colores-vivos\/"]}]},{"@type":"BreadcrumbList","@id":"https:\/\/elrincondefehmi.com\/es\/tienda\/kilim\/kilim-turco\/kilims-turcos-de-colores-vivos\/#breadcrumb","itemListElement":[{"@type":"ListItem","position":1,"name":"PRODUCTOS","item":"https:\/\/elrincondefehmi.com\/es\/all-product\/"},{"@type":"ListItem","position":2,"name":"Kilim turco Multicolor 204&#215;292 cm"}]},{"@type":"WebSite","@id":"https:\/\/elrincondefehmi.com\/es\/#website","url":"https:\/\/elrincondefehmi.com\/es\/","name":"El Rinc\u00f3n de Fehmi Madrid","description":"Tienda de alfombras en Madrid.  En El Rinc\u00f3n de Fehmi somos especialistas en alfombras artesanales, alfombras modernas contempor\u00e1neas kilims de Turqu\u00eda","potentialAction":[{"@type":"SearchAction","target":{"@type":"EntryPoint","urlTemplate":"https:\/\/elrincondefehmi.com\/es\/?s={search_term_string}"},"query-input":"required name=search_term_string"}],"inLanguage":"es"}]}},"_links":{"self":[{"href":"https:\/\/elrincondefehmi.com\/es\/wp-json\/wp\/v2\/product\/26040"}],"collection":[{"href":"https:\/\/elrincondefehmi.com\/es\/wp-json\/wp\/v2\/product"}],"about":[{"href":"https:\/\/elrincondefehmi.com\/es\/wp-json\/wp\/v2\/types\/product"}],"replies":[{"embeddable":true,"href":"https:\/\/elrincondefehmi.com\/es\/wp-json\/wp\/v2\/comments?post=26040"}],"wp:featuredmedia":[{"embeddable":true,"href":"https:\/\/elrincondefehmi.com\/es\/wp-json\/wp\/v2\/media\/26041"}],"wp:attachment":[{"href":"https:\/\/elrincondefehmi.com\/es\/wp-json\/wp\/v2\/media?parent=26040"}],"wp:term":[{"taxonomy":"product_cat","embeddable":true,"href":"https:\/\/elrincondefehmi.com\/es\/wp-json\/wp\/v2\/product_cat?post=26040"},{"taxonomy":"product_tag","embeddable":true,"href":"https:\/\/elrincondefehmi.com\/es\/wp-json\/wp\/v2\/product_tag?post=26040"}],"curies":[{"name":"wp","href":"https:\/\/api.w.org\/{rel}","templated":true}]}}