{"id":26009,"date":"2025-06-11T18:15:26","date_gmt":"2025-06-11T18:15:26","guid":{"rendered":"https:\/\/elrincondefehmi.com\/es\/?post_type=product&#038;p=26009"},"modified":"2025-11-05T18:43:21","modified_gmt":"2025-11-05T18:43:21","slug":"alfombra-clasica-moderna-gris","status":"publish","type":"product","link":"https:\/\/elrincondefehmi.com\/es\/tienda\/alfombras-turcas\/alfombras-modernas\/alfombra-clasica-moderna-gris\/","title":{"rendered":"Old Fragment Lisse"},"content":{"rendered":"<p data-start=\"184\" data-end=\"466\"><strong data-start=\"184\" data-end=\"206\">Old Fragment Lisse<\/strong> es una alfombra que reinterpreta los dise\u00f1os cl\u00e1sicos orientales con una est\u00e9tica contempor\u00e1nea y efecto desgastado. Con una base de tonos gris piedra y sutiles detalles en azul, \u00f3xido y dorado envejecido, esta alfombra es una fusi\u00f3n de elegancia y sobriedad.<\/p>\n<p data-start=\"468\" data-end=\"672\">Su patr\u00f3n central casi difuminado, junto con sus bordes delicadamente ornamentados, evocan el encanto de las alfombras antiguas desgastadas por el tiempo, ideales para ambientes modernos con alma cl\u00e1sica.<\/p>\n<ul data-start=\"674\" data-end=\"1001\">\n<li data-start=\"674\" data-end=\"727\">\n<p data-start=\"676\" data-end=\"727\"><strong data-start=\"676\" data-end=\"687\">Estilo:<\/strong> Moderno cl\u00e1sico con efecto envejecido<\/p>\n<\/li>\n<li data-start=\"728\" data-end=\"797\">\n<p data-start=\"730\" data-end=\"797\"><strong data-start=\"730\" data-end=\"742\">Colores:<\/strong> Gris piedra, azul envejecido, \u00f3xido y dorado apagado<\/p>\n<\/li>\n<li data-start=\"798\" data-end=\"853\">\n<p data-start=\"800\" data-end=\"853\"><strong data-start=\"800\" data-end=\"816\">Inspiraci\u00f3n:<\/strong> Alfombras antiguas reinterpretadas<\/p>\n<\/li>\n<li data-start=\"854\" data-end=\"916\">\n<p data-start=\"856\" data-end=\"916\"><strong data-start=\"856\" data-end=\"868\">Acabado:<\/strong> Textura suave y resistente, f\u00e1cil de mantener<\/p>\n<\/li>\n<li data-start=\"917\" data-end=\"1001\">\n<p data-start=\"919\" data-end=\"1001\"><strong data-start=\"919\" data-end=\"939\">Uso recomendado:<\/strong> Salones neutros, dormitorios tranquilos, entradas elegantes<\/p>\n<\/li>\n<\/ul>\n","protected":false},"excerpt":{"rendered":"<div class=\"product-short-description\">\n<div class=\"elementor-element elementor-element-d43f665 mb-0 elementor-widget elementor-widget-porto_cp_excerpt\" data-id=\"d43f665\" data-element_type=\"widget\" data-widget_type=\"porto_cp_excerpt.default\">\n<div class=\"elementor-widget-container\">\n<div class=\"description woocommerce-product-details__short-description\">\n<p>Densidad de nudos: 2.000.000 points m<sup>2<\/sup><\/p>\n<p>Espesor: 7 mm<\/p>\n<p>Edad: Nueva<\/p>\n<p>Origen: Turqu\u00eda<\/p>\n<p>Nudos: Bamb\u00fa seda<\/p>\n<p>Urdimbre: Algod\u00f3n<\/p>\n<p>Tejido de alta precisi\u00f3n<\/p>\n<\/div>\n<\/div>\n<\/div>\n<div class=\"elementor-element elementor-element-3de7cc4 m-t-n-sm elementor-widget elementor-widget-porto_cp_meta\" data-id=\"3de7cc4\" data-element_type=\"widget\" data-widget_type=\"porto_cp_meta.default\">\n<div class=\"elementor-widget-container\">\n<div class=\"product_meta\"><\/div>\n<\/div>\n<\/div>\n<\/div>\n<div class=\"product_meta\"><\/div>\n","protected":false},"featured_media":26018,"comment_status":"open","ping_status":"closed","template":"","meta":[],"product_cat":[19,308,315],"product_tag":[355,353,352,354],"yoast_head":"<!-- This site is optimized with the Yoast SEO plugin v21.5 - https:\/\/yoast.com\/wordpress\/plugins\/seo\/ -->\n<title>Alfombra cl\u00e1sica moderna gris | El Rinc\u00f3n de Fehmi Madrid<\/title>\n<meta name=\"description\" content=\"Alfombra cl\u00e1sica moderna gris. Tonos gris piedra y detalles vintage para una decoraci\u00f3n elegante y atemporal. Ofertas hasta 60%\" \/>\n<meta name=\"robots\" content=\"index, follow, max-snippet:-1, max-image-preview:large, max-video-preview:-1\" \/>\n<link rel=\"canonical\" href=\"https:\/\/elrincondefehmi.com\/es\/tienda\/alfombras-turcas\/alfombras-modernas\/alfombra-clasica-moderna-gris\/\" \/>\n<meta property=\"og:locale\" content=\"es_ES\" \/>\n<meta property=\"og:type\" content=\"article\" \/>\n<meta property=\"og:title\" content=\"Alfombra cl\u00e1sica moderna gris | El Rinc\u00f3n de Fehmi Madrid\" \/>\n<meta property=\"og:description\" content=\"Alfombra cl\u00e1sica moderna gris. Tonos gris piedra y detalles vintage para una decoraci\u00f3n elegante y atemporal. Ofertas hasta 60%\" \/>\n<meta property=\"og:url\" content=\"https:\/\/elrincondefehmi.com\/es\/tienda\/alfombras-turcas\/alfombras-modernas\/alfombra-clasica-moderna-gris\/\" \/>\n<meta property=\"og:site_name\" content=\"El Rinc\u00f3n de Fehmi Madrid\" \/>\n<meta property=\"article:modified_time\" content=\"2025-11-05T18:43:21+00:00\" \/>\n<meta property=\"og:image\" content=\"https:\/\/elrincondefehmi.com\/es\/wp-content\/uploads\/2025\/06\/HRC001_5401Lisse_1.jpg\" \/>\n\t<meta property=\"og:image:width\" content=\"750\" \/>\n\t<meta property=\"og:image:height\" content=\"1050\" \/>\n\t<meta property=\"og:image:type\" content=\"image\/jpeg\" \/>\n<meta name=\"twitter:card\" content=\"summary_large_image\" \/>\n<script type=\"application\/ld+json\" class=\"yoast-schema-graph\">{\"@context\":\"https:\/\/schema.org\",\"@graph\":[{\"@type\":\"WebPage\",\"@id\":\"https:\/\/elrincondefehmi.com\/es\/tienda\/alfombras-turcas\/alfombras-modernas\/alfombra-clasica-moderna-gris\/\",\"url\":\"https:\/\/elrincondefehmi.com\/es\/tienda\/alfombras-turcas\/alfombras-modernas\/alfombra-clasica-moderna-gris\/\",\"name\":\"Alfombra cl\u00e1sica moderna gris | El Rinc\u00f3n de Fehmi Madrid\",\"isPartOf\":{\"@id\":\"https:\/\/elrincondefehmi.com\/es\/#website\"},\"datePublished\":\"2025-06-11T18:15:26+00:00\",\"dateModified\":\"2025-11-05T18:43:21+00:00\",\"description\":\"Alfombra cl\u00e1sica moderna gris. Tonos gris piedra y detalles vintage para una decoraci\u00f3n elegante y atemporal. Ofertas hasta 60%\",\"breadcrumb\":{\"@id\":\"https:\/\/elrincondefehmi.com\/es\/tienda\/alfombras-turcas\/alfombras-modernas\/alfombra-clasica-moderna-gris\/#breadcrumb\"},\"inLanguage\":\"es\",\"potentialAction\":[{\"@type\":\"ReadAction\",\"target\":[\"https:\/\/elrincondefehmi.com\/es\/tienda\/alfombras-turcas\/alfombras-modernas\/alfombra-clasica-moderna-gris\/\"]}]},{\"@type\":\"BreadcrumbList\",\"@id\":\"https:\/\/elrincondefehmi.com\/es\/tienda\/alfombras-turcas\/alfombras-modernas\/alfombra-clasica-moderna-gris\/#breadcrumb\",\"itemListElement\":[{\"@type\":\"ListItem\",\"position\":1,\"name\":\"PRODUCTOS\",\"item\":\"https:\/\/elrincondefehmi.com\/es\/all-product\/\"},{\"@type\":\"ListItem\",\"position\":2,\"name\":\"Old Fragment Lisse\"}]},{\"@type\":\"WebSite\",\"@id\":\"https:\/\/elrincondefehmi.com\/es\/#website\",\"url\":\"https:\/\/elrincondefehmi.com\/es\/\",\"name\":\"El Rinc\u00f3n de Fehmi Madrid\",\"description\":\"Tienda de alfombras en Madrid.  En El Rinc\u00f3n de Fehmi somos especialistas en alfombras artesanales, alfombras modernas contempor\u00e1neas kilims de Turqu\u00eda\",\"potentialAction\":[{\"@type\":\"SearchAction\",\"target\":{\"@type\":\"EntryPoint\",\"urlTemplate\":\"https:\/\/elrincondefehmi.com\/es\/?s={search_term_string}\"},\"query-input\":\"required name=search_term_string\"}],\"inLanguage\":\"es\"}]}<\/script>\n<!-- \/ Yoast SEO plugin. -->","yoast_head_json":{"title":"Alfombra cl\u00e1sica moderna gris | El Rinc\u00f3n de Fehmi Madrid","description":"Alfombra cl\u00e1sica moderna gris. Tonos gris piedra y detalles vintage para una decoraci\u00f3n elegante y atemporal. Ofertas hasta 60%","robots":{"index":"index","follow":"follow","max-snippet":"max-snippet:-1","max-image-preview":"max-image-preview:large","max-video-preview":"max-video-preview:-1"},"canonical":"https:\/\/elrincondefehmi.com\/es\/tienda\/alfombras-turcas\/alfombras-modernas\/alfombra-clasica-moderna-gris\/","og_locale":"es_ES","og_type":"article","og_title":"Alfombra cl\u00e1sica moderna gris | El Rinc\u00f3n de Fehmi Madrid","og_description":"Alfombra cl\u00e1sica moderna gris. Tonos gris piedra y detalles vintage para una decoraci\u00f3n elegante y atemporal. Ofertas hasta 60%","og_url":"https:\/\/elrincondefehmi.com\/es\/tienda\/alfombras-turcas\/alfombras-modernas\/alfombra-clasica-moderna-gris\/","og_site_name":"El Rinc\u00f3n de Fehmi Madrid","article_modified_time":"2025-11-05T18:43:21+00:00","og_image":[{"width":750,"height":1050,"url":"https:\/\/elrincondefehmi.com\/es\/wp-content\/uploads\/2025\/06\/HRC001_5401Lisse_1.jpg","type":"image\/jpeg"}],"twitter_card":"summary_large_image","schema":{"@context":"https:\/\/schema.org","@graph":[{"@type":"WebPage","@id":"https:\/\/elrincondefehmi.com\/es\/tienda\/alfombras-turcas\/alfombras-modernas\/alfombra-clasica-moderna-gris\/","url":"https:\/\/elrincondefehmi.com\/es\/tienda\/alfombras-turcas\/alfombras-modernas\/alfombra-clasica-moderna-gris\/","name":"Alfombra cl\u00e1sica moderna gris | El Rinc\u00f3n de Fehmi Madrid","isPartOf":{"@id":"https:\/\/elrincondefehmi.com\/es\/#website"},"datePublished":"2025-06-11T18:15:26+00:00","dateModified":"2025-11-05T18:43:21+00:00","description":"Alfombra cl\u00e1sica moderna gris. Tonos gris piedra y detalles vintage para una decoraci\u00f3n elegante y atemporal. Ofertas hasta 60%","breadcrumb":{"@id":"https:\/\/elrincondefehmi.com\/es\/tienda\/alfombras-turcas\/alfombras-modernas\/alfombra-clasica-moderna-gris\/#breadcrumb"},"inLanguage":"es","potentialAction":[{"@type":"ReadAction","target":["https:\/\/elrincondefehmi.com\/es\/tienda\/alfombras-turcas\/alfombras-modernas\/alfombra-clasica-moderna-gris\/"]}]},{"@type":"BreadcrumbList","@id":"https:\/\/elrincondefehmi.com\/es\/tienda\/alfombras-turcas\/alfombras-modernas\/alfombra-clasica-moderna-gris\/#breadcrumb","itemListElement":[{"@type":"ListItem","position":1,"name":"PRODUCTOS","item":"https:\/\/elrincondefehmi.com\/es\/all-product\/"},{"@type":"ListItem","position":2,"name":"Old Fragment Lisse"}]},{"@type":"WebSite","@id":"https:\/\/elrincondefehmi.com\/es\/#website","url":"https:\/\/elrincondefehmi.com\/es\/","name":"El Rinc\u00f3n de Fehmi Madrid","description":"Tienda de alfombras en Madrid.  En El Rinc\u00f3n de Fehmi somos especialistas en alfombras artesanales, alfombras modernas contempor\u00e1neas kilims de Turqu\u00eda","potentialAction":[{"@type":"SearchAction","target":{"@type":"EntryPoint","urlTemplate":"https:\/\/elrincondefehmi.com\/es\/?s={search_term_string}"},"query-input":"required name=search_term_string"}],"inLanguage":"es"}]}},"_links":{"self":[{"href":"https:\/\/elrincondefehmi.com\/es\/wp-json\/wp\/v2\/product\/26009"}],"collection":[{"href":"https:\/\/elrincondefehmi.com\/es\/wp-json\/wp\/v2\/product"}],"about":[{"href":"https:\/\/elrincondefehmi.com\/es\/wp-json\/wp\/v2\/types\/product"}],"replies":[{"embeddable":true,"href":"https:\/\/elrincondefehmi.com\/es\/wp-json\/wp\/v2\/comments?post=26009"}],"wp:featuredmedia":[{"embeddable":true,"href":"https:\/\/elrincondefehmi.com\/es\/wp-json\/wp\/v2\/media\/26018"}],"wp:attachment":[{"href":"https:\/\/elrincondefehmi.com\/es\/wp-json\/wp\/v2\/media?parent=26009"}],"wp:term":[{"taxonomy":"product_cat","embeddable":true,"href":"https:\/\/elrincondefehmi.com\/es\/wp-json\/wp\/v2\/product_cat?post=26009"},{"taxonomy":"product_tag","embeddable":true,"href":"https:\/\/elrincondefehmi.com\/es\/wp-json\/wp\/v2\/product_tag?post=26009"}],"curies":[{"name":"wp","href":"https:\/\/api.w.org\/{rel}","templated":true}]}}