{"id":25999,"date":"2025-06-11T17:55:12","date_gmt":"2025-06-11T17:55:12","guid":{"rendered":"https:\/\/elrincondefehmi.com\/es\/?post_type=product&#038;p=25999"},"modified":"2025-06-11T18:01:27","modified_gmt":"2025-06-11T18:01:27","slug":"alfombra-azul-clasica-moderna","status":"publish","type":"product","link":"https:\/\/elrincondefehmi.com\/es\/tienda\/alfombras-turcas\/alfombras-modernas\/alfombra-azul-clasica-moderna\/","title":{"rendered":"Old Fragment Lapis"},"content":{"rendered":"<p data-start=\"171\" data-end=\"516\"><strong data-start=\"171\" data-end=\"193\">Old Fragment Lapis<\/strong> es una alfombra moderna de inspiraci\u00f3n cl\u00e1sica que destaca por su elegante tono azul lapisl\u00e1zuli con efecto desgastado. Su dise\u00f1o evoca fragmentos del pasado reinterpretados en clave contempor\u00e1nea, lo que la convierte en una pieza decorativa \u00fanica, capaz de transformar cualquier estancia con personalidad y sofisticaci\u00f3n.<\/p>\n<p data-start=\"518\" data-end=\"819\">Esta alfombra combina matices de azul profundo, toques gris\u00e1ceos y una p\u00e1tina sutil en tonos tierra, logrando un equilibrio perfecto entre tradici\u00f3n y modernidad. Es ideal para salones, dormitorios o despachos con un estilo cl\u00e1sico renovado o ambientes minimalistas que necesitan un toque de car\u00e1cter.<\/p>\n<ul data-start=\"821\" data-end=\"1094\">\n<li data-start=\"821\" data-end=\"863\">\n<p data-start=\"823\" data-end=\"863\"><strong data-start=\"823\" data-end=\"834\">Estilo:<\/strong> Moderno cl\u00e1sico desgastado<\/p>\n<\/li>\n<li data-start=\"864\" data-end=\"919\">\n<p data-start=\"866\" data-end=\"919\"><strong data-start=\"866\" data-end=\"886\">Color principal:<\/strong> Azul lapis con matices neutros<\/p>\n<\/li>\n<li data-start=\"920\" data-end=\"976\">\n<p data-start=\"922\" data-end=\"976\"><strong data-start=\"922\" data-end=\"938\">Inspiraci\u00f3n:<\/strong> Fragmentos antiguos reinterpretados<\/p>\n<\/li>\n<li data-start=\"977\" data-end=\"1022\">\n<p data-start=\"979\" data-end=\"1022\"><strong data-start=\"979\" data-end=\"989\">Tacto:<\/strong> Suave, con acabado texturizado<\/p>\n<\/li>\n<li data-start=\"1023\" data-end=\"1094\">\n<p data-start=\"1025\" data-end=\"1094\"><strong data-start=\"1025\" data-end=\"1045\">Uso recomendado:<\/strong> Sal\u00f3n, dormitorio, zona de lectura o recibidor<\/p>\n<\/li>\n<\/ul>\n","protected":false},"excerpt":{"rendered":"<div class=\"elementor-element elementor-element-d43f665 mb-0 elementor-widget elementor-widget-porto_cp_excerpt\" data-id=\"d43f665\" data-element_type=\"widget\" data-widget_type=\"porto_cp_excerpt.default\">\n<div class=\"elementor-widget-container\">\n<div class=\"description woocommerce-product-details__short-description\">\n<p>Densidad de nudos: 2.000.000 points m<sup>2<\/sup><\/p>\n<p>Espesor: 7 mm<\/p>\n<p>Edad: Nueva<\/p>\n<p>Origen: Turqu\u00eda<\/p>\n<p>Nudos: Bamb\u00fa seda<\/p>\n<p>Urdimbre: Algod\u00f3n<\/p>\n<p>Tejido de alta precisi\u00f3n<\/p>\n<\/div>\n<\/div>\n<\/div>\n<div class=\"elementor-element elementor-element-3de7cc4 m-t-n-sm elementor-widget elementor-widget-porto_cp_meta\" data-id=\"3de7cc4\" data-element_type=\"widget\" data-widget_type=\"porto_cp_meta.default\">\n<div class=\"elementor-widget-container\">\n<div class=\"product_meta\"><\/div>\n<\/div>\n<\/div>\n","protected":false},"featured_media":25993,"comment_status":"open","ping_status":"closed","template":"","meta":[],"product_cat":[19,308,315],"product_tag":[355,353,352,354],"yoast_head":"<!-- This site is optimized with the Yoast SEO plugin v21.5 - https:\/\/yoast.com\/wordpress\/plugins\/seo\/ -->\n<title>Alfombra azul cl\u00e1sica moderna | El Rinc\u00f3n de Fehmi Madrid | Tienda de alfombras turcas<\/title>\n<meta name=\"description\" content=\"Alfombra moderna azul estilo cl\u00e1sico desgastado. Old Fragment Lapis transforma cualquier espacio con elegancia atemporal. \u00a1Desc\u00fabrela online!\" \/>\n<meta name=\"robots\" content=\"index, follow, max-snippet:-1, max-image-preview:large, max-video-preview:-1\" \/>\n<link rel=\"canonical\" href=\"https:\/\/elrincondefehmi.com\/es\/tienda\/alfombras-turcas\/alfombras-modernas\/alfombra-azul-clasica-moderna\/\" \/>\n<meta property=\"og:locale\" content=\"es_ES\" \/>\n<meta property=\"og:type\" content=\"article\" \/>\n<meta property=\"og:title\" content=\"Alfombra azul cl\u00e1sica moderna | El Rinc\u00f3n de Fehmi Madrid | Tienda de alfombras turcas\" \/>\n<meta property=\"og:description\" content=\"Alfombra moderna azul estilo cl\u00e1sico desgastado. Old Fragment Lapis transforma cualquier espacio con elegancia atemporal. \u00a1Desc\u00fabrela online!\" \/>\n<meta property=\"og:url\" content=\"https:\/\/elrincondefehmi.com\/es\/tienda\/alfombras-turcas\/alfombras-modernas\/alfombra-azul-clasica-moderna\/\" \/>\n<meta property=\"og:site_name\" content=\"El Rinc\u00f3n de Fehmi Madrid\" \/>\n<meta property=\"article:modified_time\" content=\"2025-06-11T18:01:27+00:00\" \/>\n<meta property=\"og:image\" content=\"https:\/\/elrincondefehmi.com\/es\/wp-content\/uploads\/2025\/06\/GRD001_6064Lapis_1.jpg\" \/>\n\t<meta property=\"og:image:width\" content=\"750\" \/>\n\t<meta property=\"og:image:height\" content=\"1050\" \/>\n\t<meta property=\"og:image:type\" content=\"image\/jpeg\" \/>\n<meta name=\"twitter:card\" content=\"summary_large_image\" \/>\n<script type=\"application\/ld+json\" class=\"yoast-schema-graph\">{\"@context\":\"https:\/\/schema.org\",\"@graph\":[{\"@type\":\"WebPage\",\"@id\":\"https:\/\/elrincondefehmi.com\/es\/tienda\/alfombras-turcas\/alfombras-modernas\/alfombra-azul-clasica-moderna\/\",\"url\":\"https:\/\/elrincondefehmi.com\/es\/tienda\/alfombras-turcas\/alfombras-modernas\/alfombra-azul-clasica-moderna\/\",\"name\":\"Alfombra azul cl\u00e1sica moderna | El Rinc\u00f3n de Fehmi Madrid | Tienda de alfombras turcas\",\"isPartOf\":{\"@id\":\"https:\/\/elrincondefehmi.com\/es\/#website\"},\"datePublished\":\"2025-06-11T17:55:12+00:00\",\"dateModified\":\"2025-06-11T18:01:27+00:00\",\"description\":\"Alfombra moderna azul estilo cl\u00e1sico desgastado. Old Fragment Lapis transforma cualquier espacio con elegancia atemporal. \u00a1Desc\u00fabrela online!\",\"breadcrumb\":{\"@id\":\"https:\/\/elrincondefehmi.com\/es\/tienda\/alfombras-turcas\/alfombras-modernas\/alfombra-azul-clasica-moderna\/#breadcrumb\"},\"inLanguage\":\"es\",\"potentialAction\":[{\"@type\":\"ReadAction\",\"target\":[\"https:\/\/elrincondefehmi.com\/es\/tienda\/alfombras-turcas\/alfombras-modernas\/alfombra-azul-clasica-moderna\/\"]}]},{\"@type\":\"BreadcrumbList\",\"@id\":\"https:\/\/elrincondefehmi.com\/es\/tienda\/alfombras-turcas\/alfombras-modernas\/alfombra-azul-clasica-moderna\/#breadcrumb\",\"itemListElement\":[{\"@type\":\"ListItem\",\"position\":1,\"name\":\"PRODUCTOS\",\"item\":\"https:\/\/elrincondefehmi.com\/es\/all-product\/\"},{\"@type\":\"ListItem\",\"position\":2,\"name\":\"Old Fragment Lapis\"}]},{\"@type\":\"WebSite\",\"@id\":\"https:\/\/elrincondefehmi.com\/es\/#website\",\"url\":\"https:\/\/elrincondefehmi.com\/es\/\",\"name\":\"El Rinc\u00f3n de Fehmi Madrid\",\"description\":\"Tienda de alfombras en Madrid.  En El Rinc\u00f3n de Fehmi somos especialistas en alfombras artesanales, alfombras modernas contempor\u00e1neas kilims de Turqu\u00eda\",\"potentialAction\":[{\"@type\":\"SearchAction\",\"target\":{\"@type\":\"EntryPoint\",\"urlTemplate\":\"https:\/\/elrincondefehmi.com\/es\/?s={search_term_string}\"},\"query-input\":\"required name=search_term_string\"}],\"inLanguage\":\"es\"}]}<\/script>\n<!-- \/ Yoast SEO plugin. -->","yoast_head_json":{"title":"Alfombra azul cl\u00e1sica moderna | El Rinc\u00f3n de Fehmi Madrid | Tienda de alfombras turcas","description":"Alfombra moderna azul estilo cl\u00e1sico desgastado. Old Fragment Lapis transforma cualquier espacio con elegancia atemporal. \u00a1Desc\u00fabrela online!","robots":{"index":"index","follow":"follow","max-snippet":"max-snippet:-1","max-image-preview":"max-image-preview:large","max-video-preview":"max-video-preview:-1"},"canonical":"https:\/\/elrincondefehmi.com\/es\/tienda\/alfombras-turcas\/alfombras-modernas\/alfombra-azul-clasica-moderna\/","og_locale":"es_ES","og_type":"article","og_title":"Alfombra azul cl\u00e1sica moderna | El Rinc\u00f3n de Fehmi Madrid | Tienda de alfombras turcas","og_description":"Alfombra moderna azul estilo cl\u00e1sico desgastado. Old Fragment Lapis transforma cualquier espacio con elegancia atemporal. \u00a1Desc\u00fabrela online!","og_url":"https:\/\/elrincondefehmi.com\/es\/tienda\/alfombras-turcas\/alfombras-modernas\/alfombra-azul-clasica-moderna\/","og_site_name":"El Rinc\u00f3n de Fehmi Madrid","article_modified_time":"2025-06-11T18:01:27+00:00","og_image":[{"width":750,"height":1050,"url":"https:\/\/elrincondefehmi.com\/es\/wp-content\/uploads\/2025\/06\/GRD001_6064Lapis_1.jpg","type":"image\/jpeg"}],"twitter_card":"summary_large_image","schema":{"@context":"https:\/\/schema.org","@graph":[{"@type":"WebPage","@id":"https:\/\/elrincondefehmi.com\/es\/tienda\/alfombras-turcas\/alfombras-modernas\/alfombra-azul-clasica-moderna\/","url":"https:\/\/elrincondefehmi.com\/es\/tienda\/alfombras-turcas\/alfombras-modernas\/alfombra-azul-clasica-moderna\/","name":"Alfombra azul cl\u00e1sica moderna | El Rinc\u00f3n de Fehmi Madrid | Tienda de alfombras turcas","isPartOf":{"@id":"https:\/\/elrincondefehmi.com\/es\/#website"},"datePublished":"2025-06-11T17:55:12+00:00","dateModified":"2025-06-11T18:01:27+00:00","description":"Alfombra moderna azul estilo cl\u00e1sico desgastado. Old Fragment Lapis transforma cualquier espacio con elegancia atemporal. \u00a1Desc\u00fabrela online!","breadcrumb":{"@id":"https:\/\/elrincondefehmi.com\/es\/tienda\/alfombras-turcas\/alfombras-modernas\/alfombra-azul-clasica-moderna\/#breadcrumb"},"inLanguage":"es","potentialAction":[{"@type":"ReadAction","target":["https:\/\/elrincondefehmi.com\/es\/tienda\/alfombras-turcas\/alfombras-modernas\/alfombra-azul-clasica-moderna\/"]}]},{"@type":"BreadcrumbList","@id":"https:\/\/elrincondefehmi.com\/es\/tienda\/alfombras-turcas\/alfombras-modernas\/alfombra-azul-clasica-moderna\/#breadcrumb","itemListElement":[{"@type":"ListItem","position":1,"name":"PRODUCTOS","item":"https:\/\/elrincondefehmi.com\/es\/all-product\/"},{"@type":"ListItem","position":2,"name":"Old Fragment Lapis"}]},{"@type":"WebSite","@id":"https:\/\/elrincondefehmi.com\/es\/#website","url":"https:\/\/elrincondefehmi.com\/es\/","name":"El Rinc\u00f3n de Fehmi Madrid","description":"Tienda de alfombras en Madrid.  En El Rinc\u00f3n de Fehmi somos especialistas en alfombras artesanales, alfombras modernas contempor\u00e1neas kilims de Turqu\u00eda","potentialAction":[{"@type":"SearchAction","target":{"@type":"EntryPoint","urlTemplate":"https:\/\/elrincondefehmi.com\/es\/?s={search_term_string}"},"query-input":"required name=search_term_string"}],"inLanguage":"es"}]}},"_links":{"self":[{"href":"https:\/\/elrincondefehmi.com\/es\/wp-json\/wp\/v2\/product\/25999"}],"collection":[{"href":"https:\/\/elrincondefehmi.com\/es\/wp-json\/wp\/v2\/product"}],"about":[{"href":"https:\/\/elrincondefehmi.com\/es\/wp-json\/wp\/v2\/types\/product"}],"replies":[{"embeddable":true,"href":"https:\/\/elrincondefehmi.com\/es\/wp-json\/wp\/v2\/comments?post=25999"}],"wp:featuredmedia":[{"embeddable":true,"href":"https:\/\/elrincondefehmi.com\/es\/wp-json\/wp\/v2\/media\/25993"}],"wp:attachment":[{"href":"https:\/\/elrincondefehmi.com\/es\/wp-json\/wp\/v2\/media?parent=25999"}],"wp:term":[{"taxonomy":"product_cat","embeddable":true,"href":"https:\/\/elrincondefehmi.com\/es\/wp-json\/wp\/v2\/product_cat?post=25999"},{"taxonomy":"product_tag","embeddable":true,"href":"https:\/\/elrincondefehmi.com\/es\/wp-json\/wp\/v2\/product_tag?post=25999"}],"curies":[{"name":"wp","href":"https:\/\/api.w.org\/{rel}","templated":true}]}}