{"id":25971,"date":"2025-06-11T11:49:18","date_gmt":"2025-06-11T11:49:18","guid":{"rendered":"https:\/\/elrincondefehmi.com\/es\/?post_type=product&#038;p=25971"},"modified":"2025-06-11T16:01:20","modified_gmt":"2025-06-11T16:01:20","slug":"alfombra-moderna-gris","status":"publish","type":"product","link":"https:\/\/elrincondefehmi.com\/es\/tienda\/alfombras-turcas\/alfombras-modernas\/alfombra-moderna-gris\/","title":{"rendered":"New Age 4"},"content":{"rendered":"<p data-start=\"342\" data-end=\"707\">Descubre la elegancia minimalista de la alfombra moderna <em data-start=\"399\" data-end=\"408\">New Age<\/em>, una pieza contempor\u00e1nea que combina texturas sutiles y tonos neutros para crear un ambiente c\u00e1lido y sofisticado. Su dise\u00f1o abstracto en tonos gris piedra y toques de beige envejecido aporta un estilo moderno y sobrio, ideal para salones, dormitorios o espacios de dise\u00f1o escandinavo e industrial.<\/p>\n<p data-start=\"709\" data-end=\"965\">Tejida con materiales de alta calidad y f\u00e1cil mantenimiento, esta alfombra es perfecta para quienes buscan funcionalidad sin renunciar al dise\u00f1o. Su superficie suave al tacto y su estructura resistente hacen de ella una excelente opci\u00f3n para el uso diario.<\/p>\n<p data-start=\"967\" data-end=\"987\"><strong data-start=\"967\" data-end=\"987\">Caracter\u00edsticas:<\/strong><\/p>\n<ul data-start=\"988\" data-end=\"1238\">\n<li data-start=\"988\" data-end=\"1017\">\n<p data-start=\"990\" data-end=\"1017\">Estilo: moderno minimalista<\/p>\n<\/li>\n<li data-start=\"1018\" data-end=\"1074\">\n<p data-start=\"1020\" data-end=\"1074\">Colores: gris piedra, beige claro, matices desgastados<\/p>\n<\/li>\n<li data-start=\"1098\" data-end=\"1143\">\n<p data-start=\"1100\" data-end=\"1143\">Material: fibras naturales de alta calidad<\/p>\n<\/li>\n<li data-start=\"1144\" data-end=\"1199\">\n<p data-start=\"1146\" data-end=\"1199\">Ideal para: salones, comedores, dormitorios, oficinas<\/p>\n<\/li>\n<li data-start=\"1200\" data-end=\"1238\">\n<p data-start=\"1202\" data-end=\"1238\">F\u00e1cil de limpiar y resistente al uso<\/p>\n<\/li>\n<\/ul>\n","protected":false},"excerpt":{"rendered":"<div class=\"elementor-element elementor-element-d43f665 mb-0 elementor-widget elementor-widget-porto_cp_excerpt\" data-id=\"d43f665\" data-element_type=\"widget\" data-widget_type=\"porto_cp_excerpt.default\">\n<div class=\"elementor-widget-container\">\n<div class=\"description woocommerce-product-details__short-description\">\n<p>Densidad de nudos: 2.000.000 points m<sup>2<\/sup><\/p>\n<p>Espesor: 7 mm<\/p>\n<p>Edad: Nueva<\/p>\n<p>Origen: Turqu\u00eda<\/p>\n<p>Nudos: Bamb\u00fa seda<\/p>\n<p>Urdimbre: Algod\u00f3n<\/p>\n<p>Tejido de alta precisi\u00f3n<\/p>\n<\/div>\n<\/div>\n<\/div>\n<div class=\"elementor-element elementor-element-3de7cc4 m-t-n-sm elementor-widget elementor-widget-porto_cp_meta\" data-id=\"3de7cc4\" data-element_type=\"widget\" data-widget_type=\"porto_cp_meta.default\">\n<div class=\"elementor-widget-container\">\n<div class=\"product_meta\"><\/div>\n<\/div>\n<\/div>\n","protected":false},"featured_media":25986,"comment_status":"open","ping_status":"closed","template":"","meta":[],"product_cat":[19,308,315],"product_tag":[355,353,352,354],"yoast_head":"<!-- This site is optimized with the Yoast SEO plugin v21.5 - https:\/\/yoast.com\/wordpress\/plugins\/seo\/ -->\n<title>Alfombras modernas para sala de estar | El Rinc\u00f3n de Fehmi Madrid | Rebajas de Invierno<\/title>\n<meta name=\"description\" content=\"Alfombra moderna gris 200x290 cm con dise\u00f1o minimalista y efecto desgastado. Ideal para salones elegantes y espacios contempor\u00e1neos.\" \/>\n<meta name=\"robots\" content=\"index, follow, max-snippet:-1, max-image-preview:large, max-video-preview:-1\" \/>\n<link rel=\"canonical\" href=\"https:\/\/elrincondefehmi.com\/es\/tienda\/alfombras-turcas\/alfombras-modernas\/alfombra-moderna-gris\/\" \/>\n<meta property=\"og:locale\" content=\"es_ES\" \/>\n<meta property=\"og:type\" content=\"article\" \/>\n<meta property=\"og:title\" content=\"Alfombras modernas para sala de estar | El Rinc\u00f3n de Fehmi Madrid | Rebajas de Invierno\" \/>\n<meta property=\"og:description\" content=\"Alfombra moderna gris 200x290 cm con dise\u00f1o minimalista y efecto desgastado. Ideal para salones elegantes y espacios contempor\u00e1neos.\" \/>\n<meta property=\"og:url\" content=\"https:\/\/elrincondefehmi.com\/es\/tienda\/alfombras-turcas\/alfombras-modernas\/alfombra-moderna-gris\/\" \/>\n<meta property=\"og:site_name\" content=\"El Rinc\u00f3n de Fehmi Madrid\" \/>\n<meta property=\"article:modified_time\" content=\"2025-06-11T16:01:20+00:00\" \/>\n<meta property=\"og:image\" content=\"https:\/\/elrincondefehmi.com\/es\/wp-content\/uploads\/2025\/06\/New-age-4.jpg\" \/>\n\t<meta property=\"og:image:width\" content=\"750\" \/>\n\t<meta property=\"og:image:height\" content=\"1050\" \/>\n\t<meta property=\"og:image:type\" content=\"image\/jpeg\" \/>\n<meta name=\"twitter:card\" content=\"summary_large_image\" \/>\n<script type=\"application\/ld+json\" class=\"yoast-schema-graph\">{\"@context\":\"https:\/\/schema.org\",\"@graph\":[{\"@type\":\"WebPage\",\"@id\":\"https:\/\/elrincondefehmi.com\/es\/tienda\/alfombras-turcas\/alfombras-modernas\/alfombra-moderna-gris\/\",\"url\":\"https:\/\/elrincondefehmi.com\/es\/tienda\/alfombras-turcas\/alfombras-modernas\/alfombra-moderna-gris\/\",\"name\":\"Alfombras modernas para sala de estar | El Rinc\u00f3n de Fehmi Madrid | Rebajas de Invierno\",\"isPartOf\":{\"@id\":\"https:\/\/elrincondefehmi.com\/es\/#website\"},\"datePublished\":\"2025-06-11T11:49:18+00:00\",\"dateModified\":\"2025-06-11T16:01:20+00:00\",\"description\":\"Alfombra moderna gris 200x290 cm con dise\u00f1o minimalista y efecto desgastado. Ideal para salones elegantes y espacios contempor\u00e1neos.\",\"breadcrumb\":{\"@id\":\"https:\/\/elrincondefehmi.com\/es\/tienda\/alfombras-turcas\/alfombras-modernas\/alfombra-moderna-gris\/#breadcrumb\"},\"inLanguage\":\"es\",\"potentialAction\":[{\"@type\":\"ReadAction\",\"target\":[\"https:\/\/elrincondefehmi.com\/es\/tienda\/alfombras-turcas\/alfombras-modernas\/alfombra-moderna-gris\/\"]}]},{\"@type\":\"BreadcrumbList\",\"@id\":\"https:\/\/elrincondefehmi.com\/es\/tienda\/alfombras-turcas\/alfombras-modernas\/alfombra-moderna-gris\/#breadcrumb\",\"itemListElement\":[{\"@type\":\"ListItem\",\"position\":1,\"name\":\"PRODUCTOS\",\"item\":\"https:\/\/elrincondefehmi.com\/es\/all-product\/\"},{\"@type\":\"ListItem\",\"position\":2,\"name\":\"New Age 4\"}]},{\"@type\":\"WebSite\",\"@id\":\"https:\/\/elrincondefehmi.com\/es\/#website\",\"url\":\"https:\/\/elrincondefehmi.com\/es\/\",\"name\":\"El Rinc\u00f3n de Fehmi Madrid\",\"description\":\"Tienda de alfombras en Madrid.  En El Rinc\u00f3n de Fehmi somos especialistas en alfombras artesanales, alfombras modernas contempor\u00e1neas kilims de Turqu\u00eda\",\"potentialAction\":[{\"@type\":\"SearchAction\",\"target\":{\"@type\":\"EntryPoint\",\"urlTemplate\":\"https:\/\/elrincondefehmi.com\/es\/?s={search_term_string}\"},\"query-input\":\"required name=search_term_string\"}],\"inLanguage\":\"es\"}]}<\/script>\n<!-- \/ Yoast SEO plugin. -->","yoast_head_json":{"title":"Alfombras modernas para sala de estar | El Rinc\u00f3n de Fehmi Madrid | Rebajas de Invierno","description":"Alfombra moderna gris 200x290 cm con dise\u00f1o minimalista y efecto desgastado. Ideal para salones elegantes y espacios contempor\u00e1neos.","robots":{"index":"index","follow":"follow","max-snippet":"max-snippet:-1","max-image-preview":"max-image-preview:large","max-video-preview":"max-video-preview:-1"},"canonical":"https:\/\/elrincondefehmi.com\/es\/tienda\/alfombras-turcas\/alfombras-modernas\/alfombra-moderna-gris\/","og_locale":"es_ES","og_type":"article","og_title":"Alfombras modernas para sala de estar | El Rinc\u00f3n de Fehmi Madrid | Rebajas de Invierno","og_description":"Alfombra moderna gris 200x290 cm con dise\u00f1o minimalista y efecto desgastado. Ideal para salones elegantes y espacios contempor\u00e1neos.","og_url":"https:\/\/elrincondefehmi.com\/es\/tienda\/alfombras-turcas\/alfombras-modernas\/alfombra-moderna-gris\/","og_site_name":"El Rinc\u00f3n de Fehmi Madrid","article_modified_time":"2025-06-11T16:01:20+00:00","og_image":[{"width":750,"height":1050,"url":"https:\/\/elrincondefehmi.com\/es\/wp-content\/uploads\/2025\/06\/New-age-4.jpg","type":"image\/jpeg"}],"twitter_card":"summary_large_image","schema":{"@context":"https:\/\/schema.org","@graph":[{"@type":"WebPage","@id":"https:\/\/elrincondefehmi.com\/es\/tienda\/alfombras-turcas\/alfombras-modernas\/alfombra-moderna-gris\/","url":"https:\/\/elrincondefehmi.com\/es\/tienda\/alfombras-turcas\/alfombras-modernas\/alfombra-moderna-gris\/","name":"Alfombras modernas para sala de estar | El Rinc\u00f3n de Fehmi Madrid | Rebajas de Invierno","isPartOf":{"@id":"https:\/\/elrincondefehmi.com\/es\/#website"},"datePublished":"2025-06-11T11:49:18+00:00","dateModified":"2025-06-11T16:01:20+00:00","description":"Alfombra moderna gris 200x290 cm con dise\u00f1o minimalista y efecto desgastado. Ideal para salones elegantes y espacios contempor\u00e1neos.","breadcrumb":{"@id":"https:\/\/elrincondefehmi.com\/es\/tienda\/alfombras-turcas\/alfombras-modernas\/alfombra-moderna-gris\/#breadcrumb"},"inLanguage":"es","potentialAction":[{"@type":"ReadAction","target":["https:\/\/elrincondefehmi.com\/es\/tienda\/alfombras-turcas\/alfombras-modernas\/alfombra-moderna-gris\/"]}]},{"@type":"BreadcrumbList","@id":"https:\/\/elrincondefehmi.com\/es\/tienda\/alfombras-turcas\/alfombras-modernas\/alfombra-moderna-gris\/#breadcrumb","itemListElement":[{"@type":"ListItem","position":1,"name":"PRODUCTOS","item":"https:\/\/elrincondefehmi.com\/es\/all-product\/"},{"@type":"ListItem","position":2,"name":"New Age 4"}]},{"@type":"WebSite","@id":"https:\/\/elrincondefehmi.com\/es\/#website","url":"https:\/\/elrincondefehmi.com\/es\/","name":"El Rinc\u00f3n de Fehmi Madrid","description":"Tienda de alfombras en Madrid.  En El Rinc\u00f3n de Fehmi somos especialistas en alfombras artesanales, alfombras modernas contempor\u00e1neas kilims de Turqu\u00eda","potentialAction":[{"@type":"SearchAction","target":{"@type":"EntryPoint","urlTemplate":"https:\/\/elrincondefehmi.com\/es\/?s={search_term_string}"},"query-input":"required name=search_term_string"}],"inLanguage":"es"}]}},"_links":{"self":[{"href":"https:\/\/elrincondefehmi.com\/es\/wp-json\/wp\/v2\/product\/25971"}],"collection":[{"href":"https:\/\/elrincondefehmi.com\/es\/wp-json\/wp\/v2\/product"}],"about":[{"href":"https:\/\/elrincondefehmi.com\/es\/wp-json\/wp\/v2\/types\/product"}],"replies":[{"embeddable":true,"href":"https:\/\/elrincondefehmi.com\/es\/wp-json\/wp\/v2\/comments?post=25971"}],"wp:featuredmedia":[{"embeddable":true,"href":"https:\/\/elrincondefehmi.com\/es\/wp-json\/wp\/v2\/media\/25986"}],"wp:attachment":[{"href":"https:\/\/elrincondefehmi.com\/es\/wp-json\/wp\/v2\/media?parent=25971"}],"wp:term":[{"taxonomy":"product_cat","embeddable":true,"href":"https:\/\/elrincondefehmi.com\/es\/wp-json\/wp\/v2\/product_cat?post=25971"},{"taxonomy":"product_tag","embeddable":true,"href":"https:\/\/elrincondefehmi.com\/es\/wp-json\/wp\/v2\/product_tag?post=25971"}],"curies":[{"name":"wp","href":"https:\/\/api.w.org\/{rel}","templated":true}]}}