{"id":25961,"date":"2025-06-10T10:43:11","date_gmt":"2025-06-10T10:43:11","guid":{"rendered":"https:\/\/elrincondefehmi.com\/es\/?post_type=product&#038;p=25961"},"modified":"2025-07-03T18:12:53","modified_gmt":"2025-07-03T18:12:53","slug":"alfombra-turca-grande-clasica","status":"publish","type":"product","link":"https:\/\/elrincondefehmi.com\/es\/tienda\/alfombras-turcas\/alfombras-clasicas\/alfombra-turca-grande-clasica\/","title":{"rendered":"Alfombra Cl\u00e1sica turca 300&#215;419 cm"},"content":{"rendered":"<p>[:es]<\/p>\n<h1 data-start=\"299\" data-end=\"641\"><span style=\"font-size: 24px;\">Alfombra Cl\u00e1sica turca<\/span><\/h1>\n<p data-start=\"299\" data-end=\"641\">Descubre la majestuosidad de esta <strong data-start=\"333\" data-end=\"375\">alfombra turca cl\u00e1sica de gran formato<\/strong>, una pieza excepcional de <strong data-start=\"402\" data-end=\"419\">calidad extra<\/strong>, tejida a mano de forma completamente artesanal en Turqu\u00eda. Con unas generosas dimensiones de <strong data-start=\"514\" data-end=\"528\">300&#215;419 cm<\/strong>, esta alfombra est\u00e1 dise\u00f1ada para destacar en salones amplios, recibidores elegantes o espacios representativos.<\/p>\n<p data-start=\"643\" data-end=\"1104\">Elaborada con <strong data-start=\"657\" data-end=\"707\">lana de alta calidad sobre urdimbre de algod\u00f3n<\/strong>, esta alfombra combina resistencia y suavidad al tacto. La t\u00e9cnica de tejido empleada es el <strong data-start=\"800\" data-end=\"831\">nudo doble Ghiordes (turco)<\/strong>, con una densidad de <strong data-start=\"853\" data-end=\"890\">8&#215;8 nudos por cent\u00edmetro cuadrado<\/strong>, lo que equivale a aproximadamente <strong data-start=\"926\" data-end=\"962\">640.000 nudos por metro cuadrado<\/strong>. Esta alt\u00edsima densidad no solo garantiza una durabilidad superior, sino que permite un nivel de detalle exquisito en cada motivo decorativo.<\/p>\n<p data-start=\"1106\" data-end=\"1419\">Su dise\u00f1o, inspirado en los patrones tradicionales persas y otomanos, est\u00e1 realzado por <strong data-start=\"1194\" data-end=\"1221\">colores 100\u202f% naturales<\/strong> cuidadosamente seleccionados y fijados mediante t\u00e9cnicas ancestrales. La paleta c\u00e1lida, dominada por tonos tierra, rojo granate y matices verdes y azulados, crea una atm\u00f3sfera acogedora y elegante.<\/p>\n<p data-start=\"1106\" data-end=\"1419\">Esta alfombra no solo es una pieza decorativa, sino tambi\u00e9n una inversi\u00f3n duradera que refleja historia, cultura y artesan\u00eda textil de alt\u00edsimo nivel.<\/p>\n<p>[:en]<\/p>\n<h1>Classic Turkish Rugs<\/h1>\n<p>Classic <a href=\"https:\/\/elrincondefehmi.k8s.optimizaclick.com\/en\/turkish-carpets-in-istanbul\/\">Turkish Rug&#8217;s<\/a>\u00a0and <a href=\"https:\/\/elrincondefehmi.k8s.optimizaclick.com\/en\/categoria-producto\/kilim\/\">kilim&#8217;s<\/a> are each one-of-a-kind, handcrafted pieces of art steeped in history and tradition. The unique colors and motifs of each carpet adapt well in all settings and styles and display exceptional quality. Each piece contributes a special finishing touch to any room, and adds style and character to all spaces. \u00a0Each carpet exhibits high-quality workmanship and all are made with care from high-quality, natural materials making them resistant to time and wear.<\/p>\n<p>As experts in Classic Turkish Rug&#8217;s, we have carefully inspected and selected our collection of Turkish carpets and Kilims and proudly display them for our customers in our store in <a href=\"http:\/\/www.turismodeturquia.org\/Istanbul.aspx\">Istanbul<\/a>.<\/p>\n<p>&nbsp;<\/p>\n<p>&nbsp;[:]<\/p>\n","protected":false},"excerpt":{"rendered":"<p>Alfombra cl\u00e1sica turca<br \/>\nMaterial: Lana y algod\u00f3n<br \/>\nMedidas: 300 x 419 cm<br \/>\n64 nudos por cm\u00b2 640,000 nudos por m\u00b2<br \/>\nHecho a mano\u00a0<\/p>\n","protected":false},"featured_media":25970,"comment_status":"open","ping_status":"closed","template":"","meta":[],"product_cat":[19,308,316],"product_tag":[355,353,352,354],"yoast_head":"<!-- This site is optimized with the Yoast SEO plugin v21.5 - https:\/\/yoast.com\/wordpress\/plugins\/seo\/ -->\n<title>Alfombra turca grande cl\u00e1sica | El Rinc\u00f3n de Fehmi Madrid | Alfombras Econ\u00f3micas turcas<\/title>\n<meta name=\"description\" content=\"Alfombra turca cl\u00e1sica de gran formato, una pieza excepcional de calidad extra, tejida a mano de forma completamente artesanal en Turqu\u00eda.\" \/>\n<meta name=\"robots\" content=\"index, follow, max-snippet:-1, max-image-preview:large, max-video-preview:-1\" \/>\n<link rel=\"canonical\" href=\"https:\/\/elrincondefehmi.com\/es\/tienda\/alfombras-turcas\/alfombras-clasicas\/alfombra-turca-grande-clasica\/\" \/>\n<meta property=\"og:locale\" content=\"es_ES\" \/>\n<meta property=\"og:type\" content=\"article\" \/>\n<meta property=\"og:title\" content=\"Alfombra turca grande cl\u00e1sica | El Rinc\u00f3n de Fehmi Madrid | Alfombras Econ\u00f3micas turcas\" \/>\n<meta property=\"og:description\" content=\"Alfombra turca cl\u00e1sica de gran formato, una pieza excepcional de calidad extra, tejida a mano de forma completamente artesanal en Turqu\u00eda.\" \/>\n<meta property=\"og:url\" content=\"https:\/\/elrincondefehmi.com\/es\/tienda\/alfombras-turcas\/alfombras-clasicas\/alfombra-turca-grande-clasica\/\" \/>\n<meta property=\"og:site_name\" content=\"El Rinc\u00f3n de Fehmi Madrid\" \/>\n<meta property=\"article:modified_time\" content=\"2025-07-03T18:12:53+00:00\" \/>\n<meta property=\"og:image\" content=\"https:\/\/elrincondefehmi.com\/es\/wp-content\/uploads\/2025\/06\/alfombra-grande-turca-clasica.jpg\" \/>\n\t<meta property=\"og:image:width\" content=\"750\" \/>\n\t<meta property=\"og:image:height\" content=\"1050\" \/>\n\t<meta property=\"og:image:type\" content=\"image\/jpeg\" \/>\n<meta name=\"twitter:card\" content=\"summary_large_image\" \/>\n<script type=\"application\/ld+json\" class=\"yoast-schema-graph\">{\"@context\":\"https:\/\/schema.org\",\"@graph\":[{\"@type\":\"WebPage\",\"@id\":\"https:\/\/elrincondefehmi.com\/es\/tienda\/alfombras-turcas\/alfombras-clasicas\/alfombra-turca-grande-clasica\/\",\"url\":\"https:\/\/elrincondefehmi.com\/es\/tienda\/alfombras-turcas\/alfombras-clasicas\/alfombra-turca-grande-clasica\/\",\"name\":\"Alfombra turca grande cl\u00e1sica | El Rinc\u00f3n de Fehmi Madrid | Alfombras Econ\u00f3micas turcas\",\"isPartOf\":{\"@id\":\"https:\/\/elrincondefehmi.com\/es\/#website\"},\"datePublished\":\"2025-06-10T10:43:11+00:00\",\"dateModified\":\"2025-07-03T18:12:53+00:00\",\"description\":\"Alfombra turca cl\u00e1sica de gran formato, una pieza excepcional de calidad extra, tejida a mano de forma completamente artesanal en Turqu\u00eda.\",\"breadcrumb\":{\"@id\":\"https:\/\/elrincondefehmi.com\/es\/tienda\/alfombras-turcas\/alfombras-clasicas\/alfombra-turca-grande-clasica\/#breadcrumb\"},\"inLanguage\":\"es\",\"potentialAction\":[{\"@type\":\"ReadAction\",\"target\":[\"https:\/\/elrincondefehmi.com\/es\/tienda\/alfombras-turcas\/alfombras-clasicas\/alfombra-turca-grande-clasica\/\"]}]},{\"@type\":\"BreadcrumbList\",\"@id\":\"https:\/\/elrincondefehmi.com\/es\/tienda\/alfombras-turcas\/alfombras-clasicas\/alfombra-turca-grande-clasica\/#breadcrumb\",\"itemListElement\":[{\"@type\":\"ListItem\",\"position\":1,\"name\":\"PRODUCTOS\",\"item\":\"https:\/\/elrincondefehmi.com\/es\/all-product\/\"},{\"@type\":\"ListItem\",\"position\":2,\"name\":\"Alfombra Cl\u00e1sica turca 300&#215;419 cm\"}]},{\"@type\":\"WebSite\",\"@id\":\"https:\/\/elrincondefehmi.com\/es\/#website\",\"url\":\"https:\/\/elrincondefehmi.com\/es\/\",\"name\":\"El Rinc\u00f3n de Fehmi Madrid\",\"description\":\"Tienda de alfombras en Madrid.  En El Rinc\u00f3n de Fehmi somos especialistas en alfombras artesanales, alfombras modernas contempor\u00e1neas kilims de Turqu\u00eda\",\"potentialAction\":[{\"@type\":\"SearchAction\",\"target\":{\"@type\":\"EntryPoint\",\"urlTemplate\":\"https:\/\/elrincondefehmi.com\/es\/?s={search_term_string}\"},\"query-input\":\"required name=search_term_string\"}],\"inLanguage\":\"es\"}]}<\/script>\n<!-- \/ Yoast SEO plugin. -->","yoast_head_json":{"title":"Alfombra turca grande cl\u00e1sica | El Rinc\u00f3n de Fehmi Madrid | Alfombras Econ\u00f3micas turcas","description":"Alfombra turca cl\u00e1sica de gran formato, una pieza excepcional de calidad extra, tejida a mano de forma completamente artesanal en Turqu\u00eda.","robots":{"index":"index","follow":"follow","max-snippet":"max-snippet:-1","max-image-preview":"max-image-preview:large","max-video-preview":"max-video-preview:-1"},"canonical":"https:\/\/elrincondefehmi.com\/es\/tienda\/alfombras-turcas\/alfombras-clasicas\/alfombra-turca-grande-clasica\/","og_locale":"es_ES","og_type":"article","og_title":"Alfombra turca grande cl\u00e1sica | El Rinc\u00f3n de Fehmi Madrid | Alfombras Econ\u00f3micas turcas","og_description":"Alfombra turca cl\u00e1sica de gran formato, una pieza excepcional de calidad extra, tejida a mano de forma completamente artesanal en Turqu\u00eda.","og_url":"https:\/\/elrincondefehmi.com\/es\/tienda\/alfombras-turcas\/alfombras-clasicas\/alfombra-turca-grande-clasica\/","og_site_name":"El Rinc\u00f3n de Fehmi Madrid","article_modified_time":"2025-07-03T18:12:53+00:00","og_image":[{"width":750,"height":1050,"url":"https:\/\/elrincondefehmi.com\/es\/wp-content\/uploads\/2025\/06\/alfombra-grande-turca-clasica.jpg","type":"image\/jpeg"}],"twitter_card":"summary_large_image","schema":{"@context":"https:\/\/schema.org","@graph":[{"@type":"WebPage","@id":"https:\/\/elrincondefehmi.com\/es\/tienda\/alfombras-turcas\/alfombras-clasicas\/alfombra-turca-grande-clasica\/","url":"https:\/\/elrincondefehmi.com\/es\/tienda\/alfombras-turcas\/alfombras-clasicas\/alfombra-turca-grande-clasica\/","name":"Alfombra turca grande cl\u00e1sica | El Rinc\u00f3n de Fehmi Madrid | Alfombras Econ\u00f3micas turcas","isPartOf":{"@id":"https:\/\/elrincondefehmi.com\/es\/#website"},"datePublished":"2025-06-10T10:43:11+00:00","dateModified":"2025-07-03T18:12:53+00:00","description":"Alfombra turca cl\u00e1sica de gran formato, una pieza excepcional de calidad extra, tejida a mano de forma completamente artesanal en Turqu\u00eda.","breadcrumb":{"@id":"https:\/\/elrincondefehmi.com\/es\/tienda\/alfombras-turcas\/alfombras-clasicas\/alfombra-turca-grande-clasica\/#breadcrumb"},"inLanguage":"es","potentialAction":[{"@type":"ReadAction","target":["https:\/\/elrincondefehmi.com\/es\/tienda\/alfombras-turcas\/alfombras-clasicas\/alfombra-turca-grande-clasica\/"]}]},{"@type":"BreadcrumbList","@id":"https:\/\/elrincondefehmi.com\/es\/tienda\/alfombras-turcas\/alfombras-clasicas\/alfombra-turca-grande-clasica\/#breadcrumb","itemListElement":[{"@type":"ListItem","position":1,"name":"PRODUCTOS","item":"https:\/\/elrincondefehmi.com\/es\/all-product\/"},{"@type":"ListItem","position":2,"name":"Alfombra Cl\u00e1sica turca 300&#215;419 cm"}]},{"@type":"WebSite","@id":"https:\/\/elrincondefehmi.com\/es\/#website","url":"https:\/\/elrincondefehmi.com\/es\/","name":"El Rinc\u00f3n de Fehmi Madrid","description":"Tienda de alfombras en Madrid.  En El Rinc\u00f3n de Fehmi somos especialistas en alfombras artesanales, alfombras modernas contempor\u00e1neas kilims de Turqu\u00eda","potentialAction":[{"@type":"SearchAction","target":{"@type":"EntryPoint","urlTemplate":"https:\/\/elrincondefehmi.com\/es\/?s={search_term_string}"},"query-input":"required name=search_term_string"}],"inLanguage":"es"}]}},"_links":{"self":[{"href":"https:\/\/elrincondefehmi.com\/es\/wp-json\/wp\/v2\/product\/25961"}],"collection":[{"href":"https:\/\/elrincondefehmi.com\/es\/wp-json\/wp\/v2\/product"}],"about":[{"href":"https:\/\/elrincondefehmi.com\/es\/wp-json\/wp\/v2\/types\/product"}],"replies":[{"embeddable":true,"href":"https:\/\/elrincondefehmi.com\/es\/wp-json\/wp\/v2\/comments?post=25961"}],"wp:featuredmedia":[{"embeddable":true,"href":"https:\/\/elrincondefehmi.com\/es\/wp-json\/wp\/v2\/media\/25970"}],"wp:attachment":[{"href":"https:\/\/elrincondefehmi.com\/es\/wp-json\/wp\/v2\/media?parent=25961"}],"wp:term":[{"taxonomy":"product_cat","embeddable":true,"href":"https:\/\/elrincondefehmi.com\/es\/wp-json\/wp\/v2\/product_cat?post=25961"},{"taxonomy":"product_tag","embeddable":true,"href":"https:\/\/elrincondefehmi.com\/es\/wp-json\/wp\/v2\/product_tag?post=25961"}],"curies":[{"name":"wp","href":"https:\/\/api.w.org\/{rel}","templated":true}]}}