{"id":25828,"date":"2025-05-31T17:37:29","date_gmt":"2025-05-31T17:37:29","guid":{"rendered":"https:\/\/elrincondefehmi.com\/es\/?post_type=product&#038;p=25828"},"modified":"2025-06-27T17:12:45","modified_gmt":"2025-06-27T17:12:45","slug":"alfombra-nomada-artesanal","status":"publish","type":"product","link":"https:\/\/elrincondefehmi.com\/es\/tienda\/alfombras-turcas\/alfombras-clasicas\/alfombra-nomada-artesanal\/","title":{"rendered":"Alfombra n\u00f3mada 115&#215;170 cm"},"content":{"rendered":"<p data-start=\"227\" data-end=\"512\">Esta alfombra n\u00f3mada de 115&#215;170 cm es una pieza \u00fanica tejida a mano con la t\u00e9cnica tradicional del <strong data-start=\"326\" data-end=\"351\">nudo doble (Ghiordes)<\/strong>. Su dise\u00f1o geom\u00e9trico de gran simbolismo incluye <strong data-start=\"401\" data-end=\"466\">motivos tribales, animales estilizados y medallones centrales<\/strong>, propios de las culturas n\u00f3madas de Anatolia.<\/p>\n<p data-start=\"514\" data-end=\"774\">Fabricada con <strong data-start=\"528\" data-end=\"570\">lana natural sobre urdimbre de algod\u00f3n<\/strong>, ofrece resistencia, suavidad y una gran riqueza visual. Los <strong data-start=\"632\" data-end=\"649\">colores vivos<\/strong> \u2014<strong data-start=\"651\" data-end=\"717\">azul \u00edndigo, rojo granate, beige y toques de turquesa y dorado<\/strong>\u2014 crean un contraste vibrante que realza su autenticidad.<\/p>\n<p data-start=\"776\" data-end=\"915\">Ideal para dar car\u00e1cter y alma a espacios con decoraci\u00f3n <strong data-start=\"833\" data-end=\"862\">bohemia, r\u00fastica o \u00e9tnica<\/strong>, o como pieza de acento en ambientes contempor\u00e1neos.<\/p>\n<h3 data-start=\"922\" data-end=\"953\">Caracter\u00edsticas destacadas:<\/h3>\n<ul data-start=\"954\" data-end=\"1234\">\n<li data-start=\"954\" data-end=\"1006\">\n<p data-start=\"956\" data-end=\"1006\">T\u00e9cnica: Tejida a mano con nudo doble (Ghiordes)<\/p>\n<\/li>\n<li data-start=\"1007\" data-end=\"1051\">\n<p data-start=\"1009\" data-end=\"1051\">Material: Lana sobre urdimbre de algod\u00f3n<\/p>\n<\/li>\n<li data-start=\"1052\" data-end=\"1112\">\n<p data-start=\"1054\" data-end=\"1112\">Dise\u00f1o: Medallones, s\u00edmbolos tribales y motivos animales<\/p>\n<\/li>\n<li data-start=\"1113\" data-end=\"1174\">\n<p data-start=\"1115\" data-end=\"1174\">Colores predominantes: Azul \u00edndigo, rojo, beige, turquesa<\/p>\n<\/li>\n<li data-start=\"1175\" data-end=\"1212\">\n<p data-start=\"1177\" data-end=\"1212\">Estilo: N\u00f3mada, \u00e9tnico, artesanal<\/p>\n<\/li>\n<li data-start=\"1213\" data-end=\"1234\">\n<p data-start=\"1215\" data-end=\"1234\">Medidas: 115&#215;170 cm<\/p>\n<\/li>\n<\/ul>\n<p>\u00a0<\/p>\n<p>\u00a0<\/p>\n","protected":false},"excerpt":{"rendered":"<p>Alfombra n\u00f3mada oriental turca Material: Lana y algod\u00f3n Medidas: 115 x 170 cm 36 nudos por cm\u00b2 360,000 nudos por m\u00b2 Hecho a mano\u00a0<\/p>\n","protected":false},"featured_media":25829,"comment_status":"open","ping_status":"closed","template":"","meta":[],"product_cat":[19,308,316],"product_tag":[355,353,352,354],"yoast_head":"<!-- This site is optimized with the Yoast SEO plugin v21.5 - https:\/\/yoast.com\/wordpress\/plugins\/seo\/ -->\n<title>Alfombra n\u00f3mada artesanal | El Rinc\u00f3n de Fehmi Madrid | Alfombras Econ\u00f3micas<\/title>\n<meta name=\"description\" content=\"Alfombra n\u00f3mada artesanal tejida a mano en lana y algod\u00f3n. Dise\u00f1o tribal en tonos azul, rojo y beige. Ideal para decoraci\u00f3n bohemia o r\u00fastica.\" \/>\n<meta name=\"robots\" content=\"index, follow, max-snippet:-1, max-image-preview:large, max-video-preview:-1\" \/>\n<link rel=\"canonical\" href=\"https:\/\/elrincondefehmi.com\/es\/tienda\/alfombras-turcas\/alfombras-clasicas\/alfombra-nomada-artesanal\/\" \/>\n<meta property=\"og:locale\" content=\"es_ES\" \/>\n<meta property=\"og:type\" content=\"article\" \/>\n<meta property=\"og:title\" content=\"Alfombra n\u00f3mada artesanal | El Rinc\u00f3n de Fehmi Madrid | Alfombras Econ\u00f3micas\" \/>\n<meta property=\"og:description\" content=\"Alfombra n\u00f3mada artesanal tejida a mano en lana y algod\u00f3n. Dise\u00f1o tribal en tonos azul, rojo y beige. Ideal para decoraci\u00f3n bohemia o r\u00fastica.\" \/>\n<meta property=\"og:url\" content=\"https:\/\/elrincondefehmi.com\/es\/tienda\/alfombras-turcas\/alfombras-clasicas\/alfombra-nomada-artesanal\/\" \/>\n<meta property=\"og:site_name\" content=\"El Rinc\u00f3n de Fehmi Madrid\" \/>\n<meta property=\"article:modified_time\" content=\"2025-06-27T17:12:45+00:00\" \/>\n<meta property=\"og:image\" content=\"https:\/\/elrincondefehmi.com\/es\/wp-content\/uploads\/2025\/05\/alfombra-nomada.jpg\" \/>\n\t<meta property=\"og:image:width\" content=\"750\" \/>\n\t<meta property=\"og:image:height\" content=\"1050\" \/>\n\t<meta property=\"og:image:type\" content=\"image\/jpeg\" \/>\n<meta name=\"twitter:card\" content=\"summary_large_image\" \/>\n<script type=\"application\/ld+json\" class=\"yoast-schema-graph\">{\"@context\":\"https:\/\/schema.org\",\"@graph\":[{\"@type\":\"WebPage\",\"@id\":\"https:\/\/elrincondefehmi.com\/es\/tienda\/alfombras-turcas\/alfombras-clasicas\/alfombra-nomada-artesanal\/\",\"url\":\"https:\/\/elrincondefehmi.com\/es\/tienda\/alfombras-turcas\/alfombras-clasicas\/alfombra-nomada-artesanal\/\",\"name\":\"Alfombra n\u00f3mada artesanal | El Rinc\u00f3n de Fehmi Madrid | Alfombras Econ\u00f3micas\",\"isPartOf\":{\"@id\":\"https:\/\/elrincondefehmi.com\/es\/#website\"},\"datePublished\":\"2025-05-31T17:37:29+00:00\",\"dateModified\":\"2025-06-27T17:12:45+00:00\",\"description\":\"Alfombra n\u00f3mada artesanal tejida a mano en lana y algod\u00f3n. Dise\u00f1o tribal en tonos azul, rojo y beige. Ideal para decoraci\u00f3n bohemia o r\u00fastica.\",\"breadcrumb\":{\"@id\":\"https:\/\/elrincondefehmi.com\/es\/tienda\/alfombras-turcas\/alfombras-clasicas\/alfombra-nomada-artesanal\/#breadcrumb\"},\"inLanguage\":\"es\",\"potentialAction\":[{\"@type\":\"ReadAction\",\"target\":[\"https:\/\/elrincondefehmi.com\/es\/tienda\/alfombras-turcas\/alfombras-clasicas\/alfombra-nomada-artesanal\/\"]}]},{\"@type\":\"BreadcrumbList\",\"@id\":\"https:\/\/elrincondefehmi.com\/es\/tienda\/alfombras-turcas\/alfombras-clasicas\/alfombra-nomada-artesanal\/#breadcrumb\",\"itemListElement\":[{\"@type\":\"ListItem\",\"position\":1,\"name\":\"PRODUCTOS\",\"item\":\"https:\/\/elrincondefehmi.com\/es\/all-product\/\"},{\"@type\":\"ListItem\",\"position\":2,\"name\":\"Alfombra n\u00f3mada 115&#215;170 cm\"}]},{\"@type\":\"WebSite\",\"@id\":\"https:\/\/elrincondefehmi.com\/es\/#website\",\"url\":\"https:\/\/elrincondefehmi.com\/es\/\",\"name\":\"El Rinc\u00f3n de Fehmi Madrid\",\"description\":\"Tienda de alfombras en Madrid.  En El Rinc\u00f3n de Fehmi somos especialistas en alfombras artesanales, alfombras modernas contempor\u00e1neas kilims de Turqu\u00eda\",\"potentialAction\":[{\"@type\":\"SearchAction\",\"target\":{\"@type\":\"EntryPoint\",\"urlTemplate\":\"https:\/\/elrincondefehmi.com\/es\/?s={search_term_string}\"},\"query-input\":\"required name=search_term_string\"}],\"inLanguage\":\"es\"}]}<\/script>\n<!-- \/ Yoast SEO plugin. -->","yoast_head_json":{"title":"Alfombra n\u00f3mada artesanal | El Rinc\u00f3n de Fehmi Madrid | Alfombras Econ\u00f3micas","description":"Alfombra n\u00f3mada artesanal tejida a mano en lana y algod\u00f3n. Dise\u00f1o tribal en tonos azul, rojo y beige. Ideal para decoraci\u00f3n bohemia o r\u00fastica.","robots":{"index":"index","follow":"follow","max-snippet":"max-snippet:-1","max-image-preview":"max-image-preview:large","max-video-preview":"max-video-preview:-1"},"canonical":"https:\/\/elrincondefehmi.com\/es\/tienda\/alfombras-turcas\/alfombras-clasicas\/alfombra-nomada-artesanal\/","og_locale":"es_ES","og_type":"article","og_title":"Alfombra n\u00f3mada artesanal | El Rinc\u00f3n de Fehmi Madrid | Alfombras Econ\u00f3micas","og_description":"Alfombra n\u00f3mada artesanal tejida a mano en lana y algod\u00f3n. Dise\u00f1o tribal en tonos azul, rojo y beige. Ideal para decoraci\u00f3n bohemia o r\u00fastica.","og_url":"https:\/\/elrincondefehmi.com\/es\/tienda\/alfombras-turcas\/alfombras-clasicas\/alfombra-nomada-artesanal\/","og_site_name":"El Rinc\u00f3n de Fehmi Madrid","article_modified_time":"2025-06-27T17:12:45+00:00","og_image":[{"width":750,"height":1050,"url":"https:\/\/elrincondefehmi.com\/es\/wp-content\/uploads\/2025\/05\/alfombra-nomada.jpg","type":"image\/jpeg"}],"twitter_card":"summary_large_image","schema":{"@context":"https:\/\/schema.org","@graph":[{"@type":"WebPage","@id":"https:\/\/elrincondefehmi.com\/es\/tienda\/alfombras-turcas\/alfombras-clasicas\/alfombra-nomada-artesanal\/","url":"https:\/\/elrincondefehmi.com\/es\/tienda\/alfombras-turcas\/alfombras-clasicas\/alfombra-nomada-artesanal\/","name":"Alfombra n\u00f3mada artesanal | El Rinc\u00f3n de Fehmi Madrid | Alfombras Econ\u00f3micas","isPartOf":{"@id":"https:\/\/elrincondefehmi.com\/es\/#website"},"datePublished":"2025-05-31T17:37:29+00:00","dateModified":"2025-06-27T17:12:45+00:00","description":"Alfombra n\u00f3mada artesanal tejida a mano en lana y algod\u00f3n. Dise\u00f1o tribal en tonos azul, rojo y beige. Ideal para decoraci\u00f3n bohemia o r\u00fastica.","breadcrumb":{"@id":"https:\/\/elrincondefehmi.com\/es\/tienda\/alfombras-turcas\/alfombras-clasicas\/alfombra-nomada-artesanal\/#breadcrumb"},"inLanguage":"es","potentialAction":[{"@type":"ReadAction","target":["https:\/\/elrincondefehmi.com\/es\/tienda\/alfombras-turcas\/alfombras-clasicas\/alfombra-nomada-artesanal\/"]}]},{"@type":"BreadcrumbList","@id":"https:\/\/elrincondefehmi.com\/es\/tienda\/alfombras-turcas\/alfombras-clasicas\/alfombra-nomada-artesanal\/#breadcrumb","itemListElement":[{"@type":"ListItem","position":1,"name":"PRODUCTOS","item":"https:\/\/elrincondefehmi.com\/es\/all-product\/"},{"@type":"ListItem","position":2,"name":"Alfombra n\u00f3mada 115&#215;170 cm"}]},{"@type":"WebSite","@id":"https:\/\/elrincondefehmi.com\/es\/#website","url":"https:\/\/elrincondefehmi.com\/es\/","name":"El Rinc\u00f3n de Fehmi Madrid","description":"Tienda de alfombras en Madrid.  En El Rinc\u00f3n de Fehmi somos especialistas en alfombras artesanales, alfombras modernas contempor\u00e1neas kilims de Turqu\u00eda","potentialAction":[{"@type":"SearchAction","target":{"@type":"EntryPoint","urlTemplate":"https:\/\/elrincondefehmi.com\/es\/?s={search_term_string}"},"query-input":"required name=search_term_string"}],"inLanguage":"es"}]}},"_links":{"self":[{"href":"https:\/\/elrincondefehmi.com\/es\/wp-json\/wp\/v2\/product\/25828"}],"collection":[{"href":"https:\/\/elrincondefehmi.com\/es\/wp-json\/wp\/v2\/product"}],"about":[{"href":"https:\/\/elrincondefehmi.com\/es\/wp-json\/wp\/v2\/types\/product"}],"replies":[{"embeddable":true,"href":"https:\/\/elrincondefehmi.com\/es\/wp-json\/wp\/v2\/comments?post=25828"}],"wp:featuredmedia":[{"embeddable":true,"href":"https:\/\/elrincondefehmi.com\/es\/wp-json\/wp\/v2\/media\/25829"}],"wp:attachment":[{"href":"https:\/\/elrincondefehmi.com\/es\/wp-json\/wp\/v2\/media?parent=25828"}],"wp:term":[{"taxonomy":"product_cat","embeddable":true,"href":"https:\/\/elrincondefehmi.com\/es\/wp-json\/wp\/v2\/product_cat?post=25828"},{"taxonomy":"product_tag","embeddable":true,"href":"https:\/\/elrincondefehmi.com\/es\/wp-json\/wp\/v2\/product_tag?post=25828"}],"curies":[{"name":"wp","href":"https:\/\/api.w.org\/{rel}","templated":true}]}}