{"id":25818,"date":"2025-05-31T16:27:46","date_gmt":"2025-05-31T16:27:46","guid":{"rendered":"https:\/\/elrincondefehmi.com\/es\/?post_type=product&#038;p=25818"},"modified":"2025-06-27T17:13:15","modified_gmt":"2025-06-27T17:13:15","slug":"alfombra-arbol-de-la-vida-tejida-a-mano","status":"publish","type":"product","link":"https:\/\/elrincondefehmi.com\/es\/tienda\/alfombras-turcas\/alfombras-clasicas\/alfombra-arbol-de-la-vida-tejida-a-mano\/","title":{"rendered":"Alfombra turca 170&#215;242 cm"},"content":{"rendered":"<p data-start=\"139\" data-end=\"493\">Esta elegante alfombra artesanal de estilo cl\u00e1sico destaca por su exquisito dise\u00f1o del \u00c1rbol de la Vida, s\u00edmbolo universal de crecimiento, armon\u00eda y conexi\u00f3n con la naturaleza. Tejida a mano con la t\u00e9cnica tradicional del <strong data-start=\"361\" data-end=\"384\">nudo doble Ghiordes<\/strong>, combina <strong data-start=\"394\" data-end=\"444\">lana de alta calidad sobre urdimbre de algod\u00f3n<\/strong>, garantizando durabilidad y suavidad al tacto.<\/p>\n<p data-start=\"495\" data-end=\"672\">Los <strong data-start=\"499\" data-end=\"524\">colores predominantes<\/strong> \u2014<strong data-start=\"526\" data-end=\"542\">rojo granate<\/strong> intenso como fondo y <strong data-start=\"564\" data-end=\"579\">beige claro<\/strong> para los motivos florales y arb\u00f3reos\u2014 aportan calidez y sofisticaci\u00f3n a cualquier espacio.<\/p>\n<p data-start=\"674\" data-end=\"884\">Su dise\u00f1o sim\u00e9trico y detallado encaja perfectamente en decoraciones cl\u00e1sicas, r\u00fasticas o de inspiraci\u00f3n oriental, convirti\u00e9ndola en una pieza atemporal ideal para salones, comedores o espacios representativos.<\/p>\n<h3 data-start=\"891\" data-end=\"922\">Caracter\u00edsticas destacadas:<\/h3>\n<ul data-start=\"923\" data-end=\"1174\">\n<li data-start=\"923\" data-end=\"975\">\n<p data-start=\"925\" data-end=\"975\">T\u00e9cnica: Tejida a mano con nudo doble (Ghiordes)<\/p>\n<\/li>\n<li data-start=\"976\" data-end=\"1026\">\n<p data-start=\"978\" data-end=\"1026\">Motivo: \u00c1rbol de la vida con decoraci\u00f3n floral<\/p>\n<\/li>\n<li data-start=\"1027\" data-end=\"1088\">\n<p data-start=\"1029\" data-end=\"1088\">Colores predominantes: <strong data-start=\"1052\" data-end=\"1068\">Rojo granate<\/strong> y <strong data-start=\"1071\" data-end=\"1086\">beige claro<\/strong><\/p>\n<\/li>\n<li data-start=\"1089\" data-end=\"1133\">\n<p data-start=\"1091\" data-end=\"1133\">Material: Lana sobre urdimbre de algod\u00f3n<\/p>\n<\/li>\n<li data-start=\"1134\" data-end=\"1174\">\n<p data-start=\"1136\" data-end=\"1174\">Estilo: Cl\u00e1sico, oriental, artesanal<\/p>\n<\/li>\n<\/ul>\n<p>\u00a0<\/p>\n","protected":false},"excerpt":{"rendered":"<p>Alfombra cl\u00e1sica oriental turca Material: Lana y algod\u00f3n Medidas: 170 x 242 cm 36 nudos por cm\u00b2 360,000 nudos por m\u00b2 Hecho a mano<\/p>\n","protected":false},"featured_media":25820,"comment_status":"open","ping_status":"closed","template":"","meta":[],"product_cat":[19,308,316],"product_tag":[355,353,352,354],"yoast_head":"<!-- This site is optimized with the Yoast SEO plugin v21.5 - https:\/\/yoast.com\/wordpress\/plugins\/seo\/ -->\n<title>alfombra \u00e1rbol de la vida tejida a mano | El Rinc\u00f3n de Fehmi Madrid | Alfombras Econ\u00f3micas<\/title>\n<meta name=\"description\" content=\"Alfombra \u00c1rbol de la Vida tejida a mano con nudo doble. Motivos tribales, colores rojo y beige. Lana sobre algod\u00f3n.\" \/>\n<meta name=\"robots\" content=\"index, follow, max-snippet:-1, max-image-preview:large, max-video-preview:-1\" \/>\n<link rel=\"canonical\" href=\"https:\/\/elrincondefehmi.com\/es\/tienda\/alfombras-turcas\/alfombras-clasicas\/alfombra-arbol-de-la-vida-tejida-a-mano\/\" \/>\n<meta property=\"og:locale\" content=\"es_ES\" \/>\n<meta property=\"og:type\" content=\"article\" \/>\n<meta property=\"og:title\" content=\"alfombra \u00e1rbol de la vida tejida a mano | El Rinc\u00f3n de Fehmi Madrid | Alfombras Econ\u00f3micas\" \/>\n<meta property=\"og:description\" content=\"Alfombra \u00c1rbol de la Vida tejida a mano con nudo doble. Motivos tribales, colores rojo y beige. Lana sobre algod\u00f3n.\" \/>\n<meta property=\"og:url\" content=\"https:\/\/elrincondefehmi.com\/es\/tienda\/alfombras-turcas\/alfombras-clasicas\/alfombra-arbol-de-la-vida-tejida-a-mano\/\" \/>\n<meta property=\"og:site_name\" content=\"El Rinc\u00f3n de Fehmi Madrid\" \/>\n<meta property=\"article:modified_time\" content=\"2025-06-27T17:13:15+00:00\" \/>\n<meta property=\"og:image\" content=\"https:\/\/elrincondefehmi.com\/es\/wp-content\/uploads\/2025\/05\/alfombra-turca-roja-arboles.jpg\" \/>\n\t<meta property=\"og:image:width\" content=\"770\" \/>\n\t<meta property=\"og:image:height\" content=\"1050\" \/>\n\t<meta property=\"og:image:type\" content=\"image\/jpeg\" \/>\n<meta name=\"twitter:card\" content=\"summary_large_image\" \/>\n<script type=\"application\/ld+json\" class=\"yoast-schema-graph\">{\"@context\":\"https:\/\/schema.org\",\"@graph\":[{\"@type\":\"WebPage\",\"@id\":\"https:\/\/elrincondefehmi.com\/es\/tienda\/alfombras-turcas\/alfombras-clasicas\/alfombra-arbol-de-la-vida-tejida-a-mano\/\",\"url\":\"https:\/\/elrincondefehmi.com\/es\/tienda\/alfombras-turcas\/alfombras-clasicas\/alfombra-arbol-de-la-vida-tejida-a-mano\/\",\"name\":\"alfombra \u00e1rbol de la vida tejida a mano | El Rinc\u00f3n de Fehmi Madrid | Alfombras Econ\u00f3micas\",\"isPartOf\":{\"@id\":\"https:\/\/elrincondefehmi.com\/es\/#website\"},\"datePublished\":\"2025-05-31T16:27:46+00:00\",\"dateModified\":\"2025-06-27T17:13:15+00:00\",\"description\":\"Alfombra \u00c1rbol de la Vida tejida a mano con nudo doble. Motivos tribales, colores rojo y beige. Lana sobre algod\u00f3n.\",\"breadcrumb\":{\"@id\":\"https:\/\/elrincondefehmi.com\/es\/tienda\/alfombras-turcas\/alfombras-clasicas\/alfombra-arbol-de-la-vida-tejida-a-mano\/#breadcrumb\"},\"inLanguage\":\"es\",\"potentialAction\":[{\"@type\":\"ReadAction\",\"target\":[\"https:\/\/elrincondefehmi.com\/es\/tienda\/alfombras-turcas\/alfombras-clasicas\/alfombra-arbol-de-la-vida-tejida-a-mano\/\"]}]},{\"@type\":\"BreadcrumbList\",\"@id\":\"https:\/\/elrincondefehmi.com\/es\/tienda\/alfombras-turcas\/alfombras-clasicas\/alfombra-arbol-de-la-vida-tejida-a-mano\/#breadcrumb\",\"itemListElement\":[{\"@type\":\"ListItem\",\"position\":1,\"name\":\"PRODUCTOS\",\"item\":\"https:\/\/elrincondefehmi.com\/es\/all-product\/\"},{\"@type\":\"ListItem\",\"position\":2,\"name\":\"Alfombra turca 170&#215;242 cm\"}]},{\"@type\":\"WebSite\",\"@id\":\"https:\/\/elrincondefehmi.com\/es\/#website\",\"url\":\"https:\/\/elrincondefehmi.com\/es\/\",\"name\":\"El Rinc\u00f3n de Fehmi Madrid\",\"description\":\"Tienda de alfombras en Madrid.  En El Rinc\u00f3n de Fehmi somos especialistas en alfombras artesanales, alfombras modernas contempor\u00e1neas kilims de Turqu\u00eda\",\"potentialAction\":[{\"@type\":\"SearchAction\",\"target\":{\"@type\":\"EntryPoint\",\"urlTemplate\":\"https:\/\/elrincondefehmi.com\/es\/?s={search_term_string}\"},\"query-input\":\"required name=search_term_string\"}],\"inLanguage\":\"es\"}]}<\/script>\n<!-- \/ Yoast SEO plugin. -->","yoast_head_json":{"title":"alfombra \u00e1rbol de la vida tejida a mano | El Rinc\u00f3n de Fehmi Madrid | Alfombras Econ\u00f3micas","description":"Alfombra \u00c1rbol de la Vida tejida a mano con nudo doble. Motivos tribales, colores rojo y beige. Lana sobre algod\u00f3n.","robots":{"index":"index","follow":"follow","max-snippet":"max-snippet:-1","max-image-preview":"max-image-preview:large","max-video-preview":"max-video-preview:-1"},"canonical":"https:\/\/elrincondefehmi.com\/es\/tienda\/alfombras-turcas\/alfombras-clasicas\/alfombra-arbol-de-la-vida-tejida-a-mano\/","og_locale":"es_ES","og_type":"article","og_title":"alfombra \u00e1rbol de la vida tejida a mano | El Rinc\u00f3n de Fehmi Madrid | Alfombras Econ\u00f3micas","og_description":"Alfombra \u00c1rbol de la Vida tejida a mano con nudo doble. Motivos tribales, colores rojo y beige. Lana sobre algod\u00f3n.","og_url":"https:\/\/elrincondefehmi.com\/es\/tienda\/alfombras-turcas\/alfombras-clasicas\/alfombra-arbol-de-la-vida-tejida-a-mano\/","og_site_name":"El Rinc\u00f3n de Fehmi Madrid","article_modified_time":"2025-06-27T17:13:15+00:00","og_image":[{"width":770,"height":1050,"url":"https:\/\/elrincondefehmi.com\/es\/wp-content\/uploads\/2025\/05\/alfombra-turca-roja-arboles.jpg","type":"image\/jpeg"}],"twitter_card":"summary_large_image","schema":{"@context":"https:\/\/schema.org","@graph":[{"@type":"WebPage","@id":"https:\/\/elrincondefehmi.com\/es\/tienda\/alfombras-turcas\/alfombras-clasicas\/alfombra-arbol-de-la-vida-tejida-a-mano\/","url":"https:\/\/elrincondefehmi.com\/es\/tienda\/alfombras-turcas\/alfombras-clasicas\/alfombra-arbol-de-la-vida-tejida-a-mano\/","name":"alfombra \u00e1rbol de la vida tejida a mano | El Rinc\u00f3n de Fehmi Madrid | Alfombras Econ\u00f3micas","isPartOf":{"@id":"https:\/\/elrincondefehmi.com\/es\/#website"},"datePublished":"2025-05-31T16:27:46+00:00","dateModified":"2025-06-27T17:13:15+00:00","description":"Alfombra \u00c1rbol de la Vida tejida a mano con nudo doble. Motivos tribales, colores rojo y beige. Lana sobre algod\u00f3n.","breadcrumb":{"@id":"https:\/\/elrincondefehmi.com\/es\/tienda\/alfombras-turcas\/alfombras-clasicas\/alfombra-arbol-de-la-vida-tejida-a-mano\/#breadcrumb"},"inLanguage":"es","potentialAction":[{"@type":"ReadAction","target":["https:\/\/elrincondefehmi.com\/es\/tienda\/alfombras-turcas\/alfombras-clasicas\/alfombra-arbol-de-la-vida-tejida-a-mano\/"]}]},{"@type":"BreadcrumbList","@id":"https:\/\/elrincondefehmi.com\/es\/tienda\/alfombras-turcas\/alfombras-clasicas\/alfombra-arbol-de-la-vida-tejida-a-mano\/#breadcrumb","itemListElement":[{"@type":"ListItem","position":1,"name":"PRODUCTOS","item":"https:\/\/elrincondefehmi.com\/es\/all-product\/"},{"@type":"ListItem","position":2,"name":"Alfombra turca 170&#215;242 cm"}]},{"@type":"WebSite","@id":"https:\/\/elrincondefehmi.com\/es\/#website","url":"https:\/\/elrincondefehmi.com\/es\/","name":"El Rinc\u00f3n de Fehmi Madrid","description":"Tienda de alfombras en Madrid.  En El Rinc\u00f3n de Fehmi somos especialistas en alfombras artesanales, alfombras modernas contempor\u00e1neas kilims de Turqu\u00eda","potentialAction":[{"@type":"SearchAction","target":{"@type":"EntryPoint","urlTemplate":"https:\/\/elrincondefehmi.com\/es\/?s={search_term_string}"},"query-input":"required name=search_term_string"}],"inLanguage":"es"}]}},"_links":{"self":[{"href":"https:\/\/elrincondefehmi.com\/es\/wp-json\/wp\/v2\/product\/25818"}],"collection":[{"href":"https:\/\/elrincondefehmi.com\/es\/wp-json\/wp\/v2\/product"}],"about":[{"href":"https:\/\/elrincondefehmi.com\/es\/wp-json\/wp\/v2\/types\/product"}],"replies":[{"embeddable":true,"href":"https:\/\/elrincondefehmi.com\/es\/wp-json\/wp\/v2\/comments?post=25818"}],"wp:featuredmedia":[{"embeddable":true,"href":"https:\/\/elrincondefehmi.com\/es\/wp-json\/wp\/v2\/media\/25820"}],"wp:attachment":[{"href":"https:\/\/elrincondefehmi.com\/es\/wp-json\/wp\/v2\/media?parent=25818"}],"wp:term":[{"taxonomy":"product_cat","embeddable":true,"href":"https:\/\/elrincondefehmi.com\/es\/wp-json\/wp\/v2\/product_cat?post=25818"},{"taxonomy":"product_tag","embeddable":true,"href":"https:\/\/elrincondefehmi.com\/es\/wp-json\/wp\/v2\/product_tag?post=25818"}],"curies":[{"name":"wp","href":"https:\/\/api.w.org\/{rel}","templated":true}]}}