{"id":25691,"date":"2025-05-01T17:25:10","date_gmt":"2025-05-01T17:25:10","guid":{"rendered":"https:\/\/elrincondefehmi.com\/es\/?post_type=product&#038;p=25691"},"modified":"2025-06-27T17:14:21","modified_gmt":"2025-06-27T17:14:21","slug":"alfombra-tribal-artesanal-roja","status":"publish","type":"product","link":"https:\/\/elrincondefehmi.com\/es\/tienda\/alfombras-turcas\/alfombras-clasicas\/alfombra-tribal-artesanal-roja\/","title":{"rendered":"Alfombra Tribal Roja de Anatolia 205&#215;275 cm"},"content":{"rendered":"<p class=\"\" data-start=\"418\" data-end=\"771\">Esta <strong data-start=\"423\" data-end=\"452\">alfombra tribal artesanal<\/strong> est\u00e1 tejida a mano con gran detalle y expresa toda la riqueza simb\u00f3lica de las culturas n\u00f3madas de Anatolia. Su dise\u00f1o, basado en bandas horizontales y una composici\u00f3n central con motivos florales y geom\u00e9tricos, est\u00e1 rodeado por una serie de animales estilizados que evocan la conexi\u00f3n entre el pueblo y la naturaleza.<\/p>\n<p class=\"\" data-start=\"773\" data-end=\"1082\">El intenso color rojo de fondo contrasta con tonos tierra, verdes suaves y azules, creando una alfombra con gran presencia visual y fuerza decorativa. Cada figura tiene un significado ancestral, convirtiendo esta pieza no solo en un elemento decorativo, sino tambi\u00e9n en una narraci\u00f3n tejida con hilo y tiempo.<\/p>\n<p class=\"\" data-start=\"1084\" data-end=\"1192\">Perfecta para ambientes c\u00e1lidos, boho, r\u00fasticos o espacios donde se valora la autenticidad y el arte textil.<\/p>\n<h3 class=\"\" data-start=\"1199\" data-end=\"1232\">Caracter\u00edsticas destacadas:<\/h3>\n<ul data-start=\"1234\" data-end=\"1509\">\n<li class=\"\" data-start=\"1234\" data-end=\"1263\">\n<p class=\"\" data-start=\"1236\" data-end=\"1263\">Origen: Anatolia, Turqu\u00eda<\/p>\n<\/li>\n<li class=\"\" data-start=\"1264\" data-end=\"1316\">\n<p class=\"\" data-start=\"1266\" data-end=\"1316\">T\u00e9cnica: Tejida a mano con nudo doble (Ghiordes)<\/p>\n<\/li>\n<li class=\"\" data-start=\"1317\" data-end=\"1360\">\n<p class=\"\" data-start=\"1319\" data-end=\"1360\">Motivos tribales y animales estilizados<\/p>\n<\/li>\n<li class=\"\" data-start=\"1361\" data-end=\"1412\">\n<p class=\"\" data-start=\"1363\" data-end=\"1412\">Colores predominantes: rojo, beige, verde, azul<\/p>\n<\/li>\n<li class=\"\" data-start=\"1413\" data-end=\"1464\">\n<p class=\"\" data-start=\"1415\" data-end=\"1464\">Ideal para decoraci\u00f3n bohemia, \u00e9tnica o r\u00fastica<\/p>\n<\/li>\n<li class=\"\" data-start=\"1465\" data-end=\"1509\">\n<p class=\"\" data-start=\"1467\" data-end=\"1509\">Material: Lana sobre urdimbre de algod\u00f3n<\/p>\n<\/li>\n<\/ul>\n<p class=\"\" data-start=\"308\" data-end=\"578\">\u00a0<\/p>\n<p>\u00a0<\/p>\n","protected":false},"excerpt":{"rendered":"<p>Alfombra cl\u00e1sica oriental turca Material: Lana y algod\u00f3n Medidas: 205 x 275 cm 36 nudos por cm\u00b2 360,000 nudos por m\u00b2 Hecho a mano<\/p>\n","protected":false},"featured_media":25681,"comment_status":"open","ping_status":"closed","template":"","meta":[],"product_cat":[19,308,316],"product_tag":[355,353,352,354],"yoast_head":"<!-- This site is optimized with the Yoast SEO plugin v21.5 - https:\/\/yoast.com\/wordpress\/plugins\/seo\/ -->\n<title>Alfombra tribal artesanal roja | El Rinc\u00f3n de Fehmi Madrid | Alfombras Econ\u00f3micas turcas<\/title>\n<meta name=\"description\" content=\"Alfombra tribal artesanal roja tejida a mano en Anatolia. Con s\u00edmbolos n\u00f3madas y colores c\u00e1lidos, es ideal para espacios boho o r\u00fasticos con alma.\" \/>\n<meta name=\"robots\" content=\"index, follow, max-snippet:-1, max-image-preview:large, max-video-preview:-1\" \/>\n<link rel=\"canonical\" href=\"https:\/\/elrincondefehmi.com\/es\/tienda\/alfombras-turcas\/alfombras-clasicas\/alfombra-tribal-artesanal-roja\/\" \/>\n<meta property=\"og:locale\" content=\"es_ES\" \/>\n<meta property=\"og:type\" content=\"article\" \/>\n<meta property=\"og:title\" content=\"Alfombra tribal artesanal roja | El Rinc\u00f3n de Fehmi Madrid | Alfombras Econ\u00f3micas turcas\" \/>\n<meta property=\"og:description\" content=\"Alfombra tribal artesanal roja tejida a mano en Anatolia. Con s\u00edmbolos n\u00f3madas y colores c\u00e1lidos, es ideal para espacios boho o r\u00fasticos con alma.\" \/>\n<meta property=\"og:url\" content=\"https:\/\/elrincondefehmi.com\/es\/tienda\/alfombras-turcas\/alfombras-clasicas\/alfombra-tribal-artesanal-roja\/\" \/>\n<meta property=\"og:site_name\" content=\"El Rinc\u00f3n de Fehmi Madrid\" \/>\n<meta property=\"article:modified_time\" content=\"2025-06-27T17:14:21+00:00\" \/>\n<meta property=\"og:image\" content=\"https:\/\/elrincondefehmi.com\/es\/wp-content\/uploads\/2025\/05\/IMG_9113.jpg\" \/>\n\t<meta property=\"og:image:width\" content=\"751\" \/>\n\t<meta property=\"og:image:height\" content=\"1050\" \/>\n\t<meta property=\"og:image:type\" content=\"image\/jpeg\" \/>\n<meta name=\"twitter:card\" content=\"summary_large_image\" \/>\n<script type=\"application\/ld+json\" class=\"yoast-schema-graph\">{\"@context\":\"https:\/\/schema.org\",\"@graph\":[{\"@type\":\"WebPage\",\"@id\":\"https:\/\/elrincondefehmi.com\/es\/tienda\/alfombras-turcas\/alfombras-clasicas\/alfombra-tribal-artesanal-roja\/\",\"url\":\"https:\/\/elrincondefehmi.com\/es\/tienda\/alfombras-turcas\/alfombras-clasicas\/alfombra-tribal-artesanal-roja\/\",\"name\":\"Alfombra tribal artesanal roja | El Rinc\u00f3n de Fehmi Madrid | Alfombras Econ\u00f3micas turcas\",\"isPartOf\":{\"@id\":\"https:\/\/elrincondefehmi.com\/es\/#website\"},\"datePublished\":\"2025-05-01T17:25:10+00:00\",\"dateModified\":\"2025-06-27T17:14:21+00:00\",\"description\":\"Alfombra tribal artesanal roja tejida a mano en Anatolia. Con s\u00edmbolos n\u00f3madas y colores c\u00e1lidos, es ideal para espacios boho o r\u00fasticos con alma.\",\"breadcrumb\":{\"@id\":\"https:\/\/elrincondefehmi.com\/es\/tienda\/alfombras-turcas\/alfombras-clasicas\/alfombra-tribal-artesanal-roja\/#breadcrumb\"},\"inLanguage\":\"es\",\"potentialAction\":[{\"@type\":\"ReadAction\",\"target\":[\"https:\/\/elrincondefehmi.com\/es\/tienda\/alfombras-turcas\/alfombras-clasicas\/alfombra-tribal-artesanal-roja\/\"]}]},{\"@type\":\"BreadcrumbList\",\"@id\":\"https:\/\/elrincondefehmi.com\/es\/tienda\/alfombras-turcas\/alfombras-clasicas\/alfombra-tribal-artesanal-roja\/#breadcrumb\",\"itemListElement\":[{\"@type\":\"ListItem\",\"position\":1,\"name\":\"PRODUCTOS\",\"item\":\"https:\/\/elrincondefehmi.com\/es\/all-product\/\"},{\"@type\":\"ListItem\",\"position\":2,\"name\":\"Alfombra Tribal Roja de Anatolia 205&#215;275 cm\"}]},{\"@type\":\"WebSite\",\"@id\":\"https:\/\/elrincondefehmi.com\/es\/#website\",\"url\":\"https:\/\/elrincondefehmi.com\/es\/\",\"name\":\"El Rinc\u00f3n de Fehmi Madrid\",\"description\":\"Tienda de alfombras en Madrid.  En El Rinc\u00f3n de Fehmi somos especialistas en alfombras artesanales, alfombras modernas contempor\u00e1neas kilims de Turqu\u00eda\",\"potentialAction\":[{\"@type\":\"SearchAction\",\"target\":{\"@type\":\"EntryPoint\",\"urlTemplate\":\"https:\/\/elrincondefehmi.com\/es\/?s={search_term_string}\"},\"query-input\":\"required name=search_term_string\"}],\"inLanguage\":\"es\"}]}<\/script>\n<!-- \/ Yoast SEO plugin. -->","yoast_head_json":{"title":"Alfombra tribal artesanal roja | El Rinc\u00f3n de Fehmi Madrid | Alfombras Econ\u00f3micas turcas","description":"Alfombra tribal artesanal roja tejida a mano en Anatolia. Con s\u00edmbolos n\u00f3madas y colores c\u00e1lidos, es ideal para espacios boho o r\u00fasticos con alma.","robots":{"index":"index","follow":"follow","max-snippet":"max-snippet:-1","max-image-preview":"max-image-preview:large","max-video-preview":"max-video-preview:-1"},"canonical":"https:\/\/elrincondefehmi.com\/es\/tienda\/alfombras-turcas\/alfombras-clasicas\/alfombra-tribal-artesanal-roja\/","og_locale":"es_ES","og_type":"article","og_title":"Alfombra tribal artesanal roja | El Rinc\u00f3n de Fehmi Madrid | Alfombras Econ\u00f3micas turcas","og_description":"Alfombra tribal artesanal roja tejida a mano en Anatolia. Con s\u00edmbolos n\u00f3madas y colores c\u00e1lidos, es ideal para espacios boho o r\u00fasticos con alma.","og_url":"https:\/\/elrincondefehmi.com\/es\/tienda\/alfombras-turcas\/alfombras-clasicas\/alfombra-tribal-artesanal-roja\/","og_site_name":"El Rinc\u00f3n de Fehmi Madrid","article_modified_time":"2025-06-27T17:14:21+00:00","og_image":[{"width":751,"height":1050,"url":"https:\/\/elrincondefehmi.com\/es\/wp-content\/uploads\/2025\/05\/IMG_9113.jpg","type":"image\/jpeg"}],"twitter_card":"summary_large_image","schema":{"@context":"https:\/\/schema.org","@graph":[{"@type":"WebPage","@id":"https:\/\/elrincondefehmi.com\/es\/tienda\/alfombras-turcas\/alfombras-clasicas\/alfombra-tribal-artesanal-roja\/","url":"https:\/\/elrincondefehmi.com\/es\/tienda\/alfombras-turcas\/alfombras-clasicas\/alfombra-tribal-artesanal-roja\/","name":"Alfombra tribal artesanal roja | El Rinc\u00f3n de Fehmi Madrid | Alfombras Econ\u00f3micas turcas","isPartOf":{"@id":"https:\/\/elrincondefehmi.com\/es\/#website"},"datePublished":"2025-05-01T17:25:10+00:00","dateModified":"2025-06-27T17:14:21+00:00","description":"Alfombra tribal artesanal roja tejida a mano en Anatolia. Con s\u00edmbolos n\u00f3madas y colores c\u00e1lidos, es ideal para espacios boho o r\u00fasticos con alma.","breadcrumb":{"@id":"https:\/\/elrincondefehmi.com\/es\/tienda\/alfombras-turcas\/alfombras-clasicas\/alfombra-tribal-artesanal-roja\/#breadcrumb"},"inLanguage":"es","potentialAction":[{"@type":"ReadAction","target":["https:\/\/elrincondefehmi.com\/es\/tienda\/alfombras-turcas\/alfombras-clasicas\/alfombra-tribal-artesanal-roja\/"]}]},{"@type":"BreadcrumbList","@id":"https:\/\/elrincondefehmi.com\/es\/tienda\/alfombras-turcas\/alfombras-clasicas\/alfombra-tribal-artesanal-roja\/#breadcrumb","itemListElement":[{"@type":"ListItem","position":1,"name":"PRODUCTOS","item":"https:\/\/elrincondefehmi.com\/es\/all-product\/"},{"@type":"ListItem","position":2,"name":"Alfombra Tribal Roja de Anatolia 205&#215;275 cm"}]},{"@type":"WebSite","@id":"https:\/\/elrincondefehmi.com\/es\/#website","url":"https:\/\/elrincondefehmi.com\/es\/","name":"El Rinc\u00f3n de Fehmi Madrid","description":"Tienda de alfombras en Madrid.  En El Rinc\u00f3n de Fehmi somos especialistas en alfombras artesanales, alfombras modernas contempor\u00e1neas kilims de Turqu\u00eda","potentialAction":[{"@type":"SearchAction","target":{"@type":"EntryPoint","urlTemplate":"https:\/\/elrincondefehmi.com\/es\/?s={search_term_string}"},"query-input":"required name=search_term_string"}],"inLanguage":"es"}]}},"_links":{"self":[{"href":"https:\/\/elrincondefehmi.com\/es\/wp-json\/wp\/v2\/product\/25691"}],"collection":[{"href":"https:\/\/elrincondefehmi.com\/es\/wp-json\/wp\/v2\/product"}],"about":[{"href":"https:\/\/elrincondefehmi.com\/es\/wp-json\/wp\/v2\/types\/product"}],"replies":[{"embeddable":true,"href":"https:\/\/elrincondefehmi.com\/es\/wp-json\/wp\/v2\/comments?post=25691"}],"wp:featuredmedia":[{"embeddable":true,"href":"https:\/\/elrincondefehmi.com\/es\/wp-json\/wp\/v2\/media\/25681"}],"wp:attachment":[{"href":"https:\/\/elrincondefehmi.com\/es\/wp-json\/wp\/v2\/media?parent=25691"}],"wp:term":[{"taxonomy":"product_cat","embeddable":true,"href":"https:\/\/elrincondefehmi.com\/es\/wp-json\/wp\/v2\/product_cat?post=25691"},{"taxonomy":"product_tag","embeddable":true,"href":"https:\/\/elrincondefehmi.com\/es\/wp-json\/wp\/v2\/product_tag?post=25691"}],"curies":[{"name":"wp","href":"https:\/\/api.w.org\/{rel}","templated":true}]}}