{"id":25668,"date":"2025-05-01T11:17:17","date_gmt":"2025-05-01T11:17:17","guid":{"rendered":"https:\/\/elrincondefehmi.com\/es\/?post_type=product&#038;p=25668"},"modified":"2025-06-27T17:14:52","modified_gmt":"2025-06-27T17:14:52","slug":"alfombra-clasica-de-rayas-oriental","status":"publish","type":"product","link":"https:\/\/elrincondefehmi.com\/es\/tienda\/alfombras-turcas\/alfombras-clasicas\/alfombra-clasica-de-rayas-oriental\/","title":{"rendered":"Alfombra cl\u00e1sica oriental 203&#215;292 cm"},"content":{"rendered":"<p class=\"\" data-start=\"308\" data-end=\"578\">Alfombra cl\u00e1sica de rayas oriental es una interpretaci\u00f3n \u00fanica del estilo cl\u00e1sico oriental. Hecha a mano con gran maestr\u00eda, presenta un dise\u00f1o de franjas verticales ornamentadas, cada una con motivos tradicionales inspirados en la rica iconograf\u00eda de la regi\u00f3n de Anatolia.<\/p>\n<p class=\"\" data-start=\"580\" data-end=\"945\">Su paleta de colores vibrante incluye tonos burdeos, marfil, azul celeste, mostaza y terracota, creando un equilibrio visual armonioso y muy decorativo. El marco rojo intenso aporta fuerza y elegancia al conjunto. Esta alfombra es perfecta para quienes buscan una pieza original dentro del lenguaje cl\u00e1sico, ideal para salones, entradas o espacios con personalidad.<\/p>\n<h3 class=\"\" data-start=\"952\" data-end=\"985\">Caracter\u00edsticas destacadas:<\/h3>\n<ul data-start=\"987\" data-end=\"1220\">\n<li class=\"\" data-start=\"987\" data-end=\"1029\">\n<p class=\"\" data-start=\"989\" data-end=\"1029\">Alfombra cl\u00e1sica con dise\u00f1o de franjas<\/p>\n<\/li>\n<li class=\"\" data-start=\"1030\" data-end=\"1068\">\n<p class=\"\" data-start=\"1032\" data-end=\"1068\">Hecha a mano con t\u00e9cnica artesanal<\/p>\n<\/li>\n<li class=\"\" data-start=\"1069\" data-end=\"1122\">\n<p class=\"\" data-start=\"1071\" data-end=\"1122\">Tonos: burdeos, azul, marfil, mostaza y terracota<\/p>\n<\/li>\n<li class=\"\" data-start=\"1123\" data-end=\"1174\">\n<p class=\"\" data-start=\"1125\" data-end=\"1174\">Ideal para ambientes tradicionales o ecl\u00e9cticos<\/p>\n<\/li>\n<li class=\"\" data-start=\"1175\" data-end=\"1220\">\n<p class=\"\" data-start=\"1177\" data-end=\"1220\">Aporta color, elegancia y estructura visual<\/p>\n<\/li>\n<\/ul>\n<p>\u00a0<\/p>\n","protected":false},"excerpt":{"rendered":"<p>Alfombra cl\u00e1sica oriental turca Material: Lana y algod\u00f3n Medidas: 203 x 292 cm 36 nudos por cm\u00b2 360,000 nudos por m\u00b2 Hecho a mano<\/p>\n","protected":false},"featured_media":25669,"comment_status":"open","ping_status":"closed","template":"","meta":[],"product_cat":[19,308,316],"product_tag":[355,353,352,354],"yoast_head":"<!-- This site is optimized with the Yoast SEO plugin v21.5 - https:\/\/yoast.com\/wordpress\/plugins\/seo\/ -->\n<title>Alfombra cl\u00e1sica de rayas oriental | El Rinc\u00f3n de Fehmi Madrid | Alfombras Econ\u00f3micas turcas<\/title>\n<meta name=\"description\" content=\"Alfombra cl\u00e1sica de rayas oriental tejida a mano. Un dise\u00f1o original y colorido que combina tradici\u00f3n y elegancia con car\u00e1cter visual.\" \/>\n<meta name=\"robots\" content=\"index, follow, max-snippet:-1, max-image-preview:large, max-video-preview:-1\" \/>\n<link rel=\"canonical\" href=\"https:\/\/elrincondefehmi.com\/es\/tienda\/alfombras-turcas\/alfombras-clasicas\/alfombra-clasica-de-rayas-oriental\/\" \/>\n<meta property=\"og:locale\" content=\"es_ES\" \/>\n<meta property=\"og:type\" content=\"article\" \/>\n<meta property=\"og:title\" content=\"Alfombra cl\u00e1sica de rayas oriental | El Rinc\u00f3n de Fehmi Madrid | Alfombras Econ\u00f3micas turcas\" \/>\n<meta property=\"og:description\" content=\"Alfombra cl\u00e1sica de rayas oriental tejida a mano. Un dise\u00f1o original y colorido que combina tradici\u00f3n y elegancia con car\u00e1cter visual.\" \/>\n<meta property=\"og:url\" content=\"https:\/\/elrincondefehmi.com\/es\/tienda\/alfombras-turcas\/alfombras-clasicas\/alfombra-clasica-de-rayas-oriental\/\" \/>\n<meta property=\"og:site_name\" content=\"El Rinc\u00f3n de Fehmi Madrid\" \/>\n<meta property=\"article:modified_time\" content=\"2025-06-27T17:14:52+00:00\" \/>\n<meta property=\"og:image\" content=\"https:\/\/elrincondefehmi.com\/es\/wp-content\/uploads\/2025\/05\/IMG_9102.jpg\" \/>\n\t<meta property=\"og:image:width\" content=\"750\" \/>\n\t<meta property=\"og:image:height\" content=\"1070\" \/>\n\t<meta property=\"og:image:type\" content=\"image\/jpeg\" \/>\n<meta name=\"twitter:card\" content=\"summary_large_image\" \/>\n<script type=\"application\/ld+json\" class=\"yoast-schema-graph\">{\"@context\":\"https:\/\/schema.org\",\"@graph\":[{\"@type\":\"WebPage\",\"@id\":\"https:\/\/elrincondefehmi.com\/es\/tienda\/alfombras-turcas\/alfombras-clasicas\/alfombra-clasica-de-rayas-oriental\/\",\"url\":\"https:\/\/elrincondefehmi.com\/es\/tienda\/alfombras-turcas\/alfombras-clasicas\/alfombra-clasica-de-rayas-oriental\/\",\"name\":\"Alfombra cl\u00e1sica de rayas oriental | El Rinc\u00f3n de Fehmi Madrid | Alfombras Econ\u00f3micas turcas\",\"isPartOf\":{\"@id\":\"https:\/\/elrincondefehmi.com\/es\/#website\"},\"datePublished\":\"2025-05-01T11:17:17+00:00\",\"dateModified\":\"2025-06-27T17:14:52+00:00\",\"description\":\"Alfombra cl\u00e1sica de rayas oriental tejida a mano. Un dise\u00f1o original y colorido que combina tradici\u00f3n y elegancia con car\u00e1cter visual.\",\"breadcrumb\":{\"@id\":\"https:\/\/elrincondefehmi.com\/es\/tienda\/alfombras-turcas\/alfombras-clasicas\/alfombra-clasica-de-rayas-oriental\/#breadcrumb\"},\"inLanguage\":\"es\",\"potentialAction\":[{\"@type\":\"ReadAction\",\"target\":[\"https:\/\/elrincondefehmi.com\/es\/tienda\/alfombras-turcas\/alfombras-clasicas\/alfombra-clasica-de-rayas-oriental\/\"]}]},{\"@type\":\"BreadcrumbList\",\"@id\":\"https:\/\/elrincondefehmi.com\/es\/tienda\/alfombras-turcas\/alfombras-clasicas\/alfombra-clasica-de-rayas-oriental\/#breadcrumb\",\"itemListElement\":[{\"@type\":\"ListItem\",\"position\":1,\"name\":\"PRODUCTOS\",\"item\":\"https:\/\/elrincondefehmi.com\/es\/all-product\/\"},{\"@type\":\"ListItem\",\"position\":2,\"name\":\"Alfombra cl\u00e1sica oriental 203&#215;292 cm\"}]},{\"@type\":\"WebSite\",\"@id\":\"https:\/\/elrincondefehmi.com\/es\/#website\",\"url\":\"https:\/\/elrincondefehmi.com\/es\/\",\"name\":\"El Rinc\u00f3n de Fehmi Madrid\",\"description\":\"Tienda de alfombras en Madrid.  En El Rinc\u00f3n de Fehmi somos especialistas en alfombras artesanales, alfombras modernas contempor\u00e1neas kilims de Turqu\u00eda\",\"potentialAction\":[{\"@type\":\"SearchAction\",\"target\":{\"@type\":\"EntryPoint\",\"urlTemplate\":\"https:\/\/elrincondefehmi.com\/es\/?s={search_term_string}\"},\"query-input\":\"required name=search_term_string\"}],\"inLanguage\":\"es\"}]}<\/script>\n<!-- \/ Yoast SEO plugin. -->","yoast_head_json":{"title":"Alfombra cl\u00e1sica de rayas oriental | El Rinc\u00f3n de Fehmi Madrid | Alfombras Econ\u00f3micas turcas","description":"Alfombra cl\u00e1sica de rayas oriental tejida a mano. Un dise\u00f1o original y colorido que combina tradici\u00f3n y elegancia con car\u00e1cter visual.","robots":{"index":"index","follow":"follow","max-snippet":"max-snippet:-1","max-image-preview":"max-image-preview:large","max-video-preview":"max-video-preview:-1"},"canonical":"https:\/\/elrincondefehmi.com\/es\/tienda\/alfombras-turcas\/alfombras-clasicas\/alfombra-clasica-de-rayas-oriental\/","og_locale":"es_ES","og_type":"article","og_title":"Alfombra cl\u00e1sica de rayas oriental | El Rinc\u00f3n de Fehmi Madrid | Alfombras Econ\u00f3micas turcas","og_description":"Alfombra cl\u00e1sica de rayas oriental tejida a mano. Un dise\u00f1o original y colorido que combina tradici\u00f3n y elegancia con car\u00e1cter visual.","og_url":"https:\/\/elrincondefehmi.com\/es\/tienda\/alfombras-turcas\/alfombras-clasicas\/alfombra-clasica-de-rayas-oriental\/","og_site_name":"El Rinc\u00f3n de Fehmi Madrid","article_modified_time":"2025-06-27T17:14:52+00:00","og_image":[{"width":750,"height":1070,"url":"https:\/\/elrincondefehmi.com\/es\/wp-content\/uploads\/2025\/05\/IMG_9102.jpg","type":"image\/jpeg"}],"twitter_card":"summary_large_image","schema":{"@context":"https:\/\/schema.org","@graph":[{"@type":"WebPage","@id":"https:\/\/elrincondefehmi.com\/es\/tienda\/alfombras-turcas\/alfombras-clasicas\/alfombra-clasica-de-rayas-oriental\/","url":"https:\/\/elrincondefehmi.com\/es\/tienda\/alfombras-turcas\/alfombras-clasicas\/alfombra-clasica-de-rayas-oriental\/","name":"Alfombra cl\u00e1sica de rayas oriental | El Rinc\u00f3n de Fehmi Madrid | Alfombras Econ\u00f3micas turcas","isPartOf":{"@id":"https:\/\/elrincondefehmi.com\/es\/#website"},"datePublished":"2025-05-01T11:17:17+00:00","dateModified":"2025-06-27T17:14:52+00:00","description":"Alfombra cl\u00e1sica de rayas oriental tejida a mano. Un dise\u00f1o original y colorido que combina tradici\u00f3n y elegancia con car\u00e1cter visual.","breadcrumb":{"@id":"https:\/\/elrincondefehmi.com\/es\/tienda\/alfombras-turcas\/alfombras-clasicas\/alfombra-clasica-de-rayas-oriental\/#breadcrumb"},"inLanguage":"es","potentialAction":[{"@type":"ReadAction","target":["https:\/\/elrincondefehmi.com\/es\/tienda\/alfombras-turcas\/alfombras-clasicas\/alfombra-clasica-de-rayas-oriental\/"]}]},{"@type":"BreadcrumbList","@id":"https:\/\/elrincondefehmi.com\/es\/tienda\/alfombras-turcas\/alfombras-clasicas\/alfombra-clasica-de-rayas-oriental\/#breadcrumb","itemListElement":[{"@type":"ListItem","position":1,"name":"PRODUCTOS","item":"https:\/\/elrincondefehmi.com\/es\/all-product\/"},{"@type":"ListItem","position":2,"name":"Alfombra cl\u00e1sica oriental 203&#215;292 cm"}]},{"@type":"WebSite","@id":"https:\/\/elrincondefehmi.com\/es\/#website","url":"https:\/\/elrincondefehmi.com\/es\/","name":"El Rinc\u00f3n de Fehmi Madrid","description":"Tienda de alfombras en Madrid.  En El Rinc\u00f3n de Fehmi somos especialistas en alfombras artesanales, alfombras modernas contempor\u00e1neas kilims de Turqu\u00eda","potentialAction":[{"@type":"SearchAction","target":{"@type":"EntryPoint","urlTemplate":"https:\/\/elrincondefehmi.com\/es\/?s={search_term_string}"},"query-input":"required name=search_term_string"}],"inLanguage":"es"}]}},"_links":{"self":[{"href":"https:\/\/elrincondefehmi.com\/es\/wp-json\/wp\/v2\/product\/25668"}],"collection":[{"href":"https:\/\/elrincondefehmi.com\/es\/wp-json\/wp\/v2\/product"}],"about":[{"href":"https:\/\/elrincondefehmi.com\/es\/wp-json\/wp\/v2\/types\/product"}],"replies":[{"embeddable":true,"href":"https:\/\/elrincondefehmi.com\/es\/wp-json\/wp\/v2\/comments?post=25668"}],"wp:featuredmedia":[{"embeddable":true,"href":"https:\/\/elrincondefehmi.com\/es\/wp-json\/wp\/v2\/media\/25669"}],"wp:attachment":[{"href":"https:\/\/elrincondefehmi.com\/es\/wp-json\/wp\/v2\/media?parent=25668"}],"wp:term":[{"taxonomy":"product_cat","embeddable":true,"href":"https:\/\/elrincondefehmi.com\/es\/wp-json\/wp\/v2\/product_cat?post=25668"},{"taxonomy":"product_tag","embeddable":true,"href":"https:\/\/elrincondefehmi.com\/es\/wp-json\/wp\/v2\/product_tag?post=25668"}],"curies":[{"name":"wp","href":"https:\/\/api.w.org\/{rel}","templated":true}]}}