{"id":2562,"date":"2023-05-18T00:58:53","date_gmt":"2023-05-18T00:58:53","guid":{"rendered":"https:\/\/elrincondefehmi.com\/es\/?post_type=product&#038;p=2562"},"modified":"2025-06-28T12:43:03","modified_gmt":"2025-06-28T12:43:03","slug":"alfombra-clasica-296-x-204-cm","status":"publish","type":"product","link":"https:\/\/elrincondefehmi.com\/es\/tienda\/alfombras-turcas\/alfombras-clasicas\/alfombra-clasica-296-x-204-cm\/","title":{"rendered":"Alfombra cl\u00e1sica turca 204&#215;296 cm"},"content":{"rendered":"<p class=\"\" data-start=\"212\" data-end=\"602\">Esta magn\u00edfica alfombra cl\u00e1sica hecha a mano en Turqu\u00eda es una aut\u00e9ntica obra de arte textil. Su dise\u00f1o, de inspiraci\u00f3n tradicional, presenta un fondo rojo profundo adornado con seis paneles geom\u00e9tricos y una cenefa floral en tonos dorados, verdes y azul petr\u00f3leo. Cada detalle est\u00e1 cuidadosamente tejido a mano utilizando t\u00e9cnicas ancestrales, garantizando la m\u00e1xima calidad y durabilidad.<\/p>\n<p class=\"\" data-start=\"604\" data-end=\"931\">Ideal para aportar calidez y sofisticaci\u00f3n a salones, comedores o despachos, esta alfombra combina a la perfecci\u00f3n la riqueza cultural de Oriente Medio con la elegancia atemporal. Adem\u00e1s, gracias a sus colores vibrantes y su composici\u00f3n de alta calidad, se convierte en una pieza central capaz de transformar cualquier espacio.<\/p>\n<h3 class=\"\" data-start=\"938\" data-end=\"971\">Caracter\u00edsticas destacadas:<\/h3>\n<ul data-start=\"973\" data-end=\"1205\">\n<li class=\"\" data-start=\"973\" data-end=\"1000\">\n<p class=\"\" data-start=\"975\" data-end=\"1000\">Hecha a mano en Turqu\u00eda<\/p>\n<\/li>\n<li class=\"\" data-start=\"1001\" data-end=\"1045\">\n<p class=\"\" data-start=\"1003\" data-end=\"1045\">Materiales naturales de alta resistencia<\/p>\n<\/li>\n<li class=\"\" data-start=\"1046\" data-end=\"1101\">\n<p class=\"\" data-start=\"1048\" data-end=\"1101\">Dise\u00f1o cl\u00e1sico con fondo rojo y motivos geom\u00e9tricos<\/p>\n<\/li>\n<li class=\"\" data-start=\"1102\" data-end=\"1164\">\n<p class=\"\" data-start=\"1104\" data-end=\"1164\">Ideal para ambientes elegantes, tradicionales o ecl\u00e9cticos<\/p>\n<\/li>\n<li class=\"\" data-start=\"1165\" data-end=\"1205\">\n<p class=\"\" data-start=\"1167\" data-end=\"1205\">Alta durabilidad y f\u00e1cil mantenimiento<\/p>\n<\/li>\n<\/ul>\n<p>\u00a0<\/p>\n","protected":false},"excerpt":{"rendered":"<p>Alfombra cl\u00e1sica turca Material: Lana y algod\u00f3n Medidas: 204 x 296 cm. Hecho a mano<\/p>\n","protected":false},"featured_media":25634,"comment_status":"open","ping_status":"closed","template":"","meta":[],"product_cat":[19,308,316],"product_tag":[355,353,352,354],"yoast_head":"<!-- This site is optimized with the Yoast SEO plugin v21.5 - https:\/\/yoast.com\/wordpress\/plugins\/seo\/ -->\n<title>Alfombra cl\u00e1sica turca hecha a mano | El Rinc\u00f3n de Fehmi Madrid<\/title>\n<meta name=\"description\" content=\"Descubre la elegancia de esta alfombra cl\u00e1sica turca hecha a mano, perfecta para aportar calidez y sofisticaci\u00f3n a cualquier espacio.\" \/>\n<meta name=\"robots\" content=\"index, follow, max-snippet:-1, max-image-preview:large, max-video-preview:-1\" \/>\n<link rel=\"canonical\" href=\"https:\/\/elrincondefehmi.com\/es\/tienda\/alfombras-turcas\/alfombras-clasicas\/alfombra-clasica-296-x-204-cm\/\" \/>\n<meta property=\"og:locale\" content=\"es_ES\" \/>\n<meta property=\"og:type\" content=\"article\" \/>\n<meta property=\"og:title\" content=\"Alfombra cl\u00e1sica turca hecha a mano | El Rinc\u00f3n de Fehmi Madrid\" \/>\n<meta property=\"og:description\" content=\"Descubre la elegancia de esta alfombra cl\u00e1sica turca hecha a mano, perfecta para aportar calidez y sofisticaci\u00f3n a cualquier espacio.\" \/>\n<meta property=\"og:url\" content=\"https:\/\/elrincondefehmi.com\/es\/tienda\/alfombras-turcas\/alfombras-clasicas\/alfombra-clasica-296-x-204-cm\/\" \/>\n<meta property=\"og:site_name\" content=\"El Rinc\u00f3n de Fehmi Madrid\" \/>\n<meta property=\"article:modified_time\" content=\"2025-06-28T12:43:03+00:00\" \/>\n<meta property=\"og:image\" content=\"https:\/\/elrincondefehmi.com\/es\/wp-content\/uploads\/2023\/05\/IMG_9612.jpg\" \/>\n\t<meta property=\"og:image:width\" content=\"760\" \/>\n\t<meta property=\"og:image:height\" content=\"1070\" \/>\n\t<meta property=\"og:image:type\" content=\"image\/jpeg\" \/>\n<meta name=\"twitter:card\" content=\"summary_large_image\" \/>\n<script type=\"application\/ld+json\" class=\"yoast-schema-graph\">{\"@context\":\"https:\/\/schema.org\",\"@graph\":[{\"@type\":\"WebPage\",\"@id\":\"https:\/\/elrincondefehmi.com\/es\/tienda\/alfombras-turcas\/alfombras-clasicas\/alfombra-clasica-296-x-204-cm\/\",\"url\":\"https:\/\/elrincondefehmi.com\/es\/tienda\/alfombras-turcas\/alfombras-clasicas\/alfombra-clasica-296-x-204-cm\/\",\"name\":\"Alfombra cl\u00e1sica turca hecha a mano | El Rinc\u00f3n de Fehmi Madrid\",\"isPartOf\":{\"@id\":\"https:\/\/elrincondefehmi.com\/es\/#website\"},\"datePublished\":\"2023-05-18T00:58:53+00:00\",\"dateModified\":\"2025-06-28T12:43:03+00:00\",\"description\":\"Descubre la elegancia de esta alfombra cl\u00e1sica turca hecha a mano, perfecta para aportar calidez y sofisticaci\u00f3n a cualquier espacio.\",\"breadcrumb\":{\"@id\":\"https:\/\/elrincondefehmi.com\/es\/tienda\/alfombras-turcas\/alfombras-clasicas\/alfombra-clasica-296-x-204-cm\/#breadcrumb\"},\"inLanguage\":\"es\",\"potentialAction\":[{\"@type\":\"ReadAction\",\"target\":[\"https:\/\/elrincondefehmi.com\/es\/tienda\/alfombras-turcas\/alfombras-clasicas\/alfombra-clasica-296-x-204-cm\/\"]}]},{\"@type\":\"BreadcrumbList\",\"@id\":\"https:\/\/elrincondefehmi.com\/es\/tienda\/alfombras-turcas\/alfombras-clasicas\/alfombra-clasica-296-x-204-cm\/#breadcrumb\",\"itemListElement\":[{\"@type\":\"ListItem\",\"position\":1,\"name\":\"PRODUCTOS\",\"item\":\"https:\/\/elrincondefehmi.com\/es\/all-product\/\"},{\"@type\":\"ListItem\",\"position\":2,\"name\":\"Alfombra cl\u00e1sica turca 204&#215;296 cm\"}]},{\"@type\":\"WebSite\",\"@id\":\"https:\/\/elrincondefehmi.com\/es\/#website\",\"url\":\"https:\/\/elrincondefehmi.com\/es\/\",\"name\":\"El Rinc\u00f3n de Fehmi Madrid\",\"description\":\"Tienda de alfombras en Madrid.  En El Rinc\u00f3n de Fehmi somos especialistas en alfombras artesanales, alfombras modernas contempor\u00e1neas kilims de Turqu\u00eda\",\"potentialAction\":[{\"@type\":\"SearchAction\",\"target\":{\"@type\":\"EntryPoint\",\"urlTemplate\":\"https:\/\/elrincondefehmi.com\/es\/?s={search_term_string}\"},\"query-input\":\"required name=search_term_string\"}],\"inLanguage\":\"es\"}]}<\/script>\n<!-- \/ Yoast SEO plugin. -->","yoast_head_json":{"title":"Alfombra cl\u00e1sica turca hecha a mano | El Rinc\u00f3n de Fehmi Madrid","description":"Descubre la elegancia de esta alfombra cl\u00e1sica turca hecha a mano, perfecta para aportar calidez y sofisticaci\u00f3n a cualquier espacio.","robots":{"index":"index","follow":"follow","max-snippet":"max-snippet:-1","max-image-preview":"max-image-preview:large","max-video-preview":"max-video-preview:-1"},"canonical":"https:\/\/elrincondefehmi.com\/es\/tienda\/alfombras-turcas\/alfombras-clasicas\/alfombra-clasica-296-x-204-cm\/","og_locale":"es_ES","og_type":"article","og_title":"Alfombra cl\u00e1sica turca hecha a mano | El Rinc\u00f3n de Fehmi Madrid","og_description":"Descubre la elegancia de esta alfombra cl\u00e1sica turca hecha a mano, perfecta para aportar calidez y sofisticaci\u00f3n a cualquier espacio.","og_url":"https:\/\/elrincondefehmi.com\/es\/tienda\/alfombras-turcas\/alfombras-clasicas\/alfombra-clasica-296-x-204-cm\/","og_site_name":"El Rinc\u00f3n de Fehmi Madrid","article_modified_time":"2025-06-28T12:43:03+00:00","og_image":[{"width":760,"height":1070,"url":"https:\/\/elrincondefehmi.com\/es\/wp-content\/uploads\/2023\/05\/IMG_9612.jpg","type":"image\/jpeg"}],"twitter_card":"summary_large_image","schema":{"@context":"https:\/\/schema.org","@graph":[{"@type":"WebPage","@id":"https:\/\/elrincondefehmi.com\/es\/tienda\/alfombras-turcas\/alfombras-clasicas\/alfombra-clasica-296-x-204-cm\/","url":"https:\/\/elrincondefehmi.com\/es\/tienda\/alfombras-turcas\/alfombras-clasicas\/alfombra-clasica-296-x-204-cm\/","name":"Alfombra cl\u00e1sica turca hecha a mano | El Rinc\u00f3n de Fehmi Madrid","isPartOf":{"@id":"https:\/\/elrincondefehmi.com\/es\/#website"},"datePublished":"2023-05-18T00:58:53+00:00","dateModified":"2025-06-28T12:43:03+00:00","description":"Descubre la elegancia de esta alfombra cl\u00e1sica turca hecha a mano, perfecta para aportar calidez y sofisticaci\u00f3n a cualquier espacio.","breadcrumb":{"@id":"https:\/\/elrincondefehmi.com\/es\/tienda\/alfombras-turcas\/alfombras-clasicas\/alfombra-clasica-296-x-204-cm\/#breadcrumb"},"inLanguage":"es","potentialAction":[{"@type":"ReadAction","target":["https:\/\/elrincondefehmi.com\/es\/tienda\/alfombras-turcas\/alfombras-clasicas\/alfombra-clasica-296-x-204-cm\/"]}]},{"@type":"BreadcrumbList","@id":"https:\/\/elrincondefehmi.com\/es\/tienda\/alfombras-turcas\/alfombras-clasicas\/alfombra-clasica-296-x-204-cm\/#breadcrumb","itemListElement":[{"@type":"ListItem","position":1,"name":"PRODUCTOS","item":"https:\/\/elrincondefehmi.com\/es\/all-product\/"},{"@type":"ListItem","position":2,"name":"Alfombra cl\u00e1sica turca 204&#215;296 cm"}]},{"@type":"WebSite","@id":"https:\/\/elrincondefehmi.com\/es\/#website","url":"https:\/\/elrincondefehmi.com\/es\/","name":"El Rinc\u00f3n de Fehmi Madrid","description":"Tienda de alfombras en Madrid.  En El Rinc\u00f3n de Fehmi somos especialistas en alfombras artesanales, alfombras modernas contempor\u00e1neas kilims de Turqu\u00eda","potentialAction":[{"@type":"SearchAction","target":{"@type":"EntryPoint","urlTemplate":"https:\/\/elrincondefehmi.com\/es\/?s={search_term_string}"},"query-input":"required name=search_term_string"}],"inLanguage":"es"}]}},"_links":{"self":[{"href":"https:\/\/elrincondefehmi.com\/es\/wp-json\/wp\/v2\/product\/2562"}],"collection":[{"href":"https:\/\/elrincondefehmi.com\/es\/wp-json\/wp\/v2\/product"}],"about":[{"href":"https:\/\/elrincondefehmi.com\/es\/wp-json\/wp\/v2\/types\/product"}],"replies":[{"embeddable":true,"href":"https:\/\/elrincondefehmi.com\/es\/wp-json\/wp\/v2\/comments?post=2562"}],"wp:featuredmedia":[{"embeddable":true,"href":"https:\/\/elrincondefehmi.com\/es\/wp-json\/wp\/v2\/media\/25634"}],"wp:attachment":[{"href":"https:\/\/elrincondefehmi.com\/es\/wp-json\/wp\/v2\/media?parent=2562"}],"wp:term":[{"taxonomy":"product_cat","embeddable":true,"href":"https:\/\/elrincondefehmi.com\/es\/wp-json\/wp\/v2\/product_cat?post=2562"},{"taxonomy":"product_tag","embeddable":true,"href":"https:\/\/elrincondefehmi.com\/es\/wp-json\/wp\/v2\/product_tag?post=2562"}],"curies":[{"name":"wp","href":"https:\/\/api.w.org\/{rel}","templated":true}]}}