{"id":25501,"date":"2025-04-03T16:16:04","date_gmt":"2025-04-03T16:16:04","guid":{"rendered":"https:\/\/elrincondefehmi.com\/es\/?post_type=product&#038;p=25501"},"modified":"2025-04-03T16:38:23","modified_gmt":"2025-04-03T16:38:23","slug":"alfombra-rayas-natural","status":"publish","type":"product","link":"https:\/\/elrincondefehmi.com\/es\/tienda\/alfombras-turcas\/alfombras-modernas\/alfombra-rayas-natural\/","title":{"rendered":"Nuba"},"content":{"rendered":"<p data-start=\"284\" data-end=\"316\">La alfombra <em data-start=\"330\" data-end=\"336\">Nuba<\/em> destaca por su dise\u00f1o sereno y equilibrado, con una base de color blanco roto y delicadas franjas en relieve en tonos mostaza, teja, azul suave y gris. Su patr\u00f3n de l\u00edneas horizontales crea ritmo y armon\u00eda, aportando textura sin sobrecargar visualmente el espacio.<\/p>\n<p class=\"\" data-start=\"603\" data-end=\"836\">Fabricada con materiales naturales como el algod\u00f3n, <em data-start=\"655\" data-end=\"661\">Nuba<\/em> es perfecta para ambientes relajados de estilo n\u00f3rdico, mediterr\u00e1neo o boho. Aporta calidez, suavidad y un toque artesanal ideal para salones, dormitorios o zonas de lectura.<\/p>\n<h3 class=\"\" data-start=\"843\" data-end=\"876\">Caracter\u00edsticas destacadas:<\/h3>\n<ul data-start=\"878\" data-end=\"1094\">\n<li class=\"\" data-start=\"878\" data-end=\"926\">\n<p class=\"\" data-start=\"880\" data-end=\"926\">Color base: blanco roto con franjas de color<\/p>\n<\/li>\n<li class=\"\" data-start=\"927\" data-end=\"956\">\n<p class=\"\" data-start=\"929\" data-end=\"956\">Material: algod\u00f3n natural<\/p>\n<\/li>\n<li class=\"\" data-start=\"957\" data-end=\"1007\">\n<p class=\"\" data-start=\"959\" data-end=\"1007\">Dise\u00f1o con textura en relieve y l\u00edneas sutiles<\/p>\n<\/li>\n<li class=\"\" data-start=\"1008\" data-end=\"1048\">\n<p class=\"\" data-start=\"1010\" data-end=\"1048\">Estilo: boho, n\u00f3rdico o mediterr\u00e1neo<\/p>\n<\/li>\n<li class=\"\" data-start=\"1049\" data-end=\"1094\">\n<p class=\"\" data-start=\"1051\" data-end=\"1094\">Ideal para interiores luminosos y relajados<\/p>\n<\/li>\n<\/ul>\n<p>En conclusi\u00f3n, nuestra <a href=\"https:\/\/elrincondefehmi.com\/es\/como-decorar-con-una-alfombra\/\">alfombra contempor\u00e1nea<\/a> en blanco es una invitaci\u00f3n a descubrir la elegancia del minimalismo y la modernidad.\u00a0 Transforma tu hogar con esta pieza que combina simplicidad, estilo y calidad en cada detalle.<\/p>\n","protected":false},"excerpt":{"rendered":"<p>Densidad de nudos: 1.600.000 points m<sup>2<\/sup><\/p>\n<p>Espesor: 9 mm<\/p>\n<p>Edad: Nueva<\/p>\n<p>Origen: Turqu\u00eda<\/p>\n<p>Nudos: Viscosa<\/p>\n<p>Urdimbre: Algod\u00f3n<\/p>\n<p>Tejido de alta precisi\u00f3n<\/p>\n<div class=\"elementor-element elementor-element-3de7cc4 m-t-n-sm elementor-widget elementor-widget-porto_cp_meta\" data-id=\"3de7cc4\" data-element_type=\"widget\" data-widget_type=\"porto_cp_meta.default\">\n<div class=\"elementor-widget-container\">\n<div class=\"product_meta\"><\/div>\n<\/div>\n<\/div>\n","protected":false},"featured_media":25509,"comment_status":"open","ping_status":"closed","template":"","meta":[],"product_cat":[19,308,315],"product_tag":[355,353,352,354],"yoast_head":"<!-- This site is optimized with the Yoast SEO plugin v21.5 - https:\/\/yoast.com\/wordpress\/plugins\/seo\/ -->\n<title>Alfombra de rayas natural | El Rinc\u00f3n de Fehmi Madrid<\/title>\n<meta name=\"description\" content=\"Alfombra de rayas natural. Nuba es perfecta para ambientes relajados de estilo n\u00f3rdico, mediterr\u00e1neo o boho. Alfombras n\u00f3rdicas..\" \/>\n<meta name=\"robots\" content=\"index, follow, max-snippet:-1, max-image-preview:large, max-video-preview:-1\" \/>\n<link rel=\"canonical\" href=\"https:\/\/elrincondefehmi.com\/es\/tienda\/alfombras-turcas\/alfombras-modernas\/alfombra-rayas-natural\/\" \/>\n<meta property=\"og:locale\" content=\"es_ES\" \/>\n<meta property=\"og:type\" content=\"article\" \/>\n<meta property=\"og:title\" content=\"Alfombra de rayas natural | El Rinc\u00f3n de Fehmi Madrid\" \/>\n<meta property=\"og:description\" content=\"Alfombra de rayas natural. Nuba es perfecta para ambientes relajados de estilo n\u00f3rdico, mediterr\u00e1neo o boho. Alfombras n\u00f3rdicas..\" \/>\n<meta property=\"og:url\" content=\"https:\/\/elrincondefehmi.com\/es\/tienda\/alfombras-turcas\/alfombras-modernas\/alfombra-rayas-natural\/\" \/>\n<meta property=\"og:site_name\" content=\"El Rinc\u00f3n de Fehmi Madrid\" \/>\n<meta property=\"article:modified_time\" content=\"2025-04-03T16:38:23+00:00\" \/>\n<meta property=\"og:image\" content=\"https:\/\/elrincondefehmi.com\/es\/wp-content\/uploads\/2025\/04\/kiutg.jpg\" \/>\n\t<meta property=\"og:image:width\" content=\"750\" \/>\n\t<meta property=\"og:image:height\" content=\"1070\" \/>\n\t<meta property=\"og:image:type\" content=\"image\/jpeg\" \/>\n<meta name=\"twitter:card\" content=\"summary_large_image\" \/>\n<script type=\"application\/ld+json\" class=\"yoast-schema-graph\">{\"@context\":\"https:\/\/schema.org\",\"@graph\":[{\"@type\":\"WebPage\",\"@id\":\"https:\/\/elrincondefehmi.com\/es\/tienda\/alfombras-turcas\/alfombras-modernas\/alfombra-rayas-natural\/\",\"url\":\"https:\/\/elrincondefehmi.com\/es\/tienda\/alfombras-turcas\/alfombras-modernas\/alfombra-rayas-natural\/\",\"name\":\"Alfombra de rayas natural | El Rinc\u00f3n de Fehmi Madrid\",\"isPartOf\":{\"@id\":\"https:\/\/elrincondefehmi.com\/es\/#website\"},\"datePublished\":\"2025-04-03T16:16:04+00:00\",\"dateModified\":\"2025-04-03T16:38:23+00:00\",\"description\":\"Alfombra de rayas natural. Nuba es perfecta para ambientes relajados de estilo n\u00f3rdico, mediterr\u00e1neo o boho. Alfombras n\u00f3rdicas..\",\"breadcrumb\":{\"@id\":\"https:\/\/elrincondefehmi.com\/es\/tienda\/alfombras-turcas\/alfombras-modernas\/alfombra-rayas-natural\/#breadcrumb\"},\"inLanguage\":\"es\",\"potentialAction\":[{\"@type\":\"ReadAction\",\"target\":[\"https:\/\/elrincondefehmi.com\/es\/tienda\/alfombras-turcas\/alfombras-modernas\/alfombra-rayas-natural\/\"]}]},{\"@type\":\"BreadcrumbList\",\"@id\":\"https:\/\/elrincondefehmi.com\/es\/tienda\/alfombras-turcas\/alfombras-modernas\/alfombra-rayas-natural\/#breadcrumb\",\"itemListElement\":[{\"@type\":\"ListItem\",\"position\":1,\"name\":\"PRODUCTOS\",\"item\":\"https:\/\/elrincondefehmi.com\/es\/all-product\/\"},{\"@type\":\"ListItem\",\"position\":2,\"name\":\"Nuba\"}]},{\"@type\":\"WebSite\",\"@id\":\"https:\/\/elrincondefehmi.com\/es\/#website\",\"url\":\"https:\/\/elrincondefehmi.com\/es\/\",\"name\":\"El Rinc\u00f3n de Fehmi Madrid\",\"description\":\"Tienda de alfombras en Madrid.  En El Rinc\u00f3n de Fehmi somos especialistas en alfombras artesanales, alfombras modernas contempor\u00e1neas kilims de Turqu\u00eda\",\"potentialAction\":[{\"@type\":\"SearchAction\",\"target\":{\"@type\":\"EntryPoint\",\"urlTemplate\":\"https:\/\/elrincondefehmi.com\/es\/?s={search_term_string}\"},\"query-input\":\"required name=search_term_string\"}],\"inLanguage\":\"es\"}]}<\/script>\n<!-- \/ Yoast SEO plugin. -->","yoast_head_json":{"title":"Alfombra de rayas natural | El Rinc\u00f3n de Fehmi Madrid","description":"Alfombra de rayas natural. Nuba es perfecta para ambientes relajados de estilo n\u00f3rdico, mediterr\u00e1neo o boho. Alfombras n\u00f3rdicas..","robots":{"index":"index","follow":"follow","max-snippet":"max-snippet:-1","max-image-preview":"max-image-preview:large","max-video-preview":"max-video-preview:-1"},"canonical":"https:\/\/elrincondefehmi.com\/es\/tienda\/alfombras-turcas\/alfombras-modernas\/alfombra-rayas-natural\/","og_locale":"es_ES","og_type":"article","og_title":"Alfombra de rayas natural | El Rinc\u00f3n de Fehmi Madrid","og_description":"Alfombra de rayas natural. Nuba es perfecta para ambientes relajados de estilo n\u00f3rdico, mediterr\u00e1neo o boho. Alfombras n\u00f3rdicas..","og_url":"https:\/\/elrincondefehmi.com\/es\/tienda\/alfombras-turcas\/alfombras-modernas\/alfombra-rayas-natural\/","og_site_name":"El Rinc\u00f3n de Fehmi Madrid","article_modified_time":"2025-04-03T16:38:23+00:00","og_image":[{"width":750,"height":1070,"url":"https:\/\/elrincondefehmi.com\/es\/wp-content\/uploads\/2025\/04\/kiutg.jpg","type":"image\/jpeg"}],"twitter_card":"summary_large_image","schema":{"@context":"https:\/\/schema.org","@graph":[{"@type":"WebPage","@id":"https:\/\/elrincondefehmi.com\/es\/tienda\/alfombras-turcas\/alfombras-modernas\/alfombra-rayas-natural\/","url":"https:\/\/elrincondefehmi.com\/es\/tienda\/alfombras-turcas\/alfombras-modernas\/alfombra-rayas-natural\/","name":"Alfombra de rayas natural | El Rinc\u00f3n de Fehmi Madrid","isPartOf":{"@id":"https:\/\/elrincondefehmi.com\/es\/#website"},"datePublished":"2025-04-03T16:16:04+00:00","dateModified":"2025-04-03T16:38:23+00:00","description":"Alfombra de rayas natural. Nuba es perfecta para ambientes relajados de estilo n\u00f3rdico, mediterr\u00e1neo o boho. Alfombras n\u00f3rdicas..","breadcrumb":{"@id":"https:\/\/elrincondefehmi.com\/es\/tienda\/alfombras-turcas\/alfombras-modernas\/alfombra-rayas-natural\/#breadcrumb"},"inLanguage":"es","potentialAction":[{"@type":"ReadAction","target":["https:\/\/elrincondefehmi.com\/es\/tienda\/alfombras-turcas\/alfombras-modernas\/alfombra-rayas-natural\/"]}]},{"@type":"BreadcrumbList","@id":"https:\/\/elrincondefehmi.com\/es\/tienda\/alfombras-turcas\/alfombras-modernas\/alfombra-rayas-natural\/#breadcrumb","itemListElement":[{"@type":"ListItem","position":1,"name":"PRODUCTOS","item":"https:\/\/elrincondefehmi.com\/es\/all-product\/"},{"@type":"ListItem","position":2,"name":"Nuba"}]},{"@type":"WebSite","@id":"https:\/\/elrincondefehmi.com\/es\/#website","url":"https:\/\/elrincondefehmi.com\/es\/","name":"El Rinc\u00f3n de Fehmi Madrid","description":"Tienda de alfombras en Madrid.  En El Rinc\u00f3n de Fehmi somos especialistas en alfombras artesanales, alfombras modernas contempor\u00e1neas kilims de Turqu\u00eda","potentialAction":[{"@type":"SearchAction","target":{"@type":"EntryPoint","urlTemplate":"https:\/\/elrincondefehmi.com\/es\/?s={search_term_string}"},"query-input":"required name=search_term_string"}],"inLanguage":"es"}]}},"_links":{"self":[{"href":"https:\/\/elrincondefehmi.com\/es\/wp-json\/wp\/v2\/product\/25501"}],"collection":[{"href":"https:\/\/elrincondefehmi.com\/es\/wp-json\/wp\/v2\/product"}],"about":[{"href":"https:\/\/elrincondefehmi.com\/es\/wp-json\/wp\/v2\/types\/product"}],"replies":[{"embeddable":true,"href":"https:\/\/elrincondefehmi.com\/es\/wp-json\/wp\/v2\/comments?post=25501"}],"wp:featuredmedia":[{"embeddable":true,"href":"https:\/\/elrincondefehmi.com\/es\/wp-json\/wp\/v2\/media\/25509"}],"wp:attachment":[{"href":"https:\/\/elrincondefehmi.com\/es\/wp-json\/wp\/v2\/media?parent=25501"}],"wp:term":[{"taxonomy":"product_cat","embeddable":true,"href":"https:\/\/elrincondefehmi.com\/es\/wp-json\/wp\/v2\/product_cat?post=25501"},{"taxonomy":"product_tag","embeddable":true,"href":"https:\/\/elrincondefehmi.com\/es\/wp-json\/wp\/v2\/product_tag?post=25501"}],"curies":[{"name":"wp","href":"https:\/\/api.w.org\/{rel}","templated":true}]}}