{"id":25483,"date":"2025-04-03T12:28:36","date_gmt":"2025-04-03T12:28:36","guid":{"rendered":"https:\/\/elrincondefehmi.com\/es\/?post_type=product&#038;p=25483"},"modified":"2025-04-03T12:47:08","modified_gmt":"2025-04-03T12:47:08","slug":"alfombra-geometrica-moderna","status":"publish","type":"product","link":"https:\/\/elrincondefehmi.com\/es\/tienda\/alfombras-turcas\/alfombras-modernas\/alfombra-geometrica-moderna\/","title":{"rendered":"Lumen Gris"},"content":{"rendered":"<p class=\"\" data-start=\"393\" data-end=\"743\">Alfombra geom\u00e9trica moderna Lumen Gris es una <a href=\"https:\/\/elrincondefehmi.com\/es\/\">pieza contempor\u00e1nea<\/a> de gran car\u00e1cter, ideal para interiores modernos y elegantes. Su base en tonos gris\u00e1ceos, combinada con l\u00edneas geom\u00e9tricas superpuestas en tonos claros, crea una sensaci\u00f3n de profundidad y armon\u00eda visual. El acabado ligeramente desgastado a\u00f1ade un toque industrial refinado sin perder la sobriedad.<\/p>\n<p class=\"\" data-start=\"745\" data-end=\"959\">Esta alfombra es perfecta para aportar personalidad a salones, despachos o espacios de estilo urbano. Fabricada en algod\u00f3n y bamboo de seda de alta calidad, es resistente al uso diario, f\u00e1cil de mantener y agradable al tacto.<\/p>\n<h3 class=\"\" data-start=\"966\" data-end=\"999\">Caracter\u00edsticas destacadas:<\/h3>\n<ul data-start=\"1001\" data-end=\"1256\">\n<li class=\"\" data-start=\"1001\" data-end=\"1042\">\n<p class=\"\" data-start=\"1003\" data-end=\"1042\">Estilo: Moderno \/ Industrial elegante<\/p>\n<\/li>\n<li class=\"\" data-start=\"1043\" data-end=\"1087\">\n<p class=\"\" data-start=\"1045\" data-end=\"1087\">Dise\u00f1o: Geom\u00e9trico con efecto desgastado<\/p>\n<\/li>\n<li class=\"\" data-start=\"1088\" data-end=\"1133\">\n<p class=\"\" data-start=\"1090\" data-end=\"1133\">Colores: Gama de grises con l\u00edneas claras<\/p>\n<\/li>\n<li class=\"\" data-start=\"1134\" data-end=\"1193\">\n<p class=\"\" data-start=\"1136\" data-end=\"1193\">Material: Fibras naturales (resistente y f\u00e1cil de limpiar)<\/p>\n<\/li>\n<li class=\"\" data-start=\"1194\" data-end=\"1256\">\n<p class=\"\" data-start=\"1196\" data-end=\"1256\">Ideal para: Salones, oficinas, comedores y espacios modernos<\/p>\n<\/li>\n<\/ul>\n","protected":false},"excerpt":{"rendered":"<div class=\"elementor-element elementor-element-d43f665 mb-0 elementor-widget elementor-widget-porto_cp_excerpt\" data-id=\"d43f665\" data-element_type=\"widget\" data-widget_type=\"porto_cp_excerpt.default\">\n<div class=\"elementor-widget-container\">\n<div class=\"description woocommerce-product-details__short-description\">\n<p>Densidad de nudos: 2.000.000 points m<sup>2<\/sup><\/p>\n<p>Espesor: 7 mm<\/p>\n<p>Edad: Nueva<\/p>\n<p>Origen: Turqu\u00eda<\/p>\n<p>Nudos: Bamb\u00fa seda<\/p>\n<p>Urdimbre: Algod\u00f3n<\/p>\n<p>Tejido de alta precisi\u00f3n<\/p>\n<\/div>\n<\/div>\n<\/div>\n<div class=\"elementor-element elementor-element-3de7cc4 m-t-n-sm elementor-widget elementor-widget-porto_cp_meta\" data-id=\"3de7cc4\" data-element_type=\"widget\" data-widget_type=\"porto_cp_meta.default\">\n<div class=\"elementor-widget-container\">\n<div class=\"product_meta\"><\/div>\n<\/div>\n<\/div>\n","protected":false},"featured_media":25492,"comment_status":"open","ping_status":"closed","template":"","meta":[],"product_cat":[19,308,315],"product_tag":[355,353,352,354],"yoast_head":"<!-- This site is optimized with the Yoast SEO plugin v21.5 - https:\/\/yoast.com\/wordpress\/plugins\/seo\/ -->\n<title>Alfombra geom\u00e9trica moderna | El Rinc\u00f3n de Fehmi Madrid | Alfombras turcas<\/title>\n<meta name=\"description\" content=\"Alfombra geom\u00e9trica moderna Lumen Gris es una pieza contempor\u00e1nea de gran car\u00e1cter, ideal para interiores modernos y elegantes.\" \/>\n<meta name=\"robots\" content=\"index, follow, max-snippet:-1, max-image-preview:large, max-video-preview:-1\" \/>\n<link rel=\"canonical\" href=\"https:\/\/elrincondefehmi.com\/es\/tienda\/alfombras-turcas\/alfombras-modernas\/alfombra-geometrica-moderna\/\" \/>\n<meta property=\"og:locale\" content=\"es_ES\" \/>\n<meta property=\"og:type\" content=\"article\" \/>\n<meta property=\"og:title\" content=\"Alfombra geom\u00e9trica moderna | El Rinc\u00f3n de Fehmi Madrid | Alfombras turcas\" \/>\n<meta property=\"og:description\" content=\"Alfombra geom\u00e9trica moderna Lumen Gris es una pieza contempor\u00e1nea de gran car\u00e1cter, ideal para interiores modernos y elegantes.\" \/>\n<meta property=\"og:url\" content=\"https:\/\/elrincondefehmi.com\/es\/tienda\/alfombras-turcas\/alfombras-modernas\/alfombra-geometrica-moderna\/\" \/>\n<meta property=\"og:site_name\" content=\"El Rinc\u00f3n de Fehmi Madrid\" \/>\n<meta property=\"article:modified_time\" content=\"2025-04-03T12:47:08+00:00\" \/>\n<meta property=\"og:image\" content=\"https:\/\/elrincondefehmi.com\/es\/wp-content\/uploads\/2025\/04\/SDER.jpg\" \/>\n\t<meta property=\"og:image:width\" content=\"750\" \/>\n\t<meta property=\"og:image:height\" content=\"1070\" \/>\n\t<meta property=\"og:image:type\" content=\"image\/jpeg\" \/>\n<meta name=\"twitter:card\" content=\"summary_large_image\" \/>\n<script type=\"application\/ld+json\" class=\"yoast-schema-graph\">{\"@context\":\"https:\/\/schema.org\",\"@graph\":[{\"@type\":\"WebPage\",\"@id\":\"https:\/\/elrincondefehmi.com\/es\/tienda\/alfombras-turcas\/alfombras-modernas\/alfombra-geometrica-moderna\/\",\"url\":\"https:\/\/elrincondefehmi.com\/es\/tienda\/alfombras-turcas\/alfombras-modernas\/alfombra-geometrica-moderna\/\",\"name\":\"Alfombra geom\u00e9trica moderna | El Rinc\u00f3n de Fehmi Madrid | Alfombras turcas\",\"isPartOf\":{\"@id\":\"https:\/\/elrincondefehmi.com\/es\/#website\"},\"datePublished\":\"2025-04-03T12:28:36+00:00\",\"dateModified\":\"2025-04-03T12:47:08+00:00\",\"description\":\"Alfombra geom\u00e9trica moderna Lumen Gris es una pieza contempor\u00e1nea de gran car\u00e1cter, ideal para interiores modernos y elegantes.\",\"breadcrumb\":{\"@id\":\"https:\/\/elrincondefehmi.com\/es\/tienda\/alfombras-turcas\/alfombras-modernas\/alfombra-geometrica-moderna\/#breadcrumb\"},\"inLanguage\":\"es\",\"potentialAction\":[{\"@type\":\"ReadAction\",\"target\":[\"https:\/\/elrincondefehmi.com\/es\/tienda\/alfombras-turcas\/alfombras-modernas\/alfombra-geometrica-moderna\/\"]}]},{\"@type\":\"BreadcrumbList\",\"@id\":\"https:\/\/elrincondefehmi.com\/es\/tienda\/alfombras-turcas\/alfombras-modernas\/alfombra-geometrica-moderna\/#breadcrumb\",\"itemListElement\":[{\"@type\":\"ListItem\",\"position\":1,\"name\":\"PRODUCTOS\",\"item\":\"https:\/\/elrincondefehmi.com\/es\/all-product\/\"},{\"@type\":\"ListItem\",\"position\":2,\"name\":\"Lumen Gris\"}]},{\"@type\":\"WebSite\",\"@id\":\"https:\/\/elrincondefehmi.com\/es\/#website\",\"url\":\"https:\/\/elrincondefehmi.com\/es\/\",\"name\":\"El Rinc\u00f3n de Fehmi Madrid\",\"description\":\"Tienda de alfombras en Madrid.  En El Rinc\u00f3n de Fehmi somos especialistas en alfombras artesanales, alfombras modernas contempor\u00e1neas kilims de Turqu\u00eda\",\"potentialAction\":[{\"@type\":\"SearchAction\",\"target\":{\"@type\":\"EntryPoint\",\"urlTemplate\":\"https:\/\/elrincondefehmi.com\/es\/?s={search_term_string}\"},\"query-input\":\"required name=search_term_string\"}],\"inLanguage\":\"es\"}]}<\/script>\n<!-- \/ Yoast SEO plugin. -->","yoast_head_json":{"title":"Alfombra geom\u00e9trica moderna | El Rinc\u00f3n de Fehmi Madrid | Alfombras turcas","description":"Alfombra geom\u00e9trica moderna Lumen Gris es una pieza contempor\u00e1nea de gran car\u00e1cter, ideal para interiores modernos y elegantes.","robots":{"index":"index","follow":"follow","max-snippet":"max-snippet:-1","max-image-preview":"max-image-preview:large","max-video-preview":"max-video-preview:-1"},"canonical":"https:\/\/elrincondefehmi.com\/es\/tienda\/alfombras-turcas\/alfombras-modernas\/alfombra-geometrica-moderna\/","og_locale":"es_ES","og_type":"article","og_title":"Alfombra geom\u00e9trica moderna | El Rinc\u00f3n de Fehmi Madrid | Alfombras turcas","og_description":"Alfombra geom\u00e9trica moderna Lumen Gris es una pieza contempor\u00e1nea de gran car\u00e1cter, ideal para interiores modernos y elegantes.","og_url":"https:\/\/elrincondefehmi.com\/es\/tienda\/alfombras-turcas\/alfombras-modernas\/alfombra-geometrica-moderna\/","og_site_name":"El Rinc\u00f3n de Fehmi Madrid","article_modified_time":"2025-04-03T12:47:08+00:00","og_image":[{"width":750,"height":1070,"url":"https:\/\/elrincondefehmi.com\/es\/wp-content\/uploads\/2025\/04\/SDER.jpg","type":"image\/jpeg"}],"twitter_card":"summary_large_image","schema":{"@context":"https:\/\/schema.org","@graph":[{"@type":"WebPage","@id":"https:\/\/elrincondefehmi.com\/es\/tienda\/alfombras-turcas\/alfombras-modernas\/alfombra-geometrica-moderna\/","url":"https:\/\/elrincondefehmi.com\/es\/tienda\/alfombras-turcas\/alfombras-modernas\/alfombra-geometrica-moderna\/","name":"Alfombra geom\u00e9trica moderna | El Rinc\u00f3n de Fehmi Madrid | Alfombras turcas","isPartOf":{"@id":"https:\/\/elrincondefehmi.com\/es\/#website"},"datePublished":"2025-04-03T12:28:36+00:00","dateModified":"2025-04-03T12:47:08+00:00","description":"Alfombra geom\u00e9trica moderna Lumen Gris es una pieza contempor\u00e1nea de gran car\u00e1cter, ideal para interiores modernos y elegantes.","breadcrumb":{"@id":"https:\/\/elrincondefehmi.com\/es\/tienda\/alfombras-turcas\/alfombras-modernas\/alfombra-geometrica-moderna\/#breadcrumb"},"inLanguage":"es","potentialAction":[{"@type":"ReadAction","target":["https:\/\/elrincondefehmi.com\/es\/tienda\/alfombras-turcas\/alfombras-modernas\/alfombra-geometrica-moderna\/"]}]},{"@type":"BreadcrumbList","@id":"https:\/\/elrincondefehmi.com\/es\/tienda\/alfombras-turcas\/alfombras-modernas\/alfombra-geometrica-moderna\/#breadcrumb","itemListElement":[{"@type":"ListItem","position":1,"name":"PRODUCTOS","item":"https:\/\/elrincondefehmi.com\/es\/all-product\/"},{"@type":"ListItem","position":2,"name":"Lumen Gris"}]},{"@type":"WebSite","@id":"https:\/\/elrincondefehmi.com\/es\/#website","url":"https:\/\/elrincondefehmi.com\/es\/","name":"El Rinc\u00f3n de Fehmi Madrid","description":"Tienda de alfombras en Madrid.  En El Rinc\u00f3n de Fehmi somos especialistas en alfombras artesanales, alfombras modernas contempor\u00e1neas kilims de Turqu\u00eda","potentialAction":[{"@type":"SearchAction","target":{"@type":"EntryPoint","urlTemplate":"https:\/\/elrincondefehmi.com\/es\/?s={search_term_string}"},"query-input":"required name=search_term_string"}],"inLanguage":"es"}]}},"_links":{"self":[{"href":"https:\/\/elrincondefehmi.com\/es\/wp-json\/wp\/v2\/product\/25483"}],"collection":[{"href":"https:\/\/elrincondefehmi.com\/es\/wp-json\/wp\/v2\/product"}],"about":[{"href":"https:\/\/elrincondefehmi.com\/es\/wp-json\/wp\/v2\/types\/product"}],"replies":[{"embeddable":true,"href":"https:\/\/elrincondefehmi.com\/es\/wp-json\/wp\/v2\/comments?post=25483"}],"wp:featuredmedia":[{"embeddable":true,"href":"https:\/\/elrincondefehmi.com\/es\/wp-json\/wp\/v2\/media\/25492"}],"wp:attachment":[{"href":"https:\/\/elrincondefehmi.com\/es\/wp-json\/wp\/v2\/media?parent=25483"}],"wp:term":[{"taxonomy":"product_cat","embeddable":true,"href":"https:\/\/elrincondefehmi.com\/es\/wp-json\/wp\/v2\/product_cat?post=25483"},{"taxonomy":"product_tag","embeddable":true,"href":"https:\/\/elrincondefehmi.com\/es\/wp-json\/wp\/v2\/product_tag?post=25483"}],"curies":[{"name":"wp","href":"https:\/\/api.w.org\/{rel}","templated":true}]}}