{"id":25453,"date":"2025-04-02T15:53:51","date_gmt":"2025-04-02T15:53:51","guid":{"rendered":"https:\/\/elrincondefehmi.com\/es\/?post_type=product&#038;p=25453"},"modified":"2025-04-02T16:25:09","modified_gmt":"2025-04-02T16:25:09","slug":"alfombra-geometrica-gris","status":"publish","type":"product","link":"https:\/\/elrincondefehmi.com\/es\/tienda\/alfombras-turcas\/alfombras-modernas\/alfombra-geometrica-gris\/","title":{"rendered":"Sombra Urbana"},"content":{"rendered":"<p class=\"\" data-start=\"248\" data-end=\"551\">La alfombra <em data-start=\"260\" data-end=\"275\">Sombra Urbana<\/em> es una pieza de car\u00e1cter moderno y sofisticado, dise\u00f1ada para quienes buscan un estilo contempor\u00e1neo con una est\u00e9tica industrial. Su base en tonos gris oscuro y negro se combina con l\u00edneas geom\u00e9tricas en relieve que crean una estructura visual fuerte, elegante y minimalista.<\/p>\n<p class=\"\" data-start=\"553\" data-end=\"848\">Este dise\u00f1o atemporal encaja perfectamente en espacios con personalidad: lofts, salones modernos, despachos creativos o dormitorios urbanos. Adem\u00e1s de su atractivo visual, est\u00e1 fabricada en polipropileno de alta calidad, lo que garantiza resistencia, f\u00e1cil mantenimiento y confort bajo los pies.<\/p>\n<h3 class=\"\" data-start=\"855\" data-end=\"888\">Caracter\u00edsticas destacadas:<\/h3>\n<ul data-start=\"890\" data-end=\"1136\">\n<li class=\"\" data-start=\"890\" data-end=\"934\">\n<p class=\"\" data-start=\"892\" data-end=\"934\">Color: Gris oscuro con detalles en negro<\/p>\n<\/li>\n<li class=\"\" data-start=\"935\" data-end=\"968\">\n<p class=\"\" data-start=\"937\" data-end=\"968\">Dise\u00f1o: Geom\u00e9trico en relieve<\/p>\n<\/li>\n<li class=\"\" data-start=\"969\" data-end=\"1001\">\n<p class=\"\" data-start=\"971\" data-end=\"1001\">Estilo: Moderno<\/p>\n<\/li>\n<li class=\"\" data-start=\"1062\" data-end=\"1136\">\n<p class=\"\" data-start=\"1064\" data-end=\"1136\">Ideal para: Salones, despachos, habitaciones y espacios contempor\u00e1neos<\/p>\n<\/li>\n<\/ul>\n","protected":false},"excerpt":{"rendered":"<p>Densidad de nudos: 2.000.000 points m<sup>2<\/sup><\/p>\n<p>Espesor: 7 mm<\/p>\n<p>Edad: Nueva<\/p>\n<p>Origen: Turqu\u00eda<\/p>\n<p>Nudos: Bamb\u00fa seda<\/p>\n<p>Urdimbre: Algod\u00f3n<\/p>\n<p>Tejido de alta precisi\u00f3n<\/p>\n","protected":false},"featured_media":25464,"comment_status":"open","ping_status":"closed","template":"","meta":[],"product_cat":[19,308,315],"product_tag":[355,353,352,354],"yoast_head":"<!-- This site is optimized with the Yoast SEO plugin v21.5 - https:\/\/yoast.com\/wordpress\/plugins\/seo\/ -->\n<title>Alfombra geom\u00e9trica gris | El Rinc\u00f3n de Fehmi Madrid<\/title>\n<meta name=\"description\" content=\"La alfombra Sombra Urbana es una pieza de car\u00e1cter moderno y sofisticado, dise\u00f1ada para quienes buscan un estilo contempor\u00e1neo con una est\u00e9tica industrial.\" \/>\n<meta name=\"robots\" content=\"index, follow, max-snippet:-1, max-image-preview:large, max-video-preview:-1\" \/>\n<link rel=\"canonical\" href=\"https:\/\/elrincondefehmi.com\/es\/tienda\/alfombras-turcas\/alfombras-modernas\/alfombra-geometrica-gris\/\" \/>\n<meta property=\"og:locale\" content=\"es_ES\" \/>\n<meta property=\"og:type\" content=\"article\" \/>\n<meta property=\"og:title\" content=\"Alfombra geom\u00e9trica gris | El Rinc\u00f3n de Fehmi Madrid\" \/>\n<meta property=\"og:description\" content=\"La alfombra Sombra Urbana es una pieza de car\u00e1cter moderno y sofisticado, dise\u00f1ada para quienes buscan un estilo contempor\u00e1neo con una est\u00e9tica industrial.\" \/>\n<meta property=\"og:url\" content=\"https:\/\/elrincondefehmi.com\/es\/tienda\/alfombras-turcas\/alfombras-modernas\/alfombra-geometrica-gris\/\" \/>\n<meta property=\"og:site_name\" content=\"El Rinc\u00f3n de Fehmi Madrid\" \/>\n<meta property=\"article:modified_time\" content=\"2025-04-02T16:25:09+00:00\" \/>\n<meta property=\"og:image\" content=\"https:\/\/elrincondefehmi.com\/es\/wp-content\/uploads\/2025\/04\/qywe.jpg\" \/>\n\t<meta property=\"og:image:width\" content=\"750\" \/>\n\t<meta property=\"og:image:height\" content=\"1070\" \/>\n\t<meta property=\"og:image:type\" content=\"image\/jpeg\" \/>\n<meta name=\"twitter:card\" content=\"summary_large_image\" \/>\n<script type=\"application\/ld+json\" class=\"yoast-schema-graph\">{\"@context\":\"https:\/\/schema.org\",\"@graph\":[{\"@type\":\"WebPage\",\"@id\":\"https:\/\/elrincondefehmi.com\/es\/tienda\/alfombras-turcas\/alfombras-modernas\/alfombra-geometrica-gris\/\",\"url\":\"https:\/\/elrincondefehmi.com\/es\/tienda\/alfombras-turcas\/alfombras-modernas\/alfombra-geometrica-gris\/\",\"name\":\"Alfombra geom\u00e9trica gris | El Rinc\u00f3n de Fehmi Madrid\",\"isPartOf\":{\"@id\":\"https:\/\/elrincondefehmi.com\/es\/#website\"},\"datePublished\":\"2025-04-02T15:53:51+00:00\",\"dateModified\":\"2025-04-02T16:25:09+00:00\",\"description\":\"La alfombra Sombra Urbana es una pieza de car\u00e1cter moderno y sofisticado, dise\u00f1ada para quienes buscan un estilo contempor\u00e1neo con una est\u00e9tica industrial.\",\"breadcrumb\":{\"@id\":\"https:\/\/elrincondefehmi.com\/es\/tienda\/alfombras-turcas\/alfombras-modernas\/alfombra-geometrica-gris\/#breadcrumb\"},\"inLanguage\":\"es\",\"potentialAction\":[{\"@type\":\"ReadAction\",\"target\":[\"https:\/\/elrincondefehmi.com\/es\/tienda\/alfombras-turcas\/alfombras-modernas\/alfombra-geometrica-gris\/\"]}]},{\"@type\":\"BreadcrumbList\",\"@id\":\"https:\/\/elrincondefehmi.com\/es\/tienda\/alfombras-turcas\/alfombras-modernas\/alfombra-geometrica-gris\/#breadcrumb\",\"itemListElement\":[{\"@type\":\"ListItem\",\"position\":1,\"name\":\"PRODUCTOS\",\"item\":\"https:\/\/elrincondefehmi.com\/es\/all-product\/\"},{\"@type\":\"ListItem\",\"position\":2,\"name\":\"Sombra Urbana\"}]},{\"@type\":\"WebSite\",\"@id\":\"https:\/\/elrincondefehmi.com\/es\/#website\",\"url\":\"https:\/\/elrincondefehmi.com\/es\/\",\"name\":\"El Rinc\u00f3n de Fehmi Madrid\",\"description\":\"Tienda de alfombras en Madrid.  En El Rinc\u00f3n de Fehmi somos especialistas en alfombras artesanales, alfombras modernas contempor\u00e1neas kilims de Turqu\u00eda\",\"potentialAction\":[{\"@type\":\"SearchAction\",\"target\":{\"@type\":\"EntryPoint\",\"urlTemplate\":\"https:\/\/elrincondefehmi.com\/es\/?s={search_term_string}\"},\"query-input\":\"required name=search_term_string\"}],\"inLanguage\":\"es\"}]}<\/script>\n<!-- \/ Yoast SEO plugin. -->","yoast_head_json":{"title":"Alfombra geom\u00e9trica gris | El Rinc\u00f3n de Fehmi Madrid","description":"La alfombra Sombra Urbana es una pieza de car\u00e1cter moderno y sofisticado, dise\u00f1ada para quienes buscan un estilo contempor\u00e1neo con una est\u00e9tica industrial.","robots":{"index":"index","follow":"follow","max-snippet":"max-snippet:-1","max-image-preview":"max-image-preview:large","max-video-preview":"max-video-preview:-1"},"canonical":"https:\/\/elrincondefehmi.com\/es\/tienda\/alfombras-turcas\/alfombras-modernas\/alfombra-geometrica-gris\/","og_locale":"es_ES","og_type":"article","og_title":"Alfombra geom\u00e9trica gris | El Rinc\u00f3n de Fehmi Madrid","og_description":"La alfombra Sombra Urbana es una pieza de car\u00e1cter moderno y sofisticado, dise\u00f1ada para quienes buscan un estilo contempor\u00e1neo con una est\u00e9tica industrial.","og_url":"https:\/\/elrincondefehmi.com\/es\/tienda\/alfombras-turcas\/alfombras-modernas\/alfombra-geometrica-gris\/","og_site_name":"El Rinc\u00f3n de Fehmi Madrid","article_modified_time":"2025-04-02T16:25:09+00:00","og_image":[{"width":750,"height":1070,"url":"https:\/\/elrincondefehmi.com\/es\/wp-content\/uploads\/2025\/04\/qywe.jpg","type":"image\/jpeg"}],"twitter_card":"summary_large_image","schema":{"@context":"https:\/\/schema.org","@graph":[{"@type":"WebPage","@id":"https:\/\/elrincondefehmi.com\/es\/tienda\/alfombras-turcas\/alfombras-modernas\/alfombra-geometrica-gris\/","url":"https:\/\/elrincondefehmi.com\/es\/tienda\/alfombras-turcas\/alfombras-modernas\/alfombra-geometrica-gris\/","name":"Alfombra geom\u00e9trica gris | El Rinc\u00f3n de Fehmi Madrid","isPartOf":{"@id":"https:\/\/elrincondefehmi.com\/es\/#website"},"datePublished":"2025-04-02T15:53:51+00:00","dateModified":"2025-04-02T16:25:09+00:00","description":"La alfombra Sombra Urbana es una pieza de car\u00e1cter moderno y sofisticado, dise\u00f1ada para quienes buscan un estilo contempor\u00e1neo con una est\u00e9tica industrial.","breadcrumb":{"@id":"https:\/\/elrincondefehmi.com\/es\/tienda\/alfombras-turcas\/alfombras-modernas\/alfombra-geometrica-gris\/#breadcrumb"},"inLanguage":"es","potentialAction":[{"@type":"ReadAction","target":["https:\/\/elrincondefehmi.com\/es\/tienda\/alfombras-turcas\/alfombras-modernas\/alfombra-geometrica-gris\/"]}]},{"@type":"BreadcrumbList","@id":"https:\/\/elrincondefehmi.com\/es\/tienda\/alfombras-turcas\/alfombras-modernas\/alfombra-geometrica-gris\/#breadcrumb","itemListElement":[{"@type":"ListItem","position":1,"name":"PRODUCTOS","item":"https:\/\/elrincondefehmi.com\/es\/all-product\/"},{"@type":"ListItem","position":2,"name":"Sombra Urbana"}]},{"@type":"WebSite","@id":"https:\/\/elrincondefehmi.com\/es\/#website","url":"https:\/\/elrincondefehmi.com\/es\/","name":"El Rinc\u00f3n de Fehmi Madrid","description":"Tienda de alfombras en Madrid.  En El Rinc\u00f3n de Fehmi somos especialistas en alfombras artesanales, alfombras modernas contempor\u00e1neas kilims de Turqu\u00eda","potentialAction":[{"@type":"SearchAction","target":{"@type":"EntryPoint","urlTemplate":"https:\/\/elrincondefehmi.com\/es\/?s={search_term_string}"},"query-input":"required name=search_term_string"}],"inLanguage":"es"}]}},"_links":{"self":[{"href":"https:\/\/elrincondefehmi.com\/es\/wp-json\/wp\/v2\/product\/25453"}],"collection":[{"href":"https:\/\/elrincondefehmi.com\/es\/wp-json\/wp\/v2\/product"}],"about":[{"href":"https:\/\/elrincondefehmi.com\/es\/wp-json\/wp\/v2\/types\/product"}],"replies":[{"embeddable":true,"href":"https:\/\/elrincondefehmi.com\/es\/wp-json\/wp\/v2\/comments?post=25453"}],"wp:featuredmedia":[{"embeddable":true,"href":"https:\/\/elrincondefehmi.com\/es\/wp-json\/wp\/v2\/media\/25464"}],"wp:attachment":[{"href":"https:\/\/elrincondefehmi.com\/es\/wp-json\/wp\/v2\/media?parent=25453"}],"wp:term":[{"taxonomy":"product_cat","embeddable":true,"href":"https:\/\/elrincondefehmi.com\/es\/wp-json\/wp\/v2\/product_cat?post=25453"},{"taxonomy":"product_tag","embeddable":true,"href":"https:\/\/elrincondefehmi.com\/es\/wp-json\/wp\/v2\/product_tag?post=25453"}],"curies":[{"name":"wp","href":"https:\/\/api.w.org\/{rel}","templated":true}]}}