{"id":25043,"date":"2024-11-27T12:26:22","date_gmt":"2024-11-27T12:26:22","guid":{"rendered":"https:\/\/elrincondefehmi.com\/es\/?post_type=product&#038;p=25043"},"modified":"2024-11-27T18:54:04","modified_gmt":"2024-11-27T18:54:04","slug":"alfombra-minimalista-marfil","status":"publish","type":"product","link":"https:\/\/elrincondefehmi.com\/es\/tienda\/alfombras-turcas\/alfombras-modernas\/alfombra-minimalista-marfil\/","title":{"rendered":"Serena EW 2742"},"content":{"rendered":"<p>Descubre la Alfombra Serena, una pieza \u00fanica en nuestro cat\u00e1logo que combina elegancia y simplicidad en un dise\u00f1o minimalista perfecto para cualquier espacio. Su tono marfil suave y sus sutiles patrones geom\u00e9tricos la convierten en la opci\u00f3n ideal para quienes buscan a\u00f1adir una nota de serenidad y estilo contempor\u00e1neo a su hogar. Fabricada con materiales de alta calidad, esta alfombra no solo es hermosa, sino tambi\u00e9n duradera y f\u00e1cil de mantener. Disponible en varias medidas, la Alfombra Serena se adapta a cualquier habitaci\u00f3n, asegurando un ajuste perfecto para su espacio. Ideal para salones, dormitorios y oficinas que requieren un toque de calma visual.<\/p>\n","protected":false},"excerpt":{"rendered":"<p>Densidad de nudos: 2.000.000 points m<sup>2<\/sup><\/p>\n<p>Espesor: 7 mm<\/p>\n<p>Edad: Nueva<\/p>\n<p>Origen: Turqu\u00eda<\/p>\n<p>Nudos: Bamb\u00fa seda<\/p>\n<p>Urdimbre: Algod\u00f3n<\/p>\n<p>Tejido de alta precisi\u00f3n<\/p>\n","protected":false},"featured_media":25058,"comment_status":"open","ping_status":"closed","template":"","meta":[],"product_cat":[19,308,315],"product_tag":[355,353,352,354],"yoast_head":"<!-- This site is optimized with the Yoast SEO plugin v21.5 - https:\/\/yoast.com\/wordpress\/plugins\/seo\/ -->\n<title>Alfombra minimalista marfil | El Rinc\u00f3n de Fehmi Madrid | Tienda de Alfombras en Madrid<\/title>\n<meta name=\"description\" content=\"Descubre la &quot;Alfombra Serena&quot;, una pieza \u00fanica en nuestro cat\u00e1logo que combina elegancia y simplicidad en un dise\u00f1o minimalista perfecto para cualquier espacio.\" \/>\n<meta name=\"robots\" content=\"index, follow, max-snippet:-1, max-image-preview:large, max-video-preview:-1\" \/>\n<link rel=\"canonical\" href=\"https:\/\/elrincondefehmi.com\/es\/tienda\/alfombras-turcas\/alfombras-modernas\/alfombra-minimalista-marfil\/\" \/>\n<meta property=\"og:locale\" content=\"es_ES\" \/>\n<meta property=\"og:type\" content=\"article\" \/>\n<meta property=\"og:title\" content=\"Alfombra minimalista marfil | El Rinc\u00f3n de Fehmi Madrid | Tienda de Alfombras en Madrid\" \/>\n<meta property=\"og:description\" content=\"Descubre la &quot;Alfombra Serena&quot;, una pieza \u00fanica en nuestro cat\u00e1logo que combina elegancia y simplicidad en un dise\u00f1o minimalista perfecto para cualquier espacio.\" \/>\n<meta property=\"og:url\" content=\"https:\/\/elrincondefehmi.com\/es\/tienda\/alfombras-turcas\/alfombras-modernas\/alfombra-minimalista-marfil\/\" \/>\n<meta property=\"og:site_name\" content=\"El Rinc\u00f3n de Fehmi Madrid\" \/>\n<meta property=\"article:modified_time\" content=\"2024-11-27T18:54:04+00:00\" \/>\n<meta property=\"og:image\" content=\"https:\/\/elrincondefehmi.com\/es\/wp-content\/uploads\/2024\/11\/ERM-EW2742-1.jpg\" \/>\n\t<meta property=\"og:image:width\" content=\"750\" \/>\n\t<meta property=\"og:image:height\" content=\"1070\" \/>\n\t<meta property=\"og:image:type\" content=\"image\/jpeg\" \/>\n<meta name=\"twitter:card\" content=\"summary_large_image\" \/>\n<script type=\"application\/ld+json\" class=\"yoast-schema-graph\">{\"@context\":\"https:\/\/schema.org\",\"@graph\":[{\"@type\":\"WebPage\",\"@id\":\"https:\/\/elrincondefehmi.com\/es\/tienda\/alfombras-turcas\/alfombras-modernas\/alfombra-minimalista-marfil\/\",\"url\":\"https:\/\/elrincondefehmi.com\/es\/tienda\/alfombras-turcas\/alfombras-modernas\/alfombra-minimalista-marfil\/\",\"name\":\"Alfombra minimalista marfil | El Rinc\u00f3n de Fehmi Madrid | Tienda de Alfombras en Madrid\",\"isPartOf\":{\"@id\":\"https:\/\/elrincondefehmi.com\/es\/#website\"},\"datePublished\":\"2024-11-27T12:26:22+00:00\",\"dateModified\":\"2024-11-27T18:54:04+00:00\",\"description\":\"Descubre la \\\"Alfombra Serena\\\", una pieza \u00fanica en nuestro cat\u00e1logo que combina elegancia y simplicidad en un dise\u00f1o minimalista perfecto para cualquier espacio.\",\"breadcrumb\":{\"@id\":\"https:\/\/elrincondefehmi.com\/es\/tienda\/alfombras-turcas\/alfombras-modernas\/alfombra-minimalista-marfil\/#breadcrumb\"},\"inLanguage\":\"es\",\"potentialAction\":[{\"@type\":\"ReadAction\",\"target\":[\"https:\/\/elrincondefehmi.com\/es\/tienda\/alfombras-turcas\/alfombras-modernas\/alfombra-minimalista-marfil\/\"]}]},{\"@type\":\"BreadcrumbList\",\"@id\":\"https:\/\/elrincondefehmi.com\/es\/tienda\/alfombras-turcas\/alfombras-modernas\/alfombra-minimalista-marfil\/#breadcrumb\",\"itemListElement\":[{\"@type\":\"ListItem\",\"position\":1,\"name\":\"PRODUCTOS\",\"item\":\"https:\/\/elrincondefehmi.com\/es\/all-product\/\"},{\"@type\":\"ListItem\",\"position\":2,\"name\":\"Serena EW 2742\"}]},{\"@type\":\"WebSite\",\"@id\":\"https:\/\/elrincondefehmi.com\/es\/#website\",\"url\":\"https:\/\/elrincondefehmi.com\/es\/\",\"name\":\"El Rinc\u00f3n de Fehmi Madrid\",\"description\":\"Tienda de alfombras en Madrid.  En El Rinc\u00f3n de Fehmi somos especialistas en alfombras artesanales, alfombras modernas contempor\u00e1neas kilims de Turqu\u00eda\",\"potentialAction\":[{\"@type\":\"SearchAction\",\"target\":{\"@type\":\"EntryPoint\",\"urlTemplate\":\"https:\/\/elrincondefehmi.com\/es\/?s={search_term_string}\"},\"query-input\":\"required name=search_term_string\"}],\"inLanguage\":\"es\"}]}<\/script>\n<!-- \/ Yoast SEO plugin. -->","yoast_head_json":{"title":"Alfombra minimalista marfil | El Rinc\u00f3n de Fehmi Madrid | Tienda de Alfombras en Madrid","description":"Descubre la \"Alfombra Serena\", una pieza \u00fanica en nuestro cat\u00e1logo que combina elegancia y simplicidad en un dise\u00f1o minimalista perfecto para cualquier espacio.","robots":{"index":"index","follow":"follow","max-snippet":"max-snippet:-1","max-image-preview":"max-image-preview:large","max-video-preview":"max-video-preview:-1"},"canonical":"https:\/\/elrincondefehmi.com\/es\/tienda\/alfombras-turcas\/alfombras-modernas\/alfombra-minimalista-marfil\/","og_locale":"es_ES","og_type":"article","og_title":"Alfombra minimalista marfil | El Rinc\u00f3n de Fehmi Madrid | Tienda de Alfombras en Madrid","og_description":"Descubre la \"Alfombra Serena\", una pieza \u00fanica en nuestro cat\u00e1logo que combina elegancia y simplicidad en un dise\u00f1o minimalista perfecto para cualquier espacio.","og_url":"https:\/\/elrincondefehmi.com\/es\/tienda\/alfombras-turcas\/alfombras-modernas\/alfombra-minimalista-marfil\/","og_site_name":"El Rinc\u00f3n de Fehmi Madrid","article_modified_time":"2024-11-27T18:54:04+00:00","og_image":[{"width":750,"height":1070,"url":"https:\/\/elrincondefehmi.com\/es\/wp-content\/uploads\/2024\/11\/ERM-EW2742-1.jpg","type":"image\/jpeg"}],"twitter_card":"summary_large_image","schema":{"@context":"https:\/\/schema.org","@graph":[{"@type":"WebPage","@id":"https:\/\/elrincondefehmi.com\/es\/tienda\/alfombras-turcas\/alfombras-modernas\/alfombra-minimalista-marfil\/","url":"https:\/\/elrincondefehmi.com\/es\/tienda\/alfombras-turcas\/alfombras-modernas\/alfombra-minimalista-marfil\/","name":"Alfombra minimalista marfil | El Rinc\u00f3n de Fehmi Madrid | Tienda de Alfombras en Madrid","isPartOf":{"@id":"https:\/\/elrincondefehmi.com\/es\/#website"},"datePublished":"2024-11-27T12:26:22+00:00","dateModified":"2024-11-27T18:54:04+00:00","description":"Descubre la \"Alfombra Serena\", una pieza \u00fanica en nuestro cat\u00e1logo que combina elegancia y simplicidad en un dise\u00f1o minimalista perfecto para cualquier espacio.","breadcrumb":{"@id":"https:\/\/elrincondefehmi.com\/es\/tienda\/alfombras-turcas\/alfombras-modernas\/alfombra-minimalista-marfil\/#breadcrumb"},"inLanguage":"es","potentialAction":[{"@type":"ReadAction","target":["https:\/\/elrincondefehmi.com\/es\/tienda\/alfombras-turcas\/alfombras-modernas\/alfombra-minimalista-marfil\/"]}]},{"@type":"BreadcrumbList","@id":"https:\/\/elrincondefehmi.com\/es\/tienda\/alfombras-turcas\/alfombras-modernas\/alfombra-minimalista-marfil\/#breadcrumb","itemListElement":[{"@type":"ListItem","position":1,"name":"PRODUCTOS","item":"https:\/\/elrincondefehmi.com\/es\/all-product\/"},{"@type":"ListItem","position":2,"name":"Serena EW 2742"}]},{"@type":"WebSite","@id":"https:\/\/elrincondefehmi.com\/es\/#website","url":"https:\/\/elrincondefehmi.com\/es\/","name":"El Rinc\u00f3n de Fehmi Madrid","description":"Tienda de alfombras en Madrid.  En El Rinc\u00f3n de Fehmi somos especialistas en alfombras artesanales, alfombras modernas contempor\u00e1neas kilims de Turqu\u00eda","potentialAction":[{"@type":"SearchAction","target":{"@type":"EntryPoint","urlTemplate":"https:\/\/elrincondefehmi.com\/es\/?s={search_term_string}"},"query-input":"required name=search_term_string"}],"inLanguage":"es"}]}},"_links":{"self":[{"href":"https:\/\/elrincondefehmi.com\/es\/wp-json\/wp\/v2\/product\/25043"}],"collection":[{"href":"https:\/\/elrincondefehmi.com\/es\/wp-json\/wp\/v2\/product"}],"about":[{"href":"https:\/\/elrincondefehmi.com\/es\/wp-json\/wp\/v2\/types\/product"}],"replies":[{"embeddable":true,"href":"https:\/\/elrincondefehmi.com\/es\/wp-json\/wp\/v2\/comments?post=25043"}],"wp:featuredmedia":[{"embeddable":true,"href":"https:\/\/elrincondefehmi.com\/es\/wp-json\/wp\/v2\/media\/25058"}],"wp:attachment":[{"href":"https:\/\/elrincondefehmi.com\/es\/wp-json\/wp\/v2\/media?parent=25043"}],"wp:term":[{"taxonomy":"product_cat","embeddable":true,"href":"https:\/\/elrincondefehmi.com\/es\/wp-json\/wp\/v2\/product_cat?post=25043"},{"taxonomy":"product_tag","embeddable":true,"href":"https:\/\/elrincondefehmi.com\/es\/wp-json\/wp\/v2\/product_tag?post=25043"}],"curies":[{"name":"wp","href":"https:\/\/api.w.org\/{rel}","templated":true}]}}