{"id":24803,"date":"2024-06-21T16:28:15","date_gmt":"2024-06-21T16:28:15","guid":{"rendered":"https:\/\/elrincondefehmi.com\/es\/?post_type=product&#038;p=24803"},"modified":"2025-04-29T16:21:09","modified_gmt":"2025-04-29T16:21:09","slug":"comprar-alfombra-moderna","status":"publish","type":"product","link":"https:\/\/elrincondefehmi.com\/es\/tienda\/alfombras-turcas\/alfombras-modernas\/comprar-alfombra-moderna\/","title":{"rendered":"Old Fragment Max 2"},"content":{"rendered":"<h3>Alfombra Turca Moderna<\/h3>\n<p>Esta alfombra de estilo cl\u00e1sica moderna, hecha en Turqu\u00eda, combina la tradici\u00f3n y la modernidad en una pieza \u00fanica y sofisticada. Fabricada con materiales de alta calidad como viscosa y algod\u00f3n, garantiza una textura suave y lujosa, perfecta para cualquier espacio. La paleta de colores predominante incluye tonos grises y plateados, con detalles en dorado y azul, creando un efecto visual elegante y contempor\u00e1neo.<\/p>\n<p>El dise\u00f1o central presenta un medall\u00f3n intrincado rodeado de patrones florales y arabescos, que evocan el estilo cl\u00e1sico, mientras que los colores modernos le aportan un aspecto fresco y actual. Ideal para salas de estar, comedores y dormitorios, esta alfombra a\u00f1ade un toque de lujo y refinamiento a cualquier <a href=\"https:\/\/www.elmueble.com\/\">decoraci\u00f3n interior<\/a>.<\/p>\n<p>La construcci\u00f3n duradera y los materiales de calidad aseguran una larga vida \u00fatil, haciendo de esta alfombra una inversi\u00f3n valiosa para cualquier hogar. Adem\u00e1s, la combinaci\u00f3n de viscosa y algod\u00f3n no solo proporciona una apariencia hermosa, sino tambi\u00e9n resistencia al desgaste diario.<\/p>\n<p>Si est\u00e1 buscando comprar alfombra moderna que combine elegancia y durabilidad, esta pieza es una excelente opci\u00f3n para transformar cualquier espacio.<\/p>\n<p>Comprar alfombra moderna de alta calidad no solo realza la est\u00e9tica de su hogar, sino que tambi\u00e9n ofrece comodidad y resistencia. Esta alfombra turca es una muestra perfecta de artesan\u00eda y <a href=\"https:\/\/elrincondefehmi.com\/es\/ultimas-tendencias-en-alfombras\/\">dise\u00f1o contempor\u00e1neo<\/a>, ideal para quienes buscan estilo y funcionalidad en una sola pieza.<\/p>\n","protected":false},"excerpt":{"rendered":"<p>Densidad de nudos: 1.600.000 points m<sup>2<\/sup><\/p>\n<p>Espesor: 7 mm<\/p>\n<p>Edad: Nueva<\/p>\n<p>Origen: Turqu\u00eda<\/p>\n<p>Nudos: Viscosa<\/p>\n<p>Urdimbre: Algod\u00f3n<\/p>\n<p>Tejido de alta precisi\u00f3n<\/p>\n","protected":false},"featured_media":24804,"comment_status":"open","ping_status":"closed","template":"","meta":[],"product_cat":[308,315],"product_tag":[355,353,352,354],"yoast_head":"<!-- This site is optimized with the Yoast SEO plugin v21.5 - https:\/\/yoast.com\/wordpress\/plugins\/seo\/ -->\n<title>Comprar Alfombra Moderna | El Rinc\u00f3n de Fehmi Madrid<\/title>\n<meta name=\"description\" content=\"Comprar Alfombra Moderna. Esta alfombra de estilo cl\u00e1sica moderna, hecha en Turqu\u00eda, combina la tradici\u00f3n y la modernidad en una pieza \u00fanica y sofisticada.\" \/>\n<meta name=\"robots\" content=\"index, follow, max-snippet:-1, max-image-preview:large, max-video-preview:-1\" \/>\n<link rel=\"canonical\" href=\"https:\/\/elrincondefehmi.com\/es\/tienda\/alfombras-turcas\/alfombras-modernas\/comprar-alfombra-moderna\/\" \/>\n<meta property=\"og:locale\" content=\"es_ES\" \/>\n<meta property=\"og:type\" content=\"article\" \/>\n<meta property=\"og:title\" content=\"Comprar Alfombra Moderna | El Rinc\u00f3n de Fehmi Madrid\" \/>\n<meta property=\"og:description\" content=\"Comprar Alfombra Moderna. Esta alfombra de estilo cl\u00e1sica moderna, hecha en Turqu\u00eda, combina la tradici\u00f3n y la modernidad en una pieza \u00fanica y sofisticada.\" \/>\n<meta property=\"og:url\" content=\"https:\/\/elrincondefehmi.com\/es\/tienda\/alfombras-turcas\/alfombras-modernas\/comprar-alfombra-moderna\/\" \/>\n<meta property=\"og:site_name\" content=\"El Rinc\u00f3n de Fehmi Madrid\" \/>\n<meta property=\"article:modified_time\" content=\"2025-04-29T16:21:09+00:00\" \/>\n<meta property=\"og:image\" content=\"https:\/\/elrincondefehmi.com\/es\/wp-content\/uploads\/2024\/06\/B028A-erm2MULTI.jpg\" \/>\n\t<meta property=\"og:image:width\" content=\"760\" \/>\n\t<meta property=\"og:image:height\" content=\"1070\" \/>\n\t<meta property=\"og:image:type\" content=\"image\/jpeg\" \/>\n<meta name=\"twitter:card\" content=\"summary_large_image\" \/>\n<script type=\"application\/ld+json\" class=\"yoast-schema-graph\">{\"@context\":\"https:\/\/schema.org\",\"@graph\":[{\"@type\":\"WebPage\",\"@id\":\"https:\/\/elrincondefehmi.com\/es\/tienda\/alfombras-turcas\/alfombras-modernas\/comprar-alfombra-moderna\/\",\"url\":\"https:\/\/elrincondefehmi.com\/es\/tienda\/alfombras-turcas\/alfombras-modernas\/comprar-alfombra-moderna\/\",\"name\":\"Comprar Alfombra Moderna | El Rinc\u00f3n de Fehmi Madrid\",\"isPartOf\":{\"@id\":\"https:\/\/elrincondefehmi.com\/es\/#website\"},\"datePublished\":\"2024-06-21T16:28:15+00:00\",\"dateModified\":\"2025-04-29T16:21:09+00:00\",\"description\":\"Comprar Alfombra Moderna. Esta alfombra de estilo cl\u00e1sica moderna, hecha en Turqu\u00eda, combina la tradici\u00f3n y la modernidad en una pieza \u00fanica y sofisticada.\",\"breadcrumb\":{\"@id\":\"https:\/\/elrincondefehmi.com\/es\/tienda\/alfombras-turcas\/alfombras-modernas\/comprar-alfombra-moderna\/#breadcrumb\"},\"inLanguage\":\"es\",\"potentialAction\":[{\"@type\":\"ReadAction\",\"target\":[\"https:\/\/elrincondefehmi.com\/es\/tienda\/alfombras-turcas\/alfombras-modernas\/comprar-alfombra-moderna\/\"]}]},{\"@type\":\"BreadcrumbList\",\"@id\":\"https:\/\/elrincondefehmi.com\/es\/tienda\/alfombras-turcas\/alfombras-modernas\/comprar-alfombra-moderna\/#breadcrumb\",\"itemListElement\":[{\"@type\":\"ListItem\",\"position\":1,\"name\":\"PRODUCTOS\",\"item\":\"https:\/\/elrincondefehmi.com\/es\/all-product\/\"},{\"@type\":\"ListItem\",\"position\":2,\"name\":\"Old Fragment Max 2\"}]},{\"@type\":\"WebSite\",\"@id\":\"https:\/\/elrincondefehmi.com\/es\/#website\",\"url\":\"https:\/\/elrincondefehmi.com\/es\/\",\"name\":\"El Rinc\u00f3n de Fehmi Madrid\",\"description\":\"Tienda de alfombras en Madrid.  En El Rinc\u00f3n de Fehmi somos especialistas en alfombras artesanales, alfombras modernas contempor\u00e1neas kilims de Turqu\u00eda\",\"potentialAction\":[{\"@type\":\"SearchAction\",\"target\":{\"@type\":\"EntryPoint\",\"urlTemplate\":\"https:\/\/elrincondefehmi.com\/es\/?s={search_term_string}\"},\"query-input\":\"required name=search_term_string\"}],\"inLanguage\":\"es\"}]}<\/script>\n<!-- \/ Yoast SEO plugin. -->","yoast_head_json":{"title":"Comprar Alfombra Moderna | El Rinc\u00f3n de Fehmi Madrid","description":"Comprar Alfombra Moderna. Esta alfombra de estilo cl\u00e1sica moderna, hecha en Turqu\u00eda, combina la tradici\u00f3n y la modernidad en una pieza \u00fanica y sofisticada.","robots":{"index":"index","follow":"follow","max-snippet":"max-snippet:-1","max-image-preview":"max-image-preview:large","max-video-preview":"max-video-preview:-1"},"canonical":"https:\/\/elrincondefehmi.com\/es\/tienda\/alfombras-turcas\/alfombras-modernas\/comprar-alfombra-moderna\/","og_locale":"es_ES","og_type":"article","og_title":"Comprar Alfombra Moderna | El Rinc\u00f3n de Fehmi Madrid","og_description":"Comprar Alfombra Moderna. Esta alfombra de estilo cl\u00e1sica moderna, hecha en Turqu\u00eda, combina la tradici\u00f3n y la modernidad en una pieza \u00fanica y sofisticada.","og_url":"https:\/\/elrincondefehmi.com\/es\/tienda\/alfombras-turcas\/alfombras-modernas\/comprar-alfombra-moderna\/","og_site_name":"El Rinc\u00f3n de Fehmi Madrid","article_modified_time":"2025-04-29T16:21:09+00:00","og_image":[{"width":760,"height":1070,"url":"https:\/\/elrincondefehmi.com\/es\/wp-content\/uploads\/2024\/06\/B028A-erm2MULTI.jpg","type":"image\/jpeg"}],"twitter_card":"summary_large_image","schema":{"@context":"https:\/\/schema.org","@graph":[{"@type":"WebPage","@id":"https:\/\/elrincondefehmi.com\/es\/tienda\/alfombras-turcas\/alfombras-modernas\/comprar-alfombra-moderna\/","url":"https:\/\/elrincondefehmi.com\/es\/tienda\/alfombras-turcas\/alfombras-modernas\/comprar-alfombra-moderna\/","name":"Comprar Alfombra Moderna | El Rinc\u00f3n de Fehmi Madrid","isPartOf":{"@id":"https:\/\/elrincondefehmi.com\/es\/#website"},"datePublished":"2024-06-21T16:28:15+00:00","dateModified":"2025-04-29T16:21:09+00:00","description":"Comprar Alfombra Moderna. Esta alfombra de estilo cl\u00e1sica moderna, hecha en Turqu\u00eda, combina la tradici\u00f3n y la modernidad en una pieza \u00fanica y sofisticada.","breadcrumb":{"@id":"https:\/\/elrincondefehmi.com\/es\/tienda\/alfombras-turcas\/alfombras-modernas\/comprar-alfombra-moderna\/#breadcrumb"},"inLanguage":"es","potentialAction":[{"@type":"ReadAction","target":["https:\/\/elrincondefehmi.com\/es\/tienda\/alfombras-turcas\/alfombras-modernas\/comprar-alfombra-moderna\/"]}]},{"@type":"BreadcrumbList","@id":"https:\/\/elrincondefehmi.com\/es\/tienda\/alfombras-turcas\/alfombras-modernas\/comprar-alfombra-moderna\/#breadcrumb","itemListElement":[{"@type":"ListItem","position":1,"name":"PRODUCTOS","item":"https:\/\/elrincondefehmi.com\/es\/all-product\/"},{"@type":"ListItem","position":2,"name":"Old Fragment Max 2"}]},{"@type":"WebSite","@id":"https:\/\/elrincondefehmi.com\/es\/#website","url":"https:\/\/elrincondefehmi.com\/es\/","name":"El Rinc\u00f3n de Fehmi Madrid","description":"Tienda de alfombras en Madrid.  En El Rinc\u00f3n de Fehmi somos especialistas en alfombras artesanales, alfombras modernas contempor\u00e1neas kilims de Turqu\u00eda","potentialAction":[{"@type":"SearchAction","target":{"@type":"EntryPoint","urlTemplate":"https:\/\/elrincondefehmi.com\/es\/?s={search_term_string}"},"query-input":"required name=search_term_string"}],"inLanguage":"es"}]}},"_links":{"self":[{"href":"https:\/\/elrincondefehmi.com\/es\/wp-json\/wp\/v2\/product\/24803"}],"collection":[{"href":"https:\/\/elrincondefehmi.com\/es\/wp-json\/wp\/v2\/product"}],"about":[{"href":"https:\/\/elrincondefehmi.com\/es\/wp-json\/wp\/v2\/types\/product"}],"replies":[{"embeddable":true,"href":"https:\/\/elrincondefehmi.com\/es\/wp-json\/wp\/v2\/comments?post=24803"}],"wp:featuredmedia":[{"embeddable":true,"href":"https:\/\/elrincondefehmi.com\/es\/wp-json\/wp\/v2\/media\/24804"}],"wp:attachment":[{"href":"https:\/\/elrincondefehmi.com\/es\/wp-json\/wp\/v2\/media?parent=24803"}],"wp:term":[{"taxonomy":"product_cat","embeddable":true,"href":"https:\/\/elrincondefehmi.com\/es\/wp-json\/wp\/v2\/product_cat?post=24803"},{"taxonomy":"product_tag","embeddable":true,"href":"https:\/\/elrincondefehmi.com\/es\/wp-json\/wp\/v2\/product_tag?post=24803"}],"curies":[{"name":"wp","href":"https:\/\/api.w.org\/{rel}","templated":true}]}}