{"id":24735,"date":"2024-06-12T11:32:23","date_gmt":"2024-06-12T11:32:23","guid":{"rendered":"https:\/\/elrincondefehmi.com\/es\/?post_type=product&#038;p=24735"},"modified":"2025-06-26T17:32:34","modified_gmt":"2025-06-26T17:32:34","slug":"comprar-kilim-de-calidad","status":"publish","type":"product","link":"https:\/\/elrincondefehmi.com\/es\/tienda\/kilim\/kilim-turco\/comprar-kilim-de-calidad\/","title":{"rendered":"Kilim Rose green 205&#215;280 cm"},"content":{"rendered":"<p><strong>Kilim Semi Antiguo de Sarkoy &#8211; 205&#215;280 cm<\/strong><\/p>\n<p>Este hermoso kilim proviene de la regi\u00f3n de los Balcanes, espec\u00edficamente del pintoresco pueblo de Sarkoy. Con una antig\u00fcedad de aproximadamente 30-35 a\u00f1os, este kilim semi antiguo se encuentra en un estado perfecto, conservando toda su autenticidad y encanto.<\/p>\n<p>El kilim de Sarkoy destaca por sus intrincados dise\u00f1os florales y geom\u00e9tricos, que son representativos de la rica herencia cultural de la regi\u00f3n. Los colores predominantes en esta pieza incluyen tonos suaves de verde y marr\u00f3n, acentuados con detalles en rojo y blanco, creando un contraste armonioso y visualmente atractivo.<\/p>\n<p>El kilim est\u00e1 tejido con lana de alta calidad, lo que le confiere una textura suave y duradera. La t\u00e9cnica de tejido utilizada en los kilims de <a href=\"https:\/\/www.tripadvisor.com\/Tourism-g781307-Sarkoy_Tekirdag_Province-Vacations.html\">Sarkoy<\/a> es meticulosa y detallada, lo que refleja la habilidad y dedicaci\u00f3n de los artesanos locales.<\/p>\n<p>Este kilim no solo es una pieza decorativa impresionante, sino tambi\u00e9n una muestra del patrimonio artesanal de los Balcanes. Perfecto para agregar un toque de elegancia y cultura a cualquier espacio, <a href=\"https:\/\/elrincondefehmi.com\/es\/tejiendo-hilos-de-historia-alfombras-a-lo-largo-de-la-ruta-de-la-seda\/\">este kilim<\/a> es una verdadera joya para los amantes del arte textil.<\/p>\n<p>&nbsp;<\/p>\n","protected":false},"excerpt":{"rendered":"<p>Origen: Balcanes \/ Sarkoy<br \/>\nMaterial: Lana y algod\u00f3n<br \/>\nMedidas: 205&#215;280 cm<br \/>\nHecho a mano<br \/>\nKilim semi antigua<\/p>\n","protected":false},"featured_media":24736,"comment_status":"open","ping_status":"closed","template":"","meta":[],"product_cat":[434,16],"product_tag":[391,355,353,352],"yoast_head":"<!-- This site is optimized with the Yoast SEO plugin v21.5 - https:\/\/yoast.com\/wordpress\/plugins\/seo\/ -->\n<title>Comprar Kilim de Calidad | Tienda de Kilims en Madrid | El Rinc\u00f3n de Fehmi Madrid<\/title>\n<meta name=\"description\" content=\"Comprar Kilim de Calidad. Este hermoso kilim proviene de la regi\u00f3n de los Balcanes, espec\u00edficamente del pintoresco pueblo de Sarkoy.\" \/>\n<meta name=\"robots\" content=\"index, follow, max-snippet:-1, max-image-preview:large, max-video-preview:-1\" \/>\n<link rel=\"canonical\" href=\"https:\/\/elrincondefehmi.com\/es\/tienda\/kilim\/kilim-turco\/comprar-kilim-de-calidad\/\" \/>\n<meta property=\"og:locale\" content=\"es_ES\" \/>\n<meta property=\"og:type\" content=\"article\" \/>\n<meta property=\"og:title\" content=\"Comprar Kilim de Calidad | Tienda de Kilims en Madrid | El Rinc\u00f3n de Fehmi Madrid\" \/>\n<meta property=\"og:description\" content=\"Comprar Kilim de Calidad. Este hermoso kilim proviene de la regi\u00f3n de los Balcanes, espec\u00edficamente del pintoresco pueblo de Sarkoy.\" \/>\n<meta property=\"og:url\" content=\"https:\/\/elrincondefehmi.com\/es\/tienda\/kilim\/kilim-turco\/comprar-kilim-de-calidad\/\" \/>\n<meta property=\"og:site_name\" content=\"El Rinc\u00f3n de Fehmi Madrid\" \/>\n<meta property=\"article:modified_time\" content=\"2025-06-26T17:32:34+00:00\" \/>\n<meta property=\"og:image\" content=\"https:\/\/elrincondefehmi.com\/es\/wp-content\/uploads\/2024\/06\/IMG_3837.jpg\" \/>\n\t<meta property=\"og:image:width\" content=\"815\" \/>\n\t<meta property=\"og:image:height\" content=\"1070\" \/>\n\t<meta property=\"og:image:type\" content=\"image\/jpeg\" \/>\n<meta name=\"twitter:card\" content=\"summary_large_image\" \/>\n<script type=\"application\/ld+json\" class=\"yoast-schema-graph\">{\"@context\":\"https:\/\/schema.org\",\"@graph\":[{\"@type\":\"WebPage\",\"@id\":\"https:\/\/elrincondefehmi.com\/es\/tienda\/kilim\/kilim-turco\/comprar-kilim-de-calidad\/\",\"url\":\"https:\/\/elrincondefehmi.com\/es\/tienda\/kilim\/kilim-turco\/comprar-kilim-de-calidad\/\",\"name\":\"Comprar Kilim de Calidad | Tienda de Kilims en Madrid | El Rinc\u00f3n de Fehmi Madrid\",\"isPartOf\":{\"@id\":\"https:\/\/elrincondefehmi.com\/es\/#website\"},\"datePublished\":\"2024-06-12T11:32:23+00:00\",\"dateModified\":\"2025-06-26T17:32:34+00:00\",\"description\":\"Comprar Kilim de Calidad. Este hermoso kilim proviene de la regi\u00f3n de los Balcanes, espec\u00edficamente del pintoresco pueblo de Sarkoy.\",\"breadcrumb\":{\"@id\":\"https:\/\/elrincondefehmi.com\/es\/tienda\/kilim\/kilim-turco\/comprar-kilim-de-calidad\/#breadcrumb\"},\"inLanguage\":\"es\",\"potentialAction\":[{\"@type\":\"ReadAction\",\"target\":[\"https:\/\/elrincondefehmi.com\/es\/tienda\/kilim\/kilim-turco\/comprar-kilim-de-calidad\/\"]}]},{\"@type\":\"BreadcrumbList\",\"@id\":\"https:\/\/elrincondefehmi.com\/es\/tienda\/kilim\/kilim-turco\/comprar-kilim-de-calidad\/#breadcrumb\",\"itemListElement\":[{\"@type\":\"ListItem\",\"position\":1,\"name\":\"PRODUCTOS\",\"item\":\"https:\/\/elrincondefehmi.com\/es\/all-product\/\"},{\"@type\":\"ListItem\",\"position\":2,\"name\":\"Kilim Rose green 205&#215;280 cm\"}]},{\"@type\":\"WebSite\",\"@id\":\"https:\/\/elrincondefehmi.com\/es\/#website\",\"url\":\"https:\/\/elrincondefehmi.com\/es\/\",\"name\":\"El Rinc\u00f3n de Fehmi Madrid\",\"description\":\"Tienda de alfombras en Madrid.  En El Rinc\u00f3n de Fehmi somos especialistas en alfombras artesanales, alfombras modernas contempor\u00e1neas kilims de Turqu\u00eda\",\"potentialAction\":[{\"@type\":\"SearchAction\",\"target\":{\"@type\":\"EntryPoint\",\"urlTemplate\":\"https:\/\/elrincondefehmi.com\/es\/?s={search_term_string}\"},\"query-input\":\"required name=search_term_string\"}],\"inLanguage\":\"es\"}]}<\/script>\n<!-- \/ Yoast SEO plugin. -->","yoast_head_json":{"title":"Comprar Kilim de Calidad | Tienda de Kilims en Madrid | El Rinc\u00f3n de Fehmi Madrid","description":"Comprar Kilim de Calidad. Este hermoso kilim proviene de la regi\u00f3n de los Balcanes, espec\u00edficamente del pintoresco pueblo de Sarkoy.","robots":{"index":"index","follow":"follow","max-snippet":"max-snippet:-1","max-image-preview":"max-image-preview:large","max-video-preview":"max-video-preview:-1"},"canonical":"https:\/\/elrincondefehmi.com\/es\/tienda\/kilim\/kilim-turco\/comprar-kilim-de-calidad\/","og_locale":"es_ES","og_type":"article","og_title":"Comprar Kilim de Calidad | Tienda de Kilims en Madrid | El Rinc\u00f3n de Fehmi Madrid","og_description":"Comprar Kilim de Calidad. Este hermoso kilim proviene de la regi\u00f3n de los Balcanes, espec\u00edficamente del pintoresco pueblo de Sarkoy.","og_url":"https:\/\/elrincondefehmi.com\/es\/tienda\/kilim\/kilim-turco\/comprar-kilim-de-calidad\/","og_site_name":"El Rinc\u00f3n de Fehmi Madrid","article_modified_time":"2025-06-26T17:32:34+00:00","og_image":[{"width":815,"height":1070,"url":"https:\/\/elrincondefehmi.com\/es\/wp-content\/uploads\/2024\/06\/IMG_3837.jpg","type":"image\/jpeg"}],"twitter_card":"summary_large_image","schema":{"@context":"https:\/\/schema.org","@graph":[{"@type":"WebPage","@id":"https:\/\/elrincondefehmi.com\/es\/tienda\/kilim\/kilim-turco\/comprar-kilim-de-calidad\/","url":"https:\/\/elrincondefehmi.com\/es\/tienda\/kilim\/kilim-turco\/comprar-kilim-de-calidad\/","name":"Comprar Kilim de Calidad | Tienda de Kilims en Madrid | El Rinc\u00f3n de Fehmi Madrid","isPartOf":{"@id":"https:\/\/elrincondefehmi.com\/es\/#website"},"datePublished":"2024-06-12T11:32:23+00:00","dateModified":"2025-06-26T17:32:34+00:00","description":"Comprar Kilim de Calidad. Este hermoso kilim proviene de la regi\u00f3n de los Balcanes, espec\u00edficamente del pintoresco pueblo de Sarkoy.","breadcrumb":{"@id":"https:\/\/elrincondefehmi.com\/es\/tienda\/kilim\/kilim-turco\/comprar-kilim-de-calidad\/#breadcrumb"},"inLanguage":"es","potentialAction":[{"@type":"ReadAction","target":["https:\/\/elrincondefehmi.com\/es\/tienda\/kilim\/kilim-turco\/comprar-kilim-de-calidad\/"]}]},{"@type":"BreadcrumbList","@id":"https:\/\/elrincondefehmi.com\/es\/tienda\/kilim\/kilim-turco\/comprar-kilim-de-calidad\/#breadcrumb","itemListElement":[{"@type":"ListItem","position":1,"name":"PRODUCTOS","item":"https:\/\/elrincondefehmi.com\/es\/all-product\/"},{"@type":"ListItem","position":2,"name":"Kilim Rose green 205&#215;280 cm"}]},{"@type":"WebSite","@id":"https:\/\/elrincondefehmi.com\/es\/#website","url":"https:\/\/elrincondefehmi.com\/es\/","name":"El Rinc\u00f3n de Fehmi Madrid","description":"Tienda de alfombras en Madrid.  En El Rinc\u00f3n de Fehmi somos especialistas en alfombras artesanales, alfombras modernas contempor\u00e1neas kilims de Turqu\u00eda","potentialAction":[{"@type":"SearchAction","target":{"@type":"EntryPoint","urlTemplate":"https:\/\/elrincondefehmi.com\/es\/?s={search_term_string}"},"query-input":"required name=search_term_string"}],"inLanguage":"es"}]}},"_links":{"self":[{"href":"https:\/\/elrincondefehmi.com\/es\/wp-json\/wp\/v2\/product\/24735"}],"collection":[{"href":"https:\/\/elrincondefehmi.com\/es\/wp-json\/wp\/v2\/product"}],"about":[{"href":"https:\/\/elrincondefehmi.com\/es\/wp-json\/wp\/v2\/types\/product"}],"replies":[{"embeddable":true,"href":"https:\/\/elrincondefehmi.com\/es\/wp-json\/wp\/v2\/comments?post=24735"}],"wp:featuredmedia":[{"embeddable":true,"href":"https:\/\/elrincondefehmi.com\/es\/wp-json\/wp\/v2\/media\/24736"}],"wp:attachment":[{"href":"https:\/\/elrincondefehmi.com\/es\/wp-json\/wp\/v2\/media?parent=24735"}],"wp:term":[{"taxonomy":"product_cat","embeddable":true,"href":"https:\/\/elrincondefehmi.com\/es\/wp-json\/wp\/v2\/product_cat?post=24735"},{"taxonomy":"product_tag","embeddable":true,"href":"https:\/\/elrincondefehmi.com\/es\/wp-json\/wp\/v2\/product_tag?post=24735"}],"curies":[{"name":"wp","href":"https:\/\/api.w.org\/{rel}","templated":true}]}}