{"id":24459,"date":"2024-06-02T18:42:33","date_gmt":"2024-06-02T18:42:33","guid":{"rendered":"https:\/\/elrincondefehmi.com\/es\/?post_type=product&#038;p=24459"},"modified":"2025-06-27T17:16:32","modified_gmt":"2025-06-27T17:16:32","slug":"venta-de-kilim-extra-grande","status":"publish","type":"product","link":"https:\/\/elrincondefehmi.com\/es\/tienda\/kilim\/sumak\/venta-de-kilim-extra-grande\/","title":{"rendered":"Kilim Rahrah 295&#215;375 cm"},"content":{"rendered":"<h3>Venta de kilim extra grande: Rahrah de la regi\u00f3n de Van, Turqu\u00eda (295&#215;375 cm)<\/h3>\n<p>Este impresionante kilim Rahrah, originario de la regi\u00f3n noreste de Turqu\u00eda, espec\u00edficamente de la ciudad de Van, es una pieza excepcional con dimensiones de 295&#215;375 cm. Ideal para salas grandes, este kilim no solo destaca por su tama\u00f1o, sino tambi\u00e9n por la maestr\u00eda artesanal que representa.<\/p>\n<h4>Colores y Motivos<\/h4>\n<p>El kilim presenta una rica paleta de colores que incluye tonos rojos, azules, beige y verdes, todos te\u00f1idos con tintes naturales. Los motivos geom\u00e9tricos que adornan esta alfombra simbolizan diversos aspectos de la cultura y tradiciones turcas, como la fertilidad, la protecci\u00f3n y la prosperidad.<\/p>\n<p>\u00a0<\/p>\n","protected":false},"excerpt":{"rendered":"<p>Origen: Turqu\u00eda \/ Sur este de Anatolia Material: Lana Medidas: 295&#215;375 cm Hecho a mano<\/p>\n","protected":false},"featured_media":24460,"comment_status":"open","ping_status":"closed","template":"","meta":[],"product_cat":[434,103,16],"product_tag":[391,355,353,352],"yoast_head":"<!-- This site is optimized with the Yoast SEO plugin v21.5 - https:\/\/yoast.com\/wordpress\/plugins\/seo\/ -->\n<title>Venta de kilim extra grande | El Rinc\u00f3n de Fehmi Madrid<\/title>\n<meta name=\"description\" content=\"Venta de kilim extra grande. Este impresionante kilim Rahrah, originario de la regi\u00f3n noreste de Turqu\u00eda, espec\u00edficamente de la ciudad de Van\" \/>\n<meta name=\"robots\" content=\"index, follow, max-snippet:-1, max-image-preview:large, max-video-preview:-1\" \/>\n<link rel=\"canonical\" href=\"https:\/\/elrincondefehmi.com\/es\/tienda\/kilim\/sumak\/venta-de-kilim-extra-grande\/\" \/>\n<meta property=\"og:locale\" content=\"es_ES\" \/>\n<meta property=\"og:type\" content=\"article\" \/>\n<meta property=\"og:title\" content=\"Venta de kilim extra grande | El Rinc\u00f3n de Fehmi Madrid\" \/>\n<meta property=\"og:description\" content=\"Venta de kilim extra grande. Este impresionante kilim Rahrah, originario de la regi\u00f3n noreste de Turqu\u00eda, espec\u00edficamente de la ciudad de Van\" \/>\n<meta property=\"og:url\" content=\"https:\/\/elrincondefehmi.com\/es\/tienda\/kilim\/sumak\/venta-de-kilim-extra-grande\/\" \/>\n<meta property=\"og:site_name\" content=\"El Rinc\u00f3n de Fehmi Madrid\" \/>\n<meta property=\"article:modified_time\" content=\"2025-06-27T17:16:32+00:00\" \/>\n<meta property=\"og:image\" content=\"https:\/\/elrincondefehmi.com\/es\/wp-content\/uploads\/2024\/06\/206039-1.jpg\" \/>\n\t<meta property=\"og:image:width\" content=\"841\" \/>\n\t<meta property=\"og:image:height\" content=\"1070\" \/>\n\t<meta property=\"og:image:type\" content=\"image\/jpeg\" \/>\n<meta name=\"twitter:card\" content=\"summary_large_image\" \/>\n<script type=\"application\/ld+json\" class=\"yoast-schema-graph\">{\"@context\":\"https:\/\/schema.org\",\"@graph\":[{\"@type\":\"WebPage\",\"@id\":\"https:\/\/elrincondefehmi.com\/es\/tienda\/kilim\/sumak\/venta-de-kilim-extra-grande\/\",\"url\":\"https:\/\/elrincondefehmi.com\/es\/tienda\/kilim\/sumak\/venta-de-kilim-extra-grande\/\",\"name\":\"Venta de kilim extra grande | El Rinc\u00f3n de Fehmi Madrid\",\"isPartOf\":{\"@id\":\"https:\/\/elrincondefehmi.com\/es\/#website\"},\"datePublished\":\"2024-06-02T18:42:33+00:00\",\"dateModified\":\"2025-06-27T17:16:32+00:00\",\"description\":\"Venta de kilim extra grande. Este impresionante kilim Rahrah, originario de la regi\u00f3n noreste de Turqu\u00eda, espec\u00edficamente de la ciudad de Van\",\"breadcrumb\":{\"@id\":\"https:\/\/elrincondefehmi.com\/es\/tienda\/kilim\/sumak\/venta-de-kilim-extra-grande\/#breadcrumb\"},\"inLanguage\":\"es\",\"potentialAction\":[{\"@type\":\"ReadAction\",\"target\":[\"https:\/\/elrincondefehmi.com\/es\/tienda\/kilim\/sumak\/venta-de-kilim-extra-grande\/\"]}]},{\"@type\":\"BreadcrumbList\",\"@id\":\"https:\/\/elrincondefehmi.com\/es\/tienda\/kilim\/sumak\/venta-de-kilim-extra-grande\/#breadcrumb\",\"itemListElement\":[{\"@type\":\"ListItem\",\"position\":1,\"name\":\"PRODUCTOS\",\"item\":\"https:\/\/elrincondefehmi.com\/es\/all-product\/\"},{\"@type\":\"ListItem\",\"position\":2,\"name\":\"Kilim Rahrah 295&#215;375 cm\"}]},{\"@type\":\"WebSite\",\"@id\":\"https:\/\/elrincondefehmi.com\/es\/#website\",\"url\":\"https:\/\/elrincondefehmi.com\/es\/\",\"name\":\"El Rinc\u00f3n de Fehmi Madrid\",\"description\":\"Tienda de alfombras en Madrid.  En El Rinc\u00f3n de Fehmi somos especialistas en alfombras artesanales, alfombras modernas contempor\u00e1neas kilims de Turqu\u00eda\",\"potentialAction\":[{\"@type\":\"SearchAction\",\"target\":{\"@type\":\"EntryPoint\",\"urlTemplate\":\"https:\/\/elrincondefehmi.com\/es\/?s={search_term_string}\"},\"query-input\":\"required name=search_term_string\"}],\"inLanguage\":\"es\"}]}<\/script>\n<!-- \/ Yoast SEO plugin. -->","yoast_head_json":{"title":"Venta de kilim extra grande | El Rinc\u00f3n de Fehmi Madrid","description":"Venta de kilim extra grande. Este impresionante kilim Rahrah, originario de la regi\u00f3n noreste de Turqu\u00eda, espec\u00edficamente de la ciudad de Van","robots":{"index":"index","follow":"follow","max-snippet":"max-snippet:-1","max-image-preview":"max-image-preview:large","max-video-preview":"max-video-preview:-1"},"canonical":"https:\/\/elrincondefehmi.com\/es\/tienda\/kilim\/sumak\/venta-de-kilim-extra-grande\/","og_locale":"es_ES","og_type":"article","og_title":"Venta de kilim extra grande | El Rinc\u00f3n de Fehmi Madrid","og_description":"Venta de kilim extra grande. Este impresionante kilim Rahrah, originario de la regi\u00f3n noreste de Turqu\u00eda, espec\u00edficamente de la ciudad de Van","og_url":"https:\/\/elrincondefehmi.com\/es\/tienda\/kilim\/sumak\/venta-de-kilim-extra-grande\/","og_site_name":"El Rinc\u00f3n de Fehmi Madrid","article_modified_time":"2025-06-27T17:16:32+00:00","og_image":[{"width":841,"height":1070,"url":"https:\/\/elrincondefehmi.com\/es\/wp-content\/uploads\/2024\/06\/206039-1.jpg","type":"image\/jpeg"}],"twitter_card":"summary_large_image","schema":{"@context":"https:\/\/schema.org","@graph":[{"@type":"WebPage","@id":"https:\/\/elrincondefehmi.com\/es\/tienda\/kilim\/sumak\/venta-de-kilim-extra-grande\/","url":"https:\/\/elrincondefehmi.com\/es\/tienda\/kilim\/sumak\/venta-de-kilim-extra-grande\/","name":"Venta de kilim extra grande | El Rinc\u00f3n de Fehmi Madrid","isPartOf":{"@id":"https:\/\/elrincondefehmi.com\/es\/#website"},"datePublished":"2024-06-02T18:42:33+00:00","dateModified":"2025-06-27T17:16:32+00:00","description":"Venta de kilim extra grande. Este impresionante kilim Rahrah, originario de la regi\u00f3n noreste de Turqu\u00eda, espec\u00edficamente de la ciudad de Van","breadcrumb":{"@id":"https:\/\/elrincondefehmi.com\/es\/tienda\/kilim\/sumak\/venta-de-kilim-extra-grande\/#breadcrumb"},"inLanguage":"es","potentialAction":[{"@type":"ReadAction","target":["https:\/\/elrincondefehmi.com\/es\/tienda\/kilim\/sumak\/venta-de-kilim-extra-grande\/"]}]},{"@type":"BreadcrumbList","@id":"https:\/\/elrincondefehmi.com\/es\/tienda\/kilim\/sumak\/venta-de-kilim-extra-grande\/#breadcrumb","itemListElement":[{"@type":"ListItem","position":1,"name":"PRODUCTOS","item":"https:\/\/elrincondefehmi.com\/es\/all-product\/"},{"@type":"ListItem","position":2,"name":"Kilim Rahrah 295&#215;375 cm"}]},{"@type":"WebSite","@id":"https:\/\/elrincondefehmi.com\/es\/#website","url":"https:\/\/elrincondefehmi.com\/es\/","name":"El Rinc\u00f3n de Fehmi Madrid","description":"Tienda de alfombras en Madrid.  En El Rinc\u00f3n de Fehmi somos especialistas en alfombras artesanales, alfombras modernas contempor\u00e1neas kilims de Turqu\u00eda","potentialAction":[{"@type":"SearchAction","target":{"@type":"EntryPoint","urlTemplate":"https:\/\/elrincondefehmi.com\/es\/?s={search_term_string}"},"query-input":"required name=search_term_string"}],"inLanguage":"es"}]}},"_links":{"self":[{"href":"https:\/\/elrincondefehmi.com\/es\/wp-json\/wp\/v2\/product\/24459"}],"collection":[{"href":"https:\/\/elrincondefehmi.com\/es\/wp-json\/wp\/v2\/product"}],"about":[{"href":"https:\/\/elrincondefehmi.com\/es\/wp-json\/wp\/v2\/types\/product"}],"replies":[{"embeddable":true,"href":"https:\/\/elrincondefehmi.com\/es\/wp-json\/wp\/v2\/comments?post=24459"}],"wp:featuredmedia":[{"embeddable":true,"href":"https:\/\/elrincondefehmi.com\/es\/wp-json\/wp\/v2\/media\/24460"}],"wp:attachment":[{"href":"https:\/\/elrincondefehmi.com\/es\/wp-json\/wp\/v2\/media?parent=24459"}],"wp:term":[{"taxonomy":"product_cat","embeddable":true,"href":"https:\/\/elrincondefehmi.com\/es\/wp-json\/wp\/v2\/product_cat?post=24459"},{"taxonomy":"product_tag","embeddable":true,"href":"https:\/\/elrincondefehmi.com\/es\/wp-json\/wp\/v2\/product_tag?post=24459"}],"curies":[{"name":"wp","href":"https:\/\/api.w.org\/{rel}","templated":true}]}}