{"id":24095,"date":"2024-05-20T11:13:11","date_gmt":"2024-05-20T11:13:11","guid":{"rendered":"https:\/\/elrincondefehmi.com\/es\/?post_type=product&#038;p=24095"},"modified":"2024-05-21T11:41:29","modified_gmt":"2024-05-21T11:41:29","slug":"kilim-de-pasillo-tradicional","status":"publish","type":"product","link":"https:\/\/elrincondefehmi.com\/es\/tienda\/kilim\/sumak\/kilim-de-pasillo-tradicional\/","title":{"rendered":"Kilim de pasillo Rahrah 84&#215;190 cm"},"content":{"rendered":"<div class=\"flex-1 overflow-hidden\">\n<div class=\"react-scroll-to-bottom--css-zxymm-79elbk h-full\">\n<div class=\"react-scroll-to-bottom--css-zxymm-1n7m0yu\">\n<div class=\"flex flex-col text-sm pb-9\">\n<div class=\"w-full text-token-text-primary\" dir=\"auto\" data-testid=\"conversation-turn-43\" data-scroll-anchor=\"true\">\n<div class=\"py-2 px-3 text-base md:px-4 m-auto md:px-5 lg:px-1 xl:px-5\">\n<div class=\"mx-auto flex flex-1 gap-3 text-base juice:gap-4 juice:md:gap-6 md:max-w-3xl lg:max-w-[40rem] xl:max-w-[48rem]\">\n<div class=\"relative flex w-full min-w-0 flex-col agent-turn\">\n<div class=\"flex-col gap-1 md:gap-3\">\n<div class=\"flex flex-grow flex-col max-w-full\">\n<div class=\"min-h-[20px] text-message flex flex-col items-start whitespace-pre-wrap break-words [.text-message+&amp;]:mt-5 overflow-x-auto gap-3\" dir=\"auto\" data-message-author-role=\"assistant\" data-message-id=\"a59884ed-1696-4823-a12e-03967bdd6861\">\n<div class=\"markdown prose w-full break-words dark:prose-invert light\">\n<h3>Kilim de Pasillo Tradicional de 84&#215;190 cm: Elegancia y Cultura en Cada Paso<\/h3>\n<p>A\u00f1ade un toque de elegancia y cultura a tu hogar con nuestro <strong>kilim de pasillo tradicional de 84&#215;190 cm<\/strong>. Este kilim, tejido a mano por artesanos expertos, presenta un vibrante dise\u00f1o geom\u00e9trico que refleja la rica herencia cultural de sus or\u00edgenes. Con una combinaci\u00f3n de colores c\u00e1lidos y patrones intrincados, este kilim no solo embellece tu pasillo, sino que tambi\u00e9n aporta durabilidad y comodidad. Ideal para entradas y pasillos largos, su tama\u00f1o es perfecto para cualquier espacio que necesite un acento decorativo llamativo.<\/p>\n<\/div>\n<\/div>\n<\/div>\n<div class=\"mt-1 flex gap-3 empty:hidden\">\n<div class=\"text-gray-400 flex self-end lg:self-center items-center justify-center lg:justify-start mt-0 -ml-1 h-7 gap-[2px] visible\">\n<div class=\"flex\"><\/div>\n<\/div>\n<\/div>\n<div class=\"pr-2 lg:pr-0\"><\/div>\n<\/div>\n<div class=\"absolute\">\n<div class=\"flex w-full gap-2 items-center justify-center\"><\/div>\n<\/div>\n<\/div>\n<\/div>\n<\/div>\n<\/div>\n<\/div>\n<\/div>\n<\/div>\n<\/div>\n<div class=\"w-full md:pt-0 dark:border-white\/20 md:border-transparent md:dark:border-transparent md:w-[calc(100%-.5rem)] juice:w-full\">\n<div class=\"px-3 text-base md:px-4 m-auto md:px-5 lg:px-1 xl:px-5\">\n<div class=\"mx-auto flex flex-1 gap-3 text-base juice:gap-4 juice:md:gap-6 md:max-w-3xl lg:max-w-[40rem] xl:max-w-[48rem]\">\n<form class=\"w-full\">\n<div class=\"relative flex h-full max-w-full flex-1 flex-col\">\n<div class=\"absolute bottom-full left-0 right-0\"><\/div>\n<div class=\"flex w-full items-center\"><\/div>\n<\/div>\n<\/form>\n<\/div>\n<\/div>\n<\/div>\n","protected":false},"excerpt":{"rendered":"<p>Origen: Turqu\u00eda \/ Sur este de Anatolia Mesopotamia<br \/>\nMaterial: Lana<br \/>\nMedidas: 84&#215;190 cm<br \/>\nHecho a mano<\/p>\n","protected":false},"featured_media":24096,"comment_status":"open","ping_status":"closed","template":"","meta":[],"product_cat":[335,434,103,16],"product_tag":[391,355,353,352],"yoast_head":"<!-- This site is optimized with the Yoast SEO plugin v21.5 - https:\/\/yoast.com\/wordpress\/plugins\/seo\/ -->\n<title>Kilim de Pasillo Tradicional | El Rinc\u00f3n de Fehmi Madrid | Tienda de Kilim en Madrid<\/title>\n<meta name=\"description\" content=\"Kilim de Pasillo Tradicional. A\u00f1ade un toque de elegancia y cultura a tu hogar con nuestro kilim de pasillo tradicional de 84x190 cm.\" \/>\n<meta name=\"robots\" content=\"index, follow, max-snippet:-1, max-image-preview:large, max-video-preview:-1\" \/>\n<link rel=\"canonical\" href=\"https:\/\/elrincondefehmi.com\/es\/tienda\/kilim\/sumak\/kilim-de-pasillo-tradicional\/\" \/>\n<meta property=\"og:locale\" content=\"es_ES\" \/>\n<meta property=\"og:type\" content=\"article\" \/>\n<meta property=\"og:title\" content=\"Kilim de Pasillo Tradicional | El Rinc\u00f3n de Fehmi Madrid | Tienda de Kilim en Madrid\" \/>\n<meta property=\"og:description\" content=\"Kilim de Pasillo Tradicional. A\u00f1ade un toque de elegancia y cultura a tu hogar con nuestro kilim de pasillo tradicional de 84x190 cm.\" \/>\n<meta property=\"og:url\" content=\"https:\/\/elrincondefehmi.com\/es\/tienda\/kilim\/sumak\/kilim-de-pasillo-tradicional\/\" \/>\n<meta property=\"og:site_name\" content=\"El Rinc\u00f3n de Fehmi Madrid\" \/>\n<meta property=\"article:modified_time\" content=\"2024-05-21T11:41:29+00:00\" \/>\n<meta property=\"og:image\" content=\"https:\/\/elrincondefehmi.com\/es\/wp-content\/uploads\/2024\/05\/IMG_3277.jpg\" \/>\n\t<meta property=\"og:image:width\" content=\"750\" \/>\n\t<meta property=\"og:image:height\" content=\"1070\" \/>\n\t<meta property=\"og:image:type\" content=\"image\/jpeg\" \/>\n<meta name=\"twitter:card\" content=\"summary_large_image\" \/>\n<script type=\"application\/ld+json\" class=\"yoast-schema-graph\">{\"@context\":\"https:\/\/schema.org\",\"@graph\":[{\"@type\":\"WebPage\",\"@id\":\"https:\/\/elrincondefehmi.com\/es\/tienda\/kilim\/sumak\/kilim-de-pasillo-tradicional\/\",\"url\":\"https:\/\/elrincondefehmi.com\/es\/tienda\/kilim\/sumak\/kilim-de-pasillo-tradicional\/\",\"name\":\"Kilim de Pasillo Tradicional | El Rinc\u00f3n de Fehmi Madrid | Tienda de Kilim en Madrid\",\"isPartOf\":{\"@id\":\"https:\/\/elrincondefehmi.com\/es\/#website\"},\"datePublished\":\"2024-05-20T11:13:11+00:00\",\"dateModified\":\"2024-05-21T11:41:29+00:00\",\"description\":\"Kilim de Pasillo Tradicional. A\u00f1ade un toque de elegancia y cultura a tu hogar con nuestro kilim de pasillo tradicional de 84x190 cm.\",\"breadcrumb\":{\"@id\":\"https:\/\/elrincondefehmi.com\/es\/tienda\/kilim\/sumak\/kilim-de-pasillo-tradicional\/#breadcrumb\"},\"inLanguage\":\"es\",\"potentialAction\":[{\"@type\":\"ReadAction\",\"target\":[\"https:\/\/elrincondefehmi.com\/es\/tienda\/kilim\/sumak\/kilim-de-pasillo-tradicional\/\"]}]},{\"@type\":\"BreadcrumbList\",\"@id\":\"https:\/\/elrincondefehmi.com\/es\/tienda\/kilim\/sumak\/kilim-de-pasillo-tradicional\/#breadcrumb\",\"itemListElement\":[{\"@type\":\"ListItem\",\"position\":1,\"name\":\"PRODUCTOS\",\"item\":\"https:\/\/elrincondefehmi.com\/es\/all-product\/\"},{\"@type\":\"ListItem\",\"position\":2,\"name\":\"Kilim de pasillo Rahrah 84&#215;190 cm\"}]},{\"@type\":\"WebSite\",\"@id\":\"https:\/\/elrincondefehmi.com\/es\/#website\",\"url\":\"https:\/\/elrincondefehmi.com\/es\/\",\"name\":\"El Rinc\u00f3n de Fehmi Madrid\",\"description\":\"Tienda de alfombras en Madrid.  En El Rinc\u00f3n de Fehmi somos especialistas en alfombras artesanales, alfombras modernas contempor\u00e1neas kilims de Turqu\u00eda\",\"potentialAction\":[{\"@type\":\"SearchAction\",\"target\":{\"@type\":\"EntryPoint\",\"urlTemplate\":\"https:\/\/elrincondefehmi.com\/es\/?s={search_term_string}\"},\"query-input\":\"required name=search_term_string\"}],\"inLanguage\":\"es\"}]}<\/script>\n<!-- \/ Yoast SEO plugin. -->","yoast_head_json":{"title":"Kilim de Pasillo Tradicional | El Rinc\u00f3n de Fehmi Madrid | Tienda de Kilim en Madrid","description":"Kilim de Pasillo Tradicional. A\u00f1ade un toque de elegancia y cultura a tu hogar con nuestro kilim de pasillo tradicional de 84x190 cm.","robots":{"index":"index","follow":"follow","max-snippet":"max-snippet:-1","max-image-preview":"max-image-preview:large","max-video-preview":"max-video-preview:-1"},"canonical":"https:\/\/elrincondefehmi.com\/es\/tienda\/kilim\/sumak\/kilim-de-pasillo-tradicional\/","og_locale":"es_ES","og_type":"article","og_title":"Kilim de Pasillo Tradicional | El Rinc\u00f3n de Fehmi Madrid | Tienda de Kilim en Madrid","og_description":"Kilim de Pasillo Tradicional. A\u00f1ade un toque de elegancia y cultura a tu hogar con nuestro kilim de pasillo tradicional de 84x190 cm.","og_url":"https:\/\/elrincondefehmi.com\/es\/tienda\/kilim\/sumak\/kilim-de-pasillo-tradicional\/","og_site_name":"El Rinc\u00f3n de Fehmi Madrid","article_modified_time":"2024-05-21T11:41:29+00:00","og_image":[{"width":750,"height":1070,"url":"https:\/\/elrincondefehmi.com\/es\/wp-content\/uploads\/2024\/05\/IMG_3277.jpg","type":"image\/jpeg"}],"twitter_card":"summary_large_image","schema":{"@context":"https:\/\/schema.org","@graph":[{"@type":"WebPage","@id":"https:\/\/elrincondefehmi.com\/es\/tienda\/kilim\/sumak\/kilim-de-pasillo-tradicional\/","url":"https:\/\/elrincondefehmi.com\/es\/tienda\/kilim\/sumak\/kilim-de-pasillo-tradicional\/","name":"Kilim de Pasillo Tradicional | El Rinc\u00f3n de Fehmi Madrid | Tienda de Kilim en Madrid","isPartOf":{"@id":"https:\/\/elrincondefehmi.com\/es\/#website"},"datePublished":"2024-05-20T11:13:11+00:00","dateModified":"2024-05-21T11:41:29+00:00","description":"Kilim de Pasillo Tradicional. A\u00f1ade un toque de elegancia y cultura a tu hogar con nuestro kilim de pasillo tradicional de 84x190 cm.","breadcrumb":{"@id":"https:\/\/elrincondefehmi.com\/es\/tienda\/kilim\/sumak\/kilim-de-pasillo-tradicional\/#breadcrumb"},"inLanguage":"es","potentialAction":[{"@type":"ReadAction","target":["https:\/\/elrincondefehmi.com\/es\/tienda\/kilim\/sumak\/kilim-de-pasillo-tradicional\/"]}]},{"@type":"BreadcrumbList","@id":"https:\/\/elrincondefehmi.com\/es\/tienda\/kilim\/sumak\/kilim-de-pasillo-tradicional\/#breadcrumb","itemListElement":[{"@type":"ListItem","position":1,"name":"PRODUCTOS","item":"https:\/\/elrincondefehmi.com\/es\/all-product\/"},{"@type":"ListItem","position":2,"name":"Kilim de pasillo Rahrah 84&#215;190 cm"}]},{"@type":"WebSite","@id":"https:\/\/elrincondefehmi.com\/es\/#website","url":"https:\/\/elrincondefehmi.com\/es\/","name":"El Rinc\u00f3n de Fehmi Madrid","description":"Tienda de alfombras en Madrid.  En El Rinc\u00f3n de Fehmi somos especialistas en alfombras artesanales, alfombras modernas contempor\u00e1neas kilims de Turqu\u00eda","potentialAction":[{"@type":"SearchAction","target":{"@type":"EntryPoint","urlTemplate":"https:\/\/elrincondefehmi.com\/es\/?s={search_term_string}"},"query-input":"required name=search_term_string"}],"inLanguage":"es"}]}},"_links":{"self":[{"href":"https:\/\/elrincondefehmi.com\/es\/wp-json\/wp\/v2\/product\/24095"}],"collection":[{"href":"https:\/\/elrincondefehmi.com\/es\/wp-json\/wp\/v2\/product"}],"about":[{"href":"https:\/\/elrincondefehmi.com\/es\/wp-json\/wp\/v2\/types\/product"}],"replies":[{"embeddable":true,"href":"https:\/\/elrincondefehmi.com\/es\/wp-json\/wp\/v2\/comments?post=24095"}],"wp:featuredmedia":[{"embeddable":true,"href":"https:\/\/elrincondefehmi.com\/es\/wp-json\/wp\/v2\/media\/24096"}],"wp:attachment":[{"href":"https:\/\/elrincondefehmi.com\/es\/wp-json\/wp\/v2\/media?parent=24095"}],"wp:term":[{"taxonomy":"product_cat","embeddable":true,"href":"https:\/\/elrincondefehmi.com\/es\/wp-json\/wp\/v2\/product_cat?post=24095"},{"taxonomy":"product_tag","embeddable":true,"href":"https:\/\/elrincondefehmi.com\/es\/wp-json\/wp\/v2\/product_tag?post=24095"}],"curies":[{"name":"wp","href":"https:\/\/api.w.org\/{rel}","templated":true}]}}