{"id":23962,"date":"2024-05-04T16:35:14","date_gmt":"2024-05-04T16:35:14","guid":{"rendered":"https:\/\/elrincondefehmi.com\/es\/?post_type=product&#038;p=23962"},"modified":"2024-05-21T11:41:31","modified_gmt":"2024-05-21T11:41:31","slug":"kilim-cicim-rustico-etnico","status":"publish","type":"product","link":"https:\/\/elrincondefehmi.com\/es\/tienda\/kilim\/sumak\/kilim-cicim-rustico-etnico\/","title":{"rendered":"Kilim Rahrah 61&#215;250 cm"},"content":{"rendered":"<div class=\"flex-1 overflow-hidden\">\n<div class=\"react-scroll-to-bottom--css-zxymm-79elbk h-full\">\n<div class=\"react-scroll-to-bottom--css-zxymm-1n7m0yu\">\n<div class=\"flex flex-col text-sm pb-9\">\n<div class=\"w-full text-token-text-primary\" dir=\"auto\" data-testid=\"conversation-turn-43\" data-scroll-anchor=\"true\">\n<div class=\"py-2 px-3 text-base md:px-4 m-auto md:px-5 lg:px-1 xl:px-5\">\n<div class=\"mx-auto flex flex-1 gap-3 text-base juice:gap-4 juice:md:gap-6 md:max-w-3xl lg:max-w-[40rem] xl:max-w-[48rem]\">\n<div class=\"relative flex w-full min-w-0 flex-col agent-turn\">\n<div class=\"flex-col gap-1 md:gap-3\">\n<div class=\"flex flex-grow flex-col max-w-full\">\n<div class=\"min-h-[20px] text-message flex flex-col items-start whitespace-pre-wrap break-words [.text-message+&amp;]:mt-5 overflow-x-auto gap-3\" dir=\"auto\" data-message-author-role=\"assistant\" data-message-id=\"a59884ed-1696-4823-a12e-03967bdd6861\">\n<div class=\"markdown prose w-full break-words dark:prose-invert light\">\n<p><strong>Kilim Cicim R\u00fastico Bordado de Estilo \u00c9tnico<\/strong><\/p>\n<p>Trae un toque de la antigua Mesopotamia a tu hogar con este aut\u00e9ntico Kilim Cicim. Con unas medidas de 61&#215;250 cm, esta pieza artesanal captura la esencia de los pueblos n\u00f3madas que la crearon. El kilim presenta una rica gama de colores, que incluye tonos rojos, beige, azules y negros, ofreciendo una combinaci\u00f3n vibrante y c\u00e1lida que complementa su dise\u00f1o r\u00fastico, bordado y de estilo \u00e9tnico. Es perfecto para quienes buscan incorporar elementos \u00fanicos y con historia a su decoraci\u00f3n.<\/p>\n<p><strong>Caracter\u00edsticas principales:<\/strong><\/p>\n<ul>\n<li><strong>Autenticidad:<\/strong> Este kilim est\u00e1 hecho a mano por pueblos n\u00f3madas de <a href=\"https:\/\/www.worldhistory.org\/Yurt\/\">Mesopotamia<\/a>, lo que le otorga un car\u00e1cter genuino y distintivo.<\/li>\n<li><strong>Estilo:<\/strong> Con su dise\u00f1o r\u00fastico y bordado, esta pieza refleja la rica tradici\u00f3n artesanal de las comunidades n\u00f3madas.<\/li>\n<li><strong>Colores Vibrantes:<\/strong> Los tonos rojos, beige, azules y negros crean una combinaci\u00f3n c\u00e1lida y acogedora.<\/li>\n<li><strong>Versatilidad:<\/strong> Su tama\u00f1o de 61&#215;250 cm lo convierte en una pieza ideal para pasillos, entradas o para colgar en una pared como arte decorativo.<\/li>\n<\/ul>\n<p>Este kilim cicim no es solo un accesorio, sino una obra de arte que cuenta una historia. Su dise\u00f1o <a href=\"https:\/\/elrincondefehmi.com\/es\/blog\/\">\u00e9tnico y artesanal<\/a>, junto con su vibrante paleta de colores, agrega un toque de cultura y sofisticaci\u00f3n a cualquier espacio, convirti\u00e9ndolo en una adici\u00f3n valiosa para tu hogar.<\/p>\n<\/div>\n<\/div>\n<\/div>\n<div class=\"mt-1 flex gap-3 empty:hidden\">\n<div class=\"text-gray-400 flex self-end lg:self-center items-center justify-center lg:justify-start mt-0 -ml-1 h-7 gap-[2px] visible\">\n<div class=\"flex items-center gap-1.5 text-xs\"><\/div>\n<div class=\"flex\"><\/div>\n<\/div>\n<\/div>\n<div class=\"pr-2 lg:pr-0\"><\/div>\n<\/div>\n<div class=\"absolute\">\n<div class=\"flex w-full gap-2 items-center justify-center\"><\/div>\n<\/div>\n<\/div>\n<\/div>\n<\/div>\n<\/div>\n<\/div>\n<\/div>\n<\/div>\n<\/div>\n<div class=\"w-full md:pt-0 dark:border-white\/20 md:border-transparent md:dark:border-transparent md:w-[calc(100%-.5rem)] juice:w-full\">\n<div class=\"px-3 text-base md:px-4 m-auto md:px-5 lg:px-1 xl:px-5\">\n<div class=\"mx-auto flex flex-1 gap-3 text-base juice:gap-4 juice:md:gap-6 md:max-w-3xl lg:max-w-[40rem] xl:max-w-[48rem]\">\n<form class=\"w-full\">\n<div class=\"relative flex h-full max-w-full flex-1 flex-col\">\n<div class=\"absolute bottom-full left-0 right-0\"><\/div>\n<div class=\"flex w-full items-center\"><\/div>\n<\/div>\n<\/form>\n<\/div>\n<\/div>\n<\/div>\n","protected":false},"excerpt":{"rendered":"<p>Origen: Turqu\u00eda \/ Sur este de Anatolia Mesopotamia<br \/>\nMaterial: Lana<br \/>\nMedidas: 61&#215;250 cm<br \/>\nHecho a mano<\/p>\n","protected":false},"featured_media":23963,"comment_status":"open","ping_status":"closed","template":"","meta":[],"product_cat":[335,434,103,16],"product_tag":[391,355,353,352],"yoast_head":"<!-- This site is optimized with the Yoast SEO plugin v21.5 - https:\/\/yoast.com\/wordpress\/plugins\/seo\/ -->\n<title>Kilim Cicim Rustico \u00c9tnico | El Rinc\u00f3n de Fehmi Madrid | Tienda de Kilim en Madrid<\/title>\n<meta name=\"description\" content=\"Kilim Cicim R\u00fastico Bordado de Estilo \u00c9tnico. Trae un toque de la antigua Mesopotamia a tu hogar con este aut\u00e9ntico Kilim Cicim.\" \/>\n<meta name=\"robots\" content=\"index, follow, max-snippet:-1, max-image-preview:large, max-video-preview:-1\" \/>\n<link rel=\"canonical\" href=\"https:\/\/elrincondefehmi.com\/es\/tienda\/kilim\/sumak\/kilim-cicim-rustico-etnico\/\" \/>\n<meta property=\"og:locale\" content=\"es_ES\" \/>\n<meta property=\"og:type\" content=\"article\" \/>\n<meta property=\"og:title\" content=\"Kilim Cicim Rustico \u00c9tnico | El Rinc\u00f3n de Fehmi Madrid | Tienda de Kilim en Madrid\" \/>\n<meta property=\"og:description\" content=\"Kilim Cicim R\u00fastico Bordado de Estilo \u00c9tnico. Trae un toque de la antigua Mesopotamia a tu hogar con este aut\u00e9ntico Kilim Cicim.\" \/>\n<meta property=\"og:url\" content=\"https:\/\/elrincondefehmi.com\/es\/tienda\/kilim\/sumak\/kilim-cicim-rustico-etnico\/\" \/>\n<meta property=\"og:site_name\" content=\"El Rinc\u00f3n de Fehmi Madrid\" \/>\n<meta property=\"article:modified_time\" content=\"2024-05-21T11:41:31+00:00\" \/>\n<meta property=\"og:image\" content=\"https:\/\/elrincondefehmi.com\/es\/wp-content\/uploads\/2024\/05\/IMG_3016.jpg\" \/>\n\t<meta property=\"og:image:width\" content=\"770\" \/>\n\t<meta property=\"og:image:height\" content=\"1070\" \/>\n\t<meta property=\"og:image:type\" content=\"image\/jpeg\" \/>\n<meta name=\"twitter:card\" content=\"summary_large_image\" \/>\n<script type=\"application\/ld+json\" class=\"yoast-schema-graph\">{\"@context\":\"https:\/\/schema.org\",\"@graph\":[{\"@type\":\"WebPage\",\"@id\":\"https:\/\/elrincondefehmi.com\/es\/tienda\/kilim\/sumak\/kilim-cicim-rustico-etnico\/\",\"url\":\"https:\/\/elrincondefehmi.com\/es\/tienda\/kilim\/sumak\/kilim-cicim-rustico-etnico\/\",\"name\":\"Kilim Cicim Rustico \u00c9tnico | El Rinc\u00f3n de Fehmi Madrid | Tienda de Kilim en Madrid\",\"isPartOf\":{\"@id\":\"https:\/\/elrincondefehmi.com\/es\/#website\"},\"datePublished\":\"2024-05-04T16:35:14+00:00\",\"dateModified\":\"2024-05-21T11:41:31+00:00\",\"description\":\"Kilim Cicim R\u00fastico Bordado de Estilo \u00c9tnico. Trae un toque de la antigua Mesopotamia a tu hogar con este aut\u00e9ntico Kilim Cicim.\",\"breadcrumb\":{\"@id\":\"https:\/\/elrincondefehmi.com\/es\/tienda\/kilim\/sumak\/kilim-cicim-rustico-etnico\/#breadcrumb\"},\"inLanguage\":\"es\",\"potentialAction\":[{\"@type\":\"ReadAction\",\"target\":[\"https:\/\/elrincondefehmi.com\/es\/tienda\/kilim\/sumak\/kilim-cicim-rustico-etnico\/\"]}]},{\"@type\":\"BreadcrumbList\",\"@id\":\"https:\/\/elrincondefehmi.com\/es\/tienda\/kilim\/sumak\/kilim-cicim-rustico-etnico\/#breadcrumb\",\"itemListElement\":[{\"@type\":\"ListItem\",\"position\":1,\"name\":\"PRODUCTOS\",\"item\":\"https:\/\/elrincondefehmi.com\/es\/all-product\/\"},{\"@type\":\"ListItem\",\"position\":2,\"name\":\"Kilim Rahrah 61&#215;250 cm\"}]},{\"@type\":\"WebSite\",\"@id\":\"https:\/\/elrincondefehmi.com\/es\/#website\",\"url\":\"https:\/\/elrincondefehmi.com\/es\/\",\"name\":\"El Rinc\u00f3n de Fehmi Madrid\",\"description\":\"Tienda de alfombras en Madrid.  En El Rinc\u00f3n de Fehmi somos especialistas en alfombras artesanales, alfombras modernas contempor\u00e1neas kilims de Turqu\u00eda\",\"potentialAction\":[{\"@type\":\"SearchAction\",\"target\":{\"@type\":\"EntryPoint\",\"urlTemplate\":\"https:\/\/elrincondefehmi.com\/es\/?s={search_term_string}\"},\"query-input\":\"required name=search_term_string\"}],\"inLanguage\":\"es\"}]}<\/script>\n<!-- \/ Yoast SEO plugin. -->","yoast_head_json":{"title":"Kilim Cicim Rustico \u00c9tnico | El Rinc\u00f3n de Fehmi Madrid | Tienda de Kilim en Madrid","description":"Kilim Cicim R\u00fastico Bordado de Estilo \u00c9tnico. Trae un toque de la antigua Mesopotamia a tu hogar con este aut\u00e9ntico Kilim Cicim.","robots":{"index":"index","follow":"follow","max-snippet":"max-snippet:-1","max-image-preview":"max-image-preview:large","max-video-preview":"max-video-preview:-1"},"canonical":"https:\/\/elrincondefehmi.com\/es\/tienda\/kilim\/sumak\/kilim-cicim-rustico-etnico\/","og_locale":"es_ES","og_type":"article","og_title":"Kilim Cicim Rustico \u00c9tnico | El Rinc\u00f3n de Fehmi Madrid | Tienda de Kilim en Madrid","og_description":"Kilim Cicim R\u00fastico Bordado de Estilo \u00c9tnico. Trae un toque de la antigua Mesopotamia a tu hogar con este aut\u00e9ntico Kilim Cicim.","og_url":"https:\/\/elrincondefehmi.com\/es\/tienda\/kilim\/sumak\/kilim-cicim-rustico-etnico\/","og_site_name":"El Rinc\u00f3n de Fehmi Madrid","article_modified_time":"2024-05-21T11:41:31+00:00","og_image":[{"width":770,"height":1070,"url":"https:\/\/elrincondefehmi.com\/es\/wp-content\/uploads\/2024\/05\/IMG_3016.jpg","type":"image\/jpeg"}],"twitter_card":"summary_large_image","schema":{"@context":"https:\/\/schema.org","@graph":[{"@type":"WebPage","@id":"https:\/\/elrincondefehmi.com\/es\/tienda\/kilim\/sumak\/kilim-cicim-rustico-etnico\/","url":"https:\/\/elrincondefehmi.com\/es\/tienda\/kilim\/sumak\/kilim-cicim-rustico-etnico\/","name":"Kilim Cicim Rustico \u00c9tnico | El Rinc\u00f3n de Fehmi Madrid | Tienda de Kilim en Madrid","isPartOf":{"@id":"https:\/\/elrincondefehmi.com\/es\/#website"},"datePublished":"2024-05-04T16:35:14+00:00","dateModified":"2024-05-21T11:41:31+00:00","description":"Kilim Cicim R\u00fastico Bordado de Estilo \u00c9tnico. Trae un toque de la antigua Mesopotamia a tu hogar con este aut\u00e9ntico Kilim Cicim.","breadcrumb":{"@id":"https:\/\/elrincondefehmi.com\/es\/tienda\/kilim\/sumak\/kilim-cicim-rustico-etnico\/#breadcrumb"},"inLanguage":"es","potentialAction":[{"@type":"ReadAction","target":["https:\/\/elrincondefehmi.com\/es\/tienda\/kilim\/sumak\/kilim-cicim-rustico-etnico\/"]}]},{"@type":"BreadcrumbList","@id":"https:\/\/elrincondefehmi.com\/es\/tienda\/kilim\/sumak\/kilim-cicim-rustico-etnico\/#breadcrumb","itemListElement":[{"@type":"ListItem","position":1,"name":"PRODUCTOS","item":"https:\/\/elrincondefehmi.com\/es\/all-product\/"},{"@type":"ListItem","position":2,"name":"Kilim Rahrah 61&#215;250 cm"}]},{"@type":"WebSite","@id":"https:\/\/elrincondefehmi.com\/es\/#website","url":"https:\/\/elrincondefehmi.com\/es\/","name":"El Rinc\u00f3n de Fehmi Madrid","description":"Tienda de alfombras en Madrid.  En El Rinc\u00f3n de Fehmi somos especialistas en alfombras artesanales, alfombras modernas contempor\u00e1neas kilims de Turqu\u00eda","potentialAction":[{"@type":"SearchAction","target":{"@type":"EntryPoint","urlTemplate":"https:\/\/elrincondefehmi.com\/es\/?s={search_term_string}"},"query-input":"required name=search_term_string"}],"inLanguage":"es"}]}},"_links":{"self":[{"href":"https:\/\/elrincondefehmi.com\/es\/wp-json\/wp\/v2\/product\/23962"}],"collection":[{"href":"https:\/\/elrincondefehmi.com\/es\/wp-json\/wp\/v2\/product"}],"about":[{"href":"https:\/\/elrincondefehmi.com\/es\/wp-json\/wp\/v2\/types\/product"}],"replies":[{"embeddable":true,"href":"https:\/\/elrincondefehmi.com\/es\/wp-json\/wp\/v2\/comments?post=23962"}],"wp:featuredmedia":[{"embeddable":true,"href":"https:\/\/elrincondefehmi.com\/es\/wp-json\/wp\/v2\/media\/23963"}],"wp:attachment":[{"href":"https:\/\/elrincondefehmi.com\/es\/wp-json\/wp\/v2\/media?parent=23962"}],"wp:term":[{"taxonomy":"product_cat","embeddable":true,"href":"https:\/\/elrincondefehmi.com\/es\/wp-json\/wp\/v2\/product_cat?post=23962"},{"taxonomy":"product_tag","embeddable":true,"href":"https:\/\/elrincondefehmi.com\/es\/wp-json\/wp\/v2\/product_tag?post=23962"}],"curies":[{"name":"wp","href":"https:\/\/api.w.org\/{rel}","templated":true}]}}