{"id":23909,"date":"2024-05-03T16:37:09","date_gmt":"2024-05-03T16:37:09","guid":{"rendered":"https:\/\/elrincondefehmi.com\/es\/?post_type=product&#038;p=23909"},"modified":"2024-06-22T17:51:33","modified_gmt":"2024-06-22T17:51:33","slug":"alfombra-de-diseno-moderna","status":"publish","type":"product","link":"https:\/\/elrincondefehmi.com\/es\/tienda\/alfombras-turcas\/alfombras-modernas\/alfombra-de-diseno-moderna\/","title":{"rendered":"New Age 14"},"content":{"rendered":"<p><strong>Alfombra de Dise\u00f1o Moderna <\/strong><\/p>\n<p>Esta alfombra contempor\u00e1nea abstracta es el complemento perfecto para cualquier hogar moderno. Su dise\u00f1o \u00fanico y su sofisticada paleta de colores aportan un toque elegante a cualquier espacio. Con una mezcla equilibrada de tonos grises, beige y azules, esta alfombra crea un <a href=\"https:\/\/elrincondefehmi.com\/es\/alfombras-naturales-y-ecologicas\/\">ambiente sereno<\/a> y acogedor.<\/p>\n<p>Caracter\u00edsticas principales de la Alfombra de Dise\u00f1o Moderna:<\/p>\n<ul>\n<li><strong>Dise\u00f1o Abstracto:<\/strong> La alfombra presenta un patr\u00f3n abstracto que le da un toque moderno y art\u00edstico.<\/li>\n<li><strong>Colores Sofisticados:<\/strong> La combinaci\u00f3n de colores neutros y fr\u00edos permite que esta alfombra se adapte a diversos estilos de decoraci\u00f3n.<\/li>\n<li><strong>Tejido de Alta Precisi\u00f3n:<\/strong> Fabricada con materiales de calidad y t\u00e9cnicas de tejido avanzadas, esta alfombra garantiza durabilidad y comodidad.<\/li>\n<\/ul>\n<p>Dale a tu hogar un toque de estilo con esta alfombra contempor\u00e1nea abstracta, que no solo embellece el espacio, sino que tambi\u00e9n lo hace m\u00e1s acogedor y elegante. Es una pieza vers\u00e1til que puede realzar cualquier habitaci\u00f3n, desde el sal\u00f3n hasta el dormitorio.<\/p>\n","protected":false},"excerpt":{"rendered":"<p>Densidad de nudos: 2.000.000 points m<sup>2<\/sup><\/p>\n<p>Espesor: 7 mm<\/p>\n<p>Edad: Nueva<\/p>\n<p>Origen: Turqu\u00eda<\/p>\n<p>Nudos: Bamb\u00fa seda<\/p>\n<p>Urdimbre: Algod\u00f3n<\/p>\n<p>Tejido de alta precisi\u00f3n<\/p>\n","protected":false},"featured_media":23924,"comment_status":"open","ping_status":"closed","template":"","meta":[],"product_cat":[19,308,315],"product_tag":[355,353,352,354],"yoast_head":"<!-- This site is optimized with the Yoast SEO plugin v21.5 - https:\/\/yoast.com\/wordpress\/plugins\/seo\/ -->\n<title>Alfombra de Dise\u00f1o Moderna| El Rinc\u00f3n de Fehmi Madrid | Tienda de Alfombras en Las Rozas<\/title>\n<meta name=\"description\" content=\"Alfombra de Dise\u00f1o Moderna. Esta alfombra contempor\u00e1nea abstracta es el complemento perfecto para cualquier hogar moderno.\" \/>\n<meta name=\"robots\" content=\"index, follow, max-snippet:-1, max-image-preview:large, max-video-preview:-1\" \/>\n<link rel=\"canonical\" href=\"https:\/\/elrincondefehmi.com\/es\/tienda\/alfombras-turcas\/alfombras-modernas\/alfombra-de-diseno-moderna\/\" \/>\n<meta property=\"og:locale\" content=\"es_ES\" \/>\n<meta property=\"og:type\" content=\"article\" \/>\n<meta property=\"og:title\" content=\"Alfombra de Dise\u00f1o Moderna| El Rinc\u00f3n de Fehmi Madrid | Tienda de Alfombras en Las Rozas\" \/>\n<meta property=\"og:description\" content=\"Alfombra de Dise\u00f1o Moderna. Esta alfombra contempor\u00e1nea abstracta es el complemento perfecto para cualquier hogar moderno.\" \/>\n<meta property=\"og:url\" content=\"https:\/\/elrincondefehmi.com\/es\/tienda\/alfombras-turcas\/alfombras-modernas\/alfombra-de-diseno-moderna\/\" \/>\n<meta property=\"og:site_name\" content=\"El Rinc\u00f3n de Fehmi Madrid\" \/>\n<meta property=\"article:modified_time\" content=\"2024-06-22T17:51:33+00:00\" \/>\n<meta property=\"og:image\" content=\"https:\/\/elrincondefehmi.com\/es\/wp-content\/uploads\/2024\/05\/eb18.jpg\" \/>\n\t<meta property=\"og:image:width\" content=\"750\" \/>\n\t<meta property=\"og:image:height\" content=\"1070\" \/>\n\t<meta property=\"og:image:type\" content=\"image\/jpeg\" \/>\n<meta name=\"twitter:card\" content=\"summary_large_image\" \/>\n<script type=\"application\/ld+json\" class=\"yoast-schema-graph\">{\"@context\":\"https:\/\/schema.org\",\"@graph\":[{\"@type\":\"WebPage\",\"@id\":\"https:\/\/elrincondefehmi.com\/es\/tienda\/alfombras-turcas\/alfombras-modernas\/alfombra-de-diseno-moderna\/\",\"url\":\"https:\/\/elrincondefehmi.com\/es\/tienda\/alfombras-turcas\/alfombras-modernas\/alfombra-de-diseno-moderna\/\",\"name\":\"Alfombra de Dise\u00f1o Moderna| El Rinc\u00f3n de Fehmi Madrid | Tienda de Alfombras en Las Rozas\",\"isPartOf\":{\"@id\":\"https:\/\/elrincondefehmi.com\/es\/#website\"},\"datePublished\":\"2024-05-03T16:37:09+00:00\",\"dateModified\":\"2024-06-22T17:51:33+00:00\",\"description\":\"Alfombra de Dise\u00f1o Moderna. Esta alfombra contempor\u00e1nea abstracta es el complemento perfecto para cualquier hogar moderno.\",\"breadcrumb\":{\"@id\":\"https:\/\/elrincondefehmi.com\/es\/tienda\/alfombras-turcas\/alfombras-modernas\/alfombra-de-diseno-moderna\/#breadcrumb\"},\"inLanguage\":\"es\",\"potentialAction\":[{\"@type\":\"ReadAction\",\"target\":[\"https:\/\/elrincondefehmi.com\/es\/tienda\/alfombras-turcas\/alfombras-modernas\/alfombra-de-diseno-moderna\/\"]}]},{\"@type\":\"BreadcrumbList\",\"@id\":\"https:\/\/elrincondefehmi.com\/es\/tienda\/alfombras-turcas\/alfombras-modernas\/alfombra-de-diseno-moderna\/#breadcrumb\",\"itemListElement\":[{\"@type\":\"ListItem\",\"position\":1,\"name\":\"PRODUCTOS\",\"item\":\"https:\/\/elrincondefehmi.com\/es\/all-product\/\"},{\"@type\":\"ListItem\",\"position\":2,\"name\":\"New Age 14\"}]},{\"@type\":\"WebSite\",\"@id\":\"https:\/\/elrincondefehmi.com\/es\/#website\",\"url\":\"https:\/\/elrincondefehmi.com\/es\/\",\"name\":\"El Rinc\u00f3n de Fehmi Madrid\",\"description\":\"Tienda de alfombras en Madrid.  En El Rinc\u00f3n de Fehmi somos especialistas en alfombras artesanales, alfombras modernas contempor\u00e1neas kilims de Turqu\u00eda\",\"potentialAction\":[{\"@type\":\"SearchAction\",\"target\":{\"@type\":\"EntryPoint\",\"urlTemplate\":\"https:\/\/elrincondefehmi.com\/es\/?s={search_term_string}\"},\"query-input\":\"required name=search_term_string\"}],\"inLanguage\":\"es\"}]}<\/script>\n<!-- \/ Yoast SEO plugin. -->","yoast_head_json":{"title":"Alfombra de Dise\u00f1o Moderna| El Rinc\u00f3n de Fehmi Madrid | Tienda de Alfombras en Las Rozas","description":"Alfombra de Dise\u00f1o Moderna. Esta alfombra contempor\u00e1nea abstracta es el complemento perfecto para cualquier hogar moderno.","robots":{"index":"index","follow":"follow","max-snippet":"max-snippet:-1","max-image-preview":"max-image-preview:large","max-video-preview":"max-video-preview:-1"},"canonical":"https:\/\/elrincondefehmi.com\/es\/tienda\/alfombras-turcas\/alfombras-modernas\/alfombra-de-diseno-moderna\/","og_locale":"es_ES","og_type":"article","og_title":"Alfombra de Dise\u00f1o Moderna| El Rinc\u00f3n de Fehmi Madrid | Tienda de Alfombras en Las Rozas","og_description":"Alfombra de Dise\u00f1o Moderna. Esta alfombra contempor\u00e1nea abstracta es el complemento perfecto para cualquier hogar moderno.","og_url":"https:\/\/elrincondefehmi.com\/es\/tienda\/alfombras-turcas\/alfombras-modernas\/alfombra-de-diseno-moderna\/","og_site_name":"El Rinc\u00f3n de Fehmi Madrid","article_modified_time":"2024-06-22T17:51:33+00:00","og_image":[{"width":750,"height":1070,"url":"https:\/\/elrincondefehmi.com\/es\/wp-content\/uploads\/2024\/05\/eb18.jpg","type":"image\/jpeg"}],"twitter_card":"summary_large_image","schema":{"@context":"https:\/\/schema.org","@graph":[{"@type":"WebPage","@id":"https:\/\/elrincondefehmi.com\/es\/tienda\/alfombras-turcas\/alfombras-modernas\/alfombra-de-diseno-moderna\/","url":"https:\/\/elrincondefehmi.com\/es\/tienda\/alfombras-turcas\/alfombras-modernas\/alfombra-de-diseno-moderna\/","name":"Alfombra de Dise\u00f1o Moderna| El Rinc\u00f3n de Fehmi Madrid | Tienda de Alfombras en Las Rozas","isPartOf":{"@id":"https:\/\/elrincondefehmi.com\/es\/#website"},"datePublished":"2024-05-03T16:37:09+00:00","dateModified":"2024-06-22T17:51:33+00:00","description":"Alfombra de Dise\u00f1o Moderna. Esta alfombra contempor\u00e1nea abstracta es el complemento perfecto para cualquier hogar moderno.","breadcrumb":{"@id":"https:\/\/elrincondefehmi.com\/es\/tienda\/alfombras-turcas\/alfombras-modernas\/alfombra-de-diseno-moderna\/#breadcrumb"},"inLanguage":"es","potentialAction":[{"@type":"ReadAction","target":["https:\/\/elrincondefehmi.com\/es\/tienda\/alfombras-turcas\/alfombras-modernas\/alfombra-de-diseno-moderna\/"]}]},{"@type":"BreadcrumbList","@id":"https:\/\/elrincondefehmi.com\/es\/tienda\/alfombras-turcas\/alfombras-modernas\/alfombra-de-diseno-moderna\/#breadcrumb","itemListElement":[{"@type":"ListItem","position":1,"name":"PRODUCTOS","item":"https:\/\/elrincondefehmi.com\/es\/all-product\/"},{"@type":"ListItem","position":2,"name":"New Age 14"}]},{"@type":"WebSite","@id":"https:\/\/elrincondefehmi.com\/es\/#website","url":"https:\/\/elrincondefehmi.com\/es\/","name":"El Rinc\u00f3n de Fehmi Madrid","description":"Tienda de alfombras en Madrid.  En El Rinc\u00f3n de Fehmi somos especialistas en alfombras artesanales, alfombras modernas contempor\u00e1neas kilims de Turqu\u00eda","potentialAction":[{"@type":"SearchAction","target":{"@type":"EntryPoint","urlTemplate":"https:\/\/elrincondefehmi.com\/es\/?s={search_term_string}"},"query-input":"required name=search_term_string"}],"inLanguage":"es"}]}},"_links":{"self":[{"href":"https:\/\/elrincondefehmi.com\/es\/wp-json\/wp\/v2\/product\/23909"}],"collection":[{"href":"https:\/\/elrincondefehmi.com\/es\/wp-json\/wp\/v2\/product"}],"about":[{"href":"https:\/\/elrincondefehmi.com\/es\/wp-json\/wp\/v2\/types\/product"}],"replies":[{"embeddable":true,"href":"https:\/\/elrincondefehmi.com\/es\/wp-json\/wp\/v2\/comments?post=23909"}],"wp:featuredmedia":[{"embeddable":true,"href":"https:\/\/elrincondefehmi.com\/es\/wp-json\/wp\/v2\/media\/23924"}],"wp:attachment":[{"href":"https:\/\/elrincondefehmi.com\/es\/wp-json\/wp\/v2\/media?parent=23909"}],"wp:term":[{"taxonomy":"product_cat","embeddable":true,"href":"https:\/\/elrincondefehmi.com\/es\/wp-json\/wp\/v2\/product_cat?post=23909"},{"taxonomy":"product_tag","embeddable":true,"href":"https:\/\/elrincondefehmi.com\/es\/wp-json\/wp\/v2\/product_tag?post=23909"}],"curies":[{"name":"wp","href":"https:\/\/api.w.org\/{rel}","templated":true}]}}