{"id":23867,"date":"2024-05-03T09:58:47","date_gmt":"2024-05-03T09:58:47","guid":{"rendered":"https:\/\/elrincondefehmi.com\/es\/?post_type=product&#038;p=23867"},"modified":"2024-06-22T17:52:31","modified_gmt":"2024-06-22T17:52:31","slug":"alfombra-abstracta-contemporanea","status":"publish","type":"product","link":"https:\/\/elrincondefehmi.com\/es\/tienda\/alfombras-turcas\/alfombras-modernas\/alfombra-abstracta-contemporanea\/","title":{"rendered":"New Age 12"},"content":{"rendered":"<p><strong>Moderna Alfombra Contempor\u00e1nea Multicolor<\/strong><\/p>\n<p>Dale vida a tus espacios con nuestra Alfombra Moderna Contempor\u00e1nea, un aut\u00e9ntico espect\u00e1culo visual que a\u00f1adir\u00e1 estilo y sofisticaci\u00f3n a tu hogar. Esta alfombra presenta un dise\u00f1o abstracto y moderno, que combina a la perfecci\u00f3n tonos c\u00e1lidos y fr\u00edos, creando un equilibrio visual encantador. Con su variada gama de colores, esta alfombra es la elecci\u00f3n perfecta para cualquier habitaci\u00f3n, ya sea un sal\u00f3n, un dormitorio o un estudio.<\/p>\n<p><strong>Caracter\u00edsticas destacadas:<\/strong><\/p>\n<ul>\n<li><strong>Dise\u00f1o Moderno:<\/strong> La alfombra presenta un patr\u00f3n abstracto \u00fanico, combinando tonos que van desde el beige y el gris hasta el azul y el marr\u00f3n. Este dise\u00f1o contempor\u00e1neo es ideal para complementar cualquier estilo de decoraci\u00f3n.<\/li>\n<li><strong>Materiales de Calidad:<\/strong> Fabricada con materiales de alta calidad, esta alfombra es duradera y c\u00f3moda, proporcionando una sensaci\u00f3n suave bajo los pies.<\/li>\n<li><strong>Dimensiones Variadas:<\/strong> Disponible en varios tama\u00f1os, esta alfombra se adapta a cualquier espacio, brindando versatilidad y practicidad.<\/li>\n<\/ul>\n<p>Transforma tu hogar con esta Alfombra Moderna Contempor\u00e1nea y a\u00f1ade un toque de elegancia y modernidad a tu decoraci\u00f3n. Es la pieza perfecta para realzar cualquier ambiente, convirti\u00e9ndose en un punto focal que atraer\u00e1 todas las miradas. Si buscas una alfombra que sea tanto funcional como est\u00e9tica, esta es la elecci\u00f3n ideal para ti.<\/p>\n","protected":false},"excerpt":{"rendered":"<p>Densidad de nudos: 2.000.000 points m<sup>2<\/sup><\/p>\n<p>Espesor: 7 mm<\/p>\n<p>Edad: Nueva<\/p>\n<p>Origen: Turqu\u00eda<\/p>\n<p>Nudos: Bamb\u00fa seda<\/p>\n<p>Urdimbre: Algod\u00f3n<\/p>\n<p>Tejido de alta precisi\u00f3n<\/p>\n","protected":false},"featured_media":23861,"comment_status":"open","ping_status":"closed","template":"","meta":[],"product_cat":[19,308,315],"product_tag":[355,353,352,354],"yoast_head":"<!-- This site is optimized with the Yoast SEO plugin v21.5 - https:\/\/yoast.com\/wordpress\/plugins\/seo\/ -->\n<title>Alfombra Abstracta Contemporanea| El Rinc\u00f3n de Fehmi Madrid | Tienda de Alfombras<\/title>\n<meta name=\"description\" content=\"Dale vida a tus espacios con nuestra Alfombra Abstracta Contempor\u00e1nea, un aut\u00e9ntico espect\u00e1culo visual que a\u00f1adir\u00e1 estilo y sofisticaci\u00f3n a tu hogar.\" \/>\n<meta name=\"robots\" content=\"index, follow, max-snippet:-1, max-image-preview:large, max-video-preview:-1\" \/>\n<link rel=\"canonical\" href=\"https:\/\/elrincondefehmi.com\/es\/tienda\/alfombras-turcas\/alfombras-modernas\/alfombra-abstracta-contemporanea\/\" \/>\n<meta property=\"og:locale\" content=\"es_ES\" \/>\n<meta property=\"og:type\" content=\"article\" \/>\n<meta property=\"og:title\" content=\"Alfombra Abstracta Contemporanea| El Rinc\u00f3n de Fehmi Madrid | Tienda de Alfombras\" \/>\n<meta property=\"og:description\" content=\"Dale vida a tus espacios con nuestra Alfombra Abstracta Contempor\u00e1nea, un aut\u00e9ntico espect\u00e1culo visual que a\u00f1adir\u00e1 estilo y sofisticaci\u00f3n a tu hogar.\" \/>\n<meta property=\"og:url\" content=\"https:\/\/elrincondefehmi.com\/es\/tienda\/alfombras-turcas\/alfombras-modernas\/alfombra-abstracta-contemporanea\/\" \/>\n<meta property=\"og:site_name\" content=\"El Rinc\u00f3n de Fehmi Madrid\" \/>\n<meta property=\"article:modified_time\" content=\"2024-06-22T17:52:31+00:00\" \/>\n<meta property=\"og:image\" content=\"https:\/\/elrincondefehmi.com\/es\/wp-content\/uploads\/2024\/05\/Erm-15.jpg\" \/>\n\t<meta property=\"og:image:width\" content=\"750\" \/>\n\t<meta property=\"og:image:height\" content=\"1070\" \/>\n\t<meta property=\"og:image:type\" content=\"image\/jpeg\" \/>\n<meta name=\"twitter:card\" content=\"summary_large_image\" \/>\n<script type=\"application\/ld+json\" class=\"yoast-schema-graph\">{\"@context\":\"https:\/\/schema.org\",\"@graph\":[{\"@type\":\"WebPage\",\"@id\":\"https:\/\/elrincondefehmi.com\/es\/tienda\/alfombras-turcas\/alfombras-modernas\/alfombra-abstracta-contemporanea\/\",\"url\":\"https:\/\/elrincondefehmi.com\/es\/tienda\/alfombras-turcas\/alfombras-modernas\/alfombra-abstracta-contemporanea\/\",\"name\":\"Alfombra Abstracta Contemporanea| El Rinc\u00f3n de Fehmi Madrid | Tienda de Alfombras\",\"isPartOf\":{\"@id\":\"https:\/\/elrincondefehmi.com\/es\/#website\"},\"datePublished\":\"2024-05-03T09:58:47+00:00\",\"dateModified\":\"2024-06-22T17:52:31+00:00\",\"description\":\"Dale vida a tus espacios con nuestra Alfombra Abstracta Contempor\u00e1nea, un aut\u00e9ntico espect\u00e1culo visual que a\u00f1adir\u00e1 estilo y sofisticaci\u00f3n a tu hogar.\",\"breadcrumb\":{\"@id\":\"https:\/\/elrincondefehmi.com\/es\/tienda\/alfombras-turcas\/alfombras-modernas\/alfombra-abstracta-contemporanea\/#breadcrumb\"},\"inLanguage\":\"es\",\"potentialAction\":[{\"@type\":\"ReadAction\",\"target\":[\"https:\/\/elrincondefehmi.com\/es\/tienda\/alfombras-turcas\/alfombras-modernas\/alfombra-abstracta-contemporanea\/\"]}]},{\"@type\":\"BreadcrumbList\",\"@id\":\"https:\/\/elrincondefehmi.com\/es\/tienda\/alfombras-turcas\/alfombras-modernas\/alfombra-abstracta-contemporanea\/#breadcrumb\",\"itemListElement\":[{\"@type\":\"ListItem\",\"position\":1,\"name\":\"PRODUCTOS\",\"item\":\"https:\/\/elrincondefehmi.com\/es\/all-product\/\"},{\"@type\":\"ListItem\",\"position\":2,\"name\":\"New Age 12\"}]},{\"@type\":\"WebSite\",\"@id\":\"https:\/\/elrincondefehmi.com\/es\/#website\",\"url\":\"https:\/\/elrincondefehmi.com\/es\/\",\"name\":\"El Rinc\u00f3n de Fehmi Madrid\",\"description\":\"Tienda de alfombras en Madrid.  En El Rinc\u00f3n de Fehmi somos especialistas en alfombras artesanales, alfombras modernas contempor\u00e1neas kilims de Turqu\u00eda\",\"potentialAction\":[{\"@type\":\"SearchAction\",\"target\":{\"@type\":\"EntryPoint\",\"urlTemplate\":\"https:\/\/elrincondefehmi.com\/es\/?s={search_term_string}\"},\"query-input\":\"required name=search_term_string\"}],\"inLanguage\":\"es\"}]}<\/script>\n<!-- \/ Yoast SEO plugin. -->","yoast_head_json":{"title":"Alfombra Abstracta Contemporanea| El Rinc\u00f3n de Fehmi Madrid | Tienda de Alfombras","description":"Dale vida a tus espacios con nuestra Alfombra Abstracta Contempor\u00e1nea, un aut\u00e9ntico espect\u00e1culo visual que a\u00f1adir\u00e1 estilo y sofisticaci\u00f3n a tu hogar.","robots":{"index":"index","follow":"follow","max-snippet":"max-snippet:-1","max-image-preview":"max-image-preview:large","max-video-preview":"max-video-preview:-1"},"canonical":"https:\/\/elrincondefehmi.com\/es\/tienda\/alfombras-turcas\/alfombras-modernas\/alfombra-abstracta-contemporanea\/","og_locale":"es_ES","og_type":"article","og_title":"Alfombra Abstracta Contemporanea| El Rinc\u00f3n de Fehmi Madrid | Tienda de Alfombras","og_description":"Dale vida a tus espacios con nuestra Alfombra Abstracta Contempor\u00e1nea, un aut\u00e9ntico espect\u00e1culo visual que a\u00f1adir\u00e1 estilo y sofisticaci\u00f3n a tu hogar.","og_url":"https:\/\/elrincondefehmi.com\/es\/tienda\/alfombras-turcas\/alfombras-modernas\/alfombra-abstracta-contemporanea\/","og_site_name":"El Rinc\u00f3n de Fehmi Madrid","article_modified_time":"2024-06-22T17:52:31+00:00","og_image":[{"width":750,"height":1070,"url":"https:\/\/elrincondefehmi.com\/es\/wp-content\/uploads\/2024\/05\/Erm-15.jpg","type":"image\/jpeg"}],"twitter_card":"summary_large_image","schema":{"@context":"https:\/\/schema.org","@graph":[{"@type":"WebPage","@id":"https:\/\/elrincondefehmi.com\/es\/tienda\/alfombras-turcas\/alfombras-modernas\/alfombra-abstracta-contemporanea\/","url":"https:\/\/elrincondefehmi.com\/es\/tienda\/alfombras-turcas\/alfombras-modernas\/alfombra-abstracta-contemporanea\/","name":"Alfombra Abstracta Contemporanea| El Rinc\u00f3n de Fehmi Madrid | Tienda de Alfombras","isPartOf":{"@id":"https:\/\/elrincondefehmi.com\/es\/#website"},"datePublished":"2024-05-03T09:58:47+00:00","dateModified":"2024-06-22T17:52:31+00:00","description":"Dale vida a tus espacios con nuestra Alfombra Abstracta Contempor\u00e1nea, un aut\u00e9ntico espect\u00e1culo visual que a\u00f1adir\u00e1 estilo y sofisticaci\u00f3n a tu hogar.","breadcrumb":{"@id":"https:\/\/elrincondefehmi.com\/es\/tienda\/alfombras-turcas\/alfombras-modernas\/alfombra-abstracta-contemporanea\/#breadcrumb"},"inLanguage":"es","potentialAction":[{"@type":"ReadAction","target":["https:\/\/elrincondefehmi.com\/es\/tienda\/alfombras-turcas\/alfombras-modernas\/alfombra-abstracta-contemporanea\/"]}]},{"@type":"BreadcrumbList","@id":"https:\/\/elrincondefehmi.com\/es\/tienda\/alfombras-turcas\/alfombras-modernas\/alfombra-abstracta-contemporanea\/#breadcrumb","itemListElement":[{"@type":"ListItem","position":1,"name":"PRODUCTOS","item":"https:\/\/elrincondefehmi.com\/es\/all-product\/"},{"@type":"ListItem","position":2,"name":"New Age 12"}]},{"@type":"WebSite","@id":"https:\/\/elrincondefehmi.com\/es\/#website","url":"https:\/\/elrincondefehmi.com\/es\/","name":"El Rinc\u00f3n de Fehmi Madrid","description":"Tienda de alfombras en Madrid.  En El Rinc\u00f3n de Fehmi somos especialistas en alfombras artesanales, alfombras modernas contempor\u00e1neas kilims de Turqu\u00eda","potentialAction":[{"@type":"SearchAction","target":{"@type":"EntryPoint","urlTemplate":"https:\/\/elrincondefehmi.com\/es\/?s={search_term_string}"},"query-input":"required name=search_term_string"}],"inLanguage":"es"}]}},"_links":{"self":[{"href":"https:\/\/elrincondefehmi.com\/es\/wp-json\/wp\/v2\/product\/23867"}],"collection":[{"href":"https:\/\/elrincondefehmi.com\/es\/wp-json\/wp\/v2\/product"}],"about":[{"href":"https:\/\/elrincondefehmi.com\/es\/wp-json\/wp\/v2\/types\/product"}],"replies":[{"embeddable":true,"href":"https:\/\/elrincondefehmi.com\/es\/wp-json\/wp\/v2\/comments?post=23867"}],"wp:featuredmedia":[{"embeddable":true,"href":"https:\/\/elrincondefehmi.com\/es\/wp-json\/wp\/v2\/media\/23861"}],"wp:attachment":[{"href":"https:\/\/elrincondefehmi.com\/es\/wp-json\/wp\/v2\/media?parent=23867"}],"wp:term":[{"taxonomy":"product_cat","embeddable":true,"href":"https:\/\/elrincondefehmi.com\/es\/wp-json\/wp\/v2\/product_cat?post=23867"},{"taxonomy":"product_tag","embeddable":true,"href":"https:\/\/elrincondefehmi.com\/es\/wp-json\/wp\/v2\/product_tag?post=23867"}],"curies":[{"name":"wp","href":"https:\/\/api.w.org\/{rel}","templated":true}]}}