{"id":23807,"date":"2024-05-01T19:59:26","date_gmt":"2024-05-01T19:59:26","guid":{"rendered":"https:\/\/elrincondefehmi.com\/es\/?post_type=product&#038;p=23807"},"modified":"2024-05-21T11:41:29","modified_gmt":"2024-05-21T11:41:29","slug":"kilim-soumak-largo-para-pasillo","status":"publish","type":"product","link":"https:\/\/elrincondefehmi.com\/es\/tienda\/kilim\/sumak\/kilim-soumak-largo-para-pasillo\/","title":{"rendered":"Kilim para pasillo 73&#215;289 cm"},"content":{"rendered":"<p><strong>Kilim Soumak Tradicional para Pasillo<\/strong><\/p>\n<p>Transforma tu pasillo en una galer\u00eda de arte con nuestro Kilim Soumak de Pasillo, que combina la maestr\u00eda artesanal con un dise\u00f1o tradicional. Este kilim, de generosas dimensiones de 73&#215;289 cm, es perfecto para pasillos largos y espaciosos, aportando profundidad y un inter\u00e9s visual inigualable. Cada kilim es tejido a mano utilizando la t\u00e9cnica Soumak, conocida por su robustez y textura intrincada, lo que garantiza un producto tanto duradero como est\u00e9ticamente atractivo.<\/p>\n<p>El dise\u00f1o presenta motivos geom\u00e9tricos en una paleta de colores vibrantes que incluyen rojo profundo, azul marino y acentos de beige y blanco. Estos patrones no solo son visualmente impactantes, sino que tambi\u00e9n evocan la rica historia y la cultura de los tejidos tradicionales. Ideal para dar vida a pasillos o grandes corredores, este kilim a\u00f1ade un toque de elegancia y sofisticaci\u00f3n a cualquier hogar.<\/p>\n<p>Adem\u00e1s de su valor est\u00e9tico, este kilim es altamente pr\u00e1ctico para \u00e1reas de alto tr\u00e1fico, manteniendo su belleza bajo condiciones de uso frecuente gracias a su construcci\u00f3n robusta y materiales de alta calidad.<\/p>\n","protected":false},"excerpt":{"rendered":"<p>Origen: Turqu\u00eda \/ Sur este de Anatolia<br \/>\nMaterial: Algod\u00f3n y seda<br \/>\nMedidas: 73&#215;289 cm<br \/>\nHecho a mano<\/p>\n","protected":false},"featured_media":23808,"comment_status":"open","ping_status":"closed","template":"","meta":[],"product_cat":[335,434,103,16],"product_tag":[391,355,353,352],"yoast_head":"<!-- This site is optimized with the Yoast SEO plugin v21.5 - https:\/\/yoast.com\/wordpress\/plugins\/seo\/ -->\n<title>Kilim Soumak Largo para Pasillo | El Rinc\u00f3n de Fehmi Madrid<\/title>\n<meta name=\"description\" content=\"Transforma tu pasillo en una galer\u00eda de arte con nuestro Kilim Soumak de Pasillo, que combina la maestr\u00eda artesanal con un dise\u00f1o tradicional.\" \/>\n<meta name=\"robots\" content=\"index, follow, max-snippet:-1, max-image-preview:large, max-video-preview:-1\" \/>\n<link rel=\"canonical\" href=\"https:\/\/elrincondefehmi.com\/es\/tienda\/kilim\/sumak\/kilim-soumak-largo-para-pasillo\/\" \/>\n<meta property=\"og:locale\" content=\"es_ES\" \/>\n<meta property=\"og:type\" content=\"article\" \/>\n<meta property=\"og:title\" content=\"Kilim Soumak Largo para Pasillo | El Rinc\u00f3n de Fehmi Madrid\" \/>\n<meta property=\"og:description\" content=\"Transforma tu pasillo en una galer\u00eda de arte con nuestro Kilim Soumak de Pasillo, que combina la maestr\u00eda artesanal con un dise\u00f1o tradicional.\" \/>\n<meta property=\"og:url\" content=\"https:\/\/elrincondefehmi.com\/es\/tienda\/kilim\/sumak\/kilim-soumak-largo-para-pasillo\/\" \/>\n<meta property=\"og:site_name\" content=\"El Rinc\u00f3n de Fehmi Madrid\" \/>\n<meta property=\"article:modified_time\" content=\"2024-05-21T11:41:29+00:00\" \/>\n<meta property=\"og:image\" content=\"https:\/\/elrincondefehmi.com\/es\/wp-content\/uploads\/2024\/05\/IMG_2067.jpg\" \/>\n\t<meta property=\"og:image:width\" content=\"770\" \/>\n\t<meta property=\"og:image:height\" content=\"1070\" \/>\n\t<meta property=\"og:image:type\" content=\"image\/jpeg\" \/>\n<meta name=\"twitter:card\" content=\"summary_large_image\" \/>\n<script type=\"application\/ld+json\" class=\"yoast-schema-graph\">{\"@context\":\"https:\/\/schema.org\",\"@graph\":[{\"@type\":\"WebPage\",\"@id\":\"https:\/\/elrincondefehmi.com\/es\/tienda\/kilim\/sumak\/kilim-soumak-largo-para-pasillo\/\",\"url\":\"https:\/\/elrincondefehmi.com\/es\/tienda\/kilim\/sumak\/kilim-soumak-largo-para-pasillo\/\",\"name\":\"Kilim Soumak Largo para Pasillo | El Rinc\u00f3n de Fehmi Madrid\",\"isPartOf\":{\"@id\":\"https:\/\/elrincondefehmi.com\/es\/#website\"},\"datePublished\":\"2024-05-01T19:59:26+00:00\",\"dateModified\":\"2024-05-21T11:41:29+00:00\",\"description\":\"Transforma tu pasillo en una galer\u00eda de arte con nuestro Kilim Soumak de Pasillo, que combina la maestr\u00eda artesanal con un dise\u00f1o tradicional.\",\"breadcrumb\":{\"@id\":\"https:\/\/elrincondefehmi.com\/es\/tienda\/kilim\/sumak\/kilim-soumak-largo-para-pasillo\/#breadcrumb\"},\"inLanguage\":\"es\",\"potentialAction\":[{\"@type\":\"ReadAction\",\"target\":[\"https:\/\/elrincondefehmi.com\/es\/tienda\/kilim\/sumak\/kilim-soumak-largo-para-pasillo\/\"]}]},{\"@type\":\"BreadcrumbList\",\"@id\":\"https:\/\/elrincondefehmi.com\/es\/tienda\/kilim\/sumak\/kilim-soumak-largo-para-pasillo\/#breadcrumb\",\"itemListElement\":[{\"@type\":\"ListItem\",\"position\":1,\"name\":\"PRODUCTOS\",\"item\":\"https:\/\/elrincondefehmi.com\/es\/all-product\/\"},{\"@type\":\"ListItem\",\"position\":2,\"name\":\"Kilim para pasillo 73&#215;289 cm\"}]},{\"@type\":\"WebSite\",\"@id\":\"https:\/\/elrincondefehmi.com\/es\/#website\",\"url\":\"https:\/\/elrincondefehmi.com\/es\/\",\"name\":\"El Rinc\u00f3n de Fehmi Madrid\",\"description\":\"Tienda de alfombras en Madrid.  En El Rinc\u00f3n de Fehmi somos especialistas en alfombras artesanales, alfombras modernas contempor\u00e1neas kilims de Turqu\u00eda\",\"potentialAction\":[{\"@type\":\"SearchAction\",\"target\":{\"@type\":\"EntryPoint\",\"urlTemplate\":\"https:\/\/elrincondefehmi.com\/es\/?s={search_term_string}\"},\"query-input\":\"required name=search_term_string\"}],\"inLanguage\":\"es\"}]}<\/script>\n<!-- \/ Yoast SEO plugin. -->","yoast_head_json":{"title":"Kilim Soumak Largo para Pasillo | El Rinc\u00f3n de Fehmi Madrid","description":"Transforma tu pasillo en una galer\u00eda de arte con nuestro Kilim Soumak de Pasillo, que combina la maestr\u00eda artesanal con un dise\u00f1o tradicional.","robots":{"index":"index","follow":"follow","max-snippet":"max-snippet:-1","max-image-preview":"max-image-preview:large","max-video-preview":"max-video-preview:-1"},"canonical":"https:\/\/elrincondefehmi.com\/es\/tienda\/kilim\/sumak\/kilim-soumak-largo-para-pasillo\/","og_locale":"es_ES","og_type":"article","og_title":"Kilim Soumak Largo para Pasillo | El Rinc\u00f3n de Fehmi Madrid","og_description":"Transforma tu pasillo en una galer\u00eda de arte con nuestro Kilim Soumak de Pasillo, que combina la maestr\u00eda artesanal con un dise\u00f1o tradicional.","og_url":"https:\/\/elrincondefehmi.com\/es\/tienda\/kilim\/sumak\/kilim-soumak-largo-para-pasillo\/","og_site_name":"El Rinc\u00f3n de Fehmi Madrid","article_modified_time":"2024-05-21T11:41:29+00:00","og_image":[{"width":770,"height":1070,"url":"https:\/\/elrincondefehmi.com\/es\/wp-content\/uploads\/2024\/05\/IMG_2067.jpg","type":"image\/jpeg"}],"twitter_card":"summary_large_image","schema":{"@context":"https:\/\/schema.org","@graph":[{"@type":"WebPage","@id":"https:\/\/elrincondefehmi.com\/es\/tienda\/kilim\/sumak\/kilim-soumak-largo-para-pasillo\/","url":"https:\/\/elrincondefehmi.com\/es\/tienda\/kilim\/sumak\/kilim-soumak-largo-para-pasillo\/","name":"Kilim Soumak Largo para Pasillo | El Rinc\u00f3n de Fehmi Madrid","isPartOf":{"@id":"https:\/\/elrincondefehmi.com\/es\/#website"},"datePublished":"2024-05-01T19:59:26+00:00","dateModified":"2024-05-21T11:41:29+00:00","description":"Transforma tu pasillo en una galer\u00eda de arte con nuestro Kilim Soumak de Pasillo, que combina la maestr\u00eda artesanal con un dise\u00f1o tradicional.","breadcrumb":{"@id":"https:\/\/elrincondefehmi.com\/es\/tienda\/kilim\/sumak\/kilim-soumak-largo-para-pasillo\/#breadcrumb"},"inLanguage":"es","potentialAction":[{"@type":"ReadAction","target":["https:\/\/elrincondefehmi.com\/es\/tienda\/kilim\/sumak\/kilim-soumak-largo-para-pasillo\/"]}]},{"@type":"BreadcrumbList","@id":"https:\/\/elrincondefehmi.com\/es\/tienda\/kilim\/sumak\/kilim-soumak-largo-para-pasillo\/#breadcrumb","itemListElement":[{"@type":"ListItem","position":1,"name":"PRODUCTOS","item":"https:\/\/elrincondefehmi.com\/es\/all-product\/"},{"@type":"ListItem","position":2,"name":"Kilim para pasillo 73&#215;289 cm"}]},{"@type":"WebSite","@id":"https:\/\/elrincondefehmi.com\/es\/#website","url":"https:\/\/elrincondefehmi.com\/es\/","name":"El Rinc\u00f3n de Fehmi Madrid","description":"Tienda de alfombras en Madrid.  En El Rinc\u00f3n de Fehmi somos especialistas en alfombras artesanales, alfombras modernas contempor\u00e1neas kilims de Turqu\u00eda","potentialAction":[{"@type":"SearchAction","target":{"@type":"EntryPoint","urlTemplate":"https:\/\/elrincondefehmi.com\/es\/?s={search_term_string}"},"query-input":"required name=search_term_string"}],"inLanguage":"es"}]}},"_links":{"self":[{"href":"https:\/\/elrincondefehmi.com\/es\/wp-json\/wp\/v2\/product\/23807"}],"collection":[{"href":"https:\/\/elrincondefehmi.com\/es\/wp-json\/wp\/v2\/product"}],"about":[{"href":"https:\/\/elrincondefehmi.com\/es\/wp-json\/wp\/v2\/types\/product"}],"replies":[{"embeddable":true,"href":"https:\/\/elrincondefehmi.com\/es\/wp-json\/wp\/v2\/comments?post=23807"}],"wp:featuredmedia":[{"embeddable":true,"href":"https:\/\/elrincondefehmi.com\/es\/wp-json\/wp\/v2\/media\/23808"}],"wp:attachment":[{"href":"https:\/\/elrincondefehmi.com\/es\/wp-json\/wp\/v2\/media?parent=23807"}],"wp:term":[{"taxonomy":"product_cat","embeddable":true,"href":"https:\/\/elrincondefehmi.com\/es\/wp-json\/wp\/v2\/product_cat?post=23807"},{"taxonomy":"product_tag","embeddable":true,"href":"https:\/\/elrincondefehmi.com\/es\/wp-json\/wp\/v2\/product_tag?post=23807"}],"curies":[{"name":"wp","href":"https:\/\/api.w.org\/{rel}","templated":true}]}}