{"id":23790,"date":"2024-05-01T18:44:38","date_gmt":"2024-05-01T18:44:38","guid":{"rendered":"https:\/\/elrincondefehmi.com\/es\/?post_type=product&#038;p=23790"},"modified":"2024-05-21T11:41:29","modified_gmt":"2024-05-21T11:41:29","slug":"kilims-geometricos-para-pasillo","status":"publish","type":"product","link":"https:\/\/elrincondefehmi.com\/es\/tienda\/kilim\/pasilleros\/kilims-geometricos-para-pasillo\/","title":{"rendered":"Kilim para pasillo 60&#215;200 cm"},"content":{"rendered":"<p><strong>Kilim de Pasillo Tradicional Geom\u00e9trico<\/strong><\/p>\n<p>A\u00f1ade un toque de arte tradicional y modernidad a tu hogar con nuestro Kilim de Pasillo Estrecho. Este kilim, con dimensiones de 60&#215;200 cm, es la elecci\u00f3n perfecta para decorar pasillos y otros espacios estrechos, aportando calidez y estilo con su dise\u00f1o \u00fanico. Fabricado a mano por artesanos expertos, este kilim combina durabilidad y belleza, gracias a su meticulosa atenci\u00f3n al detalle y uso de materiales de alta calidad.<\/p>\n<p>El dise\u00f1o presenta un patr\u00f3n geom\u00e9trico audaz con una paleta de colores rica en rojos y verdes, enmarcados en un fondo beige que realza cada detalle. Estos elementos decorativos no solo embellecen el espacio, sino que tambi\u00e9n captan la mirada, haciendo de cada paso una experiencia visualmente placentera.<\/p>\n<p>Ideal para \u00e1reas de tr\u00e1fico intenso, este kilim es resistente y f\u00e1cil de mantener, asegurando una larga vida \u00fatil incluso en las zonas m\u00e1s transitadas de tu hogar. Su formato alargado y delgado se adapta perfectamente a pasillos y entradas, optimizando el espacio sin sacrificar estilo ni calidad.<\/p>\n","protected":false},"excerpt":{"rendered":"<p>Origen: Turqu\u00eda \/ Kayseri regi\u00f3n de Capadocia<br \/>\nMaterial: Lana.<br \/>\nMedidas: 60\u00d7200 cm<br \/>\nHecho a mano.<br \/>\nEstado: Nuevo<\/p>\n","protected":false},"featured_media":23791,"comment_status":"open","ping_status":"closed","template":"","meta":[],"product_cat":[335,434,16],"product_tag":[391,355,353,352],"yoast_head":"<!-- This site is optimized with the Yoast SEO plugin v21.5 - https:\/\/yoast.com\/wordpress\/plugins\/seo\/ -->\n<title>Kilims Geom\u00e9tricos para Pasillo | El Rinc\u00f3n de Fehmi Madrid | Alfombras persas<\/title>\n<meta name=\"description\" content=\"Kilims Geom\u00e9tricos para Pasillo. A\u00f1ade un toque de arte tradicional y modernidad a tu hogar con nuestro Kilim de Pasillo Estrecho.\" \/>\n<meta name=\"robots\" content=\"index, follow, max-snippet:-1, max-image-preview:large, max-video-preview:-1\" \/>\n<link rel=\"canonical\" href=\"https:\/\/elrincondefehmi.com\/es\/tienda\/kilim\/pasilleros\/kilims-geometricos-para-pasillo\/\" \/>\n<meta property=\"og:locale\" content=\"es_ES\" \/>\n<meta property=\"og:type\" content=\"article\" \/>\n<meta property=\"og:title\" content=\"Kilims Geom\u00e9tricos para Pasillo | El Rinc\u00f3n de Fehmi Madrid | Alfombras persas\" \/>\n<meta property=\"og:description\" content=\"Kilims Geom\u00e9tricos para Pasillo. A\u00f1ade un toque de arte tradicional y modernidad a tu hogar con nuestro Kilim de Pasillo Estrecho.\" \/>\n<meta property=\"og:url\" content=\"https:\/\/elrincondefehmi.com\/es\/tienda\/kilim\/pasilleros\/kilims-geometricos-para-pasillo\/\" \/>\n<meta property=\"og:site_name\" content=\"El Rinc\u00f3n de Fehmi Madrid\" \/>\n<meta property=\"article:modified_time\" content=\"2024-05-21T11:41:29+00:00\" \/>\n<meta property=\"og:image\" content=\"https:\/\/elrincondefehmi.com\/es\/wp-content\/uploads\/2024\/05\/IMG_2992.jpg\" \/>\n\t<meta property=\"og:image:width\" content=\"750\" \/>\n\t<meta property=\"og:image:height\" content=\"1070\" \/>\n\t<meta property=\"og:image:type\" content=\"image\/jpeg\" \/>\n<meta name=\"twitter:card\" content=\"summary_large_image\" \/>\n<script type=\"application\/ld+json\" class=\"yoast-schema-graph\">{\"@context\":\"https:\/\/schema.org\",\"@graph\":[{\"@type\":\"WebPage\",\"@id\":\"https:\/\/elrincondefehmi.com\/es\/tienda\/kilim\/pasilleros\/kilims-geometricos-para-pasillo\/\",\"url\":\"https:\/\/elrincondefehmi.com\/es\/tienda\/kilim\/pasilleros\/kilims-geometricos-para-pasillo\/\",\"name\":\"Kilims Geom\u00e9tricos para Pasillo | El Rinc\u00f3n de Fehmi Madrid | Alfombras persas\",\"isPartOf\":{\"@id\":\"https:\/\/elrincondefehmi.com\/es\/#website\"},\"datePublished\":\"2024-05-01T18:44:38+00:00\",\"dateModified\":\"2024-05-21T11:41:29+00:00\",\"description\":\"Kilims Geom\u00e9tricos para Pasillo. A\u00f1ade un toque de arte tradicional y modernidad a tu hogar con nuestro Kilim de Pasillo Estrecho.\",\"breadcrumb\":{\"@id\":\"https:\/\/elrincondefehmi.com\/es\/tienda\/kilim\/pasilleros\/kilims-geometricos-para-pasillo\/#breadcrumb\"},\"inLanguage\":\"es\",\"potentialAction\":[{\"@type\":\"ReadAction\",\"target\":[\"https:\/\/elrincondefehmi.com\/es\/tienda\/kilim\/pasilleros\/kilims-geometricos-para-pasillo\/\"]}]},{\"@type\":\"BreadcrumbList\",\"@id\":\"https:\/\/elrincondefehmi.com\/es\/tienda\/kilim\/pasilleros\/kilims-geometricos-para-pasillo\/#breadcrumb\",\"itemListElement\":[{\"@type\":\"ListItem\",\"position\":1,\"name\":\"PRODUCTOS\",\"item\":\"https:\/\/elrincondefehmi.com\/es\/all-product\/\"},{\"@type\":\"ListItem\",\"position\":2,\"name\":\"Kilim para pasillo 60&#215;200 cm\"}]},{\"@type\":\"WebSite\",\"@id\":\"https:\/\/elrincondefehmi.com\/es\/#website\",\"url\":\"https:\/\/elrincondefehmi.com\/es\/\",\"name\":\"El Rinc\u00f3n de Fehmi Madrid\",\"description\":\"Tienda de alfombras en Madrid.  En El Rinc\u00f3n de Fehmi somos especialistas en alfombras artesanales, alfombras modernas contempor\u00e1neas kilims de Turqu\u00eda\",\"potentialAction\":[{\"@type\":\"SearchAction\",\"target\":{\"@type\":\"EntryPoint\",\"urlTemplate\":\"https:\/\/elrincondefehmi.com\/es\/?s={search_term_string}\"},\"query-input\":\"required name=search_term_string\"}],\"inLanguage\":\"es\"}]}<\/script>\n<!-- \/ Yoast SEO plugin. -->","yoast_head_json":{"title":"Kilims Geom\u00e9tricos para Pasillo | El Rinc\u00f3n de Fehmi Madrid | Alfombras persas","description":"Kilims Geom\u00e9tricos para Pasillo. A\u00f1ade un toque de arte tradicional y modernidad a tu hogar con nuestro Kilim de Pasillo Estrecho.","robots":{"index":"index","follow":"follow","max-snippet":"max-snippet:-1","max-image-preview":"max-image-preview:large","max-video-preview":"max-video-preview:-1"},"canonical":"https:\/\/elrincondefehmi.com\/es\/tienda\/kilim\/pasilleros\/kilims-geometricos-para-pasillo\/","og_locale":"es_ES","og_type":"article","og_title":"Kilims Geom\u00e9tricos para Pasillo | El Rinc\u00f3n de Fehmi Madrid | Alfombras persas","og_description":"Kilims Geom\u00e9tricos para Pasillo. A\u00f1ade un toque de arte tradicional y modernidad a tu hogar con nuestro Kilim de Pasillo Estrecho.","og_url":"https:\/\/elrincondefehmi.com\/es\/tienda\/kilim\/pasilleros\/kilims-geometricos-para-pasillo\/","og_site_name":"El Rinc\u00f3n de Fehmi Madrid","article_modified_time":"2024-05-21T11:41:29+00:00","og_image":[{"width":750,"height":1070,"url":"https:\/\/elrincondefehmi.com\/es\/wp-content\/uploads\/2024\/05\/IMG_2992.jpg","type":"image\/jpeg"}],"twitter_card":"summary_large_image","schema":{"@context":"https:\/\/schema.org","@graph":[{"@type":"WebPage","@id":"https:\/\/elrincondefehmi.com\/es\/tienda\/kilim\/pasilleros\/kilims-geometricos-para-pasillo\/","url":"https:\/\/elrincondefehmi.com\/es\/tienda\/kilim\/pasilleros\/kilims-geometricos-para-pasillo\/","name":"Kilims Geom\u00e9tricos para Pasillo | El Rinc\u00f3n de Fehmi Madrid | Alfombras persas","isPartOf":{"@id":"https:\/\/elrincondefehmi.com\/es\/#website"},"datePublished":"2024-05-01T18:44:38+00:00","dateModified":"2024-05-21T11:41:29+00:00","description":"Kilims Geom\u00e9tricos para Pasillo. A\u00f1ade un toque de arte tradicional y modernidad a tu hogar con nuestro Kilim de Pasillo Estrecho.","breadcrumb":{"@id":"https:\/\/elrincondefehmi.com\/es\/tienda\/kilim\/pasilleros\/kilims-geometricos-para-pasillo\/#breadcrumb"},"inLanguage":"es","potentialAction":[{"@type":"ReadAction","target":["https:\/\/elrincondefehmi.com\/es\/tienda\/kilim\/pasilleros\/kilims-geometricos-para-pasillo\/"]}]},{"@type":"BreadcrumbList","@id":"https:\/\/elrincondefehmi.com\/es\/tienda\/kilim\/pasilleros\/kilims-geometricos-para-pasillo\/#breadcrumb","itemListElement":[{"@type":"ListItem","position":1,"name":"PRODUCTOS","item":"https:\/\/elrincondefehmi.com\/es\/all-product\/"},{"@type":"ListItem","position":2,"name":"Kilim para pasillo 60&#215;200 cm"}]},{"@type":"WebSite","@id":"https:\/\/elrincondefehmi.com\/es\/#website","url":"https:\/\/elrincondefehmi.com\/es\/","name":"El Rinc\u00f3n de Fehmi Madrid","description":"Tienda de alfombras en Madrid.  En El Rinc\u00f3n de Fehmi somos especialistas en alfombras artesanales, alfombras modernas contempor\u00e1neas kilims de Turqu\u00eda","potentialAction":[{"@type":"SearchAction","target":{"@type":"EntryPoint","urlTemplate":"https:\/\/elrincondefehmi.com\/es\/?s={search_term_string}"},"query-input":"required name=search_term_string"}],"inLanguage":"es"}]}},"_links":{"self":[{"href":"https:\/\/elrincondefehmi.com\/es\/wp-json\/wp\/v2\/product\/23790"}],"collection":[{"href":"https:\/\/elrincondefehmi.com\/es\/wp-json\/wp\/v2\/product"}],"about":[{"href":"https:\/\/elrincondefehmi.com\/es\/wp-json\/wp\/v2\/types\/product"}],"replies":[{"embeddable":true,"href":"https:\/\/elrincondefehmi.com\/es\/wp-json\/wp\/v2\/comments?post=23790"}],"wp:featuredmedia":[{"embeddable":true,"href":"https:\/\/elrincondefehmi.com\/es\/wp-json\/wp\/v2\/media\/23791"}],"wp:attachment":[{"href":"https:\/\/elrincondefehmi.com\/es\/wp-json\/wp\/v2\/media?parent=23790"}],"wp:term":[{"taxonomy":"product_cat","embeddable":true,"href":"https:\/\/elrincondefehmi.com\/es\/wp-json\/wp\/v2\/product_cat?post=23790"},{"taxonomy":"product_tag","embeddable":true,"href":"https:\/\/elrincondefehmi.com\/es\/wp-json\/wp\/v2\/product_tag?post=23790"}],"curies":[{"name":"wp","href":"https:\/\/api.w.org\/{rel}","templated":true}]}}