{"id":23782,"date":"2024-05-01T18:08:00","date_gmt":"2024-05-01T18:08:00","guid":{"rendered":"https:\/\/elrincondefehmi.com\/es\/?post_type=product&#038;p=23782"},"modified":"2024-05-21T11:41:29","modified_gmt":"2024-05-21T11:41:29","slug":"kilim-geometrico-para-pasillo","status":"publish","type":"product","link":"https:\/\/elrincondefehmi.com\/es\/tienda\/kilim\/pasilleros\/kilim-geometrico-para-pasillo\/","title":{"rendered":"Kilim para pasillo 60&#215;187 cm"},"content":{"rendered":"<p><strong>Kilim para Pasillo de Dise\u00f1o Geom\u00e9trico<\/strong><\/p>\n<p>Inyecta un toque de color y patr\u00f3n en tu hogar con nuestro Kilim para Pasillo de Dise\u00f1o Geom\u00e9trico. Este kilim, de dimensiones 60&#215;187 cm, es perfecto para a\u00f1adir estilo y calidez a los pasillos o \u00e1reas estrechas de tu hogar. Tejido a mano utilizando m\u00e9todos tradicionales, este kilim destaca por su resistencia y calidad, siendo una adici\u00f3n duradera y est\u00e9ticamente atractiva para cualquier espacio.<\/p>\n<p>El dise\u00f1o de este <a href=\"https:\/\/elrincondefehmi.com\/es\/elegir-el-tamano-y-la-ubicacion-adecuados-para-tu-alfombra\/\">kilim<\/a> cuenta con patrones geom\u00e9tricos en una paleta de colores vibrantes que incluyen rojo, azul y verde, sobre un fondo neutro que hace que los colores resalten a\u00fan m\u00e1s. Este dise\u00f1o no solo complementa diversos estilos de decoraci\u00f3n, sino que tambi\u00e9n capta la atenci\u00f3n y se convierte en un punto focal en cualquier habitaci\u00f3n.<\/p>\n<p>Este kilim es ideal para lugares de alto tr\u00e1fico dentro de la casa, como pasillos y entradas, debido a su tejido compacto y f\u00e1cil mantenimiento. Su dise\u00f1o alargado y estrecho se adapta perfectamente a espacios dif\u00edciles de <a href=\"https:\/\/joselarainteriorismo.com\/decoracion-de-interiores\/\">decorar<\/a>, aportando estilo sin ocupar demasiado espacio.<\/p>\n","protected":false},"excerpt":{"rendered":"<p>Origen: Turqu\u00eda \/ Kayseri regi\u00f3n de Capadocia<br \/>\nMaterial: Lana.<br \/>\nMedidas: 60\u00d7187 cm<br \/>\nHecho a mano.<br \/>\nEstado: Nuevo<\/p>\n","protected":false},"featured_media":23783,"comment_status":"open","ping_status":"closed","template":"","meta":[],"product_cat":[335,434,16],"product_tag":[391,355,353,352],"yoast_head":"<!-- This site is optimized with the Yoast SEO plugin v21.5 - https:\/\/yoast.com\/wordpress\/plugins\/seo\/ -->\n<title>Kilim Geom\u00e9trico para Pasillo | El Rinc\u00f3n de Fehmi Madrid | Alfombras Kilim<\/title>\n<meta name=\"description\" content=\"Kilim Geom\u00e9trico para Pasillo. Inyecta un toque de color y patr\u00f3n en tu hogar con nuestro Kilim para Pasillo de Dise\u00f1o Geom\u00e9trico.\" \/>\n<meta name=\"robots\" content=\"index, follow, max-snippet:-1, max-image-preview:large, max-video-preview:-1\" \/>\n<link rel=\"canonical\" href=\"https:\/\/elrincondefehmi.com\/es\/tienda\/kilim\/pasilleros\/kilim-geometrico-para-pasillo\/\" \/>\n<meta property=\"og:locale\" content=\"es_ES\" \/>\n<meta property=\"og:type\" content=\"article\" \/>\n<meta property=\"og:title\" content=\"Kilim Geom\u00e9trico para Pasillo | El Rinc\u00f3n de Fehmi Madrid | Alfombras Kilim\" \/>\n<meta property=\"og:description\" content=\"Kilim Geom\u00e9trico para Pasillo. Inyecta un toque de color y patr\u00f3n en tu hogar con nuestro Kilim para Pasillo de Dise\u00f1o Geom\u00e9trico.\" \/>\n<meta property=\"og:url\" content=\"https:\/\/elrincondefehmi.com\/es\/tienda\/kilim\/pasilleros\/kilim-geometrico-para-pasillo\/\" \/>\n<meta property=\"og:site_name\" content=\"El Rinc\u00f3n de Fehmi Madrid\" \/>\n<meta property=\"article:modified_time\" content=\"2024-05-21T11:41:29+00:00\" \/>\n<meta property=\"og:image\" content=\"https:\/\/elrincondefehmi.com\/es\/wp-content\/uploads\/2024\/05\/IMG_2984.jpg\" \/>\n\t<meta property=\"og:image:width\" content=\"750\" \/>\n\t<meta property=\"og:image:height\" content=\"1070\" \/>\n\t<meta property=\"og:image:type\" content=\"image\/jpeg\" \/>\n<meta name=\"twitter:card\" content=\"summary_large_image\" \/>\n<script type=\"application\/ld+json\" class=\"yoast-schema-graph\">{\"@context\":\"https:\/\/schema.org\",\"@graph\":[{\"@type\":\"WebPage\",\"@id\":\"https:\/\/elrincondefehmi.com\/es\/tienda\/kilim\/pasilleros\/kilim-geometrico-para-pasillo\/\",\"url\":\"https:\/\/elrincondefehmi.com\/es\/tienda\/kilim\/pasilleros\/kilim-geometrico-para-pasillo\/\",\"name\":\"Kilim Geom\u00e9trico para Pasillo | El Rinc\u00f3n de Fehmi Madrid | Alfombras Kilim\",\"isPartOf\":{\"@id\":\"https:\/\/elrincondefehmi.com\/es\/#website\"},\"datePublished\":\"2024-05-01T18:08:00+00:00\",\"dateModified\":\"2024-05-21T11:41:29+00:00\",\"description\":\"Kilim Geom\u00e9trico para Pasillo. Inyecta un toque de color y patr\u00f3n en tu hogar con nuestro Kilim para Pasillo de Dise\u00f1o Geom\u00e9trico.\",\"breadcrumb\":{\"@id\":\"https:\/\/elrincondefehmi.com\/es\/tienda\/kilim\/pasilleros\/kilim-geometrico-para-pasillo\/#breadcrumb\"},\"inLanguage\":\"es\",\"potentialAction\":[{\"@type\":\"ReadAction\",\"target\":[\"https:\/\/elrincondefehmi.com\/es\/tienda\/kilim\/pasilleros\/kilim-geometrico-para-pasillo\/\"]}]},{\"@type\":\"BreadcrumbList\",\"@id\":\"https:\/\/elrincondefehmi.com\/es\/tienda\/kilim\/pasilleros\/kilim-geometrico-para-pasillo\/#breadcrumb\",\"itemListElement\":[{\"@type\":\"ListItem\",\"position\":1,\"name\":\"PRODUCTOS\",\"item\":\"https:\/\/elrincondefehmi.com\/es\/all-product\/\"},{\"@type\":\"ListItem\",\"position\":2,\"name\":\"Kilim para pasillo 60&#215;187 cm\"}]},{\"@type\":\"WebSite\",\"@id\":\"https:\/\/elrincondefehmi.com\/es\/#website\",\"url\":\"https:\/\/elrincondefehmi.com\/es\/\",\"name\":\"El Rinc\u00f3n de Fehmi Madrid\",\"description\":\"Tienda de alfombras en Madrid.  En El Rinc\u00f3n de Fehmi somos especialistas en alfombras artesanales, alfombras modernas contempor\u00e1neas kilims de Turqu\u00eda\",\"potentialAction\":[{\"@type\":\"SearchAction\",\"target\":{\"@type\":\"EntryPoint\",\"urlTemplate\":\"https:\/\/elrincondefehmi.com\/es\/?s={search_term_string}\"},\"query-input\":\"required name=search_term_string\"}],\"inLanguage\":\"es\"}]}<\/script>\n<!-- \/ Yoast SEO plugin. -->","yoast_head_json":{"title":"Kilim Geom\u00e9trico para Pasillo | El Rinc\u00f3n de Fehmi Madrid | Alfombras Kilim","description":"Kilim Geom\u00e9trico para Pasillo. Inyecta un toque de color y patr\u00f3n en tu hogar con nuestro Kilim para Pasillo de Dise\u00f1o Geom\u00e9trico.","robots":{"index":"index","follow":"follow","max-snippet":"max-snippet:-1","max-image-preview":"max-image-preview:large","max-video-preview":"max-video-preview:-1"},"canonical":"https:\/\/elrincondefehmi.com\/es\/tienda\/kilim\/pasilleros\/kilim-geometrico-para-pasillo\/","og_locale":"es_ES","og_type":"article","og_title":"Kilim Geom\u00e9trico para Pasillo | El Rinc\u00f3n de Fehmi Madrid | Alfombras Kilim","og_description":"Kilim Geom\u00e9trico para Pasillo. Inyecta un toque de color y patr\u00f3n en tu hogar con nuestro Kilim para Pasillo de Dise\u00f1o Geom\u00e9trico.","og_url":"https:\/\/elrincondefehmi.com\/es\/tienda\/kilim\/pasilleros\/kilim-geometrico-para-pasillo\/","og_site_name":"El Rinc\u00f3n de Fehmi Madrid","article_modified_time":"2024-05-21T11:41:29+00:00","og_image":[{"width":750,"height":1070,"url":"https:\/\/elrincondefehmi.com\/es\/wp-content\/uploads\/2024\/05\/IMG_2984.jpg","type":"image\/jpeg"}],"twitter_card":"summary_large_image","schema":{"@context":"https:\/\/schema.org","@graph":[{"@type":"WebPage","@id":"https:\/\/elrincondefehmi.com\/es\/tienda\/kilim\/pasilleros\/kilim-geometrico-para-pasillo\/","url":"https:\/\/elrincondefehmi.com\/es\/tienda\/kilim\/pasilleros\/kilim-geometrico-para-pasillo\/","name":"Kilim Geom\u00e9trico para Pasillo | El Rinc\u00f3n de Fehmi Madrid | Alfombras Kilim","isPartOf":{"@id":"https:\/\/elrincondefehmi.com\/es\/#website"},"datePublished":"2024-05-01T18:08:00+00:00","dateModified":"2024-05-21T11:41:29+00:00","description":"Kilim Geom\u00e9trico para Pasillo. Inyecta un toque de color y patr\u00f3n en tu hogar con nuestro Kilim para Pasillo de Dise\u00f1o Geom\u00e9trico.","breadcrumb":{"@id":"https:\/\/elrincondefehmi.com\/es\/tienda\/kilim\/pasilleros\/kilim-geometrico-para-pasillo\/#breadcrumb"},"inLanguage":"es","potentialAction":[{"@type":"ReadAction","target":["https:\/\/elrincondefehmi.com\/es\/tienda\/kilim\/pasilleros\/kilim-geometrico-para-pasillo\/"]}]},{"@type":"BreadcrumbList","@id":"https:\/\/elrincondefehmi.com\/es\/tienda\/kilim\/pasilleros\/kilim-geometrico-para-pasillo\/#breadcrumb","itemListElement":[{"@type":"ListItem","position":1,"name":"PRODUCTOS","item":"https:\/\/elrincondefehmi.com\/es\/all-product\/"},{"@type":"ListItem","position":2,"name":"Kilim para pasillo 60&#215;187 cm"}]},{"@type":"WebSite","@id":"https:\/\/elrincondefehmi.com\/es\/#website","url":"https:\/\/elrincondefehmi.com\/es\/","name":"El Rinc\u00f3n de Fehmi Madrid","description":"Tienda de alfombras en Madrid.  En El Rinc\u00f3n de Fehmi somos especialistas en alfombras artesanales, alfombras modernas contempor\u00e1neas kilims de Turqu\u00eda","potentialAction":[{"@type":"SearchAction","target":{"@type":"EntryPoint","urlTemplate":"https:\/\/elrincondefehmi.com\/es\/?s={search_term_string}"},"query-input":"required name=search_term_string"}],"inLanguage":"es"}]}},"_links":{"self":[{"href":"https:\/\/elrincondefehmi.com\/es\/wp-json\/wp\/v2\/product\/23782"}],"collection":[{"href":"https:\/\/elrincondefehmi.com\/es\/wp-json\/wp\/v2\/product"}],"about":[{"href":"https:\/\/elrincondefehmi.com\/es\/wp-json\/wp\/v2\/types\/product"}],"replies":[{"embeddable":true,"href":"https:\/\/elrincondefehmi.com\/es\/wp-json\/wp\/v2\/comments?post=23782"}],"wp:featuredmedia":[{"embeddable":true,"href":"https:\/\/elrincondefehmi.com\/es\/wp-json\/wp\/v2\/media\/23783"}],"wp:attachment":[{"href":"https:\/\/elrincondefehmi.com\/es\/wp-json\/wp\/v2\/media?parent=23782"}],"wp:term":[{"taxonomy":"product_cat","embeddable":true,"href":"https:\/\/elrincondefehmi.com\/es\/wp-json\/wp\/v2\/product_cat?post=23782"},{"taxonomy":"product_tag","embeddable":true,"href":"https:\/\/elrincondefehmi.com\/es\/wp-json\/wp\/v2\/product_tag?post=23782"}],"curies":[{"name":"wp","href":"https:\/\/api.w.org\/{rel}","templated":true}]}}