{"id":23770,"date":"2024-05-01T17:44:32","date_gmt":"2024-05-01T17:44:32","guid":{"rendered":"https:\/\/elrincondefehmi.com\/es\/?post_type=product&#038;p=23770"},"modified":"2025-07-09T16:33:47","modified_gmt":"2025-07-09T16:33:47","slug":"kilim-geometrico-pequeno","status":"publish","type":"product","link":"https:\/\/elrincondefehmi.com\/es\/tienda\/kilim\/kilim-turco\/kilim-geometrico-pequeno\/","title":{"rendered":"Kilim afgano 79&#215;113 cm"},"content":{"rendered":"<p><strong>Kilim Decorativo Geom\u00e9trico Peque\u00f1o<\/strong><\/p>\n<p>Realza tu espacio con el encanto y el colorido de nuestro <a href=\"https:\/\/elrincondefehmi.com\/es\/\">Kilim Decorativo Geom\u00e9trico<\/a> Peque\u00f1o, perfecto para aportar un toque de arte y cultura en cualquier rinc\u00f3n. Este kilim, de dimensiones 79&#215;113 cm, es ideal para peque\u00f1as \u00e1reas, ofreciendo una vibrante mezcla de colores y formas que capturan la atenci\u00f3n y a\u00f1aden personalidad a tu hogar.<\/p>\n<p>Cada kilim es tejido a mano por artesanos habilidosos, utilizando t\u00e9cnicas tradicionales que aseguran un producto no solo hermoso sino tambi\u00e9n duradero. El dise\u00f1o cuenta con una serie de patrones geom\u00e9tricos en tonos de naranja, azul, verde y rojo, dispuestos de manera que cada mirada descubre una nueva dimensi\u00f3n del arte textil.<\/p>\n<p>Peque\u00f1o pero impactante, este kilim es perfecto para espacios como entradas, junto a la cama o en peque\u00f1as salas de estar, donde su riqueza visual puede ser apreciada de cerca. Adem\u00e1s, su tama\u00f1o compacto lo hace f\u00e1cil de mover y adaptar a diferentes espacios y <a href=\"https:\/\/joselarainteriorismo.com\/decoracion-de-interiores\/\">decoraciones<\/a>.<\/p>\n","protected":false},"excerpt":{"rendered":"<p>Origen: Kilim afgano<br \/>\nMaterial: Lana.<br \/>\nMedidas: 79\u00d7113 cm<br \/>\nHecho a mano.<br \/>\nEstado: Nuevo<\/p>\n","protected":false},"featured_media":23771,"comment_status":"open","ping_status":"closed","template":"","meta":[],"product_cat":[434,16],"product_tag":[391,355,353,352],"yoast_head":"<!-- This site is optimized with the Yoast SEO plugin v21.5 - https:\/\/yoast.com\/wordpress\/plugins\/seo\/ -->\n<title>Alfombras y Kilims en Madrid | El Rinc\u00f3n de Fehmi Madrid<\/title>\n<meta name=\"description\" content=\"Realza tu espacio con el encanto y el colorido de nuestro Kilim Decorativo Geom\u00e9trico Peque\u00f1o, perfecto para aportar un toque de arte y cultura.\" \/>\n<meta name=\"robots\" content=\"index, follow, max-snippet:-1, max-image-preview:large, max-video-preview:-1\" \/>\n<link rel=\"canonical\" href=\"https:\/\/elrincondefehmi.com\/es\/tienda\/kilim\/kilim-turco\/kilim-geometrico-pequeno\/\" \/>\n<meta property=\"og:locale\" content=\"es_ES\" \/>\n<meta property=\"og:type\" content=\"article\" \/>\n<meta property=\"og:title\" content=\"Alfombras y Kilims en Madrid | El Rinc\u00f3n de Fehmi Madrid\" \/>\n<meta property=\"og:description\" content=\"Realza tu espacio con el encanto y el colorido de nuestro Kilim Decorativo Geom\u00e9trico Peque\u00f1o, perfecto para aportar un toque de arte y cultura.\" \/>\n<meta property=\"og:url\" content=\"https:\/\/elrincondefehmi.com\/es\/tienda\/kilim\/kilim-turco\/kilim-geometrico-pequeno\/\" \/>\n<meta property=\"og:site_name\" content=\"El Rinc\u00f3n de Fehmi Madrid\" \/>\n<meta property=\"article:modified_time\" content=\"2025-07-09T16:33:47+00:00\" \/>\n<meta property=\"og:image\" content=\"https:\/\/elrincondefehmi.com\/es\/wp-content\/uploads\/2024\/05\/IMG_3038.jpg\" \/>\n\t<meta property=\"og:image:width\" content=\"770\" \/>\n\t<meta property=\"og:image:height\" content=\"1070\" \/>\n\t<meta property=\"og:image:type\" content=\"image\/jpeg\" \/>\n<meta name=\"twitter:card\" content=\"summary_large_image\" \/>\n<script type=\"application\/ld+json\" class=\"yoast-schema-graph\">{\"@context\":\"https:\/\/schema.org\",\"@graph\":[{\"@type\":\"WebPage\",\"@id\":\"https:\/\/elrincondefehmi.com\/es\/tienda\/kilim\/kilim-turco\/kilim-geometrico-pequeno\/\",\"url\":\"https:\/\/elrincondefehmi.com\/es\/tienda\/kilim\/kilim-turco\/kilim-geometrico-pequeno\/\",\"name\":\"Alfombras y Kilims en Madrid | El Rinc\u00f3n de Fehmi Madrid\",\"isPartOf\":{\"@id\":\"https:\/\/elrincondefehmi.com\/es\/#website\"},\"datePublished\":\"2024-05-01T17:44:32+00:00\",\"dateModified\":\"2025-07-09T16:33:47+00:00\",\"description\":\"Realza tu espacio con el encanto y el colorido de nuestro Kilim Decorativo Geom\u00e9trico Peque\u00f1o, perfecto para aportar un toque de arte y cultura.\",\"breadcrumb\":{\"@id\":\"https:\/\/elrincondefehmi.com\/es\/tienda\/kilim\/kilim-turco\/kilim-geometrico-pequeno\/#breadcrumb\"},\"inLanguage\":\"es\",\"potentialAction\":[{\"@type\":\"ReadAction\",\"target\":[\"https:\/\/elrincondefehmi.com\/es\/tienda\/kilim\/kilim-turco\/kilim-geometrico-pequeno\/\"]}]},{\"@type\":\"BreadcrumbList\",\"@id\":\"https:\/\/elrincondefehmi.com\/es\/tienda\/kilim\/kilim-turco\/kilim-geometrico-pequeno\/#breadcrumb\",\"itemListElement\":[{\"@type\":\"ListItem\",\"position\":1,\"name\":\"PRODUCTOS\",\"item\":\"https:\/\/elrincondefehmi.com\/es\/all-product\/\"},{\"@type\":\"ListItem\",\"position\":2,\"name\":\"Kilim afgano 79&#215;113 cm\"}]},{\"@type\":\"WebSite\",\"@id\":\"https:\/\/elrincondefehmi.com\/es\/#website\",\"url\":\"https:\/\/elrincondefehmi.com\/es\/\",\"name\":\"El Rinc\u00f3n de Fehmi Madrid\",\"description\":\"Tienda de alfombras en Madrid.  En El Rinc\u00f3n de Fehmi somos especialistas en alfombras artesanales, alfombras modernas contempor\u00e1neas kilims de Turqu\u00eda\",\"potentialAction\":[{\"@type\":\"SearchAction\",\"target\":{\"@type\":\"EntryPoint\",\"urlTemplate\":\"https:\/\/elrincondefehmi.com\/es\/?s={search_term_string}\"},\"query-input\":\"required name=search_term_string\"}],\"inLanguage\":\"es\"}]}<\/script>\n<!-- \/ Yoast SEO plugin. -->","yoast_head_json":{"title":"Alfombras y Kilims en Madrid | El Rinc\u00f3n de Fehmi Madrid","description":"Realza tu espacio con el encanto y el colorido de nuestro Kilim Decorativo Geom\u00e9trico Peque\u00f1o, perfecto para aportar un toque de arte y cultura.","robots":{"index":"index","follow":"follow","max-snippet":"max-snippet:-1","max-image-preview":"max-image-preview:large","max-video-preview":"max-video-preview:-1"},"canonical":"https:\/\/elrincondefehmi.com\/es\/tienda\/kilim\/kilim-turco\/kilim-geometrico-pequeno\/","og_locale":"es_ES","og_type":"article","og_title":"Alfombras y Kilims en Madrid | El Rinc\u00f3n de Fehmi Madrid","og_description":"Realza tu espacio con el encanto y el colorido de nuestro Kilim Decorativo Geom\u00e9trico Peque\u00f1o, perfecto para aportar un toque de arte y cultura.","og_url":"https:\/\/elrincondefehmi.com\/es\/tienda\/kilim\/kilim-turco\/kilim-geometrico-pequeno\/","og_site_name":"El Rinc\u00f3n de Fehmi Madrid","article_modified_time":"2025-07-09T16:33:47+00:00","og_image":[{"width":770,"height":1070,"url":"https:\/\/elrincondefehmi.com\/es\/wp-content\/uploads\/2024\/05\/IMG_3038.jpg","type":"image\/jpeg"}],"twitter_card":"summary_large_image","schema":{"@context":"https:\/\/schema.org","@graph":[{"@type":"WebPage","@id":"https:\/\/elrincondefehmi.com\/es\/tienda\/kilim\/kilim-turco\/kilim-geometrico-pequeno\/","url":"https:\/\/elrincondefehmi.com\/es\/tienda\/kilim\/kilim-turco\/kilim-geometrico-pequeno\/","name":"Alfombras y Kilims en Madrid | El Rinc\u00f3n de Fehmi Madrid","isPartOf":{"@id":"https:\/\/elrincondefehmi.com\/es\/#website"},"datePublished":"2024-05-01T17:44:32+00:00","dateModified":"2025-07-09T16:33:47+00:00","description":"Realza tu espacio con el encanto y el colorido de nuestro Kilim Decorativo Geom\u00e9trico Peque\u00f1o, perfecto para aportar un toque de arte y cultura.","breadcrumb":{"@id":"https:\/\/elrincondefehmi.com\/es\/tienda\/kilim\/kilim-turco\/kilim-geometrico-pequeno\/#breadcrumb"},"inLanguage":"es","potentialAction":[{"@type":"ReadAction","target":["https:\/\/elrincondefehmi.com\/es\/tienda\/kilim\/kilim-turco\/kilim-geometrico-pequeno\/"]}]},{"@type":"BreadcrumbList","@id":"https:\/\/elrincondefehmi.com\/es\/tienda\/kilim\/kilim-turco\/kilim-geometrico-pequeno\/#breadcrumb","itemListElement":[{"@type":"ListItem","position":1,"name":"PRODUCTOS","item":"https:\/\/elrincondefehmi.com\/es\/all-product\/"},{"@type":"ListItem","position":2,"name":"Kilim afgano 79&#215;113 cm"}]},{"@type":"WebSite","@id":"https:\/\/elrincondefehmi.com\/es\/#website","url":"https:\/\/elrincondefehmi.com\/es\/","name":"El Rinc\u00f3n de Fehmi Madrid","description":"Tienda de alfombras en Madrid.  En El Rinc\u00f3n de Fehmi somos especialistas en alfombras artesanales, alfombras modernas contempor\u00e1neas kilims de Turqu\u00eda","potentialAction":[{"@type":"SearchAction","target":{"@type":"EntryPoint","urlTemplate":"https:\/\/elrincondefehmi.com\/es\/?s={search_term_string}"},"query-input":"required name=search_term_string"}],"inLanguage":"es"}]}},"_links":{"self":[{"href":"https:\/\/elrincondefehmi.com\/es\/wp-json\/wp\/v2\/product\/23770"}],"collection":[{"href":"https:\/\/elrincondefehmi.com\/es\/wp-json\/wp\/v2\/product"}],"about":[{"href":"https:\/\/elrincondefehmi.com\/es\/wp-json\/wp\/v2\/types\/product"}],"replies":[{"embeddable":true,"href":"https:\/\/elrincondefehmi.com\/es\/wp-json\/wp\/v2\/comments?post=23770"}],"wp:featuredmedia":[{"embeddable":true,"href":"https:\/\/elrincondefehmi.com\/es\/wp-json\/wp\/v2\/media\/23771"}],"wp:attachment":[{"href":"https:\/\/elrincondefehmi.com\/es\/wp-json\/wp\/v2\/media?parent=23770"}],"wp:term":[{"taxonomy":"product_cat","embeddable":true,"href":"https:\/\/elrincondefehmi.com\/es\/wp-json\/wp\/v2\/product_cat?post=23770"},{"taxonomy":"product_tag","embeddable":true,"href":"https:\/\/elrincondefehmi.com\/es\/wp-json\/wp\/v2\/product_tag?post=23770"}],"curies":[{"name":"wp","href":"https:\/\/api.w.org\/{rel}","templated":true}]}}