{"id":23749,"date":"2024-05-01T16:37:48","date_gmt":"2024-05-01T16:37:48","guid":{"rendered":"https:\/\/elrincondefehmi.com\/es\/?post_type=product&#038;p=23749"},"modified":"2025-09-08T10:13:26","modified_gmt":"2025-09-08T10:13:26","slug":"kilim-geometrico-colorido","status":"publish","type":"product","link":"https:\/\/elrincondefehmi.com\/es\/tienda\/kilim\/kilim-turco\/kilim-geometrico-colorido\/","title":{"rendered":"Kilim turco 83&#215;129 cm"},"content":{"rendered":"<p><strong>Kilim Geom\u00e9trico Colorido Multicolor<\/strong><\/p>\n<p>Descubre la belleza y el encanto de nuestro Kilim Geom\u00e9trico Colorido, una joya textil que captura la esencia de la tradici\u00f3n y el dise\u00f1o contempor\u00e1neo. Este kilim de 83&#215;129 cm es perfecto para a\u00f1adir un toque vibrante y c\u00e1lido a cualquier espacio de tu hogar. Cada pieza es tejida a mano por <a href=\"https:\/\/elrincondefehmi.com\/es\/blog\/\">artesanos expertos<\/a>, utilizando t\u00e9cnicas que se han transmitido de generaci\u00f3n en generaci\u00f3n, lo que garantiza una calidad y una durabilidad excepcionales.<\/p>\n<p>El dise\u00f1o de este Kilim Geom\u00e9trico Colorido destaca por su audaz patr\u00f3n geom\u00e9trico, donde los vivos colores se entrelazan formando una composici\u00f3n que es tanto un placer visual como un punto focal en cualquier habitaci\u00f3n. Los tonos de rojo, azul, naranja y verde sobre un fondo claro hacen que este kilim no solo sea una alfombra, sino una obra de arte.<\/p>\n<p>Perfecto para el sal\u00f3n, el dormitorio o incluso una oficina en casa, este kilim no solo embellece el espacio, sino que tambi\u00e9n crea un ambiente acogedor y estimulante. Su textura suave y resistente lo hace ideal para \u00e1reas de alto tr\u00e1fico, demostrando que estilo y funcionalidad pueden ir de la mano.<\/p>\n","protected":false},"excerpt":{"rendered":"<p>Origen: Turqu\u00eda \/ Kayseri centro de Anatolia.<br \/>\nMaterial: Lana.<br \/>\nMedidas: 83\u00d7129 cm<br \/>\nHecho a mano.<br \/>\nEstado: Nuevo<\/p>\n","protected":false},"featured_media":23750,"comment_status":"open","ping_status":"closed","template":"","meta":[],"product_cat":[434,16],"product_tag":[391,355,353,352],"yoast_head":"<!-- This site is optimized with the Yoast SEO plugin v21.5 - https:\/\/yoast.com\/wordpress\/plugins\/seo\/ -->\n<title>Kilim Geom\u00e9trico Colorido | El Rinc\u00f3n de Fehmi Madrid | Alfombras Kilim en Madrid<\/title>\n<meta name=\"description\" content=\"\u00a1Kilim Geom\u00e9trico Colorido! Descubre la belleza y el encanto de nuestro Kilim, una joya que captura la esencia de la tradici\u00f3n y el dise\u00f1o contempor\u00e1neo.\" \/>\n<meta name=\"robots\" content=\"index, follow, max-snippet:-1, max-image-preview:large, max-video-preview:-1\" \/>\n<link rel=\"canonical\" href=\"https:\/\/elrincondefehmi.com\/es\/tienda\/kilim\/kilim-turco\/kilim-geometrico-colorido\/\" \/>\n<meta property=\"og:locale\" content=\"es_ES\" \/>\n<meta property=\"og:type\" content=\"article\" \/>\n<meta property=\"og:title\" content=\"Kilim Geom\u00e9trico Colorido | El Rinc\u00f3n de Fehmi Madrid | Alfombras Kilim en Madrid\" \/>\n<meta property=\"og:description\" content=\"\u00a1Kilim Geom\u00e9trico Colorido! Descubre la belleza y el encanto de nuestro Kilim, una joya que captura la esencia de la tradici\u00f3n y el dise\u00f1o contempor\u00e1neo.\" \/>\n<meta property=\"og:url\" content=\"https:\/\/elrincondefehmi.com\/es\/tienda\/kilim\/kilim-turco\/kilim-geometrico-colorido\/\" \/>\n<meta property=\"og:site_name\" content=\"El Rinc\u00f3n de Fehmi Madrid\" \/>\n<meta property=\"article:modified_time\" content=\"2025-09-08T10:13:26+00:00\" \/>\n<meta property=\"og:image\" content=\"https:\/\/elrincondefehmi.com\/es\/wp-content\/uploads\/2024\/05\/IMG_3060.jpg\" \/>\n\t<meta property=\"og:image:width\" content=\"770\" \/>\n\t<meta property=\"og:image:height\" content=\"1070\" \/>\n\t<meta property=\"og:image:type\" content=\"image\/jpeg\" \/>\n<meta name=\"twitter:card\" content=\"summary_large_image\" \/>\n<script type=\"application\/ld+json\" class=\"yoast-schema-graph\">{\"@context\":\"https:\/\/schema.org\",\"@graph\":[{\"@type\":\"WebPage\",\"@id\":\"https:\/\/elrincondefehmi.com\/es\/tienda\/kilim\/kilim-turco\/kilim-geometrico-colorido\/\",\"url\":\"https:\/\/elrincondefehmi.com\/es\/tienda\/kilim\/kilim-turco\/kilim-geometrico-colorido\/\",\"name\":\"Kilim Geom\u00e9trico Colorido | El Rinc\u00f3n de Fehmi Madrid | Alfombras Kilim en Madrid\",\"isPartOf\":{\"@id\":\"https:\/\/elrincondefehmi.com\/es\/#website\"},\"datePublished\":\"2024-05-01T16:37:48+00:00\",\"dateModified\":\"2025-09-08T10:13:26+00:00\",\"description\":\"\u00a1Kilim Geom\u00e9trico Colorido! Descubre la belleza y el encanto de nuestro Kilim, una joya que captura la esencia de la tradici\u00f3n y el dise\u00f1o contempor\u00e1neo.\",\"breadcrumb\":{\"@id\":\"https:\/\/elrincondefehmi.com\/es\/tienda\/kilim\/kilim-turco\/kilim-geometrico-colorido\/#breadcrumb\"},\"inLanguage\":\"es\",\"potentialAction\":[{\"@type\":\"ReadAction\",\"target\":[\"https:\/\/elrincondefehmi.com\/es\/tienda\/kilim\/kilim-turco\/kilim-geometrico-colorido\/\"]}]},{\"@type\":\"BreadcrumbList\",\"@id\":\"https:\/\/elrincondefehmi.com\/es\/tienda\/kilim\/kilim-turco\/kilim-geometrico-colorido\/#breadcrumb\",\"itemListElement\":[{\"@type\":\"ListItem\",\"position\":1,\"name\":\"PRODUCTOS\",\"item\":\"https:\/\/elrincondefehmi.com\/es\/all-product\/\"},{\"@type\":\"ListItem\",\"position\":2,\"name\":\"Kilim turco 83&#215;129 cm\"}]},{\"@type\":\"WebSite\",\"@id\":\"https:\/\/elrincondefehmi.com\/es\/#website\",\"url\":\"https:\/\/elrincondefehmi.com\/es\/\",\"name\":\"El Rinc\u00f3n de Fehmi Madrid\",\"description\":\"Tienda de alfombras en Madrid.  En El Rinc\u00f3n de Fehmi somos especialistas en alfombras artesanales, alfombras modernas contempor\u00e1neas kilims de Turqu\u00eda\",\"potentialAction\":[{\"@type\":\"SearchAction\",\"target\":{\"@type\":\"EntryPoint\",\"urlTemplate\":\"https:\/\/elrincondefehmi.com\/es\/?s={search_term_string}\"},\"query-input\":\"required name=search_term_string\"}],\"inLanguage\":\"es\"}]}<\/script>\n<!-- \/ Yoast SEO plugin. -->","yoast_head_json":{"title":"Kilim Geom\u00e9trico Colorido | El Rinc\u00f3n de Fehmi Madrid | Alfombras Kilim en Madrid","description":"\u00a1Kilim Geom\u00e9trico Colorido! Descubre la belleza y el encanto de nuestro Kilim, una joya que captura la esencia de la tradici\u00f3n y el dise\u00f1o contempor\u00e1neo.","robots":{"index":"index","follow":"follow","max-snippet":"max-snippet:-1","max-image-preview":"max-image-preview:large","max-video-preview":"max-video-preview:-1"},"canonical":"https:\/\/elrincondefehmi.com\/es\/tienda\/kilim\/kilim-turco\/kilim-geometrico-colorido\/","og_locale":"es_ES","og_type":"article","og_title":"Kilim Geom\u00e9trico Colorido | El Rinc\u00f3n de Fehmi Madrid | Alfombras Kilim en Madrid","og_description":"\u00a1Kilim Geom\u00e9trico Colorido! Descubre la belleza y el encanto de nuestro Kilim, una joya que captura la esencia de la tradici\u00f3n y el dise\u00f1o contempor\u00e1neo.","og_url":"https:\/\/elrincondefehmi.com\/es\/tienda\/kilim\/kilim-turco\/kilim-geometrico-colorido\/","og_site_name":"El Rinc\u00f3n de Fehmi Madrid","article_modified_time":"2025-09-08T10:13:26+00:00","og_image":[{"width":770,"height":1070,"url":"https:\/\/elrincondefehmi.com\/es\/wp-content\/uploads\/2024\/05\/IMG_3060.jpg","type":"image\/jpeg"}],"twitter_card":"summary_large_image","schema":{"@context":"https:\/\/schema.org","@graph":[{"@type":"WebPage","@id":"https:\/\/elrincondefehmi.com\/es\/tienda\/kilim\/kilim-turco\/kilim-geometrico-colorido\/","url":"https:\/\/elrincondefehmi.com\/es\/tienda\/kilim\/kilim-turco\/kilim-geometrico-colorido\/","name":"Kilim Geom\u00e9trico Colorido | El Rinc\u00f3n de Fehmi Madrid | Alfombras Kilim en Madrid","isPartOf":{"@id":"https:\/\/elrincondefehmi.com\/es\/#website"},"datePublished":"2024-05-01T16:37:48+00:00","dateModified":"2025-09-08T10:13:26+00:00","description":"\u00a1Kilim Geom\u00e9trico Colorido! Descubre la belleza y el encanto de nuestro Kilim, una joya que captura la esencia de la tradici\u00f3n y el dise\u00f1o contempor\u00e1neo.","breadcrumb":{"@id":"https:\/\/elrincondefehmi.com\/es\/tienda\/kilim\/kilim-turco\/kilim-geometrico-colorido\/#breadcrumb"},"inLanguage":"es","potentialAction":[{"@type":"ReadAction","target":["https:\/\/elrincondefehmi.com\/es\/tienda\/kilim\/kilim-turco\/kilim-geometrico-colorido\/"]}]},{"@type":"BreadcrumbList","@id":"https:\/\/elrincondefehmi.com\/es\/tienda\/kilim\/kilim-turco\/kilim-geometrico-colorido\/#breadcrumb","itemListElement":[{"@type":"ListItem","position":1,"name":"PRODUCTOS","item":"https:\/\/elrincondefehmi.com\/es\/all-product\/"},{"@type":"ListItem","position":2,"name":"Kilim turco 83&#215;129 cm"}]},{"@type":"WebSite","@id":"https:\/\/elrincondefehmi.com\/es\/#website","url":"https:\/\/elrincondefehmi.com\/es\/","name":"El Rinc\u00f3n de Fehmi Madrid","description":"Tienda de alfombras en Madrid.  En El Rinc\u00f3n de Fehmi somos especialistas en alfombras artesanales, alfombras modernas contempor\u00e1neas kilims de Turqu\u00eda","potentialAction":[{"@type":"SearchAction","target":{"@type":"EntryPoint","urlTemplate":"https:\/\/elrincondefehmi.com\/es\/?s={search_term_string}"},"query-input":"required name=search_term_string"}],"inLanguage":"es"}]}},"_links":{"self":[{"href":"https:\/\/elrincondefehmi.com\/es\/wp-json\/wp\/v2\/product\/23749"}],"collection":[{"href":"https:\/\/elrincondefehmi.com\/es\/wp-json\/wp\/v2\/product"}],"about":[{"href":"https:\/\/elrincondefehmi.com\/es\/wp-json\/wp\/v2\/types\/product"}],"replies":[{"embeddable":true,"href":"https:\/\/elrincondefehmi.com\/es\/wp-json\/wp\/v2\/comments?post=23749"}],"wp:featuredmedia":[{"embeddable":true,"href":"https:\/\/elrincondefehmi.com\/es\/wp-json\/wp\/v2\/media\/23750"}],"wp:attachment":[{"href":"https:\/\/elrincondefehmi.com\/es\/wp-json\/wp\/v2\/media?parent=23749"}],"wp:term":[{"taxonomy":"product_cat","embeddable":true,"href":"https:\/\/elrincondefehmi.com\/es\/wp-json\/wp\/v2\/product_cat?post=23749"},{"taxonomy":"product_tag","embeddable":true,"href":"https:\/\/elrincondefehmi.com\/es\/wp-json\/wp\/v2\/product_tag?post=23749"}],"curies":[{"name":"wp","href":"https:\/\/api.w.org\/{rel}","templated":true}]}}