{"id":23739,"date":"2024-05-01T16:08:49","date_gmt":"2024-05-01T16:08:49","guid":{"rendered":"https:\/\/elrincondefehmi.com\/es\/?post_type=product&#038;p=23739"},"modified":"2024-06-01T14:24:20","modified_gmt":"2024-06-01T14:24:20","slug":"kilim-patchwork-grande","status":"publish","type":"product","link":"https:\/\/elrincondefehmi.com\/es\/tienda\/kilim\/patchwork-kilim\/kilim-patchwork-grande\/","title":{"rendered":"Kilim Patchwork 300&#215;400 cm"},"content":{"rendered":"<p><strong>Kilim Patchwork Grande<\/strong><\/p>\n<p>Sum\u00e9rgete en la rica herencia cultural con nuestro Kilim Patchwork, una pieza maestra de 3&#215;4 metros que encapsula la esencia de la artesan\u00eda tradicional. Este kilim, meticulosamente ensamblado a partir de fragmentos de alfombras aut\u00e9nticas, destaca por su vibrante paleta de colores y patrones intrincados, que garantizan convertir cualquier espacio en un espect\u00e1culo visual. Cada secci\u00f3n del patchwork cuenta una historia, tejida a mano por artesanos que han heredado sus habilidades a trav\u00e9s de generaciones.<\/p>\n<p>El Kilim Patchwork no es solo un elemento <a href=\"https:\/\/www.micasarevista.com\/\">decorativo<\/a>, sino una obra de arte funcional que ofrece versatilidad y durabilidad. Perfecto para salones, estudios o cualquier espacio que desee un toque de color y textura. Su tama\u00f1o generoso lo hace ideal para \u00e1reas amplias, donde se convertir\u00e1 en el centro de atenci\u00f3n.<\/p>\n<p>Para aprender m\u00e1s sobre los kilims, su rica historia y su valor cultural, recomendamos buscar recursos educativos que exploren su origen en las <a href=\"https:\/\/elrincondefehmi.com\/es\/tejiendo-hilos-de-historia-alfombras-a-lo-largo-de-la-ruta-de-la-seda\/\">antiguas civilizaciones<\/a> de Oriente Medio y su evoluci\u00f3n a trav\u00e9s de los siglos. Estos tapices no solo son obras de arte, sino que tambi\u00e9n cuentan historias de las comunidades que los crean, utilizando t\u00e9cnicas que han pasado de generaci\u00f3n en generaci\u00f3n.<\/p>\n","protected":false},"excerpt":{"rendered":"<p>Origen: Turqu\u00eda \/ Centro de Anatolia.<br \/>\nMaterial: Lana.<br \/>\nMedidas: 300\u00d7400 cm<br \/>\nHecho a mano.<br \/>\nEstado: Nuevo<\/p>\n","protected":false},"featured_media":23741,"comment_status":"open","ping_status":"closed","template":"","meta":[],"product_cat":[434,37,16],"product_tag":[391,355,353,352],"yoast_head":"<!-- This site is optimized with the Yoast SEO plugin v21.5 - https:\/\/yoast.com\/wordpress\/plugins\/seo\/ -->\n<title>Kilim Patchwork Grande | El Rinc\u00f3n de Fehmi Madrid | Tienda de Kilim<\/title>\n<meta name=\"description\" content=\"Kilim Patchwork Grande. Sum\u00e9rgete en la rica herencia cultural con nuestro Kilim Patchwork, una pieza maestra que encapsula la esencia de la artesan\u00eda turca\" \/>\n<meta name=\"robots\" content=\"index, follow, max-snippet:-1, max-image-preview:large, max-video-preview:-1\" \/>\n<link rel=\"canonical\" href=\"https:\/\/elrincondefehmi.com\/es\/tienda\/kilim\/patchwork-kilim\/kilim-patchwork-grande\/\" \/>\n<meta property=\"og:locale\" content=\"es_ES\" \/>\n<meta property=\"og:type\" content=\"article\" \/>\n<meta property=\"og:title\" content=\"Kilim Patchwork Grande | El Rinc\u00f3n de Fehmi Madrid | Tienda de Kilim\" \/>\n<meta property=\"og:description\" content=\"Kilim Patchwork Grande. Sum\u00e9rgete en la rica herencia cultural con nuestro Kilim Patchwork, una pieza maestra que encapsula la esencia de la artesan\u00eda turca\" \/>\n<meta property=\"og:url\" content=\"https:\/\/elrincondefehmi.com\/es\/tienda\/kilim\/patchwork-kilim\/kilim-patchwork-grande\/\" \/>\n<meta property=\"og:site_name\" content=\"El Rinc\u00f3n de Fehmi Madrid\" \/>\n<meta property=\"article:modified_time\" content=\"2024-06-01T14:24:20+00:00\" \/>\n<meta property=\"og:image\" content=\"https:\/\/elrincondefehmi.com\/es\/wp-content\/uploads\/2024\/05\/IMG_19991-1.jpg\" \/>\n\t<meta property=\"og:image:width\" content=\"860\" \/>\n\t<meta property=\"og:image:height\" content=\"1070\" \/>\n\t<meta property=\"og:image:type\" content=\"image\/jpeg\" \/>\n<meta name=\"twitter:card\" content=\"summary_large_image\" \/>\n<script type=\"application\/ld+json\" class=\"yoast-schema-graph\">{\"@context\":\"https:\/\/schema.org\",\"@graph\":[{\"@type\":\"WebPage\",\"@id\":\"https:\/\/elrincondefehmi.com\/es\/tienda\/kilim\/patchwork-kilim\/kilim-patchwork-grande\/\",\"url\":\"https:\/\/elrincondefehmi.com\/es\/tienda\/kilim\/patchwork-kilim\/kilim-patchwork-grande\/\",\"name\":\"Kilim Patchwork Grande | El Rinc\u00f3n de Fehmi Madrid | Tienda de Kilim\",\"isPartOf\":{\"@id\":\"https:\/\/elrincondefehmi.com\/es\/#website\"},\"datePublished\":\"2024-05-01T16:08:49+00:00\",\"dateModified\":\"2024-06-01T14:24:20+00:00\",\"description\":\"Kilim Patchwork Grande. Sum\u00e9rgete en la rica herencia cultural con nuestro Kilim Patchwork, una pieza maestra que encapsula la esencia de la artesan\u00eda turca\",\"breadcrumb\":{\"@id\":\"https:\/\/elrincondefehmi.com\/es\/tienda\/kilim\/patchwork-kilim\/kilim-patchwork-grande\/#breadcrumb\"},\"inLanguage\":\"es\",\"potentialAction\":[{\"@type\":\"ReadAction\",\"target\":[\"https:\/\/elrincondefehmi.com\/es\/tienda\/kilim\/patchwork-kilim\/kilim-patchwork-grande\/\"]}]},{\"@type\":\"BreadcrumbList\",\"@id\":\"https:\/\/elrincondefehmi.com\/es\/tienda\/kilim\/patchwork-kilim\/kilim-patchwork-grande\/#breadcrumb\",\"itemListElement\":[{\"@type\":\"ListItem\",\"position\":1,\"name\":\"PRODUCTOS\",\"item\":\"https:\/\/elrincondefehmi.com\/es\/all-product\/\"},{\"@type\":\"ListItem\",\"position\":2,\"name\":\"Kilim Patchwork 300&#215;400 cm\"}]},{\"@type\":\"WebSite\",\"@id\":\"https:\/\/elrincondefehmi.com\/es\/#website\",\"url\":\"https:\/\/elrincondefehmi.com\/es\/\",\"name\":\"El Rinc\u00f3n de Fehmi Madrid\",\"description\":\"Tienda de alfombras en Madrid.  En El Rinc\u00f3n de Fehmi somos especialistas en alfombras artesanales, alfombras modernas contempor\u00e1neas kilims de Turqu\u00eda\",\"potentialAction\":[{\"@type\":\"SearchAction\",\"target\":{\"@type\":\"EntryPoint\",\"urlTemplate\":\"https:\/\/elrincondefehmi.com\/es\/?s={search_term_string}\"},\"query-input\":\"required name=search_term_string\"}],\"inLanguage\":\"es\"}]}<\/script>\n<!-- \/ Yoast SEO plugin. -->","yoast_head_json":{"title":"Kilim Patchwork Grande | El Rinc\u00f3n de Fehmi Madrid | Tienda de Kilim","description":"Kilim Patchwork Grande. Sum\u00e9rgete en la rica herencia cultural con nuestro Kilim Patchwork, una pieza maestra que encapsula la esencia de la artesan\u00eda turca","robots":{"index":"index","follow":"follow","max-snippet":"max-snippet:-1","max-image-preview":"max-image-preview:large","max-video-preview":"max-video-preview:-1"},"canonical":"https:\/\/elrincondefehmi.com\/es\/tienda\/kilim\/patchwork-kilim\/kilim-patchwork-grande\/","og_locale":"es_ES","og_type":"article","og_title":"Kilim Patchwork Grande | El Rinc\u00f3n de Fehmi Madrid | Tienda de Kilim","og_description":"Kilim Patchwork Grande. Sum\u00e9rgete en la rica herencia cultural con nuestro Kilim Patchwork, una pieza maestra que encapsula la esencia de la artesan\u00eda turca","og_url":"https:\/\/elrincondefehmi.com\/es\/tienda\/kilim\/patchwork-kilim\/kilim-patchwork-grande\/","og_site_name":"El Rinc\u00f3n de Fehmi Madrid","article_modified_time":"2024-06-01T14:24:20+00:00","og_image":[{"width":860,"height":1070,"url":"https:\/\/elrincondefehmi.com\/es\/wp-content\/uploads\/2024\/05\/IMG_19991-1.jpg","type":"image\/jpeg"}],"twitter_card":"summary_large_image","schema":{"@context":"https:\/\/schema.org","@graph":[{"@type":"WebPage","@id":"https:\/\/elrincondefehmi.com\/es\/tienda\/kilim\/patchwork-kilim\/kilim-patchwork-grande\/","url":"https:\/\/elrincondefehmi.com\/es\/tienda\/kilim\/patchwork-kilim\/kilim-patchwork-grande\/","name":"Kilim Patchwork Grande | El Rinc\u00f3n de Fehmi Madrid | Tienda de Kilim","isPartOf":{"@id":"https:\/\/elrincondefehmi.com\/es\/#website"},"datePublished":"2024-05-01T16:08:49+00:00","dateModified":"2024-06-01T14:24:20+00:00","description":"Kilim Patchwork Grande. Sum\u00e9rgete en la rica herencia cultural con nuestro Kilim Patchwork, una pieza maestra que encapsula la esencia de la artesan\u00eda turca","breadcrumb":{"@id":"https:\/\/elrincondefehmi.com\/es\/tienda\/kilim\/patchwork-kilim\/kilim-patchwork-grande\/#breadcrumb"},"inLanguage":"es","potentialAction":[{"@type":"ReadAction","target":["https:\/\/elrincondefehmi.com\/es\/tienda\/kilim\/patchwork-kilim\/kilim-patchwork-grande\/"]}]},{"@type":"BreadcrumbList","@id":"https:\/\/elrincondefehmi.com\/es\/tienda\/kilim\/patchwork-kilim\/kilim-patchwork-grande\/#breadcrumb","itemListElement":[{"@type":"ListItem","position":1,"name":"PRODUCTOS","item":"https:\/\/elrincondefehmi.com\/es\/all-product\/"},{"@type":"ListItem","position":2,"name":"Kilim Patchwork 300&#215;400 cm"}]},{"@type":"WebSite","@id":"https:\/\/elrincondefehmi.com\/es\/#website","url":"https:\/\/elrincondefehmi.com\/es\/","name":"El Rinc\u00f3n de Fehmi Madrid","description":"Tienda de alfombras en Madrid.  En El Rinc\u00f3n de Fehmi somos especialistas en alfombras artesanales, alfombras modernas contempor\u00e1neas kilims de Turqu\u00eda","potentialAction":[{"@type":"SearchAction","target":{"@type":"EntryPoint","urlTemplate":"https:\/\/elrincondefehmi.com\/es\/?s={search_term_string}"},"query-input":"required name=search_term_string"}],"inLanguage":"es"}]}},"_links":{"self":[{"href":"https:\/\/elrincondefehmi.com\/es\/wp-json\/wp\/v2\/product\/23739"}],"collection":[{"href":"https:\/\/elrincondefehmi.com\/es\/wp-json\/wp\/v2\/product"}],"about":[{"href":"https:\/\/elrincondefehmi.com\/es\/wp-json\/wp\/v2\/types\/product"}],"replies":[{"embeddable":true,"href":"https:\/\/elrincondefehmi.com\/es\/wp-json\/wp\/v2\/comments?post=23739"}],"wp:featuredmedia":[{"embeddable":true,"href":"https:\/\/elrincondefehmi.com\/es\/wp-json\/wp\/v2\/media\/23741"}],"wp:attachment":[{"href":"https:\/\/elrincondefehmi.com\/es\/wp-json\/wp\/v2\/media?parent=23739"}],"wp:term":[{"taxonomy":"product_cat","embeddable":true,"href":"https:\/\/elrincondefehmi.com\/es\/wp-json\/wp\/v2\/product_cat?post=23739"},{"taxonomy":"product_tag","embeddable":true,"href":"https:\/\/elrincondefehmi.com\/es\/wp-json\/wp\/v2\/product_tag?post=23739"}],"curies":[{"name":"wp","href":"https:\/\/api.w.org\/{rel}","templated":true}]}}