{"id":23606,"date":"2024-04-22T10:19:33","date_gmt":"2024-04-22T10:19:33","guid":{"rendered":"https:\/\/elrincondefehmi.com\/es\/?post_type=product&#038;p=23606"},"modified":"2024-05-21T11:41:32","modified_gmt":"2024-05-21T11:41:32","slug":"kilim-de-colores","status":"publish","type":"product","link":"https:\/\/elrincondefehmi.com\/es\/tienda\/kilim\/kilim-turco\/kilim-de-colores\/","title":{"rendered":"Kilim turco 155&#215;197 cm"},"content":{"rendered":"<p><strong>A\u00f1ade Vibrantes Tonos a tu Hogar con nuestro Kilim Artesanal de Colores<\/strong><\/p>\n<p>Transforma tu espacio en un fest\u00edn visual de color y textura con nuestro kilim artesanal hecho a mano. Con su dise\u00f1o \u00e9tnico o geom\u00e9trico y una paleta de colores mixtos, esta pieza \u00fanica no solo embellecer\u00e1 tu hogar, sino que tambi\u00e9n infundir\u00e1 alegr\u00eda y vitalidad en cada rinc\u00f3n.<\/p>\n<p>Cada hilo de nuestro kilim cuenta una <a href=\"https:\/\/elrincondefehmi.com\/es\/tejiendo-hilos-de-historia-alfombras-a-lo-largo-de-la-ruta-de-la-seda\/\">historia de habilidad artesanal<\/a> y tradici\u00f3n cultural. Tejido con amor y cuidado por expertos artesanos, este tapiz es mucho m\u00e1s que una simple alfombra: es una obra de arte que refleja la rica herencia de su tierra natal.<\/p>\n<p>Los vibrantes tonos de nuestro kilim a\u00f1aden profundidad y dimensi\u00f3n a cualquier espacio. Desde los c\u00e1lidos tonos terrosos hasta los refrescantes tonos de azul y verde, cada color se combina armoniosamente para crear un efecto visualmente impactante que seguramente ser\u00e1 elogiado por todos los que lo vean.<\/p>\n<p>Adem\u00e1s de su excepcional belleza, nuestro kilim tambi\u00e9n es una inversi\u00f3n en calidad y durabilidad. Hecho con los mejores materiales y t\u00e9cnicas de tejido, este tapiz est\u00e1 dise\u00f1ado para resistir el paso del tiempo y seguir luciendo su mejor aspecto durante a\u00f1os.<\/p>\n<p>A\u00f1ade una explosi\u00f3n de color y <a href=\"https:\/\/www.revistainteriores.es\/tendencias\/como-decorar-salon-moderno-y-elegante-trucos-y-consejos-segun-revista-interiores_9306\">estilo a tu hogar<\/a> con nuestro kilim artesanal de colores. Descubre c\u00f3mo esta hermosa pieza puede transformar tu espacio y convertirlo en un refugio acogedor y lleno de vida que disfrutar\u00e1s durante muchos a\u00f1os.<\/p>\n<p>\u00a1Compra ahora tu kilim de colores y deja que tu hogar brille con estilo y alegr\u00eda!<\/p>\n","protected":false},"excerpt":{"rendered":"<p>Origen: turca<br \/>\nMaterial: Lana.<br \/>\nMedidas: 151\u00d7201 cm<br \/>\nHecho a mano.<br \/>\nEstado: Nuevo<\/p>\n","protected":false},"featured_media":23618,"comment_status":"open","ping_status":"closed","template":"","meta":[],"product_cat":[434,16],"product_tag":[391,355,353,352],"yoast_head":"<!-- This site is optimized with the Yoast SEO plugin v21.5 - https:\/\/yoast.com\/wordpress\/plugins\/seo\/ -->\n<title>Kilim de Colores | El Rinc\u00f3n de Fehmi Madrid | Tienda de Alfombras y Kilims en Las Rozas<\/title>\n<meta name=\"description\" content=\"Kilim de Colores. Transforma tu espacio en un fest\u00edn visual de color y textura con nuestros kilims artesanal hecho a mano\" \/>\n<meta name=\"robots\" content=\"index, follow, max-snippet:-1, max-image-preview:large, max-video-preview:-1\" \/>\n<link rel=\"canonical\" href=\"https:\/\/elrincondefehmi.com\/es\/tienda\/kilim\/kilim-turco\/kilim-de-colores\/\" \/>\n<meta property=\"og:locale\" content=\"es_ES\" \/>\n<meta property=\"og:type\" content=\"article\" \/>\n<meta property=\"og:title\" content=\"Kilim de Colores | El Rinc\u00f3n de Fehmi Madrid | Tienda de Alfombras y Kilims en Las Rozas\" \/>\n<meta property=\"og:description\" content=\"Kilim de Colores. Transforma tu espacio en un fest\u00edn visual de color y textura con nuestros kilims artesanal hecho a mano\" \/>\n<meta property=\"og:url\" content=\"https:\/\/elrincondefehmi.com\/es\/tienda\/kilim\/kilim-turco\/kilim-de-colores\/\" \/>\n<meta property=\"og:site_name\" content=\"El Rinc\u00f3n de Fehmi Madrid\" \/>\n<meta property=\"article:modified_time\" content=\"2024-05-21T11:41:32+00:00\" \/>\n<meta property=\"og:image\" content=\"https:\/\/elrincondefehmi.com\/es\/wp-content\/uploads\/2024\/04\/IMG_2884.jpg\" \/>\n\t<meta property=\"og:image:width\" content=\"770\" \/>\n\t<meta property=\"og:image:height\" content=\"1070\" \/>\n\t<meta property=\"og:image:type\" content=\"image\/jpeg\" \/>\n<meta name=\"twitter:card\" content=\"summary_large_image\" \/>\n<script type=\"application\/ld+json\" class=\"yoast-schema-graph\">{\"@context\":\"https:\/\/schema.org\",\"@graph\":[{\"@type\":\"WebPage\",\"@id\":\"https:\/\/elrincondefehmi.com\/es\/tienda\/kilim\/kilim-turco\/kilim-de-colores\/\",\"url\":\"https:\/\/elrincondefehmi.com\/es\/tienda\/kilim\/kilim-turco\/kilim-de-colores\/\",\"name\":\"Kilim de Colores | El Rinc\u00f3n de Fehmi Madrid | Tienda de Alfombras y Kilims en Las Rozas\",\"isPartOf\":{\"@id\":\"https:\/\/elrincondefehmi.com\/es\/#website\"},\"datePublished\":\"2024-04-22T10:19:33+00:00\",\"dateModified\":\"2024-05-21T11:41:32+00:00\",\"description\":\"Kilim de Colores. Transforma tu espacio en un fest\u00edn visual de color y textura con nuestros kilims artesanal hecho a mano\",\"breadcrumb\":{\"@id\":\"https:\/\/elrincondefehmi.com\/es\/tienda\/kilim\/kilim-turco\/kilim-de-colores\/#breadcrumb\"},\"inLanguage\":\"es\",\"potentialAction\":[{\"@type\":\"ReadAction\",\"target\":[\"https:\/\/elrincondefehmi.com\/es\/tienda\/kilim\/kilim-turco\/kilim-de-colores\/\"]}]},{\"@type\":\"BreadcrumbList\",\"@id\":\"https:\/\/elrincondefehmi.com\/es\/tienda\/kilim\/kilim-turco\/kilim-de-colores\/#breadcrumb\",\"itemListElement\":[{\"@type\":\"ListItem\",\"position\":1,\"name\":\"PRODUCTOS\",\"item\":\"https:\/\/elrincondefehmi.com\/es\/all-product\/\"},{\"@type\":\"ListItem\",\"position\":2,\"name\":\"Kilim turco 155&#215;197 cm\"}]},{\"@type\":\"WebSite\",\"@id\":\"https:\/\/elrincondefehmi.com\/es\/#website\",\"url\":\"https:\/\/elrincondefehmi.com\/es\/\",\"name\":\"El Rinc\u00f3n de Fehmi Madrid\",\"description\":\"Tienda de alfombras en Madrid.  En El Rinc\u00f3n de Fehmi somos especialistas en alfombras artesanales, alfombras modernas contempor\u00e1neas kilims de Turqu\u00eda\",\"potentialAction\":[{\"@type\":\"SearchAction\",\"target\":{\"@type\":\"EntryPoint\",\"urlTemplate\":\"https:\/\/elrincondefehmi.com\/es\/?s={search_term_string}\"},\"query-input\":\"required name=search_term_string\"}],\"inLanguage\":\"es\"}]}<\/script>\n<!-- \/ Yoast SEO plugin. -->","yoast_head_json":{"title":"Kilim de Colores | El Rinc\u00f3n de Fehmi Madrid | Tienda de Alfombras y Kilims en Las Rozas","description":"Kilim de Colores. Transforma tu espacio en un fest\u00edn visual de color y textura con nuestros kilims artesanal hecho a mano","robots":{"index":"index","follow":"follow","max-snippet":"max-snippet:-1","max-image-preview":"max-image-preview:large","max-video-preview":"max-video-preview:-1"},"canonical":"https:\/\/elrincondefehmi.com\/es\/tienda\/kilim\/kilim-turco\/kilim-de-colores\/","og_locale":"es_ES","og_type":"article","og_title":"Kilim de Colores | El Rinc\u00f3n de Fehmi Madrid | Tienda de Alfombras y Kilims en Las Rozas","og_description":"Kilim de Colores. Transforma tu espacio en un fest\u00edn visual de color y textura con nuestros kilims artesanal hecho a mano","og_url":"https:\/\/elrincondefehmi.com\/es\/tienda\/kilim\/kilim-turco\/kilim-de-colores\/","og_site_name":"El Rinc\u00f3n de Fehmi Madrid","article_modified_time":"2024-05-21T11:41:32+00:00","og_image":[{"width":770,"height":1070,"url":"https:\/\/elrincondefehmi.com\/es\/wp-content\/uploads\/2024\/04\/IMG_2884.jpg","type":"image\/jpeg"}],"twitter_card":"summary_large_image","schema":{"@context":"https:\/\/schema.org","@graph":[{"@type":"WebPage","@id":"https:\/\/elrincondefehmi.com\/es\/tienda\/kilim\/kilim-turco\/kilim-de-colores\/","url":"https:\/\/elrincondefehmi.com\/es\/tienda\/kilim\/kilim-turco\/kilim-de-colores\/","name":"Kilim de Colores | El Rinc\u00f3n de Fehmi Madrid | Tienda de Alfombras y Kilims en Las Rozas","isPartOf":{"@id":"https:\/\/elrincondefehmi.com\/es\/#website"},"datePublished":"2024-04-22T10:19:33+00:00","dateModified":"2024-05-21T11:41:32+00:00","description":"Kilim de Colores. Transforma tu espacio en un fest\u00edn visual de color y textura con nuestros kilims artesanal hecho a mano","breadcrumb":{"@id":"https:\/\/elrincondefehmi.com\/es\/tienda\/kilim\/kilim-turco\/kilim-de-colores\/#breadcrumb"},"inLanguage":"es","potentialAction":[{"@type":"ReadAction","target":["https:\/\/elrincondefehmi.com\/es\/tienda\/kilim\/kilim-turco\/kilim-de-colores\/"]}]},{"@type":"BreadcrumbList","@id":"https:\/\/elrincondefehmi.com\/es\/tienda\/kilim\/kilim-turco\/kilim-de-colores\/#breadcrumb","itemListElement":[{"@type":"ListItem","position":1,"name":"PRODUCTOS","item":"https:\/\/elrincondefehmi.com\/es\/all-product\/"},{"@type":"ListItem","position":2,"name":"Kilim turco 155&#215;197 cm"}]},{"@type":"WebSite","@id":"https:\/\/elrincondefehmi.com\/es\/#website","url":"https:\/\/elrincondefehmi.com\/es\/","name":"El Rinc\u00f3n de Fehmi Madrid","description":"Tienda de alfombras en Madrid.  En El Rinc\u00f3n de Fehmi somos especialistas en alfombras artesanales, alfombras modernas contempor\u00e1neas kilims de Turqu\u00eda","potentialAction":[{"@type":"SearchAction","target":{"@type":"EntryPoint","urlTemplate":"https:\/\/elrincondefehmi.com\/es\/?s={search_term_string}"},"query-input":"required name=search_term_string"}],"inLanguage":"es"}]}},"_links":{"self":[{"href":"https:\/\/elrincondefehmi.com\/es\/wp-json\/wp\/v2\/product\/23606"}],"collection":[{"href":"https:\/\/elrincondefehmi.com\/es\/wp-json\/wp\/v2\/product"}],"about":[{"href":"https:\/\/elrincondefehmi.com\/es\/wp-json\/wp\/v2\/types\/product"}],"replies":[{"embeddable":true,"href":"https:\/\/elrincondefehmi.com\/es\/wp-json\/wp\/v2\/comments?post=23606"}],"wp:featuredmedia":[{"embeddable":true,"href":"https:\/\/elrincondefehmi.com\/es\/wp-json\/wp\/v2\/media\/23618"}],"wp:attachment":[{"href":"https:\/\/elrincondefehmi.com\/es\/wp-json\/wp\/v2\/media?parent=23606"}],"wp:term":[{"taxonomy":"product_cat","embeddable":true,"href":"https:\/\/elrincondefehmi.com\/es\/wp-json\/wp\/v2\/product_cat?post=23606"},{"taxonomy":"product_tag","embeddable":true,"href":"https:\/\/elrincondefehmi.com\/es\/wp-json\/wp\/v2\/product_tag?post=23606"}],"curies":[{"name":"wp","href":"https:\/\/api.w.org\/{rel}","templated":true}]}}