{"id":23583,"date":"2024-04-21T17:13:28","date_gmt":"2024-04-21T17:13:28","guid":{"rendered":"https:\/\/elrincondefehmi.com\/es\/?post_type=product&#038;p=23583"},"modified":"2025-07-30T17:28:12","modified_gmt":"2025-07-30T17:28:12","slug":"comprar-kilim-para-dormitorio","status":"publish","type":"product","link":"https:\/\/elrincondefehmi.com\/es\/tienda\/kilim\/kilim-turco\/comprar-kilim-para-dormitorio\/","title":{"rendered":"Kilim turca 117&#215;207 cm"},"content":{"rendered":"<p><strong>Transforma tu Dormitorio en un Oasis de Estilo y Calidez con nuestro Kilim Artesanal<\/strong><\/p>\n<p>A\u00f1ade un toque de encanto y distinci\u00f3n a tu dormitorio con nuestro exquisito kilim artesanal <a href=\"https:\/\/elrincondefehmi.com\/es\/\">hecho a mano<\/a>. Este hermoso tapiz, con su dise\u00f1o \u00e9tnico o geom\u00e9trico \u00fanico, est\u00e1 tejido con cuidado y dedicaci\u00f3n para crear una pieza que elevar\u00e1 la decoraci\u00f3n de tu dormitorio a nuevas alturas.<\/p>\n<p>Comprar Kilim Para Dormitorio: Cada hilo de nuestro kilim cuenta una historia de habilidad artesanal y tradici\u00f3n cultural. Con <a href=\"https:\/\/decofilia.com\/estilo-etnico\/\">dise\u00f1os \u00e9tnicos<\/a> que evocan la belleza de culturas ancestrales o patrones geom\u00e9tricos que juegan con la simetr\u00eda y la armon\u00eda, nuestro kilim a\u00f1ade un toque de autenticidad y car\u00e1cter a tu espacio \u00edntimo.<\/p>\n<p>Adem\u00e1s de su excepcional belleza, nuestro kilim est\u00e1 hecho para durar. Cada detalle ha sido cuidadosamente elaborado por expertos artesanos, utilizando t\u00e9cnicas transmitidas de generaci\u00f3n en generaci\u00f3n para garantizar la m\u00e1xima calidad y resistencia. Con su durabilidad probada, nuestro kilim es una inversi\u00f3n que disfrutar\u00e1s durante muchos a\u00f1os.<\/p>\n<p>Transforma tu dormitorio en un oasis de estilo y calidez con nuestro kilim artesanal. Descubre c\u00f3mo esta hermosa pieza puede elevar la decoraci\u00f3n de tu espacio \u00edntimo y convertirlo en un refugio acogedor y lleno de car\u00e1cter que disfrutar\u00e1s noche tras noche.<\/p>\n<p>\u00a1Compra ahora tu kilim para dormitorio y a\u00f1ade un toque de encanto artesanal a tu hogar!<\/p>\n","protected":false},"excerpt":{"rendered":"<p>Origen: Turqu\u00eda \/ Kayseri centro de Anatolia.<br \/>\nMaterial: Lana.<br \/>\nMedidas: 117\u00d7207 cm<br \/>\nHecho a mano.<br \/>\nEstado: Nuevo<\/p>\n","protected":false},"featured_media":23584,"comment_status":"open","ping_status":"closed","template":"","meta":[],"product_cat":[434,16],"product_tag":[391,355,353,352],"yoast_head":"<!-- This site is optimized with the Yoast SEO plugin v21.5 - https:\/\/yoast.com\/wordpress\/plugins\/seo\/ -->\n<title>Comprar Kilim Para dormitorio | El Rinc\u00f3n de Fehmi Madrid | Alfombras y Kilims en Madrid<\/title>\n<meta name=\"description\" content=\"Comprar Kilim Para Dormitorio. A\u00f1ade un toque de encanto y distinci\u00f3n a tu dormitorio con nuestro exquisito kilim artesanal hecho a mano.\" \/>\n<meta name=\"robots\" content=\"index, follow, max-snippet:-1, max-image-preview:large, max-video-preview:-1\" \/>\n<link rel=\"canonical\" href=\"https:\/\/elrincondefehmi.com\/es\/tienda\/kilim\/kilim-turco\/comprar-kilim-para-dormitorio\/\" \/>\n<meta property=\"og:locale\" content=\"es_ES\" \/>\n<meta property=\"og:type\" content=\"article\" \/>\n<meta property=\"og:title\" content=\"Comprar Kilim Para dormitorio | El Rinc\u00f3n de Fehmi Madrid | Alfombras y Kilims en Madrid\" \/>\n<meta property=\"og:description\" content=\"Comprar Kilim Para Dormitorio. A\u00f1ade un toque de encanto y distinci\u00f3n a tu dormitorio con nuestro exquisito kilim artesanal hecho a mano.\" \/>\n<meta property=\"og:url\" content=\"https:\/\/elrincondefehmi.com\/es\/tienda\/kilim\/kilim-turco\/comprar-kilim-para-dormitorio\/\" \/>\n<meta property=\"og:site_name\" content=\"El Rinc\u00f3n de Fehmi Madrid\" \/>\n<meta property=\"article:modified_time\" content=\"2025-07-30T17:28:12+00:00\" \/>\n<meta property=\"og:image\" content=\"https:\/\/elrincondefehmi.com\/es\/wp-content\/uploads\/2024\/04\/IMG_2839.jpg\" \/>\n\t<meta property=\"og:image:width\" content=\"750\" \/>\n\t<meta property=\"og:image:height\" content=\"1070\" \/>\n\t<meta property=\"og:image:type\" content=\"image\/jpeg\" \/>\n<meta name=\"twitter:card\" content=\"summary_large_image\" \/>\n<script type=\"application\/ld+json\" class=\"yoast-schema-graph\">{\"@context\":\"https:\/\/schema.org\",\"@graph\":[{\"@type\":\"WebPage\",\"@id\":\"https:\/\/elrincondefehmi.com\/es\/tienda\/kilim\/kilim-turco\/comprar-kilim-para-dormitorio\/\",\"url\":\"https:\/\/elrincondefehmi.com\/es\/tienda\/kilim\/kilim-turco\/comprar-kilim-para-dormitorio\/\",\"name\":\"Comprar Kilim Para dormitorio | El Rinc\u00f3n de Fehmi Madrid | Alfombras y Kilims en Madrid\",\"isPartOf\":{\"@id\":\"https:\/\/elrincondefehmi.com\/es\/#website\"},\"datePublished\":\"2024-04-21T17:13:28+00:00\",\"dateModified\":\"2025-07-30T17:28:12+00:00\",\"description\":\"Comprar Kilim Para Dormitorio. A\u00f1ade un toque de encanto y distinci\u00f3n a tu dormitorio con nuestro exquisito kilim artesanal hecho a mano.\",\"breadcrumb\":{\"@id\":\"https:\/\/elrincondefehmi.com\/es\/tienda\/kilim\/kilim-turco\/comprar-kilim-para-dormitorio\/#breadcrumb\"},\"inLanguage\":\"es\",\"potentialAction\":[{\"@type\":\"ReadAction\",\"target\":[\"https:\/\/elrincondefehmi.com\/es\/tienda\/kilim\/kilim-turco\/comprar-kilim-para-dormitorio\/\"]}]},{\"@type\":\"BreadcrumbList\",\"@id\":\"https:\/\/elrincondefehmi.com\/es\/tienda\/kilim\/kilim-turco\/comprar-kilim-para-dormitorio\/#breadcrumb\",\"itemListElement\":[{\"@type\":\"ListItem\",\"position\":1,\"name\":\"PRODUCTOS\",\"item\":\"https:\/\/elrincondefehmi.com\/es\/all-product\/\"},{\"@type\":\"ListItem\",\"position\":2,\"name\":\"Kilim turca 117&#215;207 cm\"}]},{\"@type\":\"WebSite\",\"@id\":\"https:\/\/elrincondefehmi.com\/es\/#website\",\"url\":\"https:\/\/elrincondefehmi.com\/es\/\",\"name\":\"El Rinc\u00f3n de Fehmi Madrid\",\"description\":\"Tienda de alfombras en Madrid.  En El Rinc\u00f3n de Fehmi somos especialistas en alfombras artesanales, alfombras modernas contempor\u00e1neas kilims de Turqu\u00eda\",\"potentialAction\":[{\"@type\":\"SearchAction\",\"target\":{\"@type\":\"EntryPoint\",\"urlTemplate\":\"https:\/\/elrincondefehmi.com\/es\/?s={search_term_string}\"},\"query-input\":\"required name=search_term_string\"}],\"inLanguage\":\"es\"}]}<\/script>\n<!-- \/ Yoast SEO plugin. -->","yoast_head_json":{"title":"Comprar Kilim Para dormitorio | El Rinc\u00f3n de Fehmi Madrid | Alfombras y Kilims en Madrid","description":"Comprar Kilim Para Dormitorio. A\u00f1ade un toque de encanto y distinci\u00f3n a tu dormitorio con nuestro exquisito kilim artesanal hecho a mano.","robots":{"index":"index","follow":"follow","max-snippet":"max-snippet:-1","max-image-preview":"max-image-preview:large","max-video-preview":"max-video-preview:-1"},"canonical":"https:\/\/elrincondefehmi.com\/es\/tienda\/kilim\/kilim-turco\/comprar-kilim-para-dormitorio\/","og_locale":"es_ES","og_type":"article","og_title":"Comprar Kilim Para dormitorio | El Rinc\u00f3n de Fehmi Madrid | Alfombras y Kilims en Madrid","og_description":"Comprar Kilim Para Dormitorio. A\u00f1ade un toque de encanto y distinci\u00f3n a tu dormitorio con nuestro exquisito kilim artesanal hecho a mano.","og_url":"https:\/\/elrincondefehmi.com\/es\/tienda\/kilim\/kilim-turco\/comprar-kilim-para-dormitorio\/","og_site_name":"El Rinc\u00f3n de Fehmi Madrid","article_modified_time":"2025-07-30T17:28:12+00:00","og_image":[{"width":750,"height":1070,"url":"https:\/\/elrincondefehmi.com\/es\/wp-content\/uploads\/2024\/04\/IMG_2839.jpg","type":"image\/jpeg"}],"twitter_card":"summary_large_image","schema":{"@context":"https:\/\/schema.org","@graph":[{"@type":"WebPage","@id":"https:\/\/elrincondefehmi.com\/es\/tienda\/kilim\/kilim-turco\/comprar-kilim-para-dormitorio\/","url":"https:\/\/elrincondefehmi.com\/es\/tienda\/kilim\/kilim-turco\/comprar-kilim-para-dormitorio\/","name":"Comprar Kilim Para dormitorio | El Rinc\u00f3n de Fehmi Madrid | Alfombras y Kilims en Madrid","isPartOf":{"@id":"https:\/\/elrincondefehmi.com\/es\/#website"},"datePublished":"2024-04-21T17:13:28+00:00","dateModified":"2025-07-30T17:28:12+00:00","description":"Comprar Kilim Para Dormitorio. A\u00f1ade un toque de encanto y distinci\u00f3n a tu dormitorio con nuestro exquisito kilim artesanal hecho a mano.","breadcrumb":{"@id":"https:\/\/elrincondefehmi.com\/es\/tienda\/kilim\/kilim-turco\/comprar-kilim-para-dormitorio\/#breadcrumb"},"inLanguage":"es","potentialAction":[{"@type":"ReadAction","target":["https:\/\/elrincondefehmi.com\/es\/tienda\/kilim\/kilim-turco\/comprar-kilim-para-dormitorio\/"]}]},{"@type":"BreadcrumbList","@id":"https:\/\/elrincondefehmi.com\/es\/tienda\/kilim\/kilim-turco\/comprar-kilim-para-dormitorio\/#breadcrumb","itemListElement":[{"@type":"ListItem","position":1,"name":"PRODUCTOS","item":"https:\/\/elrincondefehmi.com\/es\/all-product\/"},{"@type":"ListItem","position":2,"name":"Kilim turca 117&#215;207 cm"}]},{"@type":"WebSite","@id":"https:\/\/elrincondefehmi.com\/es\/#website","url":"https:\/\/elrincondefehmi.com\/es\/","name":"El Rinc\u00f3n de Fehmi Madrid","description":"Tienda de alfombras en Madrid.  En El Rinc\u00f3n de Fehmi somos especialistas en alfombras artesanales, alfombras modernas contempor\u00e1neas kilims de Turqu\u00eda","potentialAction":[{"@type":"SearchAction","target":{"@type":"EntryPoint","urlTemplate":"https:\/\/elrincondefehmi.com\/es\/?s={search_term_string}"},"query-input":"required name=search_term_string"}],"inLanguage":"es"}]}},"_links":{"self":[{"href":"https:\/\/elrincondefehmi.com\/es\/wp-json\/wp\/v2\/product\/23583"}],"collection":[{"href":"https:\/\/elrincondefehmi.com\/es\/wp-json\/wp\/v2\/product"}],"about":[{"href":"https:\/\/elrincondefehmi.com\/es\/wp-json\/wp\/v2\/types\/product"}],"replies":[{"embeddable":true,"href":"https:\/\/elrincondefehmi.com\/es\/wp-json\/wp\/v2\/comments?post=23583"}],"wp:featuredmedia":[{"embeddable":true,"href":"https:\/\/elrincondefehmi.com\/es\/wp-json\/wp\/v2\/media\/23584"}],"wp:attachment":[{"href":"https:\/\/elrincondefehmi.com\/es\/wp-json\/wp\/v2\/media?parent=23583"}],"wp:term":[{"taxonomy":"product_cat","embeddable":true,"href":"https:\/\/elrincondefehmi.com\/es\/wp-json\/wp\/v2\/product_cat?post=23583"},{"taxonomy":"product_tag","embeddable":true,"href":"https:\/\/elrincondefehmi.com\/es\/wp-json\/wp\/v2\/product_tag?post=23583"}],"curies":[{"name":"wp","href":"https:\/\/api.w.org\/{rel}","templated":true}]}}