{"id":23328,"date":"2024-03-23T13:46:03","date_gmt":"2024-03-23T13:46:03","guid":{"rendered":"https:\/\/elrincondefehmi.com\/es\/?post_type=product&#038;p=23328"},"modified":"2024-05-21T11:41:19","modified_gmt":"2024-05-21T11:41:19","slug":"tiendas-de-kilim-en-madrid","status":"publish","type":"product","link":"https:\/\/elrincondefehmi.com\/es\/tienda\/kilim\/kilim-turco\/tiendas-de-kilim-en-madrid\/","title":{"rendered":"Kilim 153&#215;207 cm"},"content":{"rendered":"<p>\u00a1Descubre la magia de los kilims en nuestra tienda de Kilim en Madrid!<\/p>\n<p>Bienvenido a El Rinc\u00f3n de Fehmi Madrid, tu destino definitivo para encontrar aut\u00e9nticos kilims artesanales de alta calidad. Sum\u00e9rgete en la rica historia y la belleza de estas magn\u00edficas piezas textiles que cuentan historias a trav\u00e9s de sus intrincados dise\u00f1os y colores vibrantes.<\/p>\n<p>En El Rinc\u00f3n de Fehmi Madrid, nos enorgullece ofrecerte una amplia selecci\u00f3n de kilims \u00fanicos, desde los tradicionales turcos y persas hasta los contempor\u00e1neos y vintage. Cada pieza ha sido cuidadosamente seleccionada por su artesan\u00eda excepcional y su belleza atemporal.<\/p>\n<p>Nuestro equipo se compromete a brindarte una experiencia de compra sin igual. Con opciones de env\u00edo r\u00e1pido y seguro a nivel nacional e internacional, puedes tener la tranquilidad de que tu kilim llegar\u00e1 a ti en perfectas condiciones y en el menor tiempo posible.<\/p>\n<p>Ya sea que est\u00e9s buscando una pieza central impresionante para tu hogar, un regalo \u00fanico para un ser querido o simplemente desees explorar el mundo fascinante de los kilims, estamos aqu\u00ed para ayudarte. Navega por nuestra tienda en l\u00ednea y descubre la perfecta incorporaci\u00f3n a tu espacio que seguramente te encantar\u00e1 durante a\u00f1os.<\/p>\n<p>Haz que tu hogar cuente una historia con un kilim de El Rinc\u00f3n de Fehmi. \u00a1Explora nuestra colecci\u00f3n hoy mismo!<\/p>\n","protected":false},"excerpt":{"rendered":"<p>Origen: Turqu\u00eda \/ Kayseri centro de Anatolia.<br \/>\nMaterial: Lana.<br \/>\nMedidas: 153\u00d7207 cm<br \/>\nHecho a mano.<br \/>\nEstado: Nuevo<\/p>\n","protected":false},"featured_media":23329,"comment_status":"open","ping_status":"closed","template":"","meta":[],"product_cat":[434,16],"product_tag":[391,355,353,352],"yoast_head":"<!-- This site is optimized with the Yoast SEO plugin v21.5 - https:\/\/yoast.com\/wordpress\/plugins\/seo\/ -->\n<title>Tiendas de Kilim en Madrid | El Rinc\u00f3n de Fehmi Madrid<\/title>\n<meta name=\"robots\" content=\"index, follow, max-snippet:-1, max-image-preview:large, max-video-preview:-1\" \/>\n<link rel=\"canonical\" href=\"https:\/\/elrincondefehmi.com\/es\/tienda\/kilim\/kilim-turco\/tiendas-de-kilim-en-madrid\/\" \/>\n<meta property=\"og:locale\" content=\"es_ES\" \/>\n<meta property=\"og:type\" content=\"article\" \/>\n<meta property=\"og:title\" content=\"Tiendas de Kilim en Madrid | El Rinc\u00f3n de Fehmi Madrid\" \/>\n<meta property=\"og:description\" content=\"Origen: Turqu\u00eda \/ Kayseri centro de Anatolia. Material: Lana. Medidas: 153\u00d7207 cm Hecho a mano. Estado: Nuevo\" \/>\n<meta property=\"og:url\" content=\"https:\/\/elrincondefehmi.com\/es\/tienda\/kilim\/kilim-turco\/tiendas-de-kilim-en-madrid\/\" \/>\n<meta property=\"og:site_name\" content=\"El Rinc\u00f3n de Fehmi Madrid\" \/>\n<meta property=\"article:modified_time\" content=\"2024-05-21T11:41:19+00:00\" \/>\n<meta property=\"og:image\" content=\"https:\/\/elrincondefehmi.com\/es\/wp-content\/uploads\/2024\/03\/311-e1712253502327.jpg\" \/>\n\t<meta property=\"og:image:width\" content=\"759\" \/>\n\t<meta property=\"og:image:height\" content=\"1032\" \/>\n\t<meta property=\"og:image:type\" content=\"image\/jpeg\" \/>\n<meta name=\"twitter:card\" content=\"summary_large_image\" \/>\n<script type=\"application\/ld+json\" class=\"yoast-schema-graph\">{\"@context\":\"https:\/\/schema.org\",\"@graph\":[{\"@type\":\"WebPage\",\"@id\":\"https:\/\/elrincondefehmi.com\/es\/tienda\/kilim\/kilim-turco\/tiendas-de-kilim-en-madrid\/\",\"url\":\"https:\/\/elrincondefehmi.com\/es\/tienda\/kilim\/kilim-turco\/tiendas-de-kilim-en-madrid\/\",\"name\":\"Tiendas de Kilim en Madrid | El Rinc\u00f3n de Fehmi Madrid\",\"isPartOf\":{\"@id\":\"https:\/\/elrincondefehmi.com\/es\/#website\"},\"datePublished\":\"2024-03-23T13:46:03+00:00\",\"dateModified\":\"2024-05-21T11:41:19+00:00\",\"breadcrumb\":{\"@id\":\"https:\/\/elrincondefehmi.com\/es\/tienda\/kilim\/kilim-turco\/tiendas-de-kilim-en-madrid\/#breadcrumb\"},\"inLanguage\":\"es\",\"potentialAction\":[{\"@type\":\"ReadAction\",\"target\":[\"https:\/\/elrincondefehmi.com\/es\/tienda\/kilim\/kilim-turco\/tiendas-de-kilim-en-madrid\/\"]}]},{\"@type\":\"BreadcrumbList\",\"@id\":\"https:\/\/elrincondefehmi.com\/es\/tienda\/kilim\/kilim-turco\/tiendas-de-kilim-en-madrid\/#breadcrumb\",\"itemListElement\":[{\"@type\":\"ListItem\",\"position\":1,\"name\":\"PRODUCTOS\",\"item\":\"https:\/\/elrincondefehmi.com\/es\/all-product\/\"},{\"@type\":\"ListItem\",\"position\":2,\"name\":\"Kilim 153&#215;207 cm\"}]},{\"@type\":\"WebSite\",\"@id\":\"https:\/\/elrincondefehmi.com\/es\/#website\",\"url\":\"https:\/\/elrincondefehmi.com\/es\/\",\"name\":\"El Rinc\u00f3n de Fehmi Madrid\",\"description\":\"Tienda de alfombras en Madrid.  En El Rinc\u00f3n de Fehmi somos especialistas en alfombras artesanales, alfombras modernas contempor\u00e1neas kilims de Turqu\u00eda\",\"potentialAction\":[{\"@type\":\"SearchAction\",\"target\":{\"@type\":\"EntryPoint\",\"urlTemplate\":\"https:\/\/elrincondefehmi.com\/es\/?s={search_term_string}\"},\"query-input\":\"required name=search_term_string\"}],\"inLanguage\":\"es\"}]}<\/script>\n<!-- \/ Yoast SEO plugin. -->","yoast_head_json":{"title":"Tiendas de Kilim en Madrid | El Rinc\u00f3n de Fehmi Madrid","robots":{"index":"index","follow":"follow","max-snippet":"max-snippet:-1","max-image-preview":"max-image-preview:large","max-video-preview":"max-video-preview:-1"},"canonical":"https:\/\/elrincondefehmi.com\/es\/tienda\/kilim\/kilim-turco\/tiendas-de-kilim-en-madrid\/","og_locale":"es_ES","og_type":"article","og_title":"Tiendas de Kilim en Madrid | El Rinc\u00f3n de Fehmi Madrid","og_description":"Origen: Turqu\u00eda \/ Kayseri centro de Anatolia. Material: Lana. Medidas: 153\u00d7207 cm Hecho a mano. Estado: Nuevo","og_url":"https:\/\/elrincondefehmi.com\/es\/tienda\/kilim\/kilim-turco\/tiendas-de-kilim-en-madrid\/","og_site_name":"El Rinc\u00f3n de Fehmi Madrid","article_modified_time":"2024-05-21T11:41:19+00:00","og_image":[{"width":759,"height":1032,"url":"https:\/\/elrincondefehmi.com\/es\/wp-content\/uploads\/2024\/03\/311-e1712253502327.jpg","type":"image\/jpeg"}],"twitter_card":"summary_large_image","schema":{"@context":"https:\/\/schema.org","@graph":[{"@type":"WebPage","@id":"https:\/\/elrincondefehmi.com\/es\/tienda\/kilim\/kilim-turco\/tiendas-de-kilim-en-madrid\/","url":"https:\/\/elrincondefehmi.com\/es\/tienda\/kilim\/kilim-turco\/tiendas-de-kilim-en-madrid\/","name":"Tiendas de Kilim en Madrid | El Rinc\u00f3n de Fehmi Madrid","isPartOf":{"@id":"https:\/\/elrincondefehmi.com\/es\/#website"},"datePublished":"2024-03-23T13:46:03+00:00","dateModified":"2024-05-21T11:41:19+00:00","breadcrumb":{"@id":"https:\/\/elrincondefehmi.com\/es\/tienda\/kilim\/kilim-turco\/tiendas-de-kilim-en-madrid\/#breadcrumb"},"inLanguage":"es","potentialAction":[{"@type":"ReadAction","target":["https:\/\/elrincondefehmi.com\/es\/tienda\/kilim\/kilim-turco\/tiendas-de-kilim-en-madrid\/"]}]},{"@type":"BreadcrumbList","@id":"https:\/\/elrincondefehmi.com\/es\/tienda\/kilim\/kilim-turco\/tiendas-de-kilim-en-madrid\/#breadcrumb","itemListElement":[{"@type":"ListItem","position":1,"name":"PRODUCTOS","item":"https:\/\/elrincondefehmi.com\/es\/all-product\/"},{"@type":"ListItem","position":2,"name":"Kilim 153&#215;207 cm"}]},{"@type":"WebSite","@id":"https:\/\/elrincondefehmi.com\/es\/#website","url":"https:\/\/elrincondefehmi.com\/es\/","name":"El Rinc\u00f3n de Fehmi Madrid","description":"Tienda de alfombras en Madrid.  En El Rinc\u00f3n de Fehmi somos especialistas en alfombras artesanales, alfombras modernas contempor\u00e1neas kilims de Turqu\u00eda","potentialAction":[{"@type":"SearchAction","target":{"@type":"EntryPoint","urlTemplate":"https:\/\/elrincondefehmi.com\/es\/?s={search_term_string}"},"query-input":"required name=search_term_string"}],"inLanguage":"es"}]}},"_links":{"self":[{"href":"https:\/\/elrincondefehmi.com\/es\/wp-json\/wp\/v2\/product\/23328"}],"collection":[{"href":"https:\/\/elrincondefehmi.com\/es\/wp-json\/wp\/v2\/product"}],"about":[{"href":"https:\/\/elrincondefehmi.com\/es\/wp-json\/wp\/v2\/types\/product"}],"replies":[{"embeddable":true,"href":"https:\/\/elrincondefehmi.com\/es\/wp-json\/wp\/v2\/comments?post=23328"}],"wp:featuredmedia":[{"embeddable":true,"href":"https:\/\/elrincondefehmi.com\/es\/wp-json\/wp\/v2\/media\/23329"}],"wp:attachment":[{"href":"https:\/\/elrincondefehmi.com\/es\/wp-json\/wp\/v2\/media?parent=23328"}],"wp:term":[{"taxonomy":"product_cat","embeddable":true,"href":"https:\/\/elrincondefehmi.com\/es\/wp-json\/wp\/v2\/product_cat?post=23328"},{"taxonomy":"product_tag","embeddable":true,"href":"https:\/\/elrincondefehmi.com\/es\/wp-json\/wp\/v2\/product_tag?post=23328"}],"curies":[{"name":"wp","href":"https:\/\/api.w.org\/{rel}","templated":true}]}}