{"id":22567,"date":"2023-11-02T17:55:34","date_gmt":"2023-11-02T17:55:34","guid":{"rendered":"https:\/\/elrincondefehmi.com\/es\/?post_type=product&#038;p=22567"},"modified":"2024-06-22T18:12:22","modified_gmt":"2024-06-22T18:12:22","slug":"alfombras-modernas-para-sala-de-estar","status":"publish","type":"product","link":"https:\/\/elrincondefehmi.com\/es\/tienda\/alfombras-turcas\/alfombras-modernas\/alfombras-modernas-para-sala-de-estar\/","title":{"rendered":"New Age 6"},"content":{"rendered":"<p><strong>Alfombras modernas para sala de estar<\/strong><\/p>\n<p>Transforma tu sala de estar en un espacio de elegancia contempor\u00e1nea con <a href=\"https:\/\/elrincondefehmi.com\/es\/como-decorar-con-una-alfombra\/\">nuestra alfombra<\/a> moderna de dise\u00f1o abstracto. Con una paleta de colores que incluye tonos suaves como beige, caf\u00e9 con leche y gris, esta alfombra es la pieza perfecta para a\u00f1adir un toque de sofisticaci\u00f3n y estilo a tu hogar.<\/p>\n<p>El dise\u00f1o abstracto de la alfombra crea un punto focal visual, fusionando l\u00edneas modernas con una est\u00e9tica vanguardista. Cada detalle est\u00e1 meticulosamente elaborado para complementar tu sala de estar, convirti\u00e9ndola en un oasis de confort y moda.<\/p>\n<p>Los colores neutros como beige, caf\u00e9 con leche y gris aseguran que esta alfombra se integre sin esfuerzo en cualquier esquema de decoraci\u00f3n. Ya sea que tu sala de estar tenga un estilo minimalista o un enfoque m\u00e1s ecl\u00e9ctico, esta alfombra se adapta con gracia, a\u00f1adiendo calidez y car\u00e1cter.<\/p>\n<p>Nuestra colecci\u00f3n de alfombras modernas para sala de estar se destaca no solo por su dise\u00f1o atractivo, sino tambi\u00e9n por su calidad duradera. Fabricada con materiales de primera calidad, esta alfombra garantiza resistencia y f\u00e1cil mantenimiento, asegurando que tu sala de estar conserve su encanto moderno durante mucho tiempo.<\/p>\n<p>Descubre el equilibrio perfecto entre moda y funcionalidad con nuestra alfombra moderna de dise\u00f1o abstracto. Eleva tu sala de estar a un nuevo nivel de estilo hoy mismo.<\/p>\n","protected":false},"excerpt":{"rendered":"<div class=\"elementor-element elementor-element-d43f665 mb-0 elementor-widget elementor-widget-porto_cp_excerpt\" data-id=\"d43f665\" data-element_type=\"widget\" data-widget_type=\"porto_cp_excerpt.default\">\n<div class=\"elementor-widget-container\">\n<div class=\"description woocommerce-product-details__short-description\">\n<p>Densidad de nudos: 2.000.000 points m<sup>2<\/sup><\/p>\n<p>Espesor: 7 mm<\/p>\n<p>Edad: Nueva<\/p>\n<p>Origen: Turqu\u00eda<\/p>\n<p>Nudos: Bamb\u00fa seda<\/p>\n<p>Urdimbre: Algod\u00f3n<\/p>\n<p>Tejido de alta precisi\u00f3n<\/p>\n<\/div>\n<\/div>\n<\/div>\n<div class=\"elementor-element elementor-element-3de7cc4 m-t-n-sm elementor-widget elementor-widget-porto_cp_meta\" data-id=\"3de7cc4\" data-element_type=\"widget\" data-widget_type=\"porto_cp_meta.default\">\n<div class=\"elementor-widget-container\">\n<div class=\"product_meta\"><\/div>\n<\/div>\n<\/div>\n","protected":false},"featured_media":22587,"comment_status":"open","ping_status":"closed","template":"","meta":[],"product_cat":[19,308,315],"product_tag":[355,353,352,354],"yoast_head":"<!-- This site is optimized with the Yoast SEO plugin v21.5 - https:\/\/yoast.com\/wordpress\/plugins\/seo\/ -->\n<title>Alfombras modernas para sala de estar | El Rinc\u00f3n de Fehmi Madrid | Rebajas de Invierno<\/title>\n<meta name=\"description\" content=\"Alfombras modernas para sala de estar. Transforma tu sala de estar en un espacio de elegancia contempor\u00e1nea con nuestra alfombra moderna de dise\u00f1o abstracto\" \/>\n<meta name=\"robots\" content=\"index, follow, max-snippet:-1, max-image-preview:large, max-video-preview:-1\" \/>\n<link rel=\"canonical\" href=\"https:\/\/elrincondefehmi.com\/es\/tienda\/alfombras-turcas\/alfombras-modernas\/alfombras-modernas-para-sala-de-estar\/\" \/>\n<meta property=\"og:locale\" content=\"es_ES\" \/>\n<meta property=\"og:type\" content=\"article\" \/>\n<meta property=\"og:title\" content=\"Alfombras modernas para sala de estar | El Rinc\u00f3n de Fehmi Madrid | Rebajas de Invierno\" \/>\n<meta property=\"og:description\" content=\"Alfombras modernas para sala de estar. Transforma tu sala de estar en un espacio de elegancia contempor\u00e1nea con nuestra alfombra moderna de dise\u00f1o abstracto\" \/>\n<meta property=\"og:url\" content=\"https:\/\/elrincondefehmi.com\/es\/tienda\/alfombras-turcas\/alfombras-modernas\/alfombras-modernas-para-sala-de-estar\/\" \/>\n<meta property=\"og:site_name\" content=\"El Rinc\u00f3n de Fehmi Madrid\" \/>\n<meta property=\"article:modified_time\" content=\"2024-06-22T18:12:22+00:00\" \/>\n<meta property=\"og:image\" content=\"https:\/\/elrincondefehmi.com\/es\/wp-content\/uploads\/2023\/11\/ERM-1-1.jpg\" \/>\n\t<meta property=\"og:image:width\" content=\"742\" \/>\n\t<meta property=\"og:image:height\" content=\"1075\" \/>\n\t<meta property=\"og:image:type\" content=\"image\/jpeg\" \/>\n<meta name=\"twitter:card\" content=\"summary_large_image\" \/>\n<script type=\"application\/ld+json\" class=\"yoast-schema-graph\">{\"@context\":\"https:\/\/schema.org\",\"@graph\":[{\"@type\":\"WebPage\",\"@id\":\"https:\/\/elrincondefehmi.com\/es\/tienda\/alfombras-turcas\/alfombras-modernas\/alfombras-modernas-para-sala-de-estar\/\",\"url\":\"https:\/\/elrincondefehmi.com\/es\/tienda\/alfombras-turcas\/alfombras-modernas\/alfombras-modernas-para-sala-de-estar\/\",\"name\":\"Alfombras modernas para sala de estar | El Rinc\u00f3n de Fehmi Madrid | Rebajas de Invierno\",\"isPartOf\":{\"@id\":\"https:\/\/elrincondefehmi.com\/es\/#website\"},\"datePublished\":\"2023-11-02T17:55:34+00:00\",\"dateModified\":\"2024-06-22T18:12:22+00:00\",\"description\":\"Alfombras modernas para sala de estar. Transforma tu sala de estar en un espacio de elegancia contempor\u00e1nea con nuestra alfombra moderna de dise\u00f1o abstracto\",\"breadcrumb\":{\"@id\":\"https:\/\/elrincondefehmi.com\/es\/tienda\/alfombras-turcas\/alfombras-modernas\/alfombras-modernas-para-sala-de-estar\/#breadcrumb\"},\"inLanguage\":\"es\",\"potentialAction\":[{\"@type\":\"ReadAction\",\"target\":[\"https:\/\/elrincondefehmi.com\/es\/tienda\/alfombras-turcas\/alfombras-modernas\/alfombras-modernas-para-sala-de-estar\/\"]}]},{\"@type\":\"BreadcrumbList\",\"@id\":\"https:\/\/elrincondefehmi.com\/es\/tienda\/alfombras-turcas\/alfombras-modernas\/alfombras-modernas-para-sala-de-estar\/#breadcrumb\",\"itemListElement\":[{\"@type\":\"ListItem\",\"position\":1,\"name\":\"PRODUCTOS\",\"item\":\"https:\/\/elrincondefehmi.com\/es\/all-product\/\"},{\"@type\":\"ListItem\",\"position\":2,\"name\":\"New Age 6\"}]},{\"@type\":\"WebSite\",\"@id\":\"https:\/\/elrincondefehmi.com\/es\/#website\",\"url\":\"https:\/\/elrincondefehmi.com\/es\/\",\"name\":\"El Rinc\u00f3n de Fehmi Madrid\",\"description\":\"Tienda de alfombras en Madrid.  En El Rinc\u00f3n de Fehmi somos especialistas en alfombras artesanales, alfombras modernas contempor\u00e1neas kilims de Turqu\u00eda\",\"potentialAction\":[{\"@type\":\"SearchAction\",\"target\":{\"@type\":\"EntryPoint\",\"urlTemplate\":\"https:\/\/elrincondefehmi.com\/es\/?s={search_term_string}\"},\"query-input\":\"required name=search_term_string\"}],\"inLanguage\":\"es\"}]}<\/script>\n<!-- \/ Yoast SEO plugin. -->","yoast_head_json":{"title":"Alfombras modernas para sala de estar | El Rinc\u00f3n de Fehmi Madrid | Rebajas de Invierno","description":"Alfombras modernas para sala de estar. Transforma tu sala de estar en un espacio de elegancia contempor\u00e1nea con nuestra alfombra moderna de dise\u00f1o abstracto","robots":{"index":"index","follow":"follow","max-snippet":"max-snippet:-1","max-image-preview":"max-image-preview:large","max-video-preview":"max-video-preview:-1"},"canonical":"https:\/\/elrincondefehmi.com\/es\/tienda\/alfombras-turcas\/alfombras-modernas\/alfombras-modernas-para-sala-de-estar\/","og_locale":"es_ES","og_type":"article","og_title":"Alfombras modernas para sala de estar | El Rinc\u00f3n de Fehmi Madrid | Rebajas de Invierno","og_description":"Alfombras modernas para sala de estar. Transforma tu sala de estar en un espacio de elegancia contempor\u00e1nea con nuestra alfombra moderna de dise\u00f1o abstracto","og_url":"https:\/\/elrincondefehmi.com\/es\/tienda\/alfombras-turcas\/alfombras-modernas\/alfombras-modernas-para-sala-de-estar\/","og_site_name":"El Rinc\u00f3n de Fehmi Madrid","article_modified_time":"2024-06-22T18:12:22+00:00","og_image":[{"width":742,"height":1075,"url":"https:\/\/elrincondefehmi.com\/es\/wp-content\/uploads\/2023\/11\/ERM-1-1.jpg","type":"image\/jpeg"}],"twitter_card":"summary_large_image","schema":{"@context":"https:\/\/schema.org","@graph":[{"@type":"WebPage","@id":"https:\/\/elrincondefehmi.com\/es\/tienda\/alfombras-turcas\/alfombras-modernas\/alfombras-modernas-para-sala-de-estar\/","url":"https:\/\/elrincondefehmi.com\/es\/tienda\/alfombras-turcas\/alfombras-modernas\/alfombras-modernas-para-sala-de-estar\/","name":"Alfombras modernas para sala de estar | El Rinc\u00f3n de Fehmi Madrid | Rebajas de Invierno","isPartOf":{"@id":"https:\/\/elrincondefehmi.com\/es\/#website"},"datePublished":"2023-11-02T17:55:34+00:00","dateModified":"2024-06-22T18:12:22+00:00","description":"Alfombras modernas para sala de estar. Transforma tu sala de estar en un espacio de elegancia contempor\u00e1nea con nuestra alfombra moderna de dise\u00f1o abstracto","breadcrumb":{"@id":"https:\/\/elrincondefehmi.com\/es\/tienda\/alfombras-turcas\/alfombras-modernas\/alfombras-modernas-para-sala-de-estar\/#breadcrumb"},"inLanguage":"es","potentialAction":[{"@type":"ReadAction","target":["https:\/\/elrincondefehmi.com\/es\/tienda\/alfombras-turcas\/alfombras-modernas\/alfombras-modernas-para-sala-de-estar\/"]}]},{"@type":"BreadcrumbList","@id":"https:\/\/elrincondefehmi.com\/es\/tienda\/alfombras-turcas\/alfombras-modernas\/alfombras-modernas-para-sala-de-estar\/#breadcrumb","itemListElement":[{"@type":"ListItem","position":1,"name":"PRODUCTOS","item":"https:\/\/elrincondefehmi.com\/es\/all-product\/"},{"@type":"ListItem","position":2,"name":"New Age 6"}]},{"@type":"WebSite","@id":"https:\/\/elrincondefehmi.com\/es\/#website","url":"https:\/\/elrincondefehmi.com\/es\/","name":"El Rinc\u00f3n de Fehmi Madrid","description":"Tienda de alfombras en Madrid.  En El Rinc\u00f3n de Fehmi somos especialistas en alfombras artesanales, alfombras modernas contempor\u00e1neas kilims de Turqu\u00eda","potentialAction":[{"@type":"SearchAction","target":{"@type":"EntryPoint","urlTemplate":"https:\/\/elrincondefehmi.com\/es\/?s={search_term_string}"},"query-input":"required name=search_term_string"}],"inLanguage":"es"}]}},"_links":{"self":[{"href":"https:\/\/elrincondefehmi.com\/es\/wp-json\/wp\/v2\/product\/22567"}],"collection":[{"href":"https:\/\/elrincondefehmi.com\/es\/wp-json\/wp\/v2\/product"}],"about":[{"href":"https:\/\/elrincondefehmi.com\/es\/wp-json\/wp\/v2\/types\/product"}],"replies":[{"embeddable":true,"href":"https:\/\/elrincondefehmi.com\/es\/wp-json\/wp\/v2\/comments?post=22567"}],"wp:featuredmedia":[{"embeddable":true,"href":"https:\/\/elrincondefehmi.com\/es\/wp-json\/wp\/v2\/media\/22587"}],"wp:attachment":[{"href":"https:\/\/elrincondefehmi.com\/es\/wp-json\/wp\/v2\/media?parent=22567"}],"wp:term":[{"taxonomy":"product_cat","embeddable":true,"href":"https:\/\/elrincondefehmi.com\/es\/wp-json\/wp\/v2\/product_cat?post=22567"},{"taxonomy":"product_tag","embeddable":true,"href":"https:\/\/elrincondefehmi.com\/es\/wp-json\/wp\/v2\/product_tag?post=22567"}],"curies":[{"name":"wp","href":"https:\/\/api.w.org\/{rel}","templated":true}]}}